{"id":71611,"date":"2021-01-21T14:35:54","date_gmt":"2021-01-21T13:35:54","guid":{"rendered":"https:\/\/vert-e-s-vd.ch\/riviera-paysdenhaut\/?page_id=71611"},"modified":"2026-01-24T14:17:26","modified_gmt":"2026-01-24T13:17:26","slug":"corsier-sur-vevey","status":"publish","type":"page","link":"https:\/\/vert-e-s-vd.ch\/riviera-paysdenhaut\/communes\/corsier-sur-vevey","title":{"rendered":"Corsier-sur-Vevey"},"content":{"rendered":"","protected":false},"excerpt":{"rendered":"","protected":false},"author":71,"featured_media":0,"parent":72370,"menu_order":5,"comment_status":"closed","ping_status":"closed","template":"","meta":{"_acf_changed":false,"inline_featured_image":false,"footnotes":""},"class_list":["post-71611","page","type-page","status-publish","hentry"],"acf":[],"yoast_head":"<!-- This site is optimized with the Yoast SEO plugin v26.9 - https:\/\/yoast.com\/product\/yoast-seo-wordpress\/ -->\n<title>Corsier-sur-Vevey - Les Vert\u00b7e\u00b7s Riviera - Pays-d&#039;Enhaut<\/title>\n<meta name=\"description\" content=\"Nous allons avoir besoin de toutes les \u00e9nergies afin de pr\u00e9server notre plan\u00e8te et offrir un avenir prosp\u00e8re \u00e0 tous les enfants de la terre. IMPLIQUONS-NOUS ! ENGAGEONS-NOUS !\" \/>\n<meta name=\"robots\" content=\"index, follow, max-snippet:-1, max-image-preview:large, max-video-preview:-1\" \/>\n<link rel=\"canonical\" href=\"https:\/\/vert-e-s-vd.ch\/riviera-paysdenhaut\/communes\/corsier-sur-vevey\" \/>\n<meta property=\"og:locale\" content=\"fr_FR\" \/>\n<meta property=\"og:type\" content=\"article\" \/>\n<meta property=\"og:title\" content=\"VERT.E.S DE CORSIER-SUR-VEVEY\" \/>\n<meta property=\"og:description\" content=\"Nous allons avoir besoin de toutes les \u00e9nergies afin de pr\u00e9server notre plan\u00e8te et offrir un avenir prosp\u00e8re \u00e0 tous les enfants de la \u2026\" \/>\n<meta property=\"og:url\" content=\"https:\/\/vert-e-s-vd.ch\/riviera-paysdenhaut\/communes\/corsier-sur-vevey\" \/>\n<meta property=\"og:site_name\" content=\"Les Vert\u00b7e\u00b7s Riviera - Pays-d&#039;Enhaut\" \/>\n<meta property=\"article:modified_time\" content=\"2026-01-24T13:17:26+00:00\" \/>\n<meta property=\"og:image\" content=\"https:\/\/vert-e-s-vd.ch\/riviera-paysdenhaut\/wp-content\/uploads\/sites\/4\/2021\/06\/acceuil-verts-790x0-c-default.jpg\" \/>\n\t<meta property=\"og:image:width\" content=\"790\" \/>\n\t<meta property=\"og:image:height\" content=\"523\" \/>\n\t<meta property=\"og:image:type\" content=\"image\/jpeg\" \/>\n<meta name=\"twitter:card\" content=\"summary_large_image\" \/>\n<meta name=\"twitter:title\" content=\"VERT.E.S DE CORSIER-SUR-VEVEY\" \/>\n<meta name=\"twitter:description\" content=\"Nous allons avoir besoin de toutes les \u00e9nergies afin de pr\u00e9server notre plan\u00e8te et offrir un avenir prosp\u00e8re \u00e0 tous les enfants de la terre. IMPLIQUONS-NOUS ! ENGAGEONS-NOUS !\" \/>\n<meta name=\"twitter:image\" content=\"https:\/\/vert-e-s-vd.ch\/riviera-paysdenhaut\/wp-content\/uploads\/sites\/4\/2021\/06\/acceuil-verts-1200x0-c-default.jpg\" \/>\n<meta name=\"twitter:label1\" content=\"Dur\u00e9e de lecture estim\u00e9e\" \/>\n\t<meta name=\"twitter:data1\" content=\"1 minute\" \/>\n<script type=\"application\/ld+json\" class=\"yoast-schema-graph\">{\"@context\":\"https:\/\/schema.org\",\"@graph\":[{\"@type\":[\"WebPage\",\"ProfilePage\"],\"@id\":\"https:\/\/vert-e-s-vd.ch\/riviera-paysdenhaut\/communes\/corsier-sur-vevey\",\"url\":\"https:\/\/vert-e-s-vd.ch\/riviera-paysdenhaut\/communes\/corsier-sur-vevey\",\"name\":\"Corsier-sur-Vevey - Les Vert\u00b7e\u00b7s Riviera - Pays-d&#039;Enhaut\",\"isPartOf\":{\"@id\":\"https:\/\/vert-e-s-vd.ch\/riviera-paysdenhaut\/#website\"},\"datePublished\":\"2021-01-21T13:35:54+00:00\",\"dateModified\":\"2026-01-24T13:17:26+00:00\",\"description\":\"Nous allons avoir besoin de toutes les \u00e9nergies afin de pr\u00e9server notre plan\u00e8te et offrir un avenir prosp\u00e8re \u00e0 tous les enfants de la terre. IMPLIQUONS-NOUS ! ENGAGEONS-NOUS !\",\"breadcrumb\":{\"@id\":\"https:\/\/vert-e-s-vd.ch\/riviera-paysdenhaut\/communes\/corsier-sur-vevey#breadcrumb\"},\"inLanguage\":\"fr-FR\",\"potentialAction\":[{\"@type\":\"ReadAction\",\"target\":[\"https:\/\/vert-e-s-vd.ch\/riviera-paysdenhaut\/communes\/corsier-sur-vevey\"]}]},{\"@type\":\"BreadcrumbList\",\"@id\":\"https:\/\/vert-e-s-vd.ch\/riviera-paysdenhaut\/communes\/corsier-sur-vevey#breadcrumb\",\"itemListElement\":[{\"@type\":\"ListItem\",\"position\":1,\"name\":\"Accueil\",\"item\":\"https:\/\/vert-e-s-vd.ch\/riviera-paysdenhaut\/\"},{\"@type\":\"ListItem\",\"position\":2,\"name\":\"Les communes\",\"item\":\"https:\/\/vert-e-s-vd.ch\/riviera-paysdenhaut\/communes\"},{\"@type\":\"ListItem\",\"position\":3,\"name\":\"Corsier-sur-Vevey\"}]},{\"@type\":\"WebSite\",\"@id\":\"https:\/\/vert-e-s-vd.ch\/riviera-paysdenhaut\/#website\",\"url\":\"https:\/\/vert-e-s-vd.ch\/riviera-paysdenhaut\/\",\"name\":\"Les Vert\u00b7e\u00b7s Riviera - Pays-d'Enhaut\",\"description\":\"Plus de vie, plus de vert\",\"potentialAction\":[{\"@type\":\"SearchAction\",\"target\":{\"@type\":\"EntryPoint\",\"urlTemplate\":\"https:\/\/vert-e-s-vd.ch\/riviera-paysdenhaut\/?s={search_term_string}\"},\"query-input\":{\"@type\":\"PropertyValueSpecification\",\"valueRequired\":true,\"valueName\":\"search_term_string\"}}],\"inLanguage\":\"fr-FR\"}]}<\/script>\n<!-- \/ Yoast SEO plugin. -->","yoast_head_json":{"title":"Corsier-sur-Vevey - Les Vert\u00b7e\u00b7s Riviera - Pays-d&#039;Enhaut","description":"Nous allons avoir besoin de toutes les \u00e9nergies afin de pr\u00e9server notre plan\u00e8te et offrir un avenir prosp\u00e8re \u00e0 tous les enfants de la terre. IMPLIQUONS-NOUS ! ENGAGEONS-NOUS !","robots":{"index":"index","follow":"follow","max-snippet":"max-snippet:-1","max-image-preview":"max-image-preview:large","max-video-preview":"max-video-preview:-1"},"canonical":"https:\/\/vert-e-s-vd.ch\/riviera-paysdenhaut\/communes\/corsier-sur-vevey","og_locale":"fr_FR","og_type":"article","og_title":"VERT.E.S DE CORSIER-SUR-VEVEY","og_description":"Nous allons avoir besoin de toutes les \u00e9nergies afin de pr\u00e9server notre plan\u00e8te et offrir un avenir prosp\u00e8re \u00e0 tous les enfants de la \u2026","og_url":"https:\/\/vert-e-s-vd.ch\/riviera-paysdenhaut\/communes\/corsier-sur-vevey","og_site_name":"Les Vert\u00b7e\u00b7s Riviera - Pays-d&#039;Enhaut","article_modified_time":"2026-01-24T13:17:26+00:00","og_image":[{"url":"https:\/\/vert-e-s-vd.ch\/riviera-paysdenhaut\/wp-content\/uploads\/sites\/4\/2021\/06\/acceuil-verts-790x0-c-default.jpg","width":790,"height":523,"type":"image\/jpeg"}],"twitter_card":"summary_large_image","twitter_title":"VERT.E.S DE CORSIER-SUR-VEVEY","twitter_description":"Nous allons avoir besoin de toutes les \u00e9nergies afin de pr\u00e9server notre plan\u00e8te et offrir un avenir prosp\u00e8re \u00e0 tous les enfants de la terre. IMPLIQUONS-NOUS ! ENGAGEONS-NOUS !","twitter_image":"https:\/\/vert-e-s-vd.ch\/riviera-paysdenhaut\/wp-content\/uploads\/sites\/4\/2021\/06\/acceuil-verts-1200x0-c-default.jpg","twitter_misc":{"Dur\u00e9e de lecture estim\u00e9e":"1 minute"},"schema":{"@context":"https:\/\/schema.org","@graph":[{"@type":["WebPage","ProfilePage"],"@id":"https:\/\/vert-e-s-vd.ch\/riviera-paysdenhaut\/communes\/corsier-sur-vevey","url":"https:\/\/vert-e-s-vd.ch\/riviera-paysdenhaut\/communes\/corsier-sur-vevey","name":"Corsier-sur-Vevey - Les Vert\u00b7e\u00b7s Riviera - Pays-d&#039;Enhaut","isPartOf":{"@id":"https:\/\/vert-e-s-vd.ch\/riviera-paysdenhaut\/#website"},"datePublished":"2021-01-21T13:35:54+00:00","dateModified":"2026-01-24T13:17:26+00:00","description":"Nous allons avoir besoin de toutes les \u00e9nergies afin de pr\u00e9server notre plan\u00e8te et offrir un avenir prosp\u00e8re \u00e0 tous les enfants de la terre. IMPLIQUONS-NOUS ! ENGAGEONS-NOUS !","breadcrumb":{"@id":"https:\/\/vert-e-s-vd.ch\/riviera-paysdenhaut\/communes\/corsier-sur-vevey#breadcrumb"},"inLanguage":"fr-FR","potentialAction":[{"@type":"ReadAction","target":["https:\/\/vert-e-s-vd.ch\/riviera-paysdenhaut\/communes\/corsier-sur-vevey"]}]},{"@type":"BreadcrumbList","@id":"https:\/\/vert-e-s-vd.ch\/riviera-paysdenhaut\/communes\/corsier-sur-vevey#breadcrumb","itemListElement":[{"@type":"ListItem","position":1,"name":"Accueil","item":"https:\/\/vert-e-s-vd.ch\/riviera-paysdenhaut\/"},{"@type":"ListItem","position":2,"name":"Les communes","item":"https:\/\/vert-e-s-vd.ch\/riviera-paysdenhaut\/communes"},{"@type":"ListItem","position":3,"name":"Corsier-sur-Vevey"}]},{"@type":"WebSite","@id":"https:\/\/vert-e-s-vd.ch\/riviera-paysdenhaut\/#website","url":"https:\/\/vert-e-s-vd.ch\/riviera-paysdenhaut\/","name":"Les Vert\u00b7e\u00b7s Riviera - Pays-d'Enhaut","description":"Plus de vie, plus de vert","potentialAction":[{"@type":"SearchAction","target":{"@type":"EntryPoint","urlTemplate":"https:\/\/vert-e-s-vd.ch\/riviera-paysdenhaut\/?s={search_term_string}"},"query-input":{"@type":"PropertyValueSpecification","valueRequired":true,"valueName":"search_term_string"}}],"inLanguage":"fr-FR"}]}},"_links":{"self":[{"href":"https:\/\/vert-e-s-vd.ch\/riviera-paysdenhaut\/wp-json\/wp\/v2\/pages\/71611","targetHints":{"allow":["GET"]}}],"collection":[{"href":"https:\/\/vert-e-s-vd.ch\/riviera-paysdenhaut\/wp-json\/wp\/v2\/pages"}],"about":[{"href":"https:\/\/vert-e-s-vd.ch\/riviera-paysdenhaut\/wp-json\/wp\/v2\/types\/page"}],"author":[{"embeddable":true,"href":"https:\/\/vert-e-s-vd.ch\/riviera-paysdenhaut\/wp-json\/wp\/v2\/users\/71"}],"replies":[{"embeddable":true,"href":"https:\/\/vert-e-s-vd.ch\/riviera-paysdenhaut\/wp-json\/wp\/v2\/comments?post=71611"}],"version-history":[{"count":45,"href":"https:\/\/vert-e-s-vd.ch\/riviera-paysdenhaut\/wp-json\/wp\/v2\/pages\/71611\/revisions"}],"predecessor-version":[{"id":75412,"href":"https:\/\/vert-e-s-vd.ch\/riviera-paysdenhaut\/wp-json\/wp\/v2\/pages\/71611\/revisions\/75412"}],"up":[{"embeddable":true,"href":"https:\/\/vert-e-s-vd.ch\/riviera-paysdenhaut\/wp-json\/wp\/v2\/pages\/72370"}],"wp:attachment":[{"href":"https:\/\/vert-e-s-vd.ch\/riviera-paysdenhaut\/wp-json\/wp\/v2\/media?parent=71611"}],"curies":[{"name":"wp","href":"https:\/\/api.w.org\/{rel}","templated":true}]}}