{"id":73748,"date":"2024-09-03T16:24:46","date_gmt":"2024-09-03T14:24:46","guid":{"rendered":"https:\/\/vert-e-s-vd.ch\/ouestlausannois\/?page_id=73748"},"modified":"2025-09-13T11:31:54","modified_gmt":"2025-09-13T09:31:54","slug":"assemblee-generale-ordinaire-des-vert%c2%b7e%c2%b7s-de-louest-lausannois","status":"publish","type":"page","link":"https:\/\/vert-e-s-vd.ch\/ouestlausannois\/assemblee-generale-ordinaire-des-vert%c2%b7e%c2%b7s-de-louest-lausannois","title":{"rendered":"Assembl\u00e9e g\u00e9n\u00e9rale ordinaire des Vert\u00b7e\u00b7s de l\u2019Ouest lausannois"},"content":{"rendered":"","protected":false},"excerpt":{"rendered":"","protected":false},"author":9,"featured_media":0,"parent":0,"menu_order":0,"comment_status":"closed","ping_status":"closed","template":"","meta":{"_acf_changed":false,"inline_featured_image":false,"footnotes":""},"class_list":["post-73748","page","type-page","status-publish","hentry"],"acf":[],"yoast_head":"<!-- This site is optimized with the Yoast SEO plugin v26.9 - https:\/\/yoast.com\/product\/yoast-seo-wordpress\/ -->\n<title>Assembl\u00e9e g\u00e9n\u00e9rale ordinaire des Vert\u00b7e\u00b7s de l\u2019Ouest lausannois - Les VERT-E-S de l&#039;Ouest lausannois<\/title>\n<meta name=\"robots\" content=\"index, follow, max-snippet:-1, max-image-preview:large, max-video-preview:-1\" \/>\n<link rel=\"canonical\" href=\"https:\/\/vert-e-s-vd.ch\/ouestlausannois\/assemblee-generale-ordinaire-des-vert\u00b7e\u00b7s-de-louest-lausannois\" \/>\n<meta property=\"og:locale\" content=\"fr_FR\" \/>\n<meta property=\"og:type\" content=\"article\" \/>\n<meta property=\"og:title\" content=\"Assembl\u00e9e g\u00e9n\u00e9rale ordinaire des Vert\u00b7e\u00b7s de l\u2019Ouest lausannois - Les VERT-E-S de l&#039;Ouest lausannois\" \/>\n<meta property=\"og:url\" content=\"https:\/\/vert-e-s-vd.ch\/ouestlausannois\/assemblee-generale-ordinaire-des-vert\u00b7e\u00b7s-de-louest-lausannois\" \/>\n<meta property=\"og:site_name\" content=\"Les VERT-E-S de l&#039;Ouest lausannois\" \/>\n<meta property=\"article:modified_time\" content=\"2025-09-13T09:31:54+00:00\" \/>\n<meta name=\"twitter:card\" content=\"summary_large_image\" \/>\n<meta name=\"twitter:label1\" content=\"Dur\u00e9e de lecture estim\u00e9e\" \/>\n\t<meta name=\"twitter:data1\" content=\"1 minute\" \/>\n<script type=\"application\/ld+json\" class=\"yoast-schema-graph\">{\"@context\":\"https:\/\/schema.org\",\"@graph\":[{\"@type\":\"WebPage\",\"@id\":\"https:\/\/vert-e-s-vd.ch\/ouestlausannois\/assemblee-generale-ordinaire-des-vert%c2%b7e%c2%b7s-de-louest-lausannois\",\"url\":\"https:\/\/vert-e-s-vd.ch\/ouestlausannois\/assemblee-generale-ordinaire-des-vert%c2%b7e%c2%b7s-de-louest-lausannois\",\"name\":\"Assembl\u00e9e g\u00e9n\u00e9rale ordinaire des Vert\u00b7e\u00b7s de l\u2019Ouest lausannois - Les VERT-E-S de l&#039;Ouest lausannois\",\"isPartOf\":{\"@id\":\"https:\/\/vert-e-s-vd.ch\/ouestlausannois\/#website\"},\"datePublished\":\"2024-09-03T14:24:46+00:00\",\"dateModified\":\"2025-09-13T09:31:54+00:00\",\"breadcrumb\":{\"@id\":\"https:\/\/vert-e-s-vd.ch\/ouestlausannois\/assemblee-generale-ordinaire-des-vert%c2%b7e%c2%b7s-de-louest-lausannois#breadcrumb\"},\"inLanguage\":\"fr-FR\",\"potentialAction\":[{\"@type\":\"ReadAction\",\"target\":[\"https:\/\/vert-e-s-vd.ch\/ouestlausannois\/assemblee-generale-ordinaire-des-vert%c2%b7e%c2%b7s-de-louest-lausannois\"]}]},{\"@type\":\"BreadcrumbList\",\"@id\":\"https:\/\/vert-e-s-vd.ch\/ouestlausannois\/assemblee-generale-ordinaire-des-vert%c2%b7e%c2%b7s-de-louest-lausannois#breadcrumb\",\"itemListElement\":[{\"@type\":\"ListItem\",\"position\":1,\"name\":\"Accueil\",\"item\":\"https:\/\/vert-e-s-vd.ch\/ouestlausannois\/\"},{\"@type\":\"ListItem\",\"position\":2,\"name\":\"Assembl\u00e9e g\u00e9n\u00e9rale ordinaire des Vert\u00b7e\u00b7s de l\u2019Ouest lausannois\"}]},{\"@type\":\"WebSite\",\"@id\":\"https:\/\/vert-e-s-vd.ch\/ouestlausannois\/#website\",\"url\":\"https:\/\/vert-e-s-vd.ch\/ouestlausannois\/\",\"name\":\"Les VERT-E-S de l&#039;Ouest lausannois\",\"description\":\"Une longueur d\u2019avance\",\"potentialAction\":[{\"@type\":\"SearchAction\",\"target\":{\"@type\":\"EntryPoint\",\"urlTemplate\":\"https:\/\/vert-e-s-vd.ch\/ouestlausannois\/?s={search_term_string}\"},\"query-input\":{\"@type\":\"PropertyValueSpecification\",\"valueRequired\":true,\"valueName\":\"search_term_string\"}}],\"inLanguage\":\"fr-FR\"}]}<\/script>\n<!-- \/ Yoast SEO plugin. -->","yoast_head_json":{"title":"Assembl\u00e9e g\u00e9n\u00e9rale ordinaire des Vert\u00b7e\u00b7s de l\u2019Ouest lausannois - Les VERT-E-S de l&#039;Ouest lausannois","robots":{"index":"index","follow":"follow","max-snippet":"max-snippet:-1","max-image-preview":"max-image-preview:large","max-video-preview":"max-video-preview:-1"},"canonical":"https:\/\/vert-e-s-vd.ch\/ouestlausannois\/assemblee-generale-ordinaire-des-vert\u00b7e\u00b7s-de-louest-lausannois","og_locale":"fr_FR","og_type":"article","og_title":"Assembl\u00e9e g\u00e9n\u00e9rale ordinaire des Vert\u00b7e\u00b7s de l\u2019Ouest lausannois - Les VERT-E-S de l&#039;Ouest lausannois","og_url":"https:\/\/vert-e-s-vd.ch\/ouestlausannois\/assemblee-generale-ordinaire-des-vert\u00b7e\u00b7s-de-louest-lausannois","og_site_name":"Les VERT-E-S de l&#039;Ouest lausannois","article_modified_time":"2025-09-13T09:31:54+00:00","twitter_card":"summary_large_image","twitter_misc":{"Dur\u00e9e de lecture estim\u00e9e":"1 minute"},"schema":{"@context":"https:\/\/schema.org","@graph":[{"@type":"WebPage","@id":"https:\/\/vert-e-s-vd.ch\/ouestlausannois\/assemblee-generale-ordinaire-des-vert%c2%b7e%c2%b7s-de-louest-lausannois","url":"https:\/\/vert-e-s-vd.ch\/ouestlausannois\/assemblee-generale-ordinaire-des-vert%c2%b7e%c2%b7s-de-louest-lausannois","name":"Assembl\u00e9e g\u00e9n\u00e9rale ordinaire des Vert\u00b7e\u00b7s de l\u2019Ouest lausannois - Les VERT-E-S de l&#039;Ouest lausannois","isPartOf":{"@id":"https:\/\/vert-e-s-vd.ch\/ouestlausannois\/#website"},"datePublished":"2024-09-03T14:24:46+00:00","dateModified":"2025-09-13T09:31:54+00:00","breadcrumb":{"@id":"https:\/\/vert-e-s-vd.ch\/ouestlausannois\/assemblee-generale-ordinaire-des-vert%c2%b7e%c2%b7s-de-louest-lausannois#breadcrumb"},"inLanguage":"fr-FR","potentialAction":[{"@type":"ReadAction","target":["https:\/\/vert-e-s-vd.ch\/ouestlausannois\/assemblee-generale-ordinaire-des-vert%c2%b7e%c2%b7s-de-louest-lausannois"]}]},{"@type":"BreadcrumbList","@id":"https:\/\/vert-e-s-vd.ch\/ouestlausannois\/assemblee-generale-ordinaire-des-vert%c2%b7e%c2%b7s-de-louest-lausannois#breadcrumb","itemListElement":[{"@type":"ListItem","position":1,"name":"Accueil","item":"https:\/\/vert-e-s-vd.ch\/ouestlausannois\/"},{"@type":"ListItem","position":2,"name":"Assembl\u00e9e g\u00e9n\u00e9rale ordinaire des Vert\u00b7e\u00b7s de l\u2019Ouest lausannois"}]},{"@type":"WebSite","@id":"https:\/\/vert-e-s-vd.ch\/ouestlausannois\/#website","url":"https:\/\/vert-e-s-vd.ch\/ouestlausannois\/","name":"Les VERT-E-S de l&#039;Ouest lausannois","description":"Une longueur d\u2019avance","potentialAction":[{"@type":"SearchAction","target":{"@type":"EntryPoint","urlTemplate":"https:\/\/vert-e-s-vd.ch\/ouestlausannois\/?s={search_term_string}"},"query-input":{"@type":"PropertyValueSpecification","valueRequired":true,"valueName":"search_term_string"}}],"inLanguage":"fr-FR"}]}},"_links":{"self":[{"href":"https:\/\/vert-e-s-vd.ch\/ouestlausannois\/wp-json\/wp\/v2\/pages\/73748","targetHints":{"allow":["GET"]}}],"collection":[{"href":"https:\/\/vert-e-s-vd.ch\/ouestlausannois\/wp-json\/wp\/v2\/pages"}],"about":[{"href":"https:\/\/vert-e-s-vd.ch\/ouestlausannois\/wp-json\/wp\/v2\/types\/page"}],"author":[{"embeddable":true,"href":"https:\/\/vert-e-s-vd.ch\/ouestlausannois\/wp-json\/wp\/v2\/users\/9"}],"replies":[{"embeddable":true,"href":"https:\/\/vert-e-s-vd.ch\/ouestlausannois\/wp-json\/wp\/v2\/comments?post=73748"}],"version-history":[{"count":8,"href":"https:\/\/vert-e-s-vd.ch\/ouestlausannois\/wp-json\/wp\/v2\/pages\/73748\/revisions"}],"predecessor-version":[{"id":74211,"href":"https:\/\/vert-e-s-vd.ch\/ouestlausannois\/wp-json\/wp\/v2\/pages\/73748\/revisions\/74211"}],"wp:attachment":[{"href":"https:\/\/vert-e-s-vd.ch\/ouestlausannois\/wp-json\/wp\/v2\/media?parent=73748"}],"curies":[{"name":"wp","href":"https:\/\/api.w.org\/{rel}","templated":true}]}}