{"id":555,"date":"2016-01-24T17:55:00","date_gmt":"2016-01-24T16:55:00","guid":{"rendered":"https:\/\/vert-e-s-vd.ch\/ouestlausannois\/?page_id=555"},"modified":"2021-02-04T14:48:34","modified_gmt":"2021-02-04T13:48:34","slug":"2-developper-lefficience-energetique-des-batiments","status":"publish","type":"page","link":"https:\/\/vert-e-s-vd.ch\/ouestlausannois\/notre-programme-2016-2021\/2-developper-lefficience-energetique-des-batiments","title":{"rendered":"D\u00c9VELOPPER L\u2019EFFICIENCE \u00c9NERG\u00c9TIQUE DES B\u00c2TIMENTS"},"content":{"rendered":"","protected":false},"excerpt":{"rendered":"","protected":false},"author":3,"featured_media":0,"parent":70967,"menu_order":0,"comment_status":"closed","ping_status":"closed","template":"","meta":{"_acf_changed":false,"inline_featured_image":false,"footnotes":""},"class_list":["post-555","page","type-page","status-publish","hentry"],"acf":[],"yoast_head":"<!-- This site is optimized with the Yoast SEO plugin v26.9 - https:\/\/yoast.com\/product\/yoast-seo-wordpress\/ -->\n<title>D\u00c9VELOPPER L\u2019EFFICIENCE \u00c9NERG\u00c9TIQUE DES B\u00c2TIMENTS - Les VERT-E-S de l&#039;Ouest lausannois<\/title>\n<meta name=\"robots\" content=\"index, follow, max-snippet:-1, max-image-preview:large, max-video-preview:-1\" \/>\n<link rel=\"canonical\" href=\"https:\/\/vert-e-s-vd.ch\/ouestlausannois\/notre-programme-2016-2021\/2-developper-lefficience-energetique-des-batiments\" \/>\n<meta property=\"og:locale\" content=\"fr_FR\" \/>\n<meta property=\"og:type\" content=\"article\" \/>\n<meta property=\"og:title\" content=\"D\u00c9VELOPPER L\u2019EFFICIENCE \u00c9NERG\u00c9TIQUE DES B\u00c2TIMENTS - Les VERT-E-S de l&#039;Ouest lausannois\" \/>\n<meta property=\"og:url\" content=\"https:\/\/vert-e-s-vd.ch\/ouestlausannois\/notre-programme-2016-2021\/2-developper-lefficience-energetique-des-batiments\" \/>\n<meta property=\"og:site_name\" content=\"Les VERT-E-S de l&#039;Ouest lausannois\" \/>\n<meta property=\"article:modified_time\" content=\"2021-02-04T13:48:34+00:00\" \/>\n<meta name=\"twitter:card\" content=\"summary_large_image\" \/>\n<script type=\"application\/ld+json\" class=\"yoast-schema-graph\">{\"@context\":\"https:\/\/schema.org\",\"@graph\":[{\"@type\":\"WebPage\",\"@id\":\"https:\/\/vert-e-s-vd.ch\/ouestlausannois\/notre-programme-2016-2021\/2-developper-lefficience-energetique-des-batiments\",\"url\":\"https:\/\/vert-e-s-vd.ch\/ouestlausannois\/notre-programme-2016-2021\/2-developper-lefficience-energetique-des-batiments\",\"name\":\"D\u00c9VELOPPER L\u2019EFFICIENCE \u00c9NERG\u00c9TIQUE DES B\u00c2TIMENTS - Les VERT-E-S de l&#039;Ouest lausannois\",\"isPartOf\":{\"@id\":\"https:\/\/vert-e-s-vd.ch\/ouestlausannois\/#website\"},\"datePublished\":\"2016-01-24T16:55:00+00:00\",\"dateModified\":\"2021-02-04T13:48:34+00:00\",\"breadcrumb\":{\"@id\":\"https:\/\/vert-e-s-vd.ch\/ouestlausannois\/notre-programme-2016-2021\/2-developper-lefficience-energetique-des-batiments#breadcrumb\"},\"inLanguage\":\"fr-FR\",\"potentialAction\":[{\"@type\":\"ReadAction\",\"target\":[\"https:\/\/vert-e-s-vd.ch\/ouestlausannois\/notre-programme-2016-2021\/2-developper-lefficience-energetique-des-batiments\"]}]},{\"@type\":\"BreadcrumbList\",\"@id\":\"https:\/\/vert-e-s-vd.ch\/ouestlausannois\/notre-programme-2016-2021\/2-developper-lefficience-energetique-des-batiments#breadcrumb\",\"itemListElement\":[{\"@type\":\"ListItem\",\"position\":1,\"name\":\"Accueil\",\"item\":\"https:\/\/vert-e-s-vd.ch\/ouestlausannois\/\"},{\"@type\":\"ListItem\",\"position\":2,\"name\":\"\u00c9cublens &#8211; Prog. 2016-2021\",\"item\":\"https:\/\/vert-e-s-vd.ch\/ouestlausannois\/notre-programme-2016-2021\"},{\"@type\":\"ListItem\",\"position\":3,\"name\":\"D\u00c9VELOPPER L\u2019EFFICIENCE \u00c9NERG\u00c9TIQUE DES B\u00c2TIMENTS\"}]},{\"@type\":\"WebSite\",\"@id\":\"https:\/\/vert-e-s-vd.ch\/ouestlausannois\/#website\",\"url\":\"https:\/\/vert-e-s-vd.ch\/ouestlausannois\/\",\"name\":\"Les VERT-E-S de l&#039;Ouest lausannois\",\"description\":\"Une longueur d\u2019avance\",\"potentialAction\":[{\"@type\":\"SearchAction\",\"target\":{\"@type\":\"EntryPoint\",\"urlTemplate\":\"https:\/\/vert-e-s-vd.ch\/ouestlausannois\/?s={search_term_string}\"},\"query-input\":{\"@type\":\"PropertyValueSpecification\",\"valueRequired\":true,\"valueName\":\"search_term_string\"}}],\"inLanguage\":\"fr-FR\"}]}<\/script>\n<!-- \/ Yoast SEO plugin. -->","yoast_head_json":{"title":"D\u00c9VELOPPER L\u2019EFFICIENCE \u00c9NERG\u00c9TIQUE DES B\u00c2TIMENTS - Les VERT-E-S de l&#039;Ouest lausannois","robots":{"index":"index","follow":"follow","max-snippet":"max-snippet:-1","max-image-preview":"max-image-preview:large","max-video-preview":"max-video-preview:-1"},"canonical":"https:\/\/vert-e-s-vd.ch\/ouestlausannois\/notre-programme-2016-2021\/2-developper-lefficience-energetique-des-batiments","og_locale":"fr_FR","og_type":"article","og_title":"D\u00c9VELOPPER L\u2019EFFICIENCE \u00c9NERG\u00c9TIQUE DES B\u00c2TIMENTS - Les VERT-E-S de l&#039;Ouest lausannois","og_url":"https:\/\/vert-e-s-vd.ch\/ouestlausannois\/notre-programme-2016-2021\/2-developper-lefficience-energetique-des-batiments","og_site_name":"Les VERT-E-S de l&#039;Ouest lausannois","article_modified_time":"2021-02-04T13:48:34+00:00","twitter_card":"summary_large_image","schema":{"@context":"https:\/\/schema.org","@graph":[{"@type":"WebPage","@id":"https:\/\/vert-e-s-vd.ch\/ouestlausannois\/notre-programme-2016-2021\/2-developper-lefficience-energetique-des-batiments","url":"https:\/\/vert-e-s-vd.ch\/ouestlausannois\/notre-programme-2016-2021\/2-developper-lefficience-energetique-des-batiments","name":"D\u00c9VELOPPER L\u2019EFFICIENCE \u00c9NERG\u00c9TIQUE DES B\u00c2TIMENTS - Les VERT-E-S de l&#039;Ouest lausannois","isPartOf":{"@id":"https:\/\/vert-e-s-vd.ch\/ouestlausannois\/#website"},"datePublished":"2016-01-24T16:55:00+00:00","dateModified":"2021-02-04T13:48:34+00:00","breadcrumb":{"@id":"https:\/\/vert-e-s-vd.ch\/ouestlausannois\/notre-programme-2016-2021\/2-developper-lefficience-energetique-des-batiments#breadcrumb"},"inLanguage":"fr-FR","potentialAction":[{"@type":"ReadAction","target":["https:\/\/vert-e-s-vd.ch\/ouestlausannois\/notre-programme-2016-2021\/2-developper-lefficience-energetique-des-batiments"]}]},{"@type":"BreadcrumbList","@id":"https:\/\/vert-e-s-vd.ch\/ouestlausannois\/notre-programme-2016-2021\/2-developper-lefficience-energetique-des-batiments#breadcrumb","itemListElement":[{"@type":"ListItem","position":1,"name":"Accueil","item":"https:\/\/vert-e-s-vd.ch\/ouestlausannois\/"},{"@type":"ListItem","position":2,"name":"\u00c9cublens &#8211; Prog. 2016-2021","item":"https:\/\/vert-e-s-vd.ch\/ouestlausannois\/notre-programme-2016-2021"},{"@type":"ListItem","position":3,"name":"D\u00c9VELOPPER L\u2019EFFICIENCE \u00c9NERG\u00c9TIQUE DES B\u00c2TIMENTS"}]},{"@type":"WebSite","@id":"https:\/\/vert-e-s-vd.ch\/ouestlausannois\/#website","url":"https:\/\/vert-e-s-vd.ch\/ouestlausannois\/","name":"Les VERT-E-S de l&#039;Ouest lausannois","description":"Une longueur d\u2019avance","potentialAction":[{"@type":"SearchAction","target":{"@type":"EntryPoint","urlTemplate":"https:\/\/vert-e-s-vd.ch\/ouestlausannois\/?s={search_term_string}"},"query-input":{"@type":"PropertyValueSpecification","valueRequired":true,"valueName":"search_term_string"}}],"inLanguage":"fr-FR"}]}},"_links":{"self":[{"href":"https:\/\/vert-e-s-vd.ch\/ouestlausannois\/wp-json\/wp\/v2\/pages\/555","targetHints":{"allow":["GET"]}}],"collection":[{"href":"https:\/\/vert-e-s-vd.ch\/ouestlausannois\/wp-json\/wp\/v2\/pages"}],"about":[{"href":"https:\/\/vert-e-s-vd.ch\/ouestlausannois\/wp-json\/wp\/v2\/types\/page"}],"author":[{"embeddable":true,"href":"https:\/\/vert-e-s-vd.ch\/ouestlausannois\/wp-json\/wp\/v2\/users\/3"}],"replies":[{"embeddable":true,"href":"https:\/\/vert-e-s-vd.ch\/ouestlausannois\/wp-json\/wp\/v2\/comments?post=555"}],"version-history":[{"count":3,"href":"https:\/\/vert-e-s-vd.ch\/ouestlausannois\/wp-json\/wp\/v2\/pages\/555\/revisions"}],"predecessor-version":[{"id":72579,"href":"https:\/\/vert-e-s-vd.ch\/ouestlausannois\/wp-json\/wp\/v2\/pages\/555\/revisions\/72579"}],"up":[{"embeddable":true,"href":"https:\/\/vert-e-s-vd.ch\/ouestlausannois\/wp-json\/wp\/v2\/pages\/70967"}],"wp:attachment":[{"href":"https:\/\/vert-e-s-vd.ch\/ouestlausannois\/wp-json\/wp\/v2\/media?parent=555"}],"curies":[{"name":"wp","href":"https:\/\/api.w.org\/{rel}","templated":true}]}}