{"id":73205,"date":"2026-01-28T08:43:27","date_gmt":"2026-01-28T07:43:27","guid":{"rendered":"https:\/\/vert-e-s-vd.ch\/morges\/?page_id=73205"},"modified":"2026-01-28T13:30:21","modified_gmt":"2026-01-28T12:30:21","slug":"elections-communales-2026","status":"publish","type":"page","link":"https:\/\/vert-e-s-vd.ch\/morges\/elections-communales-2026","title":{"rendered":"Elections communales 2026"},"content":{"rendered":"","protected":false},"excerpt":{"rendered":"","protected":false},"author":60,"featured_media":0,"parent":0,"menu_order":0,"comment_status":"closed","ping_status":"closed","template":"","meta":{"_acf_changed":false,"inline_featured_image":false,"footnotes":""},"class_list":["post-73205","page","type-page","status-publish","hentry"],"acf":[],"yoast_head":"<!-- This site is optimized with the Yoast SEO plugin v26.9 - https:\/\/yoast.com\/product\/yoast-seo-wordpress\/ -->\n<title>Elections communales 2026 - Les Vert\u00b7e\u00b7s du district de Morges<\/title>\n<meta name=\"description\" content=\"Les Vert\u00b7e\u00b7s s&#039;engagent pour vous \u00e0 Morges ! Elire des Vert\u00b7e\u00b7s au Conseil communal, c&#039;est garantir une meilleure protection de l&#039;environnement, plus d&#039;\u00e9galit\u00e9 et de justice sociale pour toutes et tous, des propositions concr\u00e8tes et une qualit\u00e9 de vie am\u00e9lior\u00e9e.\" \/>\n<meta name=\"robots\" content=\"index, follow, max-snippet:-1, max-image-preview:large, max-video-preview:-1\" \/>\n<link rel=\"canonical\" href=\"https:\/\/vert-e-s-vd.ch\/morges\/elections-communales-2026\" \/>\n<meta property=\"og:locale\" content=\"fr_FR\" \/>\n<meta property=\"og:type\" content=\"article\" \/>\n<meta property=\"og:title\" content=\"Elections communales 2026 - Les Vert\u00b7e\u00b7s du district de Morges\" \/>\n<meta property=\"og:description\" content=\"Les Vert\u00b7e\u00b7s s&#039;engagent pour vous \u00e0 Morges ! Elire des Vert\u00b7e\u00b7s au Conseil communal, c&#039;est garantir une meilleure protection de \u2026\" \/>\n<meta property=\"og:url\" content=\"https:\/\/vert-e-s-vd.ch\/morges\/elections-communales-2026\" \/>\n<meta property=\"og:site_name\" content=\"Les Vert\u00b7e\u00b7s du district de Morges\" \/>\n<meta property=\"article:modified_time\" content=\"2026-01-28T12:30:21+00:00\" \/>\n<meta name=\"twitter:card\" content=\"summary_large_image\" \/>\n<meta name=\"twitter:label1\" content=\"Dur\u00e9e de lecture estim\u00e9e\" \/>\n\t<meta name=\"twitter:data1\" content=\"5 minutes\" \/>\n<script type=\"application\/ld+json\" class=\"yoast-schema-graph\">{\"@context\":\"https:\/\/schema.org\",\"@graph\":[{\"@type\":\"WebPage\",\"@id\":\"https:\/\/vert-e-s-vd.ch\/morges\/elections-communales-2026\",\"url\":\"https:\/\/vert-e-s-vd.ch\/morges\/elections-communales-2026\",\"name\":\"Elections communales 2026 - Les Vert\u00b7e\u00b7s du district de Morges\",\"isPartOf\":{\"@id\":\"https:\/\/vert-e-s-vd.ch\/morges\/#website\"},\"datePublished\":\"2026-01-28T07:43:27+00:00\",\"dateModified\":\"2026-01-28T12:30:21+00:00\",\"description\":\"Les Vert\u00b7e\u00b7s s'engagent pour vous \u00e0 Morges ! Elire des Vert\u00b7e\u00b7s au Conseil communal, c'est garantir une meilleure protection de l'environnement, plus d'\u00e9galit\u00e9 et de justice sociale pour toutes et tous, des propositions concr\u00e8tes et une qualit\u00e9 de vie am\u00e9lior\u00e9e.\",\"breadcrumb\":{\"@id\":\"https:\/\/vert-e-s-vd.ch\/morges\/elections-communales-2026#breadcrumb\"},\"inLanguage\":\"fr-FR\",\"potentialAction\":[{\"@type\":\"ReadAction\",\"target\":[\"https:\/\/vert-e-s-vd.ch\/morges\/elections-communales-2026\"]}]},{\"@type\":\"BreadcrumbList\",\"@id\":\"https:\/\/vert-e-s-vd.ch\/morges\/elections-communales-2026#breadcrumb\",\"itemListElement\":[{\"@type\":\"ListItem\",\"position\":1,\"name\":\"Accueil\",\"item\":\"https:\/\/vert-e-s-vd.ch\/morges\/\"},{\"@type\":\"ListItem\",\"position\":2,\"name\":\"Elections communales 2026\"}]},{\"@type\":\"WebSite\",\"@id\":\"https:\/\/vert-e-s-vd.ch\/morges\/#website\",\"url\":\"https:\/\/vert-e-s-vd.ch\/morges\/\",\"name\":\"Les Vert\u00b7e\u00b7s du district de Morges\",\"description\":\"Les Vert\u00b7e\u00b7s du district de Morges\",\"potentialAction\":[{\"@type\":\"SearchAction\",\"target\":{\"@type\":\"EntryPoint\",\"urlTemplate\":\"https:\/\/vert-e-s-vd.ch\/morges\/?s={search_term_string}\"},\"query-input\":{\"@type\":\"PropertyValueSpecification\",\"valueRequired\":true,\"valueName\":\"search_term_string\"}}],\"inLanguage\":\"fr-FR\"}]}<\/script>\n<!-- \/ Yoast SEO plugin. -->","yoast_head_json":{"title":"Elections communales 2026 - Les Vert\u00b7e\u00b7s du district de Morges","description":"Les Vert\u00b7e\u00b7s s'engagent pour vous \u00e0 Morges ! Elire des Vert\u00b7e\u00b7s au Conseil communal, c'est garantir une meilleure protection de l'environnement, plus d'\u00e9galit\u00e9 et de justice sociale pour toutes et tous, des propositions concr\u00e8tes et une qualit\u00e9 de vie am\u00e9lior\u00e9e.","robots":{"index":"index","follow":"follow","max-snippet":"max-snippet:-1","max-image-preview":"max-image-preview:large","max-video-preview":"max-video-preview:-1"},"canonical":"https:\/\/vert-e-s-vd.ch\/morges\/elections-communales-2026","og_locale":"fr_FR","og_type":"article","og_title":"Elections communales 2026 - Les Vert\u00b7e\u00b7s du district de Morges","og_description":"Les Vert\u00b7e\u00b7s s'engagent pour vous \u00e0 Morges ! Elire des Vert\u00b7e\u00b7s au Conseil communal, c'est garantir une meilleure protection de \u2026","og_url":"https:\/\/vert-e-s-vd.ch\/morges\/elections-communales-2026","og_site_name":"Les Vert\u00b7e\u00b7s du district de Morges","article_modified_time":"2026-01-28T12:30:21+00:00","twitter_card":"summary_large_image","twitter_misc":{"Dur\u00e9e de lecture estim\u00e9e":"5 minutes"},"schema":{"@context":"https:\/\/schema.org","@graph":[{"@type":"WebPage","@id":"https:\/\/vert-e-s-vd.ch\/morges\/elections-communales-2026","url":"https:\/\/vert-e-s-vd.ch\/morges\/elections-communales-2026","name":"Elections communales 2026 - Les Vert\u00b7e\u00b7s du district de Morges","isPartOf":{"@id":"https:\/\/vert-e-s-vd.ch\/morges\/#website"},"datePublished":"2026-01-28T07:43:27+00:00","dateModified":"2026-01-28T12:30:21+00:00","description":"Les Vert\u00b7e\u00b7s s'engagent pour vous \u00e0 Morges ! Elire des Vert\u00b7e\u00b7s au Conseil communal, c'est garantir une meilleure protection de l'environnement, plus d'\u00e9galit\u00e9 et de justice sociale pour toutes et tous, des propositions concr\u00e8tes et une qualit\u00e9 de vie am\u00e9lior\u00e9e.","breadcrumb":{"@id":"https:\/\/vert-e-s-vd.ch\/morges\/elections-communales-2026#breadcrumb"},"inLanguage":"fr-FR","potentialAction":[{"@type":"ReadAction","target":["https:\/\/vert-e-s-vd.ch\/morges\/elections-communales-2026"]}]},{"@type":"BreadcrumbList","@id":"https:\/\/vert-e-s-vd.ch\/morges\/elections-communales-2026#breadcrumb","itemListElement":[{"@type":"ListItem","position":1,"name":"Accueil","item":"https:\/\/vert-e-s-vd.ch\/morges\/"},{"@type":"ListItem","position":2,"name":"Elections communales 2026"}]},{"@type":"WebSite","@id":"https:\/\/vert-e-s-vd.ch\/morges\/#website","url":"https:\/\/vert-e-s-vd.ch\/morges\/","name":"Les Vert\u00b7e\u00b7s du district de Morges","description":"Les Vert\u00b7e\u00b7s du district de Morges","potentialAction":[{"@type":"SearchAction","target":{"@type":"EntryPoint","urlTemplate":"https:\/\/vert-e-s-vd.ch\/morges\/?s={search_term_string}"},"query-input":{"@type":"PropertyValueSpecification","valueRequired":true,"valueName":"search_term_string"}}],"inLanguage":"fr-FR"}]}},"_links":{"self":[{"href":"https:\/\/vert-e-s-vd.ch\/morges\/wp-json\/wp\/v2\/pages\/73205","targetHints":{"allow":["GET"]}}],"collection":[{"href":"https:\/\/vert-e-s-vd.ch\/morges\/wp-json\/wp\/v2\/pages"}],"about":[{"href":"https:\/\/vert-e-s-vd.ch\/morges\/wp-json\/wp\/v2\/types\/page"}],"author":[{"embeddable":true,"href":"https:\/\/vert-e-s-vd.ch\/morges\/wp-json\/wp\/v2\/users\/60"}],"replies":[{"embeddable":true,"href":"https:\/\/vert-e-s-vd.ch\/morges\/wp-json\/wp\/v2\/comments?post=73205"}],"version-history":[{"count":34,"href":"https:\/\/vert-e-s-vd.ch\/morges\/wp-json\/wp\/v2\/pages\/73205\/revisions"}],"predecessor-version":[{"id":73329,"href":"https:\/\/vert-e-s-vd.ch\/morges\/wp-json\/wp\/v2\/pages\/73205\/revisions\/73329"}],"wp:attachment":[{"href":"https:\/\/vert-e-s-vd.ch\/morges\/wp-json\/wp\/v2\/media?parent=73205"}],"curies":[{"name":"wp","href":"https:\/\/api.w.org\/{rel}","templated":true}]}}