{"id":74303,"date":"2025-09-30T20:55:44","date_gmt":"2025-09-30T18:55:44","guid":{"rendered":"https:\/\/vert-e-s-vd.ch\/lavaux-oron\/?page_id=74303"},"modified":"2026-04-02T22:14:30","modified_gmt":"2026-04-02T20:14:30","slug":"ec2026-pully","status":"publish","type":"page","link":"https:\/\/vert-e-s-vd.ch\/lavaux-oron\/ec2026-pully","title":{"rendered":"\u00c9lections communales 2026 &#8211; Les Vert.e.s de Pully"},"content":{"rendered":"","protected":false},"excerpt":{"rendered":"","protected":false},"author":83,"featured_media":0,"parent":0,"menu_order":0,"comment_status":"closed","ping_status":"closed","template":"","meta":{"_acf_changed":false,"inline_featured_image":false,"footnotes":""},"class_list":["post-74303","page","type-page","status-publish","hentry"],"acf":[],"yoast_head":"<!-- This site is optimized with the Yoast SEO plugin v26.9 - https:\/\/yoast.com\/product\/yoast-seo-wordpress\/ -->\n<title>\u00c9lections communales 2026 - Les Vert.e.s de Pully - Les VERT.E.S de Lavaux-Oron<\/title>\n<meta name=\"description\" content=\"Nous pr\u00e9sentons ici le r\u00e9sultat des \u00e9lections communales du 8 mars 2026 au conseil communal et \u00e0 la municipalit\u00e9 pour la l\u00e9gislature 2026-2031. Merci \u00e0 toutes celles et ceux qui nous ont soutenu !\" \/>\n<meta name=\"robots\" content=\"index, follow, max-snippet:-1, max-image-preview:large, max-video-preview:-1\" \/>\n<link rel=\"canonical\" href=\"https:\/\/vert-e-s-vd.ch\/lavaux-oron\/ec2026-pully\" \/>\n<meta property=\"og:locale\" content=\"fr_FR\" \/>\n<meta property=\"og:type\" content=\"article\" \/>\n<meta property=\"og:title\" content=\"\u00c9lections communales 2026 - Les Vert.e.s de Pully - Les VERT.E.S de Lavaux-Oron\" \/>\n<meta property=\"og:description\" content=\"Nous pr\u00e9sentons ici le r\u00e9sultat des \u00e9lections communales du 8 mars 2026 au conseil communal et \u00e0 la municipalit\u00e9 pour la l\u00e9gislature \u2026\" \/>\n<meta property=\"og:url\" content=\"https:\/\/vert-e-s-vd.ch\/lavaux-oron\/ec2026-pully\" \/>\n<meta property=\"og:site_name\" content=\"Les VERT.E.S de Lavaux-Oron\" \/>\n<meta property=\"article:modified_time\" content=\"2026-04-02T20:14:30+00:00\" \/>\n<meta name=\"twitter:card\" content=\"summary_large_image\" \/>\n<meta name=\"twitter:label1\" content=\"Dur\u00e9e de lecture estim\u00e9e\" \/>\n\t<meta name=\"twitter:data1\" content=\"2 minutes\" \/>\n<script type=\"application\/ld+json\" class=\"yoast-schema-graph\">{\"@context\":\"https:\/\/schema.org\",\"@graph\":[{\"@type\":\"WebPage\",\"@id\":\"https:\/\/vert-e-s-vd.ch\/lavaux-oron\/ec2026-pully\",\"url\":\"https:\/\/vert-e-s-vd.ch\/lavaux-oron\/ec2026-pully\",\"name\":\"\u00c9lections communales 2026 - Les Vert.e.s de Pully - Les VERT.E.S de Lavaux-Oron\",\"isPartOf\":{\"@id\":\"https:\/\/vert-e-s-vd.ch\/lavaux-oron\/#website\"},\"datePublished\":\"2025-09-30T18:55:44+00:00\",\"dateModified\":\"2026-04-02T20:14:30+00:00\",\"description\":\"Nous pr\u00e9sentons ici le r\u00e9sultat des \u00e9lections communales du 8 mars 2026 au conseil communal et \u00e0 la municipalit\u00e9 pour la l\u00e9gislature 2026-2031. Merci \u00e0 toutes celles et ceux qui nous ont soutenu !\",\"breadcrumb\":{\"@id\":\"https:\/\/vert-e-s-vd.ch\/lavaux-oron\/ec2026-pully#breadcrumb\"},\"inLanguage\":\"fr-FR\",\"potentialAction\":[{\"@type\":\"ReadAction\",\"target\":[\"https:\/\/vert-e-s-vd.ch\/lavaux-oron\/ec2026-pully\"]}]},{\"@type\":\"BreadcrumbList\",\"@id\":\"https:\/\/vert-e-s-vd.ch\/lavaux-oron\/ec2026-pully#breadcrumb\",\"itemListElement\":[{\"@type\":\"ListItem\",\"position\":1,\"name\":\"Accueil\",\"item\":\"https:\/\/vert-e-s-vd.ch\/lavaux-oron\/\"},{\"@type\":\"ListItem\",\"position\":2,\"name\":\"\u00c9lections communales 2026 &#8211; Les Vert.e.s de Pully\"}]},{\"@type\":\"WebSite\",\"@id\":\"https:\/\/vert-e-s-vd.ch\/lavaux-oron\/#website\",\"url\":\"https:\/\/vert-e-s-vd.ch\/lavaux-oron\/\",\"name\":\"Les VERT.E.S de Lavaux-Oron\",\"description\":\"Une longueur d&#039;avance\",\"potentialAction\":[{\"@type\":\"SearchAction\",\"target\":{\"@type\":\"EntryPoint\",\"urlTemplate\":\"https:\/\/vert-e-s-vd.ch\/lavaux-oron\/?s={search_term_string}\"},\"query-input\":{\"@type\":\"PropertyValueSpecification\",\"valueRequired\":true,\"valueName\":\"search_term_string\"}}],\"inLanguage\":\"fr-FR\"}]}<\/script>\n<!-- \/ Yoast SEO plugin. -->","yoast_head_json":{"title":"\u00c9lections communales 2026 - Les Vert.e.s de Pully - Les VERT.E.S de Lavaux-Oron","description":"Nous pr\u00e9sentons ici le r\u00e9sultat des \u00e9lections communales du 8 mars 2026 au conseil communal et \u00e0 la municipalit\u00e9 pour la l\u00e9gislature 2026-2031. Merci \u00e0 toutes celles et ceux qui nous ont soutenu !","robots":{"index":"index","follow":"follow","max-snippet":"max-snippet:-1","max-image-preview":"max-image-preview:large","max-video-preview":"max-video-preview:-1"},"canonical":"https:\/\/vert-e-s-vd.ch\/lavaux-oron\/ec2026-pully","og_locale":"fr_FR","og_type":"article","og_title":"\u00c9lections communales 2026 - Les Vert.e.s de Pully - Les VERT.E.S de Lavaux-Oron","og_description":"Nous pr\u00e9sentons ici le r\u00e9sultat des \u00e9lections communales du 8 mars 2026 au conseil communal et \u00e0 la municipalit\u00e9 pour la l\u00e9gislature \u2026","og_url":"https:\/\/vert-e-s-vd.ch\/lavaux-oron\/ec2026-pully","og_site_name":"Les VERT.E.S de Lavaux-Oron","article_modified_time":"2026-04-02T20:14:30+00:00","twitter_card":"summary_large_image","twitter_misc":{"Dur\u00e9e de lecture estim\u00e9e":"2 minutes"},"schema":{"@context":"https:\/\/schema.org","@graph":[{"@type":"WebPage","@id":"https:\/\/vert-e-s-vd.ch\/lavaux-oron\/ec2026-pully","url":"https:\/\/vert-e-s-vd.ch\/lavaux-oron\/ec2026-pully","name":"\u00c9lections communales 2026 - Les Vert.e.s de Pully - Les VERT.E.S de Lavaux-Oron","isPartOf":{"@id":"https:\/\/vert-e-s-vd.ch\/lavaux-oron\/#website"},"datePublished":"2025-09-30T18:55:44+00:00","dateModified":"2026-04-02T20:14:30+00:00","description":"Nous pr\u00e9sentons ici le r\u00e9sultat des \u00e9lections communales du 8 mars 2026 au conseil communal et \u00e0 la municipalit\u00e9 pour la l\u00e9gislature 2026-2031. Merci \u00e0 toutes celles et ceux qui nous ont soutenu !","breadcrumb":{"@id":"https:\/\/vert-e-s-vd.ch\/lavaux-oron\/ec2026-pully#breadcrumb"},"inLanguage":"fr-FR","potentialAction":[{"@type":"ReadAction","target":["https:\/\/vert-e-s-vd.ch\/lavaux-oron\/ec2026-pully"]}]},{"@type":"BreadcrumbList","@id":"https:\/\/vert-e-s-vd.ch\/lavaux-oron\/ec2026-pully#breadcrumb","itemListElement":[{"@type":"ListItem","position":1,"name":"Accueil","item":"https:\/\/vert-e-s-vd.ch\/lavaux-oron\/"},{"@type":"ListItem","position":2,"name":"\u00c9lections communales 2026 &#8211; Les Vert.e.s de Pully"}]},{"@type":"WebSite","@id":"https:\/\/vert-e-s-vd.ch\/lavaux-oron\/#website","url":"https:\/\/vert-e-s-vd.ch\/lavaux-oron\/","name":"Les VERT.E.S de Lavaux-Oron","description":"Une longueur d&#039;avance","potentialAction":[{"@type":"SearchAction","target":{"@type":"EntryPoint","urlTemplate":"https:\/\/vert-e-s-vd.ch\/lavaux-oron\/?s={search_term_string}"},"query-input":{"@type":"PropertyValueSpecification","valueRequired":true,"valueName":"search_term_string"}}],"inLanguage":"fr-FR"}]}},"_links":{"self":[{"href":"https:\/\/vert-e-s-vd.ch\/lavaux-oron\/wp-json\/wp\/v2\/pages\/74303","targetHints":{"allow":["GET"]}}],"collection":[{"href":"https:\/\/vert-e-s-vd.ch\/lavaux-oron\/wp-json\/wp\/v2\/pages"}],"about":[{"href":"https:\/\/vert-e-s-vd.ch\/lavaux-oron\/wp-json\/wp\/v2\/types\/page"}],"author":[{"embeddable":true,"href":"https:\/\/vert-e-s-vd.ch\/lavaux-oron\/wp-json\/wp\/v2\/users\/83"}],"replies":[{"embeddable":true,"href":"https:\/\/vert-e-s-vd.ch\/lavaux-oron\/wp-json\/wp\/v2\/comments?post=74303"}],"version-history":[{"count":54,"href":"https:\/\/vert-e-s-vd.ch\/lavaux-oron\/wp-json\/wp\/v2\/pages\/74303\/revisions"}],"predecessor-version":[{"id":75564,"href":"https:\/\/vert-e-s-vd.ch\/lavaux-oron\/wp-json\/wp\/v2\/pages\/74303\/revisions\/75564"}],"wp:attachment":[{"href":"https:\/\/vert-e-s-vd.ch\/lavaux-oron\/wp-json\/wp\/v2\/media?parent=74303"}],"curies":[{"name":"wp","href":"https:\/\/api.w.org\/{rel}","templated":true}]}}