{"id":73400,"date":"2022-09-03T18:01:44","date_gmt":"2022-09-03T16:01:44","guid":{"rendered":"https:\/\/vert-e-s-vd.ch\/lavaux-oron\/societe\/logement-copy"},"modified":"2022-09-03T18:11:02","modified_gmt":"2022-09-03T16:11:02","slug":"vivre-ensemble","status":"publish","type":"page","link":"https:\/\/vert-e-s-vd.ch\/lavaux-oron\/societe\/vivre-ensemble","title":{"rendered":"Vivre ensemble"},"content":{"rendered":"","protected":false},"excerpt":{"rendered":"","protected":false},"author":56,"featured_media":73401,"parent":70912,"menu_order":0,"comment_status":"closed","ping_status":"closed","template":"","meta":{"_acf_changed":false,"inline_featured_image":false,"footnotes":""},"class_list":["post-73400","page","type-page","status-publish","has-post-thumbnail","hentry"],"acf":[],"yoast_head":"<!-- This site is optimized with the Yoast SEO plugin v26.9 - https:\/\/yoast.com\/product\/yoast-seo-wordpress\/ -->\n<title>Vivre ensemble - Les VERT.E.S de Lavaux-Oron<\/title>\n<meta name=\"description\" content=\"La population vaudoise est tr\u00e8s vari\u00e9e et se compose de personnes d\u2019\u00e2ges, d\u2019origines, de nationalit\u00e9s et de milieux diff\u00e9rents, il est indispensable de renforcer encore ces liens qui forment le tissu de notre soci\u00e9t\u00e9.\" \/>\n<meta name=\"robots\" content=\"index, follow, max-snippet:-1, max-image-preview:large, max-video-preview:-1\" \/>\n<link rel=\"canonical\" href=\"https:\/\/vert-e-s-vd.ch\/lavaux-oron\/societe\/vivre-ensemble\" \/>\n<meta property=\"og:locale\" content=\"fr_FR\" \/>\n<meta property=\"og:type\" content=\"article\" \/>\n<meta property=\"og:title\" content=\"Vivre ensemble - Les VERT.E.S de Lavaux-Oron\" \/>\n<meta property=\"og:description\" content=\"La population vaudoise est tr\u00e8s vari\u00e9e et se compose de personnes d\u2019\u00e2ges, d\u2019origines, de nationalit\u00e9s et de milieux diff\u00e9rents, il \u2026\" \/>\n<meta property=\"og:url\" content=\"https:\/\/vert-e-s-vd.ch\/lavaux-oron\/societe\/vivre-ensemble\" \/>\n<meta property=\"og:site_name\" content=\"Les VERT.E.S de Lavaux-Oron\" \/>\n<meta property=\"article:modified_time\" content=\"2022-09-03T16:11:02+00:00\" \/>\n<meta property=\"og:image\" content=\"https:\/\/vert-e-s-vd.ch\/lavaux-oron\/wp-content\/uploads\/sites\/10\/2022\/09\/theme-vivre-ensemble-e1662220990357-1200x711.jpg\" \/>\n\t<meta property=\"og:image:width\" content=\"1200\" \/>\n\t<meta property=\"og:image:height\" content=\"711\" \/>\n\t<meta property=\"og:image:type\" content=\"image\/jpeg\" \/>\n<meta name=\"twitter:card\" content=\"summary_large_image\" \/>\n<script type=\"application\/ld+json\" class=\"yoast-schema-graph\">{\"@context\":\"https:\/\/schema.org\",\"@graph\":[{\"@type\":\"WebPage\",\"@id\":\"https:\/\/vert-e-s-vd.ch\/lavaux-oron\/societe\/vivre-ensemble\",\"url\":\"https:\/\/vert-e-s-vd.ch\/lavaux-oron\/societe\/vivre-ensemble\",\"name\":\"Vivre ensemble - Les VERT.E.S de Lavaux-Oron\",\"isPartOf\":{\"@id\":\"https:\/\/vert-e-s-vd.ch\/lavaux-oron\/#website\"},\"primaryImageOfPage\":{\"@id\":\"https:\/\/vert-e-s-vd.ch\/lavaux-oron\/societe\/vivre-ensemble#primaryimage\"},\"image\":{\"@id\":\"https:\/\/vert-e-s-vd.ch\/lavaux-oron\/societe\/vivre-ensemble#primaryimage\"},\"thumbnailUrl\":\"https:\/\/vert-e-s-vd.ch\/lavaux-oron\/wp-content\/uploads\/sites\/10\/2022\/09\/theme-vivre-ensemble-e1662220990357-2560x0-c-default.jpg\",\"datePublished\":\"2022-09-03T16:01:44+00:00\",\"dateModified\":\"2022-09-03T16:11:02+00:00\",\"description\":\"La population vaudoise est tr\u00e8s vari\u00e9e et se compose de personnes d\u2019\u00e2ges, d\u2019origines, de nationalit\u00e9s et de milieux diff\u00e9rents, il est indispensable de renforcer encore ces liens qui forment le tissu de notre soci\u00e9t\u00e9.\",\"breadcrumb\":{\"@id\":\"https:\/\/vert-e-s-vd.ch\/lavaux-oron\/societe\/vivre-ensemble#breadcrumb\"},\"inLanguage\":\"fr-FR\",\"potentialAction\":[{\"@type\":\"ReadAction\",\"target\":[\"https:\/\/vert-e-s-vd.ch\/lavaux-oron\/societe\/vivre-ensemble\"]}]},{\"@type\":\"ImageObject\",\"inLanguage\":\"fr-FR\",\"@id\":\"https:\/\/vert-e-s-vd.ch\/lavaux-oron\/societe\/vivre-ensemble#primaryimage\",\"url\":\"https:\/\/vert-e-s-vd.ch\/lavaux-oron\/wp-content\/uploads\/sites\/10\/2022\/09\/theme-vivre-ensemble-e1662220990357-2560x0-c-default.jpg\",\"contentUrl\":\"https:\/\/vert-e-s-vd.ch\/lavaux-oron\/wp-content\/uploads\/sites\/10\/2022\/09\/theme-vivre-ensemble-e1662220990357-2560x0-c-default.jpg\",\"width\":2560,\"height\":1516},{\"@type\":\"BreadcrumbList\",\"@id\":\"https:\/\/vert-e-s-vd.ch\/lavaux-oron\/societe\/vivre-ensemble#breadcrumb\",\"itemListElement\":[{\"@type\":\"ListItem\",\"position\":1,\"name\":\"Accueil\",\"item\":\"https:\/\/vert-e-s-vd.ch\/lavaux-oron\/\"},{\"@type\":\"ListItem\",\"position\":2,\"name\":\"Soci\u00e9t\u00e9\",\"item\":\"https:\/\/vert-e-s-vd.ch\/lavaux-oron\/societe\"},{\"@type\":\"ListItem\",\"position\":3,\"name\":\"Vivre ensemble\"}]},{\"@type\":\"WebSite\",\"@id\":\"https:\/\/vert-e-s-vd.ch\/lavaux-oron\/#website\",\"url\":\"https:\/\/vert-e-s-vd.ch\/lavaux-oron\/\",\"name\":\"Les VERT.E.S de Lavaux-Oron\",\"description\":\"Une longueur d&#039;avance\",\"potentialAction\":[{\"@type\":\"SearchAction\",\"target\":{\"@type\":\"EntryPoint\",\"urlTemplate\":\"https:\/\/vert-e-s-vd.ch\/lavaux-oron\/?s={search_term_string}\"},\"query-input\":{\"@type\":\"PropertyValueSpecification\",\"valueRequired\":true,\"valueName\":\"search_term_string\"}}],\"inLanguage\":\"fr-FR\"}]}<\/script>\n<!-- \/ Yoast SEO plugin. -->","yoast_head_json":{"title":"Vivre ensemble - Les VERT.E.S de Lavaux-Oron","description":"La population vaudoise est tr\u00e8s vari\u00e9e et se compose de personnes d\u2019\u00e2ges, d\u2019origines, de nationalit\u00e9s et de milieux diff\u00e9rents, il est indispensable de renforcer encore ces liens qui forment le tissu de notre soci\u00e9t\u00e9.","robots":{"index":"index","follow":"follow","max-snippet":"max-snippet:-1","max-image-preview":"max-image-preview:large","max-video-preview":"max-video-preview:-1"},"canonical":"https:\/\/vert-e-s-vd.ch\/lavaux-oron\/societe\/vivre-ensemble","og_locale":"fr_FR","og_type":"article","og_title":"Vivre ensemble - Les VERT.E.S de Lavaux-Oron","og_description":"La population vaudoise est tr\u00e8s vari\u00e9e et se compose de personnes d\u2019\u00e2ges, d\u2019origines, de nationalit\u00e9s et de milieux diff\u00e9rents, il \u2026","og_url":"https:\/\/vert-e-s-vd.ch\/lavaux-oron\/societe\/vivre-ensemble","og_site_name":"Les VERT.E.S de Lavaux-Oron","article_modified_time":"2022-09-03T16:11:02+00:00","og_image":[{"width":1200,"height":711,"url":"https:\/\/vert-e-s-vd.ch\/lavaux-oron\/wp-content\/uploads\/sites\/10\/2022\/09\/theme-vivre-ensemble-e1662220990357-1200x711.jpg","type":"image\/jpeg"}],"twitter_card":"summary_large_image","schema":{"@context":"https:\/\/schema.org","@graph":[{"@type":"WebPage","@id":"https:\/\/vert-e-s-vd.ch\/lavaux-oron\/societe\/vivre-ensemble","url":"https:\/\/vert-e-s-vd.ch\/lavaux-oron\/societe\/vivre-ensemble","name":"Vivre ensemble - Les VERT.E.S de Lavaux-Oron","isPartOf":{"@id":"https:\/\/vert-e-s-vd.ch\/lavaux-oron\/#website"},"primaryImageOfPage":{"@id":"https:\/\/vert-e-s-vd.ch\/lavaux-oron\/societe\/vivre-ensemble#primaryimage"},"image":{"@id":"https:\/\/vert-e-s-vd.ch\/lavaux-oron\/societe\/vivre-ensemble#primaryimage"},"thumbnailUrl":"https:\/\/vert-e-s-vd.ch\/lavaux-oron\/wp-content\/uploads\/sites\/10\/2022\/09\/theme-vivre-ensemble-e1662220990357-2560x0-c-default.jpg","datePublished":"2022-09-03T16:01:44+00:00","dateModified":"2022-09-03T16:11:02+00:00","description":"La population vaudoise est tr\u00e8s vari\u00e9e et se compose de personnes d\u2019\u00e2ges, d\u2019origines, de nationalit\u00e9s et de milieux diff\u00e9rents, il est indispensable de renforcer encore ces liens qui forment le tissu de notre soci\u00e9t\u00e9.","breadcrumb":{"@id":"https:\/\/vert-e-s-vd.ch\/lavaux-oron\/societe\/vivre-ensemble#breadcrumb"},"inLanguage":"fr-FR","potentialAction":[{"@type":"ReadAction","target":["https:\/\/vert-e-s-vd.ch\/lavaux-oron\/societe\/vivre-ensemble"]}]},{"@type":"ImageObject","inLanguage":"fr-FR","@id":"https:\/\/vert-e-s-vd.ch\/lavaux-oron\/societe\/vivre-ensemble#primaryimage","url":"https:\/\/vert-e-s-vd.ch\/lavaux-oron\/wp-content\/uploads\/sites\/10\/2022\/09\/theme-vivre-ensemble-e1662220990357-2560x0-c-default.jpg","contentUrl":"https:\/\/vert-e-s-vd.ch\/lavaux-oron\/wp-content\/uploads\/sites\/10\/2022\/09\/theme-vivre-ensemble-e1662220990357-2560x0-c-default.jpg","width":2560,"height":1516},{"@type":"BreadcrumbList","@id":"https:\/\/vert-e-s-vd.ch\/lavaux-oron\/societe\/vivre-ensemble#breadcrumb","itemListElement":[{"@type":"ListItem","position":1,"name":"Accueil","item":"https:\/\/vert-e-s-vd.ch\/lavaux-oron\/"},{"@type":"ListItem","position":2,"name":"Soci\u00e9t\u00e9","item":"https:\/\/vert-e-s-vd.ch\/lavaux-oron\/societe"},{"@type":"ListItem","position":3,"name":"Vivre ensemble"}]},{"@type":"WebSite","@id":"https:\/\/vert-e-s-vd.ch\/lavaux-oron\/#website","url":"https:\/\/vert-e-s-vd.ch\/lavaux-oron\/","name":"Les VERT.E.S de Lavaux-Oron","description":"Une longueur d&#039;avance","potentialAction":[{"@type":"SearchAction","target":{"@type":"EntryPoint","urlTemplate":"https:\/\/vert-e-s-vd.ch\/lavaux-oron\/?s={search_term_string}"},"query-input":{"@type":"PropertyValueSpecification","valueRequired":true,"valueName":"search_term_string"}}],"inLanguage":"fr-FR"}]}},"_links":{"self":[{"href":"https:\/\/vert-e-s-vd.ch\/lavaux-oron\/wp-json\/wp\/v2\/pages\/73400","targetHints":{"allow":["GET"]}}],"collection":[{"href":"https:\/\/vert-e-s-vd.ch\/lavaux-oron\/wp-json\/wp\/v2\/pages"}],"about":[{"href":"https:\/\/vert-e-s-vd.ch\/lavaux-oron\/wp-json\/wp\/v2\/types\/page"}],"author":[{"embeddable":true,"href":"https:\/\/vert-e-s-vd.ch\/lavaux-oron\/wp-json\/wp\/v2\/users\/56"}],"replies":[{"embeddable":true,"href":"https:\/\/vert-e-s-vd.ch\/lavaux-oron\/wp-json\/wp\/v2\/comments?post=73400"}],"version-history":[{"count":3,"href":"https:\/\/vert-e-s-vd.ch\/lavaux-oron\/wp-json\/wp\/v2\/pages\/73400\/revisions"}],"predecessor-version":[{"id":73406,"href":"https:\/\/vert-e-s-vd.ch\/lavaux-oron\/wp-json\/wp\/v2\/pages\/73400\/revisions\/73406"}],"up":[{"embeddable":true,"href":"https:\/\/vert-e-s-vd.ch\/lavaux-oron\/wp-json\/wp\/v2\/pages\/70912"}],"wp:featuredmedia":[{"embeddable":true,"href":"https:\/\/vert-e-s-vd.ch\/lavaux-oron\/wp-json\/wp\/v2\/media\/73401"}],"wp:attachment":[{"href":"https:\/\/vert-e-s-vd.ch\/lavaux-oron\/wp-json\/wp\/v2\/media?parent=73400"}],"curies":[{"name":"wp","href":"https:\/\/api.w.org\/{rel}","templated":true}]}}