{"id":73394,"date":"2022-09-03T17:55:46","date_gmt":"2022-09-03T15:55:46","guid":{"rendered":"https:\/\/vert-e-s-vd.ch\/lavaux-oron\/societe\/logement-copy"},"modified":"2022-09-03T17:59:38","modified_gmt":"2022-09-03T15:59:38","slug":"sport-associations","status":"publish","type":"page","link":"https:\/\/vert-e-s-vd.ch\/lavaux-oron\/societe\/sport-associations","title":{"rendered":"Sports et associations"},"content":{"rendered":"","protected":false},"excerpt":{"rendered":"","protected":false},"author":56,"featured_media":73396,"parent":70912,"menu_order":0,"comment_status":"closed","ping_status":"closed","template":"","meta":{"_acf_changed":false,"inline_featured_image":false,"footnotes":""},"class_list":["post-73394","page","type-page","status-publish","has-post-thumbnail","hentry"],"acf":[],"yoast_head":"<!-- This site is optimized with the Yoast SEO plugin v26.9 - https:\/\/yoast.com\/product\/yoast-seo-wordpress\/ -->\n<title>Sports et associations - Les VERT.E.S de Lavaux-Oron<\/title>\n<meta name=\"description\" content=\"Le canton de Vaud dispose d\u2019un tissu associatif dense, compos\u00e9 de milliers de petites et grandes associations r\u00e9cr\u00e9atives, sportives, culturelles, et de dizaines de milliers de b\u00e9n\u00e9voles qui donnent de leur temps et de leur \u00e9nergie pour une cause qui leur est ch\u00e8re.\" \/>\n<meta name=\"robots\" content=\"index, follow, max-snippet:-1, max-image-preview:large, max-video-preview:-1\" \/>\n<link rel=\"canonical\" href=\"https:\/\/vert-e-s-vd.ch\/lavaux-oron\/societe\/sport-associations\" \/>\n<meta property=\"og:locale\" content=\"fr_FR\" \/>\n<meta property=\"og:type\" content=\"article\" \/>\n<meta property=\"og:title\" content=\"Sports et associations - Les VERT.E.S de Lavaux-Oron\" \/>\n<meta property=\"og:description\" content=\"Le canton de Vaud dispose d\u2019un tissu associatif dense, compos\u00e9 de milliers de petites et grandes associations r\u00e9cr\u00e9atives, sportives, \u2026\" \/>\n<meta property=\"og:url\" content=\"https:\/\/vert-e-s-vd.ch\/lavaux-oron\/societe\/sport-associations\" \/>\n<meta property=\"og:site_name\" content=\"Les VERT.E.S de Lavaux-Oron\" \/>\n<meta property=\"article:modified_time\" content=\"2022-09-03T15:59:38+00:00\" \/>\n<meta property=\"og:image\" content=\"https:\/\/vert-e-s-vd.ch\/lavaux-oron\/wp-content\/uploads\/sites\/10\/2022\/09\/Theme-sport-1200x0-c-default.jpg\" \/>\n\t<meta property=\"og:image:width\" content=\"1200\" \/>\n\t<meta property=\"og:image:height\" content=\"362\" \/>\n\t<meta property=\"og:image:type\" content=\"image\/jpeg\" \/>\n<meta name=\"twitter:card\" content=\"summary_large_image\" \/>\n<script type=\"application\/ld+json\" class=\"yoast-schema-graph\">{\"@context\":\"https:\/\/schema.org\",\"@graph\":[{\"@type\":\"WebPage\",\"@id\":\"https:\/\/vert-e-s-vd.ch\/lavaux-oron\/societe\/sport-associations\",\"url\":\"https:\/\/vert-e-s-vd.ch\/lavaux-oron\/societe\/sport-associations\",\"name\":\"Sports et associations - Les VERT.E.S de Lavaux-Oron\",\"isPartOf\":{\"@id\":\"https:\/\/vert-e-s-vd.ch\/lavaux-oron\/#website\"},\"primaryImageOfPage\":{\"@id\":\"https:\/\/vert-e-s-vd.ch\/lavaux-oron\/societe\/sport-associations#primaryimage\"},\"image\":{\"@id\":\"https:\/\/vert-e-s-vd.ch\/lavaux-oron\/societe\/sport-associations#primaryimage\"},\"thumbnailUrl\":\"https:\/\/vert-e-s-vd.ch\/lavaux-oron\/wp-content\/uploads\/sites\/10\/2022\/09\/Theme-sport-2560x0-c-default.jpg\",\"datePublished\":\"2022-09-03T15:55:46+00:00\",\"dateModified\":\"2022-09-03T15:59:38+00:00\",\"description\":\"Le canton de Vaud dispose d\u2019un tissu associatif dense, compos\u00e9 de milliers de petites et grandes associations r\u00e9cr\u00e9atives, sportives, culturelles, et de dizaines de milliers de b\u00e9n\u00e9voles qui donnent de leur temps et de leur \u00e9nergie pour une cause qui leur est ch\u00e8re.\",\"breadcrumb\":{\"@id\":\"https:\/\/vert-e-s-vd.ch\/lavaux-oron\/societe\/sport-associations#breadcrumb\"},\"inLanguage\":\"fr-FR\",\"potentialAction\":[{\"@type\":\"ReadAction\",\"target\":[\"https:\/\/vert-e-s-vd.ch\/lavaux-oron\/societe\/sport-associations\"]}]},{\"@type\":\"ImageObject\",\"inLanguage\":\"fr-FR\",\"@id\":\"https:\/\/vert-e-s-vd.ch\/lavaux-oron\/societe\/sport-associations#primaryimage\",\"url\":\"https:\/\/vert-e-s-vd.ch\/lavaux-oron\/wp-content\/uploads\/sites\/10\/2022\/09\/Theme-sport-2560x0-c-default.jpg\",\"contentUrl\":\"https:\/\/vert-e-s-vd.ch\/lavaux-oron\/wp-content\/uploads\/sites\/10\/2022\/09\/Theme-sport-2560x0-c-default.jpg\",\"width\":1680,\"height\":507},{\"@type\":\"BreadcrumbList\",\"@id\":\"https:\/\/vert-e-s-vd.ch\/lavaux-oron\/societe\/sport-associations#breadcrumb\",\"itemListElement\":[{\"@type\":\"ListItem\",\"position\":1,\"name\":\"Accueil\",\"item\":\"https:\/\/vert-e-s-vd.ch\/lavaux-oron\/\"},{\"@type\":\"ListItem\",\"position\":2,\"name\":\"Soci\u00e9t\u00e9\",\"item\":\"https:\/\/vert-e-s-vd.ch\/lavaux-oron\/societe\"},{\"@type\":\"ListItem\",\"position\":3,\"name\":\"Sports et associations\"}]},{\"@type\":\"WebSite\",\"@id\":\"https:\/\/vert-e-s-vd.ch\/lavaux-oron\/#website\",\"url\":\"https:\/\/vert-e-s-vd.ch\/lavaux-oron\/\",\"name\":\"Les VERT.E.S de Lavaux-Oron\",\"description\":\"Une longueur d&#039;avance\",\"potentialAction\":[{\"@type\":\"SearchAction\",\"target\":{\"@type\":\"EntryPoint\",\"urlTemplate\":\"https:\/\/vert-e-s-vd.ch\/lavaux-oron\/?s={search_term_string}\"},\"query-input\":{\"@type\":\"PropertyValueSpecification\",\"valueRequired\":true,\"valueName\":\"search_term_string\"}}],\"inLanguage\":\"fr-FR\"}]}<\/script>\n<!-- \/ Yoast SEO plugin. -->","yoast_head_json":{"title":"Sports et associations - Les VERT.E.S de Lavaux-Oron","description":"Le canton de Vaud dispose d\u2019un tissu associatif dense, compos\u00e9 de milliers de petites et grandes associations r\u00e9cr\u00e9atives, sportives, culturelles, et de dizaines de milliers de b\u00e9n\u00e9voles qui donnent de leur temps et de leur \u00e9nergie pour une cause qui leur est ch\u00e8re.","robots":{"index":"index","follow":"follow","max-snippet":"max-snippet:-1","max-image-preview":"max-image-preview:large","max-video-preview":"max-video-preview:-1"},"canonical":"https:\/\/vert-e-s-vd.ch\/lavaux-oron\/societe\/sport-associations","og_locale":"fr_FR","og_type":"article","og_title":"Sports et associations - Les VERT.E.S de Lavaux-Oron","og_description":"Le canton de Vaud dispose d\u2019un tissu associatif dense, compos\u00e9 de milliers de petites et grandes associations r\u00e9cr\u00e9atives, sportives, \u2026","og_url":"https:\/\/vert-e-s-vd.ch\/lavaux-oron\/societe\/sport-associations","og_site_name":"Les VERT.E.S de Lavaux-Oron","article_modified_time":"2022-09-03T15:59:38+00:00","og_image":[{"width":1200,"height":362,"url":"https:\/\/vert-e-s-vd.ch\/lavaux-oron\/wp-content\/uploads\/sites\/10\/2022\/09\/Theme-sport-1200x0-c-default.jpg","type":"image\/jpeg"}],"twitter_card":"summary_large_image","schema":{"@context":"https:\/\/schema.org","@graph":[{"@type":"WebPage","@id":"https:\/\/vert-e-s-vd.ch\/lavaux-oron\/societe\/sport-associations","url":"https:\/\/vert-e-s-vd.ch\/lavaux-oron\/societe\/sport-associations","name":"Sports et associations - Les VERT.E.S de Lavaux-Oron","isPartOf":{"@id":"https:\/\/vert-e-s-vd.ch\/lavaux-oron\/#website"},"primaryImageOfPage":{"@id":"https:\/\/vert-e-s-vd.ch\/lavaux-oron\/societe\/sport-associations#primaryimage"},"image":{"@id":"https:\/\/vert-e-s-vd.ch\/lavaux-oron\/societe\/sport-associations#primaryimage"},"thumbnailUrl":"https:\/\/vert-e-s-vd.ch\/lavaux-oron\/wp-content\/uploads\/sites\/10\/2022\/09\/Theme-sport-2560x0-c-default.jpg","datePublished":"2022-09-03T15:55:46+00:00","dateModified":"2022-09-03T15:59:38+00:00","description":"Le canton de Vaud dispose d\u2019un tissu associatif dense, compos\u00e9 de milliers de petites et grandes associations r\u00e9cr\u00e9atives, sportives, culturelles, et de dizaines de milliers de b\u00e9n\u00e9voles qui donnent de leur temps et de leur \u00e9nergie pour une cause qui leur est ch\u00e8re.","breadcrumb":{"@id":"https:\/\/vert-e-s-vd.ch\/lavaux-oron\/societe\/sport-associations#breadcrumb"},"inLanguage":"fr-FR","potentialAction":[{"@type":"ReadAction","target":["https:\/\/vert-e-s-vd.ch\/lavaux-oron\/societe\/sport-associations"]}]},{"@type":"ImageObject","inLanguage":"fr-FR","@id":"https:\/\/vert-e-s-vd.ch\/lavaux-oron\/societe\/sport-associations#primaryimage","url":"https:\/\/vert-e-s-vd.ch\/lavaux-oron\/wp-content\/uploads\/sites\/10\/2022\/09\/Theme-sport-2560x0-c-default.jpg","contentUrl":"https:\/\/vert-e-s-vd.ch\/lavaux-oron\/wp-content\/uploads\/sites\/10\/2022\/09\/Theme-sport-2560x0-c-default.jpg","width":1680,"height":507},{"@type":"BreadcrumbList","@id":"https:\/\/vert-e-s-vd.ch\/lavaux-oron\/societe\/sport-associations#breadcrumb","itemListElement":[{"@type":"ListItem","position":1,"name":"Accueil","item":"https:\/\/vert-e-s-vd.ch\/lavaux-oron\/"},{"@type":"ListItem","position":2,"name":"Soci\u00e9t\u00e9","item":"https:\/\/vert-e-s-vd.ch\/lavaux-oron\/societe"},{"@type":"ListItem","position":3,"name":"Sports et associations"}]},{"@type":"WebSite","@id":"https:\/\/vert-e-s-vd.ch\/lavaux-oron\/#website","url":"https:\/\/vert-e-s-vd.ch\/lavaux-oron\/","name":"Les VERT.E.S de Lavaux-Oron","description":"Une longueur d&#039;avance","potentialAction":[{"@type":"SearchAction","target":{"@type":"EntryPoint","urlTemplate":"https:\/\/vert-e-s-vd.ch\/lavaux-oron\/?s={search_term_string}"},"query-input":{"@type":"PropertyValueSpecification","valueRequired":true,"valueName":"search_term_string"}}],"inLanguage":"fr-FR"}]}},"_links":{"self":[{"href":"https:\/\/vert-e-s-vd.ch\/lavaux-oron\/wp-json\/wp\/v2\/pages\/73394","targetHints":{"allow":["GET"]}}],"collection":[{"href":"https:\/\/vert-e-s-vd.ch\/lavaux-oron\/wp-json\/wp\/v2\/pages"}],"about":[{"href":"https:\/\/vert-e-s-vd.ch\/lavaux-oron\/wp-json\/wp\/v2\/types\/page"}],"author":[{"embeddable":true,"href":"https:\/\/vert-e-s-vd.ch\/lavaux-oron\/wp-json\/wp\/v2\/users\/56"}],"replies":[{"embeddable":true,"href":"https:\/\/vert-e-s-vd.ch\/lavaux-oron\/wp-json\/wp\/v2\/comments?post=73394"}],"version-history":[{"count":3,"href":"https:\/\/vert-e-s-vd.ch\/lavaux-oron\/wp-json\/wp\/v2\/pages\/73394\/revisions"}],"predecessor-version":[{"id":73398,"href":"https:\/\/vert-e-s-vd.ch\/lavaux-oron\/wp-json\/wp\/v2\/pages\/73394\/revisions\/73398"}],"up":[{"embeddable":true,"href":"https:\/\/vert-e-s-vd.ch\/lavaux-oron\/wp-json\/wp\/v2\/pages\/70912"}],"wp:featuredmedia":[{"embeddable":true,"href":"https:\/\/vert-e-s-vd.ch\/lavaux-oron\/wp-json\/wp\/v2\/media\/73396"}],"wp:attachment":[{"href":"https:\/\/vert-e-s-vd.ch\/lavaux-oron\/wp-json\/wp\/v2\/media?parent=73394"}],"curies":[{"name":"wp","href":"https:\/\/api.w.org\/{rel}","templated":true}]}}