{"id":73381,"date":"2022-09-03T17:26:53","date_gmt":"2022-09-03T15:26:53","guid":{"rendered":"https:\/\/vert-e-s-vd.ch\/lavaux-oron\/societe\/logement-copy"},"modified":"2022-09-03T17:42:49","modified_gmt":"2022-09-03T15:42:49","slug":"sante","status":"publish","type":"page","link":"https:\/\/vert-e-s-vd.ch\/lavaux-oron\/societe\/sante","title":{"rendered":"Sant\u00e9"},"content":{"rendered":"","protected":false},"excerpt":{"rendered":"","protected":false},"author":56,"featured_media":73383,"parent":70912,"menu_order":0,"comment_status":"closed","ping_status":"closed","template":"","meta":{"_acf_changed":false,"inline_featured_image":false,"footnotes":""},"class_list":["post-73381","page","type-page","status-publish","has-post-thumbnail","hentry"],"acf":[],"yoast_head":"<!-- This site is optimized with the Yoast SEO plugin v26.9 - https:\/\/yoast.com\/product\/yoast-seo-wordpress\/ -->\n<title>Sant\u00e9 - Les VERT.E.S de Lavaux-Oron<\/title>\n<meta name=\"description\" content=\"Une politique de sant\u00e9 moderne et efficace doit permettre \u00e0 toute personne de vivre dans un environnement sain, sans \u00eatre expos\u00e9e \u00e0 des facteurs de risques tels que le stress, le bruit, les polluants, etc.\" \/>\n<meta name=\"robots\" content=\"index, follow, max-snippet:-1, max-image-preview:large, max-video-preview:-1\" \/>\n<link rel=\"canonical\" href=\"https:\/\/vert-e-s-vd.ch\/lavaux-oron\/societe\/sante\" \/>\n<meta property=\"og:locale\" content=\"fr_FR\" \/>\n<meta property=\"og:type\" content=\"article\" \/>\n<meta property=\"og:title\" content=\"Sant\u00e9 - Les VERT.E.S de Lavaux-Oron\" \/>\n<meta property=\"og:description\" content=\"Une politique de sant\u00e9 moderne et efficace doit permettre \u00e0 toute personne de vivre dans un environnement sain, sans \u00eatre expos\u00e9e \u00e0 \u2026\" \/>\n<meta property=\"og:url\" content=\"https:\/\/vert-e-s-vd.ch\/lavaux-oron\/societe\/sante\" \/>\n<meta property=\"og:site_name\" content=\"Les VERT.E.S de Lavaux-Oron\" \/>\n<meta property=\"article:modified_time\" content=\"2022-09-03T15:42:49+00:00\" \/>\n<meta property=\"og:image\" content=\"https:\/\/vert-e-s-vd.ch\/lavaux-oron\/wp-content\/uploads\/sites\/10\/2022\/09\/person-g69376e66a_1920-1200x0-c-default.jpg\" \/>\n\t<meta property=\"og:image:width\" content=\"1200\" \/>\n\t<meta property=\"og:image:height\" content=\"801\" \/>\n\t<meta property=\"og:image:type\" content=\"image\/jpeg\" \/>\n<meta name=\"twitter:card\" content=\"summary_large_image\" \/>\n<script type=\"application\/ld+json\" class=\"yoast-schema-graph\">{\"@context\":\"https:\/\/schema.org\",\"@graph\":[{\"@type\":\"WebPage\",\"@id\":\"https:\/\/vert-e-s-vd.ch\/lavaux-oron\/societe\/sante\",\"url\":\"https:\/\/vert-e-s-vd.ch\/lavaux-oron\/societe\/sante\",\"name\":\"Sant\u00e9 - Les VERT.E.S de Lavaux-Oron\",\"isPartOf\":{\"@id\":\"https:\/\/vert-e-s-vd.ch\/lavaux-oron\/#website\"},\"primaryImageOfPage\":{\"@id\":\"https:\/\/vert-e-s-vd.ch\/lavaux-oron\/societe\/sante#primaryimage\"},\"image\":{\"@id\":\"https:\/\/vert-e-s-vd.ch\/lavaux-oron\/societe\/sante#primaryimage\"},\"thumbnailUrl\":\"https:\/\/vert-e-s-vd.ch\/lavaux-oron\/wp-content\/uploads\/sites\/10\/2022\/09\/person-g69376e66a_1920-2560x0-c-default.jpg\",\"datePublished\":\"2022-09-03T15:26:53+00:00\",\"dateModified\":\"2022-09-03T15:42:49+00:00\",\"description\":\"Une politique de sant\u00e9 moderne et efficace doit permettre \u00e0 toute personne de vivre dans un environnement sain, sans \u00eatre expos\u00e9e \u00e0 des facteurs de risques tels que le stress, le bruit, les polluants, etc.\",\"breadcrumb\":{\"@id\":\"https:\/\/vert-e-s-vd.ch\/lavaux-oron\/societe\/sante#breadcrumb\"},\"inLanguage\":\"fr-FR\",\"potentialAction\":[{\"@type\":\"ReadAction\",\"target\":[\"https:\/\/vert-e-s-vd.ch\/lavaux-oron\/societe\/sante\"]}]},{\"@type\":\"ImageObject\",\"inLanguage\":\"fr-FR\",\"@id\":\"https:\/\/vert-e-s-vd.ch\/lavaux-oron\/societe\/sante#primaryimage\",\"url\":\"https:\/\/vert-e-s-vd.ch\/lavaux-oron\/wp-content\/uploads\/sites\/10\/2022\/09\/person-g69376e66a_1920-2560x0-c-default.jpg\",\"contentUrl\":\"https:\/\/vert-e-s-vd.ch\/lavaux-oron\/wp-content\/uploads\/sites\/10\/2022\/09\/person-g69376e66a_1920-2560x0-c-default.jpg\",\"width\":1920,\"height\":1281},{\"@type\":\"BreadcrumbList\",\"@id\":\"https:\/\/vert-e-s-vd.ch\/lavaux-oron\/societe\/sante#breadcrumb\",\"itemListElement\":[{\"@type\":\"ListItem\",\"position\":1,\"name\":\"Accueil\",\"item\":\"https:\/\/vert-e-s-vd.ch\/lavaux-oron\/\"},{\"@type\":\"ListItem\",\"position\":2,\"name\":\"Soci\u00e9t\u00e9\",\"item\":\"https:\/\/vert-e-s-vd.ch\/lavaux-oron\/societe\"},{\"@type\":\"ListItem\",\"position\":3,\"name\":\"Sant\u00e9\"}]},{\"@type\":\"WebSite\",\"@id\":\"https:\/\/vert-e-s-vd.ch\/lavaux-oron\/#website\",\"url\":\"https:\/\/vert-e-s-vd.ch\/lavaux-oron\/\",\"name\":\"Les VERT.E.S de Lavaux-Oron\",\"description\":\"Une longueur d&#039;avance\",\"potentialAction\":[{\"@type\":\"SearchAction\",\"target\":{\"@type\":\"EntryPoint\",\"urlTemplate\":\"https:\/\/vert-e-s-vd.ch\/lavaux-oron\/?s={search_term_string}\"},\"query-input\":{\"@type\":\"PropertyValueSpecification\",\"valueRequired\":true,\"valueName\":\"search_term_string\"}}],\"inLanguage\":\"fr-FR\"}]}<\/script>\n<!-- \/ Yoast SEO plugin. -->","yoast_head_json":{"title":"Sant\u00e9 - Les VERT.E.S de Lavaux-Oron","description":"Une politique de sant\u00e9 moderne et efficace doit permettre \u00e0 toute personne de vivre dans un environnement sain, sans \u00eatre expos\u00e9e \u00e0 des facteurs de risques tels que le stress, le bruit, les polluants, etc.","robots":{"index":"index","follow":"follow","max-snippet":"max-snippet:-1","max-image-preview":"max-image-preview:large","max-video-preview":"max-video-preview:-1"},"canonical":"https:\/\/vert-e-s-vd.ch\/lavaux-oron\/societe\/sante","og_locale":"fr_FR","og_type":"article","og_title":"Sant\u00e9 - Les VERT.E.S de Lavaux-Oron","og_description":"Une politique de sant\u00e9 moderne et efficace doit permettre \u00e0 toute personne de vivre dans un environnement sain, sans \u00eatre expos\u00e9e \u00e0 \u2026","og_url":"https:\/\/vert-e-s-vd.ch\/lavaux-oron\/societe\/sante","og_site_name":"Les VERT.E.S de Lavaux-Oron","article_modified_time":"2022-09-03T15:42:49+00:00","og_image":[{"width":1200,"height":801,"url":"https:\/\/vert-e-s-vd.ch\/lavaux-oron\/wp-content\/uploads\/sites\/10\/2022\/09\/person-g69376e66a_1920-1200x0-c-default.jpg","type":"image\/jpeg"}],"twitter_card":"summary_large_image","schema":{"@context":"https:\/\/schema.org","@graph":[{"@type":"WebPage","@id":"https:\/\/vert-e-s-vd.ch\/lavaux-oron\/societe\/sante","url":"https:\/\/vert-e-s-vd.ch\/lavaux-oron\/societe\/sante","name":"Sant\u00e9 - Les VERT.E.S de Lavaux-Oron","isPartOf":{"@id":"https:\/\/vert-e-s-vd.ch\/lavaux-oron\/#website"},"primaryImageOfPage":{"@id":"https:\/\/vert-e-s-vd.ch\/lavaux-oron\/societe\/sante#primaryimage"},"image":{"@id":"https:\/\/vert-e-s-vd.ch\/lavaux-oron\/societe\/sante#primaryimage"},"thumbnailUrl":"https:\/\/vert-e-s-vd.ch\/lavaux-oron\/wp-content\/uploads\/sites\/10\/2022\/09\/person-g69376e66a_1920-2560x0-c-default.jpg","datePublished":"2022-09-03T15:26:53+00:00","dateModified":"2022-09-03T15:42:49+00:00","description":"Une politique de sant\u00e9 moderne et efficace doit permettre \u00e0 toute personne de vivre dans un environnement sain, sans \u00eatre expos\u00e9e \u00e0 des facteurs de risques tels que le stress, le bruit, les polluants, etc.","breadcrumb":{"@id":"https:\/\/vert-e-s-vd.ch\/lavaux-oron\/societe\/sante#breadcrumb"},"inLanguage":"fr-FR","potentialAction":[{"@type":"ReadAction","target":["https:\/\/vert-e-s-vd.ch\/lavaux-oron\/societe\/sante"]}]},{"@type":"ImageObject","inLanguage":"fr-FR","@id":"https:\/\/vert-e-s-vd.ch\/lavaux-oron\/societe\/sante#primaryimage","url":"https:\/\/vert-e-s-vd.ch\/lavaux-oron\/wp-content\/uploads\/sites\/10\/2022\/09\/person-g69376e66a_1920-2560x0-c-default.jpg","contentUrl":"https:\/\/vert-e-s-vd.ch\/lavaux-oron\/wp-content\/uploads\/sites\/10\/2022\/09\/person-g69376e66a_1920-2560x0-c-default.jpg","width":1920,"height":1281},{"@type":"BreadcrumbList","@id":"https:\/\/vert-e-s-vd.ch\/lavaux-oron\/societe\/sante#breadcrumb","itemListElement":[{"@type":"ListItem","position":1,"name":"Accueil","item":"https:\/\/vert-e-s-vd.ch\/lavaux-oron\/"},{"@type":"ListItem","position":2,"name":"Soci\u00e9t\u00e9","item":"https:\/\/vert-e-s-vd.ch\/lavaux-oron\/societe"},{"@type":"ListItem","position":3,"name":"Sant\u00e9"}]},{"@type":"WebSite","@id":"https:\/\/vert-e-s-vd.ch\/lavaux-oron\/#website","url":"https:\/\/vert-e-s-vd.ch\/lavaux-oron\/","name":"Les VERT.E.S de Lavaux-Oron","description":"Une longueur d&#039;avance","potentialAction":[{"@type":"SearchAction","target":{"@type":"EntryPoint","urlTemplate":"https:\/\/vert-e-s-vd.ch\/lavaux-oron\/?s={search_term_string}"},"query-input":{"@type":"PropertyValueSpecification","valueRequired":true,"valueName":"search_term_string"}}],"inLanguage":"fr-FR"}]}},"_links":{"self":[{"href":"https:\/\/vert-e-s-vd.ch\/lavaux-oron\/wp-json\/wp\/v2\/pages\/73381","targetHints":{"allow":["GET"]}}],"collection":[{"href":"https:\/\/vert-e-s-vd.ch\/lavaux-oron\/wp-json\/wp\/v2\/pages"}],"about":[{"href":"https:\/\/vert-e-s-vd.ch\/lavaux-oron\/wp-json\/wp\/v2\/types\/page"}],"author":[{"embeddable":true,"href":"https:\/\/vert-e-s-vd.ch\/lavaux-oron\/wp-json\/wp\/v2\/users\/56"}],"replies":[{"embeddable":true,"href":"https:\/\/vert-e-s-vd.ch\/lavaux-oron\/wp-json\/wp\/v2\/comments?post=73381"}],"version-history":[{"count":3,"href":"https:\/\/vert-e-s-vd.ch\/lavaux-oron\/wp-json\/wp\/v2\/pages\/73381\/revisions"}],"predecessor-version":[{"id":73385,"href":"https:\/\/vert-e-s-vd.ch\/lavaux-oron\/wp-json\/wp\/v2\/pages\/73381\/revisions\/73385"}],"up":[{"embeddable":true,"href":"https:\/\/vert-e-s-vd.ch\/lavaux-oron\/wp-json\/wp\/v2\/pages\/70912"}],"wp:featuredmedia":[{"embeddable":true,"href":"https:\/\/vert-e-s-vd.ch\/lavaux-oron\/wp-json\/wp\/v2\/media\/73383"}],"wp:attachment":[{"href":"https:\/\/vert-e-s-vd.ch\/lavaux-oron\/wp-json\/wp\/v2\/media?parent=73381"}],"curies":[{"name":"wp","href":"https:\/\/api.w.org\/{rel}","templated":true}]}}