{"id":73375,"date":"2022-09-03T17:14:20","date_gmt":"2022-09-03T15:14:20","guid":{"rendered":"https:\/\/vert-e-s-vd.ch\/lavaux-oron\/societe\/logement-copy"},"modified":"2022-09-03T17:24:43","modified_gmt":"2022-09-03T15:24:43","slug":"politiques-sociales","status":"publish","type":"page","link":"https:\/\/vert-e-s-vd.ch\/lavaux-oron\/societe\/politiques-sociales","title":{"rendered":"Politiques sociales"},"content":{"rendered":"","protected":false},"excerpt":{"rendered":"","protected":false},"author":56,"featured_media":73378,"parent":70912,"menu_order":0,"comment_status":"closed","ping_status":"closed","template":"","meta":{"_acf_changed":false,"inline_featured_image":false,"footnotes":""},"class_list":["post-73375","page","type-page","status-publish","has-post-thumbnail","hentry"],"acf":[],"yoast_head":"<!-- This site is optimized with the Yoast SEO plugin v26.9 - https:\/\/yoast.com\/product\/yoast-seo-wordpress\/ -->\n<title>Politiques sociales - Les VERT.E.S de Lavaux-Oron<\/title>\n<meta name=\"description\" content=\"L\u2019\u00c9tat a un r\u00f4le fondamental \u00e0 jouer en mati\u00e8re de coh\u00e9sion sociale, en redistribuant les richesses afin de garantir \u00e0 toutes et tous un niveau de vie digne et convenable et une conciliation entre travail et vie de famille.\" \/>\n<meta name=\"robots\" content=\"index, follow, max-snippet:-1, max-image-preview:large, max-video-preview:-1\" \/>\n<link rel=\"canonical\" href=\"https:\/\/vert-e-s-vd.ch\/lavaux-oron\/societe\/politiques-sociales\" \/>\n<meta property=\"og:locale\" content=\"fr_FR\" \/>\n<meta property=\"og:type\" content=\"article\" \/>\n<meta property=\"og:title\" content=\"Politiques sociales - Les VERT.E.S de Lavaux-Oron\" \/>\n<meta property=\"og:description\" content=\"L\u2019\u00c9tat a un r\u00f4le fondamental \u00e0 jouer en mati\u00e8re de coh\u00e9sion sociale, en redistribuant les richesses afin de garantir \u00e0 toutes et \u2026\" \/>\n<meta property=\"og:url\" content=\"https:\/\/vert-e-s-vd.ch\/lavaux-oron\/societe\/politiques-sociales\" \/>\n<meta property=\"og:site_name\" content=\"Les VERT.E.S de Lavaux-Oron\" \/>\n<meta property=\"article:modified_time\" content=\"2022-09-03T15:24:43+00:00\" \/>\n<meta property=\"og:image\" content=\"https:\/\/vert-e-s-vd.ch\/lavaux-oron\/wp-content\/uploads\/sites\/10\/2022\/09\/family-gc0bac25c3_1920-1200x0-c-default.jpg\" \/>\n\t<meta property=\"og:image:width\" content=\"1200\" \/>\n\t<meta property=\"og:image:height\" content=\"801\" \/>\n\t<meta property=\"og:image:type\" content=\"image\/jpeg\" \/>\n<meta name=\"twitter:card\" content=\"summary_large_image\" \/>\n<script type=\"application\/ld+json\" class=\"yoast-schema-graph\">{\"@context\":\"https:\/\/schema.org\",\"@graph\":[{\"@type\":\"WebPage\",\"@id\":\"https:\/\/vert-e-s-vd.ch\/lavaux-oron\/societe\/politiques-sociales\",\"url\":\"https:\/\/vert-e-s-vd.ch\/lavaux-oron\/societe\/politiques-sociales\",\"name\":\"Politiques sociales - Les VERT.E.S de Lavaux-Oron\",\"isPartOf\":{\"@id\":\"https:\/\/vert-e-s-vd.ch\/lavaux-oron\/#website\"},\"primaryImageOfPage\":{\"@id\":\"https:\/\/vert-e-s-vd.ch\/lavaux-oron\/societe\/politiques-sociales#primaryimage\"},\"image\":{\"@id\":\"https:\/\/vert-e-s-vd.ch\/lavaux-oron\/societe\/politiques-sociales#primaryimage\"},\"thumbnailUrl\":\"https:\/\/vert-e-s-vd.ch\/lavaux-oron\/wp-content\/uploads\/sites\/10\/2022\/09\/family-gc0bac25c3_1920-2560x0-c-default.jpg\",\"datePublished\":\"2022-09-03T15:14:20+00:00\",\"dateModified\":\"2022-09-03T15:24:43+00:00\",\"description\":\"L\u2019\u00c9tat a un r\u00f4le fondamental \u00e0 jouer en mati\u00e8re de coh\u00e9sion sociale, en redistribuant les richesses afin de garantir \u00e0 toutes et tous un niveau de vie digne et convenable et une conciliation entre travail et vie de famille.\",\"breadcrumb\":{\"@id\":\"https:\/\/vert-e-s-vd.ch\/lavaux-oron\/societe\/politiques-sociales#breadcrumb\"},\"inLanguage\":\"fr-FR\",\"potentialAction\":[{\"@type\":\"ReadAction\",\"target\":[\"https:\/\/vert-e-s-vd.ch\/lavaux-oron\/societe\/politiques-sociales\"]}]},{\"@type\":\"ImageObject\",\"inLanguage\":\"fr-FR\",\"@id\":\"https:\/\/vert-e-s-vd.ch\/lavaux-oron\/societe\/politiques-sociales#primaryimage\",\"url\":\"https:\/\/vert-e-s-vd.ch\/lavaux-oron\/wp-content\/uploads\/sites\/10\/2022\/09\/family-gc0bac25c3_1920-2560x0-c-default.jpg\",\"contentUrl\":\"https:\/\/vert-e-s-vd.ch\/lavaux-oron\/wp-content\/uploads\/sites\/10\/2022\/09\/family-gc0bac25c3_1920-2560x0-c-default.jpg\",\"width\":1920,\"height\":1281},{\"@type\":\"BreadcrumbList\",\"@id\":\"https:\/\/vert-e-s-vd.ch\/lavaux-oron\/societe\/politiques-sociales#breadcrumb\",\"itemListElement\":[{\"@type\":\"ListItem\",\"position\":1,\"name\":\"Accueil\",\"item\":\"https:\/\/vert-e-s-vd.ch\/lavaux-oron\/\"},{\"@type\":\"ListItem\",\"position\":2,\"name\":\"Soci\u00e9t\u00e9\",\"item\":\"https:\/\/vert-e-s-vd.ch\/lavaux-oron\/societe\"},{\"@type\":\"ListItem\",\"position\":3,\"name\":\"Politiques sociales\"}]},{\"@type\":\"WebSite\",\"@id\":\"https:\/\/vert-e-s-vd.ch\/lavaux-oron\/#website\",\"url\":\"https:\/\/vert-e-s-vd.ch\/lavaux-oron\/\",\"name\":\"Les VERT.E.S de Lavaux-Oron\",\"description\":\"Une longueur d&#039;avance\",\"potentialAction\":[{\"@type\":\"SearchAction\",\"target\":{\"@type\":\"EntryPoint\",\"urlTemplate\":\"https:\/\/vert-e-s-vd.ch\/lavaux-oron\/?s={search_term_string}\"},\"query-input\":{\"@type\":\"PropertyValueSpecification\",\"valueRequired\":true,\"valueName\":\"search_term_string\"}}],\"inLanguage\":\"fr-FR\"}]}<\/script>\n<!-- \/ Yoast SEO plugin. -->","yoast_head_json":{"title":"Politiques sociales - Les VERT.E.S de Lavaux-Oron","description":"L\u2019\u00c9tat a un r\u00f4le fondamental \u00e0 jouer en mati\u00e8re de coh\u00e9sion sociale, en redistribuant les richesses afin de garantir \u00e0 toutes et tous un niveau de vie digne et convenable et une conciliation entre travail et vie de famille.","robots":{"index":"index","follow":"follow","max-snippet":"max-snippet:-1","max-image-preview":"max-image-preview:large","max-video-preview":"max-video-preview:-1"},"canonical":"https:\/\/vert-e-s-vd.ch\/lavaux-oron\/societe\/politiques-sociales","og_locale":"fr_FR","og_type":"article","og_title":"Politiques sociales - Les VERT.E.S de Lavaux-Oron","og_description":"L\u2019\u00c9tat a un r\u00f4le fondamental \u00e0 jouer en mati\u00e8re de coh\u00e9sion sociale, en redistribuant les richesses afin de garantir \u00e0 toutes et \u2026","og_url":"https:\/\/vert-e-s-vd.ch\/lavaux-oron\/societe\/politiques-sociales","og_site_name":"Les VERT.E.S de Lavaux-Oron","article_modified_time":"2022-09-03T15:24:43+00:00","og_image":[{"width":1200,"height":801,"url":"https:\/\/vert-e-s-vd.ch\/lavaux-oron\/wp-content\/uploads\/sites\/10\/2022\/09\/family-gc0bac25c3_1920-1200x0-c-default.jpg","type":"image\/jpeg"}],"twitter_card":"summary_large_image","schema":{"@context":"https:\/\/schema.org","@graph":[{"@type":"WebPage","@id":"https:\/\/vert-e-s-vd.ch\/lavaux-oron\/societe\/politiques-sociales","url":"https:\/\/vert-e-s-vd.ch\/lavaux-oron\/societe\/politiques-sociales","name":"Politiques sociales - Les VERT.E.S de Lavaux-Oron","isPartOf":{"@id":"https:\/\/vert-e-s-vd.ch\/lavaux-oron\/#website"},"primaryImageOfPage":{"@id":"https:\/\/vert-e-s-vd.ch\/lavaux-oron\/societe\/politiques-sociales#primaryimage"},"image":{"@id":"https:\/\/vert-e-s-vd.ch\/lavaux-oron\/societe\/politiques-sociales#primaryimage"},"thumbnailUrl":"https:\/\/vert-e-s-vd.ch\/lavaux-oron\/wp-content\/uploads\/sites\/10\/2022\/09\/family-gc0bac25c3_1920-2560x0-c-default.jpg","datePublished":"2022-09-03T15:14:20+00:00","dateModified":"2022-09-03T15:24:43+00:00","description":"L\u2019\u00c9tat a un r\u00f4le fondamental \u00e0 jouer en mati\u00e8re de coh\u00e9sion sociale, en redistribuant les richesses afin de garantir \u00e0 toutes et tous un niveau de vie digne et convenable et une conciliation entre travail et vie de famille.","breadcrumb":{"@id":"https:\/\/vert-e-s-vd.ch\/lavaux-oron\/societe\/politiques-sociales#breadcrumb"},"inLanguage":"fr-FR","potentialAction":[{"@type":"ReadAction","target":["https:\/\/vert-e-s-vd.ch\/lavaux-oron\/societe\/politiques-sociales"]}]},{"@type":"ImageObject","inLanguage":"fr-FR","@id":"https:\/\/vert-e-s-vd.ch\/lavaux-oron\/societe\/politiques-sociales#primaryimage","url":"https:\/\/vert-e-s-vd.ch\/lavaux-oron\/wp-content\/uploads\/sites\/10\/2022\/09\/family-gc0bac25c3_1920-2560x0-c-default.jpg","contentUrl":"https:\/\/vert-e-s-vd.ch\/lavaux-oron\/wp-content\/uploads\/sites\/10\/2022\/09\/family-gc0bac25c3_1920-2560x0-c-default.jpg","width":1920,"height":1281},{"@type":"BreadcrumbList","@id":"https:\/\/vert-e-s-vd.ch\/lavaux-oron\/societe\/politiques-sociales#breadcrumb","itemListElement":[{"@type":"ListItem","position":1,"name":"Accueil","item":"https:\/\/vert-e-s-vd.ch\/lavaux-oron\/"},{"@type":"ListItem","position":2,"name":"Soci\u00e9t\u00e9","item":"https:\/\/vert-e-s-vd.ch\/lavaux-oron\/societe"},{"@type":"ListItem","position":3,"name":"Politiques sociales"}]},{"@type":"WebSite","@id":"https:\/\/vert-e-s-vd.ch\/lavaux-oron\/#website","url":"https:\/\/vert-e-s-vd.ch\/lavaux-oron\/","name":"Les VERT.E.S de Lavaux-Oron","description":"Une longueur d&#039;avance","potentialAction":[{"@type":"SearchAction","target":{"@type":"EntryPoint","urlTemplate":"https:\/\/vert-e-s-vd.ch\/lavaux-oron\/?s={search_term_string}"},"query-input":{"@type":"PropertyValueSpecification","valueRequired":true,"valueName":"search_term_string"}}],"inLanguage":"fr-FR"}]}},"_links":{"self":[{"href":"https:\/\/vert-e-s-vd.ch\/lavaux-oron\/wp-json\/wp\/v2\/pages\/73375","targetHints":{"allow":["GET"]}}],"collection":[{"href":"https:\/\/vert-e-s-vd.ch\/lavaux-oron\/wp-json\/wp\/v2\/pages"}],"about":[{"href":"https:\/\/vert-e-s-vd.ch\/lavaux-oron\/wp-json\/wp\/v2\/types\/page"}],"author":[{"embeddable":true,"href":"https:\/\/vert-e-s-vd.ch\/lavaux-oron\/wp-json\/wp\/v2\/users\/56"}],"replies":[{"embeddable":true,"href":"https:\/\/vert-e-s-vd.ch\/lavaux-oron\/wp-json\/wp\/v2\/comments?post=73375"}],"version-history":[{"count":3,"href":"https:\/\/vert-e-s-vd.ch\/lavaux-oron\/wp-json\/wp\/v2\/pages\/73375\/revisions"}],"predecessor-version":[{"id":73379,"href":"https:\/\/vert-e-s-vd.ch\/lavaux-oron\/wp-json\/wp\/v2\/pages\/73375\/revisions\/73379"}],"up":[{"embeddable":true,"href":"https:\/\/vert-e-s-vd.ch\/lavaux-oron\/wp-json\/wp\/v2\/pages\/70912"}],"wp:featuredmedia":[{"embeddable":true,"href":"https:\/\/vert-e-s-vd.ch\/lavaux-oron\/wp-json\/wp\/v2\/media\/73378"}],"wp:attachment":[{"href":"https:\/\/vert-e-s-vd.ch\/lavaux-oron\/wp-json\/wp\/v2\/media?parent=73375"}],"curies":[{"name":"wp","href":"https:\/\/api.w.org\/{rel}","templated":true}]}}