{"id":70893,"date":"2020-10-21T12:24:45","date_gmt":"2020-10-21T10:24:45","guid":{"rendered":"https:\/\/web.vert-e-s-vd.ch\/lavaux-oron\/?page_id=70893"},"modified":"2022-09-03T18:23:14","modified_gmt":"2022-09-03T16:23:14","slug":"environnement","status":"publish","type":"page","link":"https:\/\/vert-e-s-vd.ch\/lavaux-oron\/environnement","title":{"rendered":"Environnement"},"content":{"rendered":"","protected":false},"excerpt":{"rendered":"","protected":false},"author":3,"featured_media":0,"parent":0,"menu_order":0,"comment_status":"closed","ping_status":"closed","template":"single_overview.php","meta":{"_acf_changed":false,"inline_featured_image":false,"footnotes":""},"class_list":["post-70893","page","type-page","status-publish","hentry"],"acf":[],"yoast_head":"<!-- This site is optimized with the Yoast SEO plugin v26.9 - https:\/\/yoast.com\/product\/yoast-seo-wordpress\/ -->\n<title>Environnement - Les VERT.E.S de Lavaux-Oron<\/title>\n<meta name=\"description\" content=\"Depuis leur cr\u00e9ation, les Vert\u2219e\u2219s vaudois\u2219es militent en faveur de l\u2019environnement et du climat. Pour satisfaire nos besoins vitaux, nous d\u00e9pendons de notre environnement. Nous devons donc r\u00e9duire gaspillage de ressources et pollutions pour le pr\u00e9server. Pour notre qualit\u00e9 de vie pr\u00e9sente, et pour les g\u00e9n\u00e9rations futures.\" \/>\n<meta name=\"robots\" content=\"index, follow, max-snippet:-1, max-image-preview:large, max-video-preview:-1\" \/>\n<link rel=\"canonical\" href=\"https:\/\/vert-e-s-vd.ch\/lavaux-oron\/environnement\" \/>\n<meta property=\"og:locale\" content=\"fr_FR\" \/>\n<meta property=\"og:type\" content=\"article\" \/>\n<meta property=\"og:title\" content=\"Environnement - Les VERT.E.S de Lavaux-Oron\" \/>\n<meta property=\"og:description\" content=\"Depuis leur cr\u00e9ation, les Vert\u2219e\u2219s vaudois\u2219es militent en faveur de l\u2019environnement et du climat. Pour satisfaire nos besoins \u2026\" \/>\n<meta property=\"og:url\" content=\"https:\/\/vert-e-s-vd.ch\/lavaux-oron\/environnement\" \/>\n<meta property=\"og:site_name\" content=\"Les VERT.E.S de Lavaux-Oron\" \/>\n<meta property=\"article:modified_time\" content=\"2022-09-03T16:23:14+00:00\" \/>\n<meta name=\"twitter:card\" content=\"summary_large_image\" \/>\n<script type=\"application\/ld+json\" class=\"yoast-schema-graph\">{\"@context\":\"https:\/\/schema.org\",\"@graph\":[{\"@type\":\"WebPage\",\"@id\":\"https:\/\/vert-e-s-vd.ch\/lavaux-oron\/environnement\",\"url\":\"https:\/\/vert-e-s-vd.ch\/lavaux-oron\/environnement\",\"name\":\"Environnement - Les VERT.E.S de Lavaux-Oron\",\"isPartOf\":{\"@id\":\"https:\/\/vert-e-s-vd.ch\/lavaux-oron\/#website\"},\"datePublished\":\"2020-10-21T10:24:45+00:00\",\"dateModified\":\"2022-09-03T16:23:14+00:00\",\"description\":\"Depuis leur cr\u00e9ation, les Vert\u2219e\u2219s vaudois\u2219es militent en faveur de l\u2019environnement et du climat. Pour satisfaire nos besoins vitaux, nous d\u00e9pendons de notre environnement. Nous devons donc r\u00e9duire gaspillage de ressources et pollutions pour le pr\u00e9server. Pour notre qualit\u00e9 de vie pr\u00e9sente, et pour les g\u00e9n\u00e9rations futures.\",\"breadcrumb\":{\"@id\":\"https:\/\/vert-e-s-vd.ch\/lavaux-oron\/environnement#breadcrumb\"},\"inLanguage\":\"fr-FR\",\"potentialAction\":[{\"@type\":\"ReadAction\",\"target\":[\"https:\/\/vert-e-s-vd.ch\/lavaux-oron\/environnement\"]}]},{\"@type\":\"BreadcrumbList\",\"@id\":\"https:\/\/vert-e-s-vd.ch\/lavaux-oron\/environnement#breadcrumb\",\"itemListElement\":[{\"@type\":\"ListItem\",\"position\":1,\"name\":\"Accueil\",\"item\":\"https:\/\/vert-e-s-vd.ch\/lavaux-oron\/\"},{\"@type\":\"ListItem\",\"position\":2,\"name\":\"Environnement\"}]},{\"@type\":\"WebSite\",\"@id\":\"https:\/\/vert-e-s-vd.ch\/lavaux-oron\/#website\",\"url\":\"https:\/\/vert-e-s-vd.ch\/lavaux-oron\/\",\"name\":\"Les VERT.E.S de Lavaux-Oron\",\"description\":\"Une longueur d&#039;avance\",\"potentialAction\":[{\"@type\":\"SearchAction\",\"target\":{\"@type\":\"EntryPoint\",\"urlTemplate\":\"https:\/\/vert-e-s-vd.ch\/lavaux-oron\/?s={search_term_string}\"},\"query-input\":{\"@type\":\"PropertyValueSpecification\",\"valueRequired\":true,\"valueName\":\"search_term_string\"}}],\"inLanguage\":\"fr-FR\"}]}<\/script>\n<!-- \/ Yoast SEO plugin. -->","yoast_head_json":{"title":"Environnement - Les VERT.E.S de Lavaux-Oron","description":"Depuis leur cr\u00e9ation, les Vert\u2219e\u2219s vaudois\u2219es militent en faveur de l\u2019environnement et du climat. Pour satisfaire nos besoins vitaux, nous d\u00e9pendons de notre environnement. Nous devons donc r\u00e9duire gaspillage de ressources et pollutions pour le pr\u00e9server. Pour notre qualit\u00e9 de vie pr\u00e9sente, et pour les g\u00e9n\u00e9rations futures.","robots":{"index":"index","follow":"follow","max-snippet":"max-snippet:-1","max-image-preview":"max-image-preview:large","max-video-preview":"max-video-preview:-1"},"canonical":"https:\/\/vert-e-s-vd.ch\/lavaux-oron\/environnement","og_locale":"fr_FR","og_type":"article","og_title":"Environnement - Les VERT.E.S de Lavaux-Oron","og_description":"Depuis leur cr\u00e9ation, les Vert\u2219e\u2219s vaudois\u2219es militent en faveur de l\u2019environnement et du climat. Pour satisfaire nos besoins \u2026","og_url":"https:\/\/vert-e-s-vd.ch\/lavaux-oron\/environnement","og_site_name":"Les VERT.E.S de Lavaux-Oron","article_modified_time":"2022-09-03T16:23:14+00:00","twitter_card":"summary_large_image","schema":{"@context":"https:\/\/schema.org","@graph":[{"@type":"WebPage","@id":"https:\/\/vert-e-s-vd.ch\/lavaux-oron\/environnement","url":"https:\/\/vert-e-s-vd.ch\/lavaux-oron\/environnement","name":"Environnement - Les VERT.E.S de Lavaux-Oron","isPartOf":{"@id":"https:\/\/vert-e-s-vd.ch\/lavaux-oron\/#website"},"datePublished":"2020-10-21T10:24:45+00:00","dateModified":"2022-09-03T16:23:14+00:00","description":"Depuis leur cr\u00e9ation, les Vert\u2219e\u2219s vaudois\u2219es militent en faveur de l\u2019environnement et du climat. Pour satisfaire nos besoins vitaux, nous d\u00e9pendons de notre environnement. Nous devons donc r\u00e9duire gaspillage de ressources et pollutions pour le pr\u00e9server. Pour notre qualit\u00e9 de vie pr\u00e9sente, et pour les g\u00e9n\u00e9rations futures.","breadcrumb":{"@id":"https:\/\/vert-e-s-vd.ch\/lavaux-oron\/environnement#breadcrumb"},"inLanguage":"fr-FR","potentialAction":[{"@type":"ReadAction","target":["https:\/\/vert-e-s-vd.ch\/lavaux-oron\/environnement"]}]},{"@type":"BreadcrumbList","@id":"https:\/\/vert-e-s-vd.ch\/lavaux-oron\/environnement#breadcrumb","itemListElement":[{"@type":"ListItem","position":1,"name":"Accueil","item":"https:\/\/vert-e-s-vd.ch\/lavaux-oron\/"},{"@type":"ListItem","position":2,"name":"Environnement"}]},{"@type":"WebSite","@id":"https:\/\/vert-e-s-vd.ch\/lavaux-oron\/#website","url":"https:\/\/vert-e-s-vd.ch\/lavaux-oron\/","name":"Les VERT.E.S de Lavaux-Oron","description":"Une longueur d&#039;avance","potentialAction":[{"@type":"SearchAction","target":{"@type":"EntryPoint","urlTemplate":"https:\/\/vert-e-s-vd.ch\/lavaux-oron\/?s={search_term_string}"},"query-input":{"@type":"PropertyValueSpecification","valueRequired":true,"valueName":"search_term_string"}}],"inLanguage":"fr-FR"}]}},"_links":{"self":[{"href":"https:\/\/vert-e-s-vd.ch\/lavaux-oron\/wp-json\/wp\/v2\/pages\/70893","targetHints":{"allow":["GET"]}}],"collection":[{"href":"https:\/\/vert-e-s-vd.ch\/lavaux-oron\/wp-json\/wp\/v2\/pages"}],"about":[{"href":"https:\/\/vert-e-s-vd.ch\/lavaux-oron\/wp-json\/wp\/v2\/types\/page"}],"author":[{"embeddable":true,"href":"https:\/\/vert-e-s-vd.ch\/lavaux-oron\/wp-json\/wp\/v2\/users\/3"}],"replies":[{"embeddable":true,"href":"https:\/\/vert-e-s-vd.ch\/lavaux-oron\/wp-json\/wp\/v2\/comments?post=70893"}],"version-history":[{"count":7,"href":"https:\/\/vert-e-s-vd.ch\/lavaux-oron\/wp-json\/wp\/v2\/pages\/70893\/revisions"}],"predecessor-version":[{"id":73411,"href":"https:\/\/vert-e-s-vd.ch\/lavaux-oron\/wp-json\/wp\/v2\/pages\/70893\/revisions\/73411"}],"wp:attachment":[{"href":"https:\/\/vert-e-s-vd.ch\/lavaux-oron\/wp-json\/wp\/v2\/media?parent=70893"}],"curies":[{"name":"wp","href":"https:\/\/api.w.org\/{rel}","templated":true}]}}