{"id":75701,"date":"2025-10-17T14:39:12","date_gmt":"2025-10-17T12:39:12","guid":{"rendered":"https:\/\/vert-e-s-vd.ch\/lausanne\/?page_id=75701"},"modified":"2025-11-11T16:47:54","modified_gmt":"2025-11-11T15:47:54","slug":"planifier-et-coordonner-tous-les-chantiers","status":"publish","type":"page","link":"https:\/\/vert-e-s-vd.ch\/lausanne\/une-ville-egalitaire-solidaire-et-prospere\/planifier-et-coordonner-tous-les-chantiers","title":{"rendered":"Planifier et coordonner tous les chantiers"},"content":{"rendered":"","protected":false},"excerpt":{"rendered":"","protected":false},"author":3,"featured_media":0,"parent":75683,"menu_order":0,"comment_status":"closed","ping_status":"closed","template":"","meta":{"_acf_changed":false,"inline_featured_image":false,"footnotes":""},"class_list":["post-75701","page","type-page","status-publish","hentry"],"acf":[],"yoast_head":"<!-- This site is optimized with the Yoast SEO plugin v26.9 - https:\/\/yoast.com\/product\/yoast-seo-wordpress\/ -->\n<title>Planifier et coordonner tous les chantiers - Les VERT\u00b7E\u00b7S lausannois\u00b7es<\/title>\n<meta name=\"description\" content=\"La Ville s\u2019est engag\u00e9e \u00e0 am\u00e9liorer continuellement la qualit\u00e9 de vie de sa population pour faire face aux enjeux climatiques. Cela induit de nombreux chantiers continus et donc des nuisances pour la population et les commerces. Nous devons redoubler d&#039;efforts pour minimiser ces nuisances.\" \/>\n<meta name=\"robots\" content=\"index, follow, max-snippet:-1, max-image-preview:large, max-video-preview:-1\" \/>\n<link rel=\"canonical\" href=\"https:\/\/vert-e-s-vd.ch\/lausanne\/une-ville-egalitaire-solidaire-et-prospere\/planifier-et-coordonner-tous-les-chantiers\" \/>\n<meta property=\"og:locale\" content=\"fr_FR\" \/>\n<meta property=\"og:type\" content=\"article\" \/>\n<meta property=\"og:title\" content=\"Planifier et coordonner tous les chantiers - Les VERT\u00b7E\u00b7S lausannois\u00b7es\" \/>\n<meta property=\"og:description\" content=\"La Ville s\u2019est engag\u00e9e \u00e0 am\u00e9liorer continuellement la qualit\u00e9 de vie de sa population pour faire face aux enjeux climatiques. Cela \u2026\" \/>\n<meta property=\"og:url\" content=\"https:\/\/vert-e-s-vd.ch\/lausanne\/une-ville-egalitaire-solidaire-et-prospere\/planifier-et-coordonner-tous-les-chantiers\" \/>\n<meta property=\"og:site_name\" content=\"Les VERT\u00b7E\u00b7S lausannois\u00b7es\" \/>\n<meta property=\"article:modified_time\" content=\"2025-11-11T15:47:54+00:00\" \/>\n<meta name=\"twitter:card\" content=\"summary_large_image\" \/>\n<meta name=\"twitter:label1\" content=\"Dur\u00e9e de lecture estim\u00e9e\" \/>\n\t<meta name=\"twitter:data1\" content=\"1 minute\" \/>\n<script type=\"application\/ld+json\" class=\"yoast-schema-graph\">{\"@context\":\"https:\/\/schema.org\",\"@graph\":[{\"@type\":\"WebPage\",\"@id\":\"https:\/\/vert-e-s-vd.ch\/lausanne\/une-ville-egalitaire-solidaire-et-prospere\/planifier-et-coordonner-tous-les-chantiers\",\"url\":\"https:\/\/vert-e-s-vd.ch\/lausanne\/une-ville-egalitaire-solidaire-et-prospere\/planifier-et-coordonner-tous-les-chantiers\",\"name\":\"Planifier et coordonner tous les chantiers - Les VERT\u00b7E\u00b7S lausannois\u00b7es\",\"isPartOf\":{\"@id\":\"https:\/\/vert-e-s-vd.ch\/lausanne\/#website\"},\"datePublished\":\"2025-10-17T12:39:12+00:00\",\"dateModified\":\"2025-11-11T15:47:54+00:00\",\"description\":\"La Ville s\u2019est engag\u00e9e \u00e0 am\u00e9liorer continuellement la qualit\u00e9 de vie de sa population pour faire face aux enjeux climatiques. Cela induit de nombreux chantiers continus et donc des nuisances pour la population et les commerces. Nous devons redoubler d'efforts pour minimiser ces nuisances.\",\"breadcrumb\":{\"@id\":\"https:\/\/vert-e-s-vd.ch\/lausanne\/une-ville-egalitaire-solidaire-et-prospere\/planifier-et-coordonner-tous-les-chantiers#breadcrumb\"},\"inLanguage\":\"fr-FR\",\"potentialAction\":[{\"@type\":\"ReadAction\",\"target\":[\"https:\/\/vert-e-s-vd.ch\/lausanne\/une-ville-egalitaire-solidaire-et-prospere\/planifier-et-coordonner-tous-les-chantiers\"]}]},{\"@type\":\"BreadcrumbList\",\"@id\":\"https:\/\/vert-e-s-vd.ch\/lausanne\/une-ville-egalitaire-solidaire-et-prospere\/planifier-et-coordonner-tous-les-chantiers#breadcrumb\",\"itemListElement\":[{\"@type\":\"ListItem\",\"position\":1,\"name\":\"Accueil\",\"item\":\"https:\/\/vert-e-s-vd.ch\/lausanne\/\"},{\"@type\":\"ListItem\",\"position\":2,\"name\":\"Agenda\"}]},{\"@type\":\"WebSite\",\"@id\":\"https:\/\/vert-e-s-vd.ch\/lausanne\/#website\",\"url\":\"https:\/\/vert-e-s-vd.ch\/lausanne\/\",\"name\":\"Les VERT\u00b7E\u00b7S lausannois\u00b7es\",\"description\":\"Une longueur d\u2019avance\",\"potentialAction\":[{\"@type\":\"SearchAction\",\"target\":{\"@type\":\"EntryPoint\",\"urlTemplate\":\"https:\/\/vert-e-s-vd.ch\/lausanne\/?s={search_term_string}\"},\"query-input\":{\"@type\":\"PropertyValueSpecification\",\"valueRequired\":true,\"valueName\":\"search_term_string\"}}],\"inLanguage\":\"fr-FR\"}]}<\/script>\n<!-- \/ Yoast SEO plugin. -->","yoast_head_json":{"title":"Planifier et coordonner tous les chantiers - Les VERT\u00b7E\u00b7S lausannois\u00b7es","description":"La Ville s\u2019est engag\u00e9e \u00e0 am\u00e9liorer continuellement la qualit\u00e9 de vie de sa population pour faire face aux enjeux climatiques. Cela induit de nombreux chantiers continus et donc des nuisances pour la population et les commerces. Nous devons redoubler d'efforts pour minimiser ces nuisances.","robots":{"index":"index","follow":"follow","max-snippet":"max-snippet:-1","max-image-preview":"max-image-preview:large","max-video-preview":"max-video-preview:-1"},"canonical":"https:\/\/vert-e-s-vd.ch\/lausanne\/une-ville-egalitaire-solidaire-et-prospere\/planifier-et-coordonner-tous-les-chantiers","og_locale":"fr_FR","og_type":"article","og_title":"Planifier et coordonner tous les chantiers - Les VERT\u00b7E\u00b7S lausannois\u00b7es","og_description":"La Ville s\u2019est engag\u00e9e \u00e0 am\u00e9liorer continuellement la qualit\u00e9 de vie de sa population pour faire face aux enjeux climatiques. Cela \u2026","og_url":"https:\/\/vert-e-s-vd.ch\/lausanne\/une-ville-egalitaire-solidaire-et-prospere\/planifier-et-coordonner-tous-les-chantiers","og_site_name":"Les VERT\u00b7E\u00b7S lausannois\u00b7es","article_modified_time":"2025-11-11T15:47:54+00:00","twitter_card":"summary_large_image","twitter_misc":{"Dur\u00e9e de lecture estim\u00e9e":"1 minute"},"schema":{"@context":"https:\/\/schema.org","@graph":[{"@type":"WebPage","@id":"https:\/\/vert-e-s-vd.ch\/lausanne\/une-ville-egalitaire-solidaire-et-prospere\/planifier-et-coordonner-tous-les-chantiers","url":"https:\/\/vert-e-s-vd.ch\/lausanne\/une-ville-egalitaire-solidaire-et-prospere\/planifier-et-coordonner-tous-les-chantiers","name":"Planifier et coordonner tous les chantiers - Les VERT\u00b7E\u00b7S lausannois\u00b7es","isPartOf":{"@id":"https:\/\/vert-e-s-vd.ch\/lausanne\/#website"},"datePublished":"2025-10-17T12:39:12+00:00","dateModified":"2025-11-11T15:47:54+00:00","description":"La Ville s\u2019est engag\u00e9e \u00e0 am\u00e9liorer continuellement la qualit\u00e9 de vie de sa population pour faire face aux enjeux climatiques. Cela induit de nombreux chantiers continus et donc des nuisances pour la population et les commerces. Nous devons redoubler d'efforts pour minimiser ces nuisances.","breadcrumb":{"@id":"https:\/\/vert-e-s-vd.ch\/lausanne\/une-ville-egalitaire-solidaire-et-prospere\/planifier-et-coordonner-tous-les-chantiers#breadcrumb"},"inLanguage":"fr-FR","potentialAction":[{"@type":"ReadAction","target":["https:\/\/vert-e-s-vd.ch\/lausanne\/une-ville-egalitaire-solidaire-et-prospere\/planifier-et-coordonner-tous-les-chantiers"]}]},{"@type":"BreadcrumbList","@id":"https:\/\/vert-e-s-vd.ch\/lausanne\/une-ville-egalitaire-solidaire-et-prospere\/planifier-et-coordonner-tous-les-chantiers#breadcrumb","itemListElement":[{"@type":"ListItem","position":1,"name":"Accueil","item":"https:\/\/vert-e-s-vd.ch\/lausanne\/"},{"@type":"ListItem","position":2,"name":"Agenda"}]},{"@type":"WebSite","@id":"https:\/\/vert-e-s-vd.ch\/lausanne\/#website","url":"https:\/\/vert-e-s-vd.ch\/lausanne\/","name":"Les VERT\u00b7E\u00b7S lausannois\u00b7es","description":"Une longueur d\u2019avance","potentialAction":[{"@type":"SearchAction","target":{"@type":"EntryPoint","urlTemplate":"https:\/\/vert-e-s-vd.ch\/lausanne\/?s={search_term_string}"},"query-input":{"@type":"PropertyValueSpecification","valueRequired":true,"valueName":"search_term_string"}}],"inLanguage":"fr-FR"}]}},"_links":{"self":[{"href":"https:\/\/vert-e-s-vd.ch\/lausanne\/wp-json\/wp\/v2\/pages\/75701","targetHints":{"allow":["GET"]}}],"collection":[{"href":"https:\/\/vert-e-s-vd.ch\/lausanne\/wp-json\/wp\/v2\/pages"}],"about":[{"href":"https:\/\/vert-e-s-vd.ch\/lausanne\/wp-json\/wp\/v2\/types\/page"}],"author":[{"embeddable":true,"href":"https:\/\/vert-e-s-vd.ch\/lausanne\/wp-json\/wp\/v2\/users\/3"}],"replies":[{"embeddable":true,"href":"https:\/\/vert-e-s-vd.ch\/lausanne\/wp-json\/wp\/v2\/comments?post=75701"}],"version-history":[{"count":1,"href":"https:\/\/vert-e-s-vd.ch\/lausanne\/wp-json\/wp\/v2\/pages\/75701\/revisions"}],"predecessor-version":[{"id":75702,"href":"https:\/\/vert-e-s-vd.ch\/lausanne\/wp-json\/wp\/v2\/pages\/75701\/revisions\/75702"}],"up":[{"embeddable":true,"href":"https:\/\/vert-e-s-vd.ch\/lausanne\/wp-json\/wp\/v2\/pages\/75683"}],"wp:attachment":[{"href":"https:\/\/vert-e-s-vd.ch\/lausanne\/wp-json\/wp\/v2\/media?parent=75701"}],"curies":[{"name":"wp","href":"https:\/\/api.w.org\/{rel}","templated":true}]}}