{"id":75669,"date":"2025-10-14T13:18:49","date_gmt":"2025-10-14T11:18:49","guid":{"rendered":"https:\/\/vert-e-s-vd.ch\/lausanne\/?page_id=75669"},"modified":"2025-11-11T16:23:21","modified_gmt":"2025-11-11T15:23:21","slug":"loger-autrement","status":"publish","type":"page","link":"https:\/\/vert-e-s-vd.ch\/lausanne\/une-ville-aux-logements-de-qualite-a-loyers-raisonnables\/loger-autrement","title":{"rendered":"Loger autrement"},"content":{"rendered":"","protected":false},"excerpt":{"rendered":"","protected":false},"author":3,"featured_media":0,"parent":75667,"menu_order":0,"comment_status":"closed","ping_status":"closed","template":"","meta":{"_acf_changed":false,"inline_featured_image":false,"footnotes":""},"class_list":["post-75669","page","type-page","status-publish","hentry"],"acf":[],"yoast_head":"<!-- This site is optimized with the Yoast SEO plugin v26.9 - https:\/\/yoast.com\/product\/yoast-seo-wordpress\/ -->\n<title>Loger autrement - Les VERT\u00b7E\u00b7S lausannois\u00b7es<\/title>\n<meta name=\"description\" content=\"Pour garantir des logements \u00e0 loyers raisonnables, il est indispensable de renforcer les outils de la Ville face \u00e0 la sp\u00e9culation immobili\u00e8re, par cons\u00e9quent de cr\u00e9er des habitations rapidement sans construire \u00e0 des prix excessifs.\" \/>\n<meta name=\"robots\" content=\"index, follow, max-snippet:-1, max-image-preview:large, max-video-preview:-1\" \/>\n<link rel=\"canonical\" href=\"https:\/\/vert-e-s-vd.ch\/lausanne\/une-ville-aux-logements-de-qualite-a-loyers-raisonnables\/loger-autrement\" \/>\n<meta property=\"og:locale\" content=\"fr_FR\" \/>\n<meta property=\"og:type\" content=\"article\" \/>\n<meta property=\"og:title\" content=\"Loger autrement - Les VERT\u00b7E\u00b7S lausannois\u00b7es\" \/>\n<meta property=\"og:description\" content=\"Pour garantir des logements \u00e0 loyers raisonnables, il est indispensable de renforcer les outils de la Ville face \u00e0 la sp\u00e9culation \u2026\" \/>\n<meta property=\"og:url\" content=\"https:\/\/vert-e-s-vd.ch\/lausanne\/une-ville-aux-logements-de-qualite-a-loyers-raisonnables\/loger-autrement\" \/>\n<meta property=\"og:site_name\" content=\"Les VERT\u00b7E\u00b7S lausannois\u00b7es\" \/>\n<meta property=\"article:modified_time\" content=\"2025-11-11T15:23:21+00:00\" \/>\n<meta name=\"twitter:card\" content=\"summary_large_image\" \/>\n<meta name=\"twitter:label1\" content=\"Dur\u00e9e de lecture estim\u00e9e\" \/>\n\t<meta name=\"twitter:data1\" content=\"2 minutes\" \/>\n<script type=\"application\/ld+json\" class=\"yoast-schema-graph\">{\"@context\":\"https:\/\/schema.org\",\"@graph\":[{\"@type\":\"WebPage\",\"@id\":\"https:\/\/vert-e-s-vd.ch\/lausanne\/une-ville-aux-logements-de-qualite-a-loyers-raisonnables\/loger-autrement\",\"url\":\"https:\/\/vert-e-s-vd.ch\/lausanne\/une-ville-aux-logements-de-qualite-a-loyers-raisonnables\/loger-autrement\",\"name\":\"Loger autrement - Les VERT\u00b7E\u00b7S lausannois\u00b7es\",\"isPartOf\":{\"@id\":\"https:\/\/vert-e-s-vd.ch\/lausanne\/#website\"},\"datePublished\":\"2025-10-14T11:18:49+00:00\",\"dateModified\":\"2025-11-11T15:23:21+00:00\",\"description\":\"Pour garantir des logements \u00e0 loyers raisonnables, il est indispensable de renforcer les outils de la Ville face \u00e0 la sp\u00e9culation immobili\u00e8re, par cons\u00e9quent de cr\u00e9er des habitations rapidement sans construire \u00e0 des prix excessifs.\",\"breadcrumb\":{\"@id\":\"https:\/\/vert-e-s-vd.ch\/lausanne\/une-ville-aux-logements-de-qualite-a-loyers-raisonnables\/loger-autrement#breadcrumb\"},\"inLanguage\":\"fr-FR\",\"potentialAction\":[{\"@type\":\"ReadAction\",\"target\":[\"https:\/\/vert-e-s-vd.ch\/lausanne\/une-ville-aux-logements-de-qualite-a-loyers-raisonnables\/loger-autrement\"]}]},{\"@type\":\"BreadcrumbList\",\"@id\":\"https:\/\/vert-e-s-vd.ch\/lausanne\/une-ville-aux-logements-de-qualite-a-loyers-raisonnables\/loger-autrement#breadcrumb\",\"itemListElement\":[{\"@type\":\"ListItem\",\"position\":1,\"name\":\"Accueil\",\"item\":\"https:\/\/vert-e-s-vd.ch\/lausanne\/\"},{\"@type\":\"ListItem\",\"position\":2,\"name\":\"Agenda\"}]},{\"@type\":\"WebSite\",\"@id\":\"https:\/\/vert-e-s-vd.ch\/lausanne\/#website\",\"url\":\"https:\/\/vert-e-s-vd.ch\/lausanne\/\",\"name\":\"Les VERT\u00b7E\u00b7S lausannois\u00b7es\",\"description\":\"Une longueur d\u2019avance\",\"potentialAction\":[{\"@type\":\"SearchAction\",\"target\":{\"@type\":\"EntryPoint\",\"urlTemplate\":\"https:\/\/vert-e-s-vd.ch\/lausanne\/?s={search_term_string}\"},\"query-input\":{\"@type\":\"PropertyValueSpecification\",\"valueRequired\":true,\"valueName\":\"search_term_string\"}}],\"inLanguage\":\"fr-FR\"}]}<\/script>\n<!-- \/ Yoast SEO plugin. -->","yoast_head_json":{"title":"Loger autrement - Les VERT\u00b7E\u00b7S lausannois\u00b7es","description":"Pour garantir des logements \u00e0 loyers raisonnables, il est indispensable de renforcer les outils de la Ville face \u00e0 la sp\u00e9culation immobili\u00e8re, par cons\u00e9quent de cr\u00e9er des habitations rapidement sans construire \u00e0 des prix excessifs.","robots":{"index":"index","follow":"follow","max-snippet":"max-snippet:-1","max-image-preview":"max-image-preview:large","max-video-preview":"max-video-preview:-1"},"canonical":"https:\/\/vert-e-s-vd.ch\/lausanne\/une-ville-aux-logements-de-qualite-a-loyers-raisonnables\/loger-autrement","og_locale":"fr_FR","og_type":"article","og_title":"Loger autrement - Les VERT\u00b7E\u00b7S lausannois\u00b7es","og_description":"Pour garantir des logements \u00e0 loyers raisonnables, il est indispensable de renforcer les outils de la Ville face \u00e0 la sp\u00e9culation \u2026","og_url":"https:\/\/vert-e-s-vd.ch\/lausanne\/une-ville-aux-logements-de-qualite-a-loyers-raisonnables\/loger-autrement","og_site_name":"Les VERT\u00b7E\u00b7S lausannois\u00b7es","article_modified_time":"2025-11-11T15:23:21+00:00","twitter_card":"summary_large_image","twitter_misc":{"Dur\u00e9e de lecture estim\u00e9e":"2 minutes"},"schema":{"@context":"https:\/\/schema.org","@graph":[{"@type":"WebPage","@id":"https:\/\/vert-e-s-vd.ch\/lausanne\/une-ville-aux-logements-de-qualite-a-loyers-raisonnables\/loger-autrement","url":"https:\/\/vert-e-s-vd.ch\/lausanne\/une-ville-aux-logements-de-qualite-a-loyers-raisonnables\/loger-autrement","name":"Loger autrement - Les VERT\u00b7E\u00b7S lausannois\u00b7es","isPartOf":{"@id":"https:\/\/vert-e-s-vd.ch\/lausanne\/#website"},"datePublished":"2025-10-14T11:18:49+00:00","dateModified":"2025-11-11T15:23:21+00:00","description":"Pour garantir des logements \u00e0 loyers raisonnables, il est indispensable de renforcer les outils de la Ville face \u00e0 la sp\u00e9culation immobili\u00e8re, par cons\u00e9quent de cr\u00e9er des habitations rapidement sans construire \u00e0 des prix excessifs.","breadcrumb":{"@id":"https:\/\/vert-e-s-vd.ch\/lausanne\/une-ville-aux-logements-de-qualite-a-loyers-raisonnables\/loger-autrement#breadcrumb"},"inLanguage":"fr-FR","potentialAction":[{"@type":"ReadAction","target":["https:\/\/vert-e-s-vd.ch\/lausanne\/une-ville-aux-logements-de-qualite-a-loyers-raisonnables\/loger-autrement"]}]},{"@type":"BreadcrumbList","@id":"https:\/\/vert-e-s-vd.ch\/lausanne\/une-ville-aux-logements-de-qualite-a-loyers-raisonnables\/loger-autrement#breadcrumb","itemListElement":[{"@type":"ListItem","position":1,"name":"Accueil","item":"https:\/\/vert-e-s-vd.ch\/lausanne\/"},{"@type":"ListItem","position":2,"name":"Agenda"}]},{"@type":"WebSite","@id":"https:\/\/vert-e-s-vd.ch\/lausanne\/#website","url":"https:\/\/vert-e-s-vd.ch\/lausanne\/","name":"Les VERT\u00b7E\u00b7S lausannois\u00b7es","description":"Une longueur d\u2019avance","potentialAction":[{"@type":"SearchAction","target":{"@type":"EntryPoint","urlTemplate":"https:\/\/vert-e-s-vd.ch\/lausanne\/?s={search_term_string}"},"query-input":{"@type":"PropertyValueSpecification","valueRequired":true,"valueName":"search_term_string"}}],"inLanguage":"fr-FR"}]}},"_links":{"self":[{"href":"https:\/\/vert-e-s-vd.ch\/lausanne\/wp-json\/wp\/v2\/pages\/75669","targetHints":{"allow":["GET"]}}],"collection":[{"href":"https:\/\/vert-e-s-vd.ch\/lausanne\/wp-json\/wp\/v2\/pages"}],"about":[{"href":"https:\/\/vert-e-s-vd.ch\/lausanne\/wp-json\/wp\/v2\/types\/page"}],"author":[{"embeddable":true,"href":"https:\/\/vert-e-s-vd.ch\/lausanne\/wp-json\/wp\/v2\/users\/3"}],"replies":[{"embeddable":true,"href":"https:\/\/vert-e-s-vd.ch\/lausanne\/wp-json\/wp\/v2\/comments?post=75669"}],"version-history":[{"count":2,"href":"https:\/\/vert-e-s-vd.ch\/lausanne\/wp-json\/wp\/v2\/pages\/75669\/revisions"}],"predecessor-version":[{"id":75673,"href":"https:\/\/vert-e-s-vd.ch\/lausanne\/wp-json\/wp\/v2\/pages\/75669\/revisions\/75673"}],"up":[{"embeddable":true,"href":"https:\/\/vert-e-s-vd.ch\/lausanne\/wp-json\/wp\/v2\/pages\/75667"}],"wp:attachment":[{"href":"https:\/\/vert-e-s-vd.ch\/lausanne\/wp-json\/wp\/v2\/media?parent=75669"}],"curies":[{"name":"wp","href":"https:\/\/api.w.org\/{rel}","templated":true}]}}