{"id":75667,"date":"2025-10-14T13:14:03","date_gmt":"2025-10-14T11:14:03","guid":{"rendered":"https:\/\/vert-e-s-vd.ch\/lausanne\/?page_id=75667"},"modified":"2025-11-11T15:57:24","modified_gmt":"2025-11-11T14:57:24","slug":"une-ville-aux-logements-de-qualite-a-loyers-raisonnables","status":"publish","type":"page","link":"https:\/\/vert-e-s-vd.ch\/lausanne\/une-ville-aux-logements-de-qualite-a-loyers-raisonnables","title":{"rendered":"Une ville aux logements de qualit\u00e9 \u00e0 loyers raisonnables"},"content":{"rendered":"","protected":false},"excerpt":{"rendered":"","protected":false},"author":3,"featured_media":0,"parent":0,"menu_order":0,"comment_status":"closed","ping_status":"closed","template":"single_overview.php","meta":{"_acf_changed":false,"inline_featured_image":false,"footnotes":""},"class_list":["post-75667","page","type-page","status-publish","hentry"],"acf":[],"yoast_head":"<!-- This site is optimized with the Yoast SEO plugin v26.9 - https:\/\/yoast.com\/product\/yoast-seo-wordpress\/ -->\n<title>Une ville aux logements de qualit\u00e9 \u00e0 loyers raisonnables - Les VERT\u00b7E\u00b7S lausannois\u00b7es<\/title>\n<meta name=\"description\" content=\"Face \u00e0 la pression immobili\u00e8re, \u00e0 la sp\u00e9culation et aux d\u00e9fis environnementaux, notre ville doit agir avec d\u00e9termination pour offrir des logements de qualit\u00e9, accessibles physiquement, financi\u00e8rement et \u00e9nerg\u00e9tiquement efficients. L\u2019objectif est clair : cr\u00e9er des logements, lutter contre la sp\u00e9culation, favoriser diff\u00e9rentes formes de logement et ainsi construire une ville accessible et \u00e9cologique.\" \/>\n<meta name=\"robots\" content=\"index, follow, max-snippet:-1, max-image-preview:large, max-video-preview:-1\" \/>\n<link rel=\"canonical\" href=\"https:\/\/vert-e-s-vd.ch\/lausanne\/une-ville-aux-logements-de-qualite-a-loyers-raisonnables\" \/>\n<meta property=\"og:locale\" content=\"fr_FR\" \/>\n<meta property=\"og:type\" content=\"article\" \/>\n<meta property=\"og:title\" content=\"Une ville aux logements de qualit\u00e9 \u00e0 loyers raisonnables - Les VERT\u00b7E\u00b7S lausannois\u00b7es\" \/>\n<meta property=\"og:description\" content=\"Face \u00e0 la pression immobili\u00e8re, \u00e0 la sp\u00e9culation et aux d\u00e9fis environnementaux, notre ville doit agir avec d\u00e9termination pour offrir \u2026\" \/>\n<meta property=\"og:url\" content=\"https:\/\/vert-e-s-vd.ch\/lausanne\/une-ville-aux-logements-de-qualite-a-loyers-raisonnables\" \/>\n<meta property=\"og:site_name\" content=\"Les VERT\u00b7E\u00b7S lausannois\u00b7es\" \/>\n<meta property=\"article:modified_time\" content=\"2025-11-11T14:57:24+00:00\" \/>\n<meta name=\"twitter:card\" content=\"summary_large_image\" \/>\n<meta name=\"twitter:label1\" content=\"Dur\u00e9e de lecture estim\u00e9e\" \/>\n\t<meta name=\"twitter:data1\" content=\"1 minute\" \/>\n<script type=\"application\/ld+json\" class=\"yoast-schema-graph\">{\"@context\":\"https:\/\/schema.org\",\"@graph\":[{\"@type\":\"WebPage\",\"@id\":\"https:\/\/vert-e-s-vd.ch\/lausanne\/une-ville-aux-logements-de-qualite-a-loyers-raisonnables\",\"url\":\"https:\/\/vert-e-s-vd.ch\/lausanne\/une-ville-aux-logements-de-qualite-a-loyers-raisonnables\",\"name\":\"Une ville aux logements de qualit\u00e9 \u00e0 loyers raisonnables - Les VERT\u00b7E\u00b7S lausannois\u00b7es\",\"isPartOf\":{\"@id\":\"https:\/\/vert-e-s-vd.ch\/lausanne\/#website\"},\"datePublished\":\"2025-10-14T11:14:03+00:00\",\"dateModified\":\"2025-11-11T14:57:24+00:00\",\"description\":\"Face \u00e0 la pression immobili\u00e8re, \u00e0 la sp\u00e9culation et aux d\u00e9fis environnementaux, notre ville doit agir avec d\u00e9termination pour offrir des logements de qualit\u00e9, accessibles physiquement, financi\u00e8rement et \u00e9nerg\u00e9tiquement efficients. L\u2019objectif est clair : cr\u00e9er des logements, lutter contre la sp\u00e9culation, favoriser diff\u00e9rentes formes de logement et ainsi construire une ville accessible et \u00e9cologique.\",\"breadcrumb\":{\"@id\":\"https:\/\/vert-e-s-vd.ch\/lausanne\/une-ville-aux-logements-de-qualite-a-loyers-raisonnables#breadcrumb\"},\"inLanguage\":\"fr-FR\",\"potentialAction\":[{\"@type\":\"ReadAction\",\"target\":[\"https:\/\/vert-e-s-vd.ch\/lausanne\/une-ville-aux-logements-de-qualite-a-loyers-raisonnables\"]}]},{\"@type\":\"BreadcrumbList\",\"@id\":\"https:\/\/vert-e-s-vd.ch\/lausanne\/une-ville-aux-logements-de-qualite-a-loyers-raisonnables#breadcrumb\",\"itemListElement\":[{\"@type\":\"ListItem\",\"position\":1,\"name\":\"Accueil\",\"item\":\"https:\/\/vert-e-s-vd.ch\/lausanne\/\"},{\"@type\":\"ListItem\",\"position\":2,\"name\":\"Agenda\"}]},{\"@type\":\"WebSite\",\"@id\":\"https:\/\/vert-e-s-vd.ch\/lausanne\/#website\",\"url\":\"https:\/\/vert-e-s-vd.ch\/lausanne\/\",\"name\":\"Les VERT\u00b7E\u00b7S lausannois\u00b7es\",\"description\":\"Une longueur d\u2019avance\",\"potentialAction\":[{\"@type\":\"SearchAction\",\"target\":{\"@type\":\"EntryPoint\",\"urlTemplate\":\"https:\/\/vert-e-s-vd.ch\/lausanne\/?s={search_term_string}\"},\"query-input\":{\"@type\":\"PropertyValueSpecification\",\"valueRequired\":true,\"valueName\":\"search_term_string\"}}],\"inLanguage\":\"fr-FR\"}]}<\/script>\n<!-- \/ Yoast SEO plugin. -->","yoast_head_json":{"title":"Une ville aux logements de qualit\u00e9 \u00e0 loyers raisonnables - Les VERT\u00b7E\u00b7S lausannois\u00b7es","description":"Face \u00e0 la pression immobili\u00e8re, \u00e0 la sp\u00e9culation et aux d\u00e9fis environnementaux, notre ville doit agir avec d\u00e9termination pour offrir des logements de qualit\u00e9, accessibles physiquement, financi\u00e8rement et \u00e9nerg\u00e9tiquement efficients. L\u2019objectif est clair : cr\u00e9er des logements, lutter contre la sp\u00e9culation, favoriser diff\u00e9rentes formes de logement et ainsi construire une ville accessible et \u00e9cologique.","robots":{"index":"index","follow":"follow","max-snippet":"max-snippet:-1","max-image-preview":"max-image-preview:large","max-video-preview":"max-video-preview:-1"},"canonical":"https:\/\/vert-e-s-vd.ch\/lausanne\/une-ville-aux-logements-de-qualite-a-loyers-raisonnables","og_locale":"fr_FR","og_type":"article","og_title":"Une ville aux logements de qualit\u00e9 \u00e0 loyers raisonnables - Les VERT\u00b7E\u00b7S lausannois\u00b7es","og_description":"Face \u00e0 la pression immobili\u00e8re, \u00e0 la sp\u00e9culation et aux d\u00e9fis environnementaux, notre ville doit agir avec d\u00e9termination pour offrir \u2026","og_url":"https:\/\/vert-e-s-vd.ch\/lausanne\/une-ville-aux-logements-de-qualite-a-loyers-raisonnables","og_site_name":"Les VERT\u00b7E\u00b7S lausannois\u00b7es","article_modified_time":"2025-11-11T14:57:24+00:00","twitter_card":"summary_large_image","twitter_misc":{"Dur\u00e9e de lecture estim\u00e9e":"1 minute"},"schema":{"@context":"https:\/\/schema.org","@graph":[{"@type":"WebPage","@id":"https:\/\/vert-e-s-vd.ch\/lausanne\/une-ville-aux-logements-de-qualite-a-loyers-raisonnables","url":"https:\/\/vert-e-s-vd.ch\/lausanne\/une-ville-aux-logements-de-qualite-a-loyers-raisonnables","name":"Une ville aux logements de qualit\u00e9 \u00e0 loyers raisonnables - Les VERT\u00b7E\u00b7S lausannois\u00b7es","isPartOf":{"@id":"https:\/\/vert-e-s-vd.ch\/lausanne\/#website"},"datePublished":"2025-10-14T11:14:03+00:00","dateModified":"2025-11-11T14:57:24+00:00","description":"Face \u00e0 la pression immobili\u00e8re, \u00e0 la sp\u00e9culation et aux d\u00e9fis environnementaux, notre ville doit agir avec d\u00e9termination pour offrir des logements de qualit\u00e9, accessibles physiquement, financi\u00e8rement et \u00e9nerg\u00e9tiquement efficients. L\u2019objectif est clair : cr\u00e9er des logements, lutter contre la sp\u00e9culation, favoriser diff\u00e9rentes formes de logement et ainsi construire une ville accessible et \u00e9cologique.","breadcrumb":{"@id":"https:\/\/vert-e-s-vd.ch\/lausanne\/une-ville-aux-logements-de-qualite-a-loyers-raisonnables#breadcrumb"},"inLanguage":"fr-FR","potentialAction":[{"@type":"ReadAction","target":["https:\/\/vert-e-s-vd.ch\/lausanne\/une-ville-aux-logements-de-qualite-a-loyers-raisonnables"]}]},{"@type":"BreadcrumbList","@id":"https:\/\/vert-e-s-vd.ch\/lausanne\/une-ville-aux-logements-de-qualite-a-loyers-raisonnables#breadcrumb","itemListElement":[{"@type":"ListItem","position":1,"name":"Accueil","item":"https:\/\/vert-e-s-vd.ch\/lausanne\/"},{"@type":"ListItem","position":2,"name":"Agenda"}]},{"@type":"WebSite","@id":"https:\/\/vert-e-s-vd.ch\/lausanne\/#website","url":"https:\/\/vert-e-s-vd.ch\/lausanne\/","name":"Les VERT\u00b7E\u00b7S lausannois\u00b7es","description":"Une longueur d\u2019avance","potentialAction":[{"@type":"SearchAction","target":{"@type":"EntryPoint","urlTemplate":"https:\/\/vert-e-s-vd.ch\/lausanne\/?s={search_term_string}"},"query-input":{"@type":"PropertyValueSpecification","valueRequired":true,"valueName":"search_term_string"}}],"inLanguage":"fr-FR"}]}},"_links":{"self":[{"href":"https:\/\/vert-e-s-vd.ch\/lausanne\/wp-json\/wp\/v2\/pages\/75667","targetHints":{"allow":["GET"]}}],"collection":[{"href":"https:\/\/vert-e-s-vd.ch\/lausanne\/wp-json\/wp\/v2\/pages"}],"about":[{"href":"https:\/\/vert-e-s-vd.ch\/lausanne\/wp-json\/wp\/v2\/types\/page"}],"author":[{"embeddable":true,"href":"https:\/\/vert-e-s-vd.ch\/lausanne\/wp-json\/wp\/v2\/users\/3"}],"replies":[{"embeddable":true,"href":"https:\/\/vert-e-s-vd.ch\/lausanne\/wp-json\/wp\/v2\/comments?post=75667"}],"version-history":[{"count":2,"href":"https:\/\/vert-e-s-vd.ch\/lausanne\/wp-json\/wp\/v2\/pages\/75667\/revisions"}],"predecessor-version":[{"id":75681,"href":"https:\/\/vert-e-s-vd.ch\/lausanne\/wp-json\/wp\/v2\/pages\/75667\/revisions\/75681"}],"wp:attachment":[{"href":"https:\/\/vert-e-s-vd.ch\/lausanne\/wp-json\/wp\/v2\/media?parent=75667"}],"curies":[{"name":"wp","href":"https:\/\/api.w.org\/{rel}","templated":true}]}}