{"id":75643,"date":"2025-10-08T11:55:00","date_gmt":"2025-10-08T09:55:00","guid":{"rendered":"https:\/\/vert-e-s-vd.ch\/lausanne\/?page_id=75643"},"modified":"2026-01-20T15:59:57","modified_gmt":"2026-01-20T14:59:57","slug":"une-ville-vegetalisee-et-sans-energies-fossiles","status":"publish","type":"page","link":"https:\/\/vert-e-s-vd.ch\/lausanne\/une-ville-vegetalisee-et-sans-energies-fossiles","title":{"rendered":"Une ville v\u00e9g\u00e9talis\u00e9e et sans \u00e9nergies fossiles"},"content":{"rendered":"","protected":false},"excerpt":{"rendered":"","protected":false},"author":3,"featured_media":0,"parent":0,"menu_order":0,"comment_status":"closed","ping_status":"closed","template":"single_overview.php","meta":{"_acf_changed":false,"inline_featured_image":false,"footnotes":""},"class_list":["post-75643","page","type-page","status-publish","hentry"],"acf":[],"yoast_head":"<!-- This site is optimized with the Yoast SEO plugin v26.9 - https:\/\/yoast.com\/product\/yoast-seo-wordpress\/ -->\n<title>Une ville v\u00e9g\u00e9talis\u00e9e et sans \u00e9nergies fossiles - Les VERT\u00b7E\u00b7S lausannois\u00b7es<\/title>\n<meta name=\"description\" content=\"Face au d\u00e9fi climatique mondial et \u00e0 la d\u00e9gradation des milieux naturels, Lausanne doit se positionner en ville pionni\u00e8re de la transition \u00e9cologique. Il s\u2019agit de b\u00e2tir une ville v\u00e9g\u00e9talis\u00e9e, o\u00f9 la nature reprend sa place, o\u00f9 les d\u00e9placements se font sans \u00e9nergies fossiles et o\u00f9 la qualit\u00e9 de vie s\u2019am\u00e9liore. Ce d\u00e9fi combine couverture naturelle, protection de la biodiversit\u00e9, lutte contre les pollutions, d\u00e9carbonation \u00e9nerg\u00e9tique et d\u00e9veloppement d\u2019une \u00e9conomie circulaire.\" \/>\n<meta name=\"robots\" content=\"index, follow, max-snippet:-1, max-image-preview:large, max-video-preview:-1\" \/>\n<link rel=\"canonical\" href=\"https:\/\/vert-e-s-vd.ch\/lausanne\/une-ville-vegetalisee-et-sans-energies-fossiles\" \/>\n<meta property=\"og:locale\" content=\"fr_FR\" \/>\n<meta property=\"og:type\" content=\"article\" \/>\n<meta property=\"og:title\" content=\"Une ville v\u00e9g\u00e9talis\u00e9e et sans \u00e9nergies fossiles - Les VERT\u00b7E\u00b7S lausannois\u00b7es\" \/>\n<meta property=\"og:description\" content=\"Face au d\u00e9fi climatique mondial et \u00e0 la d\u00e9gradation des milieux naturels, Lausanne doit se positionner en ville pionni\u00e8re de la \u2026\" \/>\n<meta property=\"og:url\" content=\"https:\/\/vert-e-s-vd.ch\/lausanne\/une-ville-vegetalisee-et-sans-energies-fossiles\" \/>\n<meta property=\"og:site_name\" content=\"Les VERT\u00b7E\u00b7S lausannois\u00b7es\" \/>\n<meta property=\"article:modified_time\" content=\"2026-01-20T14:59:57+00:00\" \/>\n<meta name=\"twitter:card\" content=\"summary_large_image\" \/>\n<meta name=\"twitter:label1\" content=\"Dur\u00e9e de lecture estim\u00e9e\" \/>\n\t<meta name=\"twitter:data1\" content=\"1 minute\" \/>\n<script type=\"application\/ld+json\" class=\"yoast-schema-graph\">{\"@context\":\"https:\/\/schema.org\",\"@graph\":[{\"@type\":\"WebPage\",\"@id\":\"https:\/\/vert-e-s-vd.ch\/lausanne\/une-ville-vegetalisee-et-sans-energies-fossiles\",\"url\":\"https:\/\/vert-e-s-vd.ch\/lausanne\/une-ville-vegetalisee-et-sans-energies-fossiles\",\"name\":\"Une ville v\u00e9g\u00e9talis\u00e9e et sans \u00e9nergies fossiles - Les VERT\u00b7E\u00b7S lausannois\u00b7es\",\"isPartOf\":{\"@id\":\"https:\/\/vert-e-s-vd.ch\/lausanne\/#website\"},\"datePublished\":\"2025-10-08T09:55:00+00:00\",\"dateModified\":\"2026-01-20T14:59:57+00:00\",\"description\":\"Face au d\u00e9fi climatique mondial et \u00e0 la d\u00e9gradation des milieux naturels, Lausanne doit se positionner en ville pionni\u00e8re de la transition \u00e9cologique. Il s\u2019agit de b\u00e2tir une ville v\u00e9g\u00e9talis\u00e9e, o\u00f9 la nature reprend sa place, o\u00f9 les d\u00e9placements se font sans \u00e9nergies fossiles et o\u00f9 la qualit\u00e9 de vie s\u2019am\u00e9liore. Ce d\u00e9fi combine couverture naturelle, protection de la biodiversit\u00e9, lutte contre les pollutions, d\u00e9carbonation \u00e9nerg\u00e9tique et d\u00e9veloppement d\u2019une \u00e9conomie circulaire.\",\"breadcrumb\":{\"@id\":\"https:\/\/vert-e-s-vd.ch\/lausanne\/une-ville-vegetalisee-et-sans-energies-fossiles#breadcrumb\"},\"inLanguage\":\"fr-FR\",\"potentialAction\":[{\"@type\":\"ReadAction\",\"target\":[\"https:\/\/vert-e-s-vd.ch\/lausanne\/une-ville-vegetalisee-et-sans-energies-fossiles\"]}]},{\"@type\":\"BreadcrumbList\",\"@id\":\"https:\/\/vert-e-s-vd.ch\/lausanne\/une-ville-vegetalisee-et-sans-energies-fossiles#breadcrumb\",\"itemListElement\":[{\"@type\":\"ListItem\",\"position\":1,\"name\":\"Accueil\",\"item\":\"https:\/\/vert-e-s-vd.ch\/lausanne\/\"},{\"@type\":\"ListItem\",\"position\":2,\"name\":\"Agenda\"}]},{\"@type\":\"WebSite\",\"@id\":\"https:\/\/vert-e-s-vd.ch\/lausanne\/#website\",\"url\":\"https:\/\/vert-e-s-vd.ch\/lausanne\/\",\"name\":\"Les VERT\u00b7E\u00b7S lausannois\u00b7es\",\"description\":\"Une longueur d\u2019avance\",\"potentialAction\":[{\"@type\":\"SearchAction\",\"target\":{\"@type\":\"EntryPoint\",\"urlTemplate\":\"https:\/\/vert-e-s-vd.ch\/lausanne\/?s={search_term_string}\"},\"query-input\":{\"@type\":\"PropertyValueSpecification\",\"valueRequired\":true,\"valueName\":\"search_term_string\"}}],\"inLanguage\":\"fr-FR\"}]}<\/script>\n<!-- \/ Yoast SEO plugin. -->","yoast_head_json":{"title":"Une ville v\u00e9g\u00e9talis\u00e9e et sans \u00e9nergies fossiles - Les VERT\u00b7E\u00b7S lausannois\u00b7es","description":"Face au d\u00e9fi climatique mondial et \u00e0 la d\u00e9gradation des milieux naturels, Lausanne doit se positionner en ville pionni\u00e8re de la transition \u00e9cologique. Il s\u2019agit de b\u00e2tir une ville v\u00e9g\u00e9talis\u00e9e, o\u00f9 la nature reprend sa place, o\u00f9 les d\u00e9placements se font sans \u00e9nergies fossiles et o\u00f9 la qualit\u00e9 de vie s\u2019am\u00e9liore. Ce d\u00e9fi combine couverture naturelle, protection de la biodiversit\u00e9, lutte contre les pollutions, d\u00e9carbonation \u00e9nerg\u00e9tique et d\u00e9veloppement d\u2019une \u00e9conomie circulaire.","robots":{"index":"index","follow":"follow","max-snippet":"max-snippet:-1","max-image-preview":"max-image-preview:large","max-video-preview":"max-video-preview:-1"},"canonical":"https:\/\/vert-e-s-vd.ch\/lausanne\/une-ville-vegetalisee-et-sans-energies-fossiles","og_locale":"fr_FR","og_type":"article","og_title":"Une ville v\u00e9g\u00e9talis\u00e9e et sans \u00e9nergies fossiles - Les VERT\u00b7E\u00b7S lausannois\u00b7es","og_description":"Face au d\u00e9fi climatique mondial et \u00e0 la d\u00e9gradation des milieux naturels, Lausanne doit se positionner en ville pionni\u00e8re de la \u2026","og_url":"https:\/\/vert-e-s-vd.ch\/lausanne\/une-ville-vegetalisee-et-sans-energies-fossiles","og_site_name":"Les VERT\u00b7E\u00b7S lausannois\u00b7es","article_modified_time":"2026-01-20T14:59:57+00:00","twitter_card":"summary_large_image","twitter_misc":{"Dur\u00e9e de lecture estim\u00e9e":"1 minute"},"schema":{"@context":"https:\/\/schema.org","@graph":[{"@type":"WebPage","@id":"https:\/\/vert-e-s-vd.ch\/lausanne\/une-ville-vegetalisee-et-sans-energies-fossiles","url":"https:\/\/vert-e-s-vd.ch\/lausanne\/une-ville-vegetalisee-et-sans-energies-fossiles","name":"Une ville v\u00e9g\u00e9talis\u00e9e et sans \u00e9nergies fossiles - Les VERT\u00b7E\u00b7S lausannois\u00b7es","isPartOf":{"@id":"https:\/\/vert-e-s-vd.ch\/lausanne\/#website"},"datePublished":"2025-10-08T09:55:00+00:00","dateModified":"2026-01-20T14:59:57+00:00","description":"Face au d\u00e9fi climatique mondial et \u00e0 la d\u00e9gradation des milieux naturels, Lausanne doit se positionner en ville pionni\u00e8re de la transition \u00e9cologique. Il s\u2019agit de b\u00e2tir une ville v\u00e9g\u00e9talis\u00e9e, o\u00f9 la nature reprend sa place, o\u00f9 les d\u00e9placements se font sans \u00e9nergies fossiles et o\u00f9 la qualit\u00e9 de vie s\u2019am\u00e9liore. Ce d\u00e9fi combine couverture naturelle, protection de la biodiversit\u00e9, lutte contre les pollutions, d\u00e9carbonation \u00e9nerg\u00e9tique et d\u00e9veloppement d\u2019une \u00e9conomie circulaire.","breadcrumb":{"@id":"https:\/\/vert-e-s-vd.ch\/lausanne\/une-ville-vegetalisee-et-sans-energies-fossiles#breadcrumb"},"inLanguage":"fr-FR","potentialAction":[{"@type":"ReadAction","target":["https:\/\/vert-e-s-vd.ch\/lausanne\/une-ville-vegetalisee-et-sans-energies-fossiles"]}]},{"@type":"BreadcrumbList","@id":"https:\/\/vert-e-s-vd.ch\/lausanne\/une-ville-vegetalisee-et-sans-energies-fossiles#breadcrumb","itemListElement":[{"@type":"ListItem","position":1,"name":"Accueil","item":"https:\/\/vert-e-s-vd.ch\/lausanne\/"},{"@type":"ListItem","position":2,"name":"Agenda"}]},{"@type":"WebSite","@id":"https:\/\/vert-e-s-vd.ch\/lausanne\/#website","url":"https:\/\/vert-e-s-vd.ch\/lausanne\/","name":"Les VERT\u00b7E\u00b7S lausannois\u00b7es","description":"Une longueur d\u2019avance","potentialAction":[{"@type":"SearchAction","target":{"@type":"EntryPoint","urlTemplate":"https:\/\/vert-e-s-vd.ch\/lausanne\/?s={search_term_string}"},"query-input":{"@type":"PropertyValueSpecification","valueRequired":true,"valueName":"search_term_string"}}],"inLanguage":"fr-FR"}]}},"_links":{"self":[{"href":"https:\/\/vert-e-s-vd.ch\/lausanne\/wp-json\/wp\/v2\/pages\/75643","targetHints":{"allow":["GET"]}}],"collection":[{"href":"https:\/\/vert-e-s-vd.ch\/lausanne\/wp-json\/wp\/v2\/pages"}],"about":[{"href":"https:\/\/vert-e-s-vd.ch\/lausanne\/wp-json\/wp\/v2\/types\/page"}],"author":[{"embeddable":true,"href":"https:\/\/vert-e-s-vd.ch\/lausanne\/wp-json\/wp\/v2\/users\/3"}],"replies":[{"embeddable":true,"href":"https:\/\/vert-e-s-vd.ch\/lausanne\/wp-json\/wp\/v2\/comments?post=75643"}],"version-history":[{"count":5,"href":"https:\/\/vert-e-s-vd.ch\/lausanne\/wp-json\/wp\/v2\/pages\/75643\/revisions"}],"predecessor-version":[{"id":75666,"href":"https:\/\/vert-e-s-vd.ch\/lausanne\/wp-json\/wp\/v2\/pages\/75643\/revisions\/75666"}],"wp:attachment":[{"href":"https:\/\/vert-e-s-vd.ch\/lausanne\/wp-json\/wp\/v2\/media?parent=75643"}],"curies":[{"name":"wp","href":"https:\/\/api.w.org\/{rel}","templated":true}]}}