{"id":74650,"date":"2023-09-03T17:03:27","date_gmt":"2023-09-03T15:03:27","guid":{"rendered":"https:\/\/vert-e-s-vd.ch\/lausanne\/?page_id=74650"},"modified":"2023-09-20T19:18:20","modified_gmt":"2023-09-20T17:18:20","slug":"elections-federales-2023","status":"publish","type":"page","link":"https:\/\/vert-e-s-vd.ch\/lausanne\/elections-federales-2023","title":{"rendered":"\u00c9lections F\u00e9d\u00e9rales 2023"},"content":{"rendered":"","protected":false},"excerpt":{"rendered":"","protected":false},"author":63,"featured_media":0,"parent":0,"menu_order":0,"comment_status":"closed","ping_status":"closed","template":"","meta":{"_acf_changed":false,"inline_featured_image":false,"footnotes":""},"class_list":["post-74650","page","type-page","status-publish","hentry"],"acf":[],"yoast_head":"<!-- This site is optimized with the Yoast SEO plugin v26.9 - https:\/\/yoast.com\/product\/yoast-seo-wordpress\/ -->\n<title>\u00c9lections F\u00e9d\u00e9rales 2023 - Les VERT\u00b7E\u00b7S lausannois\u00b7es<\/title>\n<meta name=\"description\" content=\"Apr\u00e8s le succ\u00e8s \u00e9lectoral de 2019, il est plus urgent que jamais de faire progresser les forces \u00e9cologistes et progressistes dans les urnes. Notre section lausannoise peut se targuer d\u2019avoir deux sortantes qu\u2019on f\u00e9licite pour leur bilan important lors de la derni\u00e8re l\u00e9gislature et qui repartent en campagne pour le Conseil national\u00a0: Sophie Michaud Gigon et L\u00e9onore Porchet. Elles sont accompagn\u00e9es de trois autres candidat\u00b7es exp\u00e9riment\u00e9\u00b7e\u00b7s qui repr\u00e9sentent notre district sur la liste des Vert\u00b7es\u00a0: S\u00e9verine Ev\u00e9quoz, David Raedler et Ilias Panchard . Ielles sont gonfl\u00e9\u00b7e\u00b7s \u00e0 bloc pour continuer \u00e0 faire avancer solidarit\u00e9 et solutions pour la transition \u00e9cologique \u00e0 Berne.\" \/>\n<meta name=\"robots\" content=\"index, follow, max-snippet:-1, max-image-preview:large, max-video-preview:-1\" \/>\n<link rel=\"canonical\" href=\"https:\/\/vert-e-s-vd.ch\/lausanne\/elections-federales-2023\" \/>\n<meta property=\"og:locale\" content=\"fr_FR\" \/>\n<meta property=\"og:type\" content=\"article\" \/>\n<meta property=\"og:title\" content=\"\u00c9lections F\u00e9d\u00e9rales 2023 - Les VERT\u00b7E\u00b7S lausannois\u00b7es\" \/>\n<meta property=\"og:description\" content=\"Apr\u00e8s le succ\u00e8s \u00e9lectoral de 2019, il est plus urgent que jamais de faire progresser les forces \u00e9cologistes et progressistes dans les \u2026\" \/>\n<meta property=\"og:url\" content=\"https:\/\/vert-e-s-vd.ch\/lausanne\/elections-federales-2023\" \/>\n<meta property=\"og:site_name\" content=\"Les VERT\u00b7E\u00b7S lausannois\u00b7es\" \/>\n<meta property=\"article:modified_time\" content=\"2023-09-20T17:18:20+00:00\" \/>\n<meta name=\"twitter:card\" content=\"summary_large_image\" \/>\n<script type=\"application\/ld+json\" class=\"yoast-schema-graph\">{\"@context\":\"https:\/\/schema.org\",\"@graph\":[{\"@type\":\"WebPage\",\"@id\":\"https:\/\/vert-e-s-vd.ch\/lausanne\/elections-federales-2023\",\"url\":\"https:\/\/vert-e-s-vd.ch\/lausanne\/elections-federales-2023\",\"name\":\"\u00c9lections F\u00e9d\u00e9rales 2023 - Les VERT\u00b7E\u00b7S lausannois\u00b7es\",\"isPartOf\":{\"@id\":\"https:\/\/vert-e-s-vd.ch\/lausanne\/#website\"},\"datePublished\":\"2023-09-03T15:03:27+00:00\",\"dateModified\":\"2023-09-20T17:18:20+00:00\",\"description\":\"Apr\u00e8s le succ\u00e8s \u00e9lectoral de 2019, il est plus urgent que jamais de faire progresser les forces \u00e9cologistes et progressistes dans les urnes. Notre section lausannoise peut se targuer d\u2019avoir deux sortantes qu\u2019on f\u00e9licite pour leur bilan important lors de la derni\u00e8re l\u00e9gislature et qui repartent en campagne pour le Conseil national\u00a0: Sophie Michaud Gigon et L\u00e9onore Porchet. Elles sont accompagn\u00e9es de trois autres candidat\u00b7es exp\u00e9riment\u00e9\u00b7e\u00b7s qui repr\u00e9sentent notre district sur la liste des Vert\u00b7es\u00a0: S\u00e9verine Ev\u00e9quoz, David Raedler et Ilias Panchard . Ielles sont gonfl\u00e9\u00b7e\u00b7s \u00e0 bloc pour continuer \u00e0 faire avancer solidarit\u00e9 et solutions pour la transition \u00e9cologique \u00e0 Berne.\",\"breadcrumb\":{\"@id\":\"https:\/\/vert-e-s-vd.ch\/lausanne\/elections-federales-2023#breadcrumb\"},\"inLanguage\":\"fr-FR\",\"potentialAction\":[{\"@type\":\"ReadAction\",\"target\":[\"https:\/\/vert-e-s-vd.ch\/lausanne\/elections-federales-2023\"]}]},{\"@type\":\"BreadcrumbList\",\"@id\":\"https:\/\/vert-e-s-vd.ch\/lausanne\/elections-federales-2023#breadcrumb\",\"itemListElement\":[{\"@type\":\"ListItem\",\"position\":1,\"name\":\"Accueil\",\"item\":\"https:\/\/vert-e-s-vd.ch\/lausanne\/\"},{\"@type\":\"ListItem\",\"position\":2,\"name\":\"Agenda\"}]},{\"@type\":\"WebSite\",\"@id\":\"https:\/\/vert-e-s-vd.ch\/lausanne\/#website\",\"url\":\"https:\/\/vert-e-s-vd.ch\/lausanne\/\",\"name\":\"Les VERT\u00b7E\u00b7S lausannois\u00b7es\",\"description\":\"Une longueur d\u2019avance\",\"potentialAction\":[{\"@type\":\"SearchAction\",\"target\":{\"@type\":\"EntryPoint\",\"urlTemplate\":\"https:\/\/vert-e-s-vd.ch\/lausanne\/?s={search_term_string}\"},\"query-input\":{\"@type\":\"PropertyValueSpecification\",\"valueRequired\":true,\"valueName\":\"search_term_string\"}}],\"inLanguage\":\"fr-FR\"}]}<\/script>\n<!-- \/ Yoast SEO plugin. -->","yoast_head_json":{"title":"\u00c9lections F\u00e9d\u00e9rales 2023 - Les VERT\u00b7E\u00b7S lausannois\u00b7es","description":"Apr\u00e8s le succ\u00e8s \u00e9lectoral de 2019, il est plus urgent que jamais de faire progresser les forces \u00e9cologistes et progressistes dans les urnes. Notre section lausannoise peut se targuer d\u2019avoir deux sortantes qu\u2019on f\u00e9licite pour leur bilan important lors de la derni\u00e8re l\u00e9gislature et qui repartent en campagne pour le Conseil national\u00a0: Sophie Michaud Gigon et L\u00e9onore Porchet. Elles sont accompagn\u00e9es de trois autres candidat\u00b7es exp\u00e9riment\u00e9\u00b7e\u00b7s qui repr\u00e9sentent notre district sur la liste des Vert\u00b7es\u00a0: S\u00e9verine Ev\u00e9quoz, David Raedler et Ilias Panchard . Ielles sont gonfl\u00e9\u00b7e\u00b7s \u00e0 bloc pour continuer \u00e0 faire avancer solidarit\u00e9 et solutions pour la transition \u00e9cologique \u00e0 Berne.","robots":{"index":"index","follow":"follow","max-snippet":"max-snippet:-1","max-image-preview":"max-image-preview:large","max-video-preview":"max-video-preview:-1"},"canonical":"https:\/\/vert-e-s-vd.ch\/lausanne\/elections-federales-2023","og_locale":"fr_FR","og_type":"article","og_title":"\u00c9lections F\u00e9d\u00e9rales 2023 - Les VERT\u00b7E\u00b7S lausannois\u00b7es","og_description":"Apr\u00e8s le succ\u00e8s \u00e9lectoral de 2019, il est plus urgent que jamais de faire progresser les forces \u00e9cologistes et progressistes dans les \u2026","og_url":"https:\/\/vert-e-s-vd.ch\/lausanne\/elections-federales-2023","og_site_name":"Les VERT\u00b7E\u00b7S lausannois\u00b7es","article_modified_time":"2023-09-20T17:18:20+00:00","twitter_card":"summary_large_image","schema":{"@context":"https:\/\/schema.org","@graph":[{"@type":"WebPage","@id":"https:\/\/vert-e-s-vd.ch\/lausanne\/elections-federales-2023","url":"https:\/\/vert-e-s-vd.ch\/lausanne\/elections-federales-2023","name":"\u00c9lections F\u00e9d\u00e9rales 2023 - Les VERT\u00b7E\u00b7S lausannois\u00b7es","isPartOf":{"@id":"https:\/\/vert-e-s-vd.ch\/lausanne\/#website"},"datePublished":"2023-09-03T15:03:27+00:00","dateModified":"2023-09-20T17:18:20+00:00","description":"Apr\u00e8s le succ\u00e8s \u00e9lectoral de 2019, il est plus urgent que jamais de faire progresser les forces \u00e9cologistes et progressistes dans les urnes. Notre section lausannoise peut se targuer d\u2019avoir deux sortantes qu\u2019on f\u00e9licite pour leur bilan important lors de la derni\u00e8re l\u00e9gislature et qui repartent en campagne pour le Conseil national\u00a0: Sophie Michaud Gigon et L\u00e9onore Porchet. Elles sont accompagn\u00e9es de trois autres candidat\u00b7es exp\u00e9riment\u00e9\u00b7e\u00b7s qui repr\u00e9sentent notre district sur la liste des Vert\u00b7es\u00a0: S\u00e9verine Ev\u00e9quoz, David Raedler et Ilias Panchard . Ielles sont gonfl\u00e9\u00b7e\u00b7s \u00e0 bloc pour continuer \u00e0 faire avancer solidarit\u00e9 et solutions pour la transition \u00e9cologique \u00e0 Berne.","breadcrumb":{"@id":"https:\/\/vert-e-s-vd.ch\/lausanne\/elections-federales-2023#breadcrumb"},"inLanguage":"fr-FR","potentialAction":[{"@type":"ReadAction","target":["https:\/\/vert-e-s-vd.ch\/lausanne\/elections-federales-2023"]}]},{"@type":"BreadcrumbList","@id":"https:\/\/vert-e-s-vd.ch\/lausanne\/elections-federales-2023#breadcrumb","itemListElement":[{"@type":"ListItem","position":1,"name":"Accueil","item":"https:\/\/vert-e-s-vd.ch\/lausanne\/"},{"@type":"ListItem","position":2,"name":"Agenda"}]},{"@type":"WebSite","@id":"https:\/\/vert-e-s-vd.ch\/lausanne\/#website","url":"https:\/\/vert-e-s-vd.ch\/lausanne\/","name":"Les VERT\u00b7E\u00b7S lausannois\u00b7es","description":"Une longueur d\u2019avance","potentialAction":[{"@type":"SearchAction","target":{"@type":"EntryPoint","urlTemplate":"https:\/\/vert-e-s-vd.ch\/lausanne\/?s={search_term_string}"},"query-input":{"@type":"PropertyValueSpecification","valueRequired":true,"valueName":"search_term_string"}}],"inLanguage":"fr-FR"}]}},"_links":{"self":[{"href":"https:\/\/vert-e-s-vd.ch\/lausanne\/wp-json\/wp\/v2\/pages\/74650","targetHints":{"allow":["GET"]}}],"collection":[{"href":"https:\/\/vert-e-s-vd.ch\/lausanne\/wp-json\/wp\/v2\/pages"}],"about":[{"href":"https:\/\/vert-e-s-vd.ch\/lausanne\/wp-json\/wp\/v2\/types\/page"}],"author":[{"embeddable":true,"href":"https:\/\/vert-e-s-vd.ch\/lausanne\/wp-json\/wp\/v2\/users\/63"}],"replies":[{"embeddable":true,"href":"https:\/\/vert-e-s-vd.ch\/lausanne\/wp-json\/wp\/v2\/comments?post=74650"}],"version-history":[{"count":8,"href":"https:\/\/vert-e-s-vd.ch\/lausanne\/wp-json\/wp\/v2\/pages\/74650\/revisions"}],"predecessor-version":[{"id":74749,"href":"https:\/\/vert-e-s-vd.ch\/lausanne\/wp-json\/wp\/v2\/pages\/74650\/revisions\/74749"}],"wp:attachment":[{"href":"https:\/\/vert-e-s-vd.ch\/lausanne\/wp-json\/wp\/v2\/media?parent=74650"}],"curies":[{"name":"wp","href":"https:\/\/api.w.org\/{rel}","templated":true}]}}