{"id":71978,"date":"2020-12-06T10:44:25","date_gmt":"2020-12-06T09:44:25","guid":{"rendered":"https:\/\/vert-e-s-vd.ch\/lausanne\/?page_id=71978"},"modified":"2021-01-31T21:23:22","modified_gmt":"2021-01-31T20:23:22","slug":"transparence-verte","status":"publish","type":"page","link":"https:\/\/vert-e-s-vd.ch\/lausanne\/partage-du-pouvoir\/transparence-verte","title":{"rendered":"Transparence verte"},"content":{"rendered":"","protected":false},"excerpt":{"rendered":"","protected":false},"author":12,"featured_media":0,"parent":71856,"menu_order":0,"comment_status":"closed","ping_status":"closed","template":"","meta":{"_acf_changed":false,"inline_featured_image":false,"footnotes":""},"class_list":["post-71978","page","type-page","status-publish","hentry"],"acf":[],"yoast_head":"<!-- This site is optimized with the Yoast SEO plugin v26.9 - https:\/\/yoast.com\/product\/yoast-seo-wordpress\/ -->\n<title>Transparence verte - Les VERT\u00b7E\u00b7S lausannois\u00b7es<\/title>\n<meta name=\"description\" content=\"Nous nous engageons aussi \u00e0 appliquer des r\u00e8gles de gouvernance \u00e9thique en notre sein. Dans leurs activit\u00e9s politiciennes, les Vert\u00b7e\u00b7s agissent dans le respect des membres de leur groupe, tout comme de leurs alli\u00e9\u00b7e\u00b7s et de leurs adversaires. Les Vert\u00b7e\u00b7s favorisent la conciliation et l\u2019int\u00e9gration des diff\u00e9rentes positions plut\u00f4t que l\u2019opposition et le conflit et s\u2019efforcent de maintenir le d\u00e9bat politique au niveau des id\u00e9es, en \u00e9vitant de s\u2019attaquer \u00e0 une personne ou \u00e0 un groupe en tant que tel. Cela implique que les \u00e9lu\u00b7e\u00b7s et responsables vert\u00b7e\u00b7s respectent l\u2019ind\u00e9pendance d\u2019esprit de chacune et chacun et \u00e9vitent les conflits d\u2019int\u00e9r\u00eats. Enfin, obtenir des postes de pouvoir ou les maintenir n\u2019est pas la finalit\u00e9 des propositions et des actions politiques vertes.\" \/>\n<meta name=\"robots\" content=\"index, follow, max-snippet:-1, max-image-preview:large, max-video-preview:-1\" \/>\n<link rel=\"canonical\" href=\"https:\/\/vert-e-s-vd.ch\/lausanne\/partage-du-pouvoir\/transparence-verte\" \/>\n<meta property=\"og:locale\" content=\"fr_FR\" \/>\n<meta property=\"og:type\" content=\"article\" \/>\n<meta property=\"og:title\" content=\"Transparence verte - Les VERT\u00b7E\u00b7S lausannois\u00b7es\" \/>\n<meta property=\"og:description\" content=\"Nous nous engageons aussi \u00e0 appliquer des r\u00e8gles de gouvernance \u00e9thique en notre sein. Dans leurs activit\u00e9s politiciennes, les \u2026\" \/>\n<meta property=\"og:url\" content=\"https:\/\/vert-e-s-vd.ch\/lausanne\/partage-du-pouvoir\/transparence-verte\" \/>\n<meta property=\"og:site_name\" content=\"Les VERT\u00b7E\u00b7S lausannois\u00b7es\" \/>\n<meta property=\"article:modified_time\" content=\"2021-01-31T20:23:22+00:00\" \/>\n<meta name=\"twitter:card\" content=\"summary_large_image\" \/>\n<script type=\"application\/ld+json\" class=\"yoast-schema-graph\">{\"@context\":\"https:\/\/schema.org\",\"@graph\":[{\"@type\":\"WebPage\",\"@id\":\"https:\/\/vert-e-s-vd.ch\/lausanne\/partage-du-pouvoir\/transparence-verte\",\"url\":\"https:\/\/vert-e-s-vd.ch\/lausanne\/partage-du-pouvoir\/transparence-verte\",\"name\":\"Transparence verte - Les VERT\u00b7E\u00b7S lausannois\u00b7es\",\"isPartOf\":{\"@id\":\"https:\/\/vert-e-s-vd.ch\/lausanne\/#website\"},\"datePublished\":\"2020-12-06T09:44:25+00:00\",\"dateModified\":\"2021-01-31T20:23:22+00:00\",\"description\":\"Nous nous engageons aussi \u00e0 appliquer des r\u00e8gles de gouvernance \u00e9thique en notre sein. Dans leurs activit\u00e9s politiciennes, les Vert\u00b7e\u00b7s agissent dans le respect des membres de leur groupe, tout comme de leurs alli\u00e9\u00b7e\u00b7s et de leurs adversaires. Les Vert\u00b7e\u00b7s favorisent la conciliation et l\u2019int\u00e9gration des diff\u00e9rentes positions plut\u00f4t que l\u2019opposition et le conflit et s\u2019efforcent de maintenir le d\u00e9bat politique au niveau des id\u00e9es, en \u00e9vitant de s\u2019attaquer \u00e0 une personne ou \u00e0 un groupe en tant que tel. Cela implique que les \u00e9lu\u00b7e\u00b7s et responsables vert\u00b7e\u00b7s respectent l\u2019ind\u00e9pendance d\u2019esprit de chacune et chacun et \u00e9vitent les conflits d\u2019int\u00e9r\u00eats. Enfin, obtenir des postes de pouvoir ou les maintenir n\u2019est pas la finalit\u00e9 des propositions et des actions politiques vertes.\",\"breadcrumb\":{\"@id\":\"https:\/\/vert-e-s-vd.ch\/lausanne\/partage-du-pouvoir\/transparence-verte#breadcrumb\"},\"inLanguage\":\"fr-FR\",\"potentialAction\":[{\"@type\":\"ReadAction\",\"target\":[\"https:\/\/vert-e-s-vd.ch\/lausanne\/partage-du-pouvoir\/transparence-verte\"]}]},{\"@type\":\"BreadcrumbList\",\"@id\":\"https:\/\/vert-e-s-vd.ch\/lausanne\/partage-du-pouvoir\/transparence-verte#breadcrumb\",\"itemListElement\":[{\"@type\":\"ListItem\",\"position\":1,\"name\":\"Accueil\",\"item\":\"https:\/\/vert-e-s-vd.ch\/lausanne\/\"},{\"@type\":\"ListItem\",\"position\":2,\"name\":\"Agenda\"}]},{\"@type\":\"WebSite\",\"@id\":\"https:\/\/vert-e-s-vd.ch\/lausanne\/#website\",\"url\":\"https:\/\/vert-e-s-vd.ch\/lausanne\/\",\"name\":\"Les VERT\u00b7E\u00b7S lausannois\u00b7es\",\"description\":\"Une longueur d\u2019avance\",\"potentialAction\":[{\"@type\":\"SearchAction\",\"target\":{\"@type\":\"EntryPoint\",\"urlTemplate\":\"https:\/\/vert-e-s-vd.ch\/lausanne\/?s={search_term_string}\"},\"query-input\":{\"@type\":\"PropertyValueSpecification\",\"valueRequired\":true,\"valueName\":\"search_term_string\"}}],\"inLanguage\":\"fr-FR\"}]}<\/script>\n<!-- \/ Yoast SEO plugin. -->","yoast_head_json":{"title":"Transparence verte - Les VERT\u00b7E\u00b7S lausannois\u00b7es","description":"Nous nous engageons aussi \u00e0 appliquer des r\u00e8gles de gouvernance \u00e9thique en notre sein. Dans leurs activit\u00e9s politiciennes, les Vert\u00b7e\u00b7s agissent dans le respect des membres de leur groupe, tout comme de leurs alli\u00e9\u00b7e\u00b7s et de leurs adversaires. Les Vert\u00b7e\u00b7s favorisent la conciliation et l\u2019int\u00e9gration des diff\u00e9rentes positions plut\u00f4t que l\u2019opposition et le conflit et s\u2019efforcent de maintenir le d\u00e9bat politique au niveau des id\u00e9es, en \u00e9vitant de s\u2019attaquer \u00e0 une personne ou \u00e0 un groupe en tant que tel. Cela implique que les \u00e9lu\u00b7e\u00b7s et responsables vert\u00b7e\u00b7s respectent l\u2019ind\u00e9pendance d\u2019esprit de chacune et chacun et \u00e9vitent les conflits d\u2019int\u00e9r\u00eats. Enfin, obtenir des postes de pouvoir ou les maintenir n\u2019est pas la finalit\u00e9 des propositions et des actions politiques vertes.","robots":{"index":"index","follow":"follow","max-snippet":"max-snippet:-1","max-image-preview":"max-image-preview:large","max-video-preview":"max-video-preview:-1"},"canonical":"https:\/\/vert-e-s-vd.ch\/lausanne\/partage-du-pouvoir\/transparence-verte","og_locale":"fr_FR","og_type":"article","og_title":"Transparence verte - Les VERT\u00b7E\u00b7S lausannois\u00b7es","og_description":"Nous nous engageons aussi \u00e0 appliquer des r\u00e8gles de gouvernance \u00e9thique en notre sein. Dans leurs activit\u00e9s politiciennes, les \u2026","og_url":"https:\/\/vert-e-s-vd.ch\/lausanne\/partage-du-pouvoir\/transparence-verte","og_site_name":"Les VERT\u00b7E\u00b7S lausannois\u00b7es","article_modified_time":"2021-01-31T20:23:22+00:00","twitter_card":"summary_large_image","schema":{"@context":"https:\/\/schema.org","@graph":[{"@type":"WebPage","@id":"https:\/\/vert-e-s-vd.ch\/lausanne\/partage-du-pouvoir\/transparence-verte","url":"https:\/\/vert-e-s-vd.ch\/lausanne\/partage-du-pouvoir\/transparence-verte","name":"Transparence verte - Les VERT\u00b7E\u00b7S lausannois\u00b7es","isPartOf":{"@id":"https:\/\/vert-e-s-vd.ch\/lausanne\/#website"},"datePublished":"2020-12-06T09:44:25+00:00","dateModified":"2021-01-31T20:23:22+00:00","description":"Nous nous engageons aussi \u00e0 appliquer des r\u00e8gles de gouvernance \u00e9thique en notre sein. Dans leurs activit\u00e9s politiciennes, les Vert\u00b7e\u00b7s agissent dans le respect des membres de leur groupe, tout comme de leurs alli\u00e9\u00b7e\u00b7s et de leurs adversaires. Les Vert\u00b7e\u00b7s favorisent la conciliation et l\u2019int\u00e9gration des diff\u00e9rentes positions plut\u00f4t que l\u2019opposition et le conflit et s\u2019efforcent de maintenir le d\u00e9bat politique au niveau des id\u00e9es, en \u00e9vitant de s\u2019attaquer \u00e0 une personne ou \u00e0 un groupe en tant que tel. Cela implique que les \u00e9lu\u00b7e\u00b7s et responsables vert\u00b7e\u00b7s respectent l\u2019ind\u00e9pendance d\u2019esprit de chacune et chacun et \u00e9vitent les conflits d\u2019int\u00e9r\u00eats. Enfin, obtenir des postes de pouvoir ou les maintenir n\u2019est pas la finalit\u00e9 des propositions et des actions politiques vertes.","breadcrumb":{"@id":"https:\/\/vert-e-s-vd.ch\/lausanne\/partage-du-pouvoir\/transparence-verte#breadcrumb"},"inLanguage":"fr-FR","potentialAction":[{"@type":"ReadAction","target":["https:\/\/vert-e-s-vd.ch\/lausanne\/partage-du-pouvoir\/transparence-verte"]}]},{"@type":"BreadcrumbList","@id":"https:\/\/vert-e-s-vd.ch\/lausanne\/partage-du-pouvoir\/transparence-verte#breadcrumb","itemListElement":[{"@type":"ListItem","position":1,"name":"Accueil","item":"https:\/\/vert-e-s-vd.ch\/lausanne\/"},{"@type":"ListItem","position":2,"name":"Agenda"}]},{"@type":"WebSite","@id":"https:\/\/vert-e-s-vd.ch\/lausanne\/#website","url":"https:\/\/vert-e-s-vd.ch\/lausanne\/","name":"Les VERT\u00b7E\u00b7S lausannois\u00b7es","description":"Une longueur d\u2019avance","potentialAction":[{"@type":"SearchAction","target":{"@type":"EntryPoint","urlTemplate":"https:\/\/vert-e-s-vd.ch\/lausanne\/?s={search_term_string}"},"query-input":{"@type":"PropertyValueSpecification","valueRequired":true,"valueName":"search_term_string"}}],"inLanguage":"fr-FR"}]}},"_links":{"self":[{"href":"https:\/\/vert-e-s-vd.ch\/lausanne\/wp-json\/wp\/v2\/pages\/71978","targetHints":{"allow":["GET"]}}],"collection":[{"href":"https:\/\/vert-e-s-vd.ch\/lausanne\/wp-json\/wp\/v2\/pages"}],"about":[{"href":"https:\/\/vert-e-s-vd.ch\/lausanne\/wp-json\/wp\/v2\/types\/page"}],"author":[{"embeddable":true,"href":"https:\/\/vert-e-s-vd.ch\/lausanne\/wp-json\/wp\/v2\/users\/12"}],"replies":[{"embeddable":true,"href":"https:\/\/vert-e-s-vd.ch\/lausanne\/wp-json\/wp\/v2\/comments?post=71978"}],"version-history":[{"count":5,"href":"https:\/\/vert-e-s-vd.ch\/lausanne\/wp-json\/wp\/v2\/pages\/71978\/revisions"}],"predecessor-version":[{"id":72718,"href":"https:\/\/vert-e-s-vd.ch\/lausanne\/wp-json\/wp\/v2\/pages\/71978\/revisions\/72718"}],"up":[{"embeddable":true,"href":"https:\/\/vert-e-s-vd.ch\/lausanne\/wp-json\/wp\/v2\/pages\/71856"}],"wp:attachment":[{"href":"https:\/\/vert-e-s-vd.ch\/lausanne\/wp-json\/wp\/v2\/media?parent=71978"}],"curies":[{"name":"wp","href":"https:\/\/api.w.org\/{rel}","templated":true}]}}