{"id":71976,"date":"2020-12-06T10:42:18","date_gmt":"2020-12-06T09:42:18","guid":{"rendered":"https:\/\/vert-e-s-vd.ch\/lausanne\/?page_id=71976"},"modified":"2021-01-31T21:23:00","modified_gmt":"2021-01-31T20:23:00","slug":"implication-citoyenne","status":"publish","type":"page","link":"https:\/\/vert-e-s-vd.ch\/lausanne\/partage-du-pouvoir\/implication-citoyenne","title":{"rendered":"Implication citoyenne"},"content":{"rendered":"","protected":false},"excerpt":{"rendered":"","protected":false},"author":12,"featured_media":0,"parent":71856,"menu_order":0,"comment_status":"closed","ping_status":"closed","template":"","meta":{"_acf_changed":false,"inline_featured_image":false,"footnotes":""},"class_list":["post-71976","page","type-page","status-publish","hentry"],"acf":[],"yoast_head":"<!-- This site is optimized with the Yoast SEO plugin v26.9 - https:\/\/yoast.com\/product\/yoast-seo-wordpress\/ -->\n<title>Implication citoyenne - Les VERT\u00b7E\u00b7S lausannois\u00b7es<\/title>\n<meta name=\"description\" content=\"Notre d\u00e9mocratie vit gr\u00e2ce \u00e0 la participation des citoyennes et des citoyens dans la gouvernance de la ville et dans l\u2019organisation de sa soci\u00e9t\u00e9, en particulier au sein du monde associatif. Cette implication doit \u00eatre encourag\u00e9e et soutenue, car elle ne va pas de soi : de nombreux obstacles sociaux, culturels et \u00e9conomiques subsistent. Rendre accessible l\u2019administration et offrir la possibilit\u00e9 d\u2019une implication active est une n\u00e9cessit\u00e9 pour une ville qui souhaite rester proche de ses habitant\u00b7e\u00b7s.\" \/>\n<meta name=\"robots\" content=\"index, follow, max-snippet:-1, max-image-preview:large, max-video-preview:-1\" \/>\n<link rel=\"canonical\" href=\"https:\/\/vert-e-s-vd.ch\/lausanne\/partage-du-pouvoir\/implication-citoyenne\" \/>\n<meta property=\"og:locale\" content=\"fr_FR\" \/>\n<meta property=\"og:type\" content=\"article\" \/>\n<meta property=\"og:title\" content=\"Implication citoyenne - Les VERT\u00b7E\u00b7S lausannois\u00b7es\" \/>\n<meta property=\"og:description\" content=\"Notre d\u00e9mocratie vit gr\u00e2ce \u00e0 la participation des citoyennes et des citoyens dans la gouvernance de la ville et dans l\u2019organisation de \u2026\" \/>\n<meta property=\"og:url\" content=\"https:\/\/vert-e-s-vd.ch\/lausanne\/partage-du-pouvoir\/implication-citoyenne\" \/>\n<meta property=\"og:site_name\" content=\"Les VERT\u00b7E\u00b7S lausannois\u00b7es\" \/>\n<meta property=\"article:modified_time\" content=\"2021-01-31T20:23:00+00:00\" \/>\n<meta name=\"twitter:card\" content=\"summary_large_image\" \/>\n<script type=\"application\/ld+json\" class=\"yoast-schema-graph\">{\"@context\":\"https:\/\/schema.org\",\"@graph\":[{\"@type\":\"WebPage\",\"@id\":\"https:\/\/vert-e-s-vd.ch\/lausanne\/partage-du-pouvoir\/implication-citoyenne\",\"url\":\"https:\/\/vert-e-s-vd.ch\/lausanne\/partage-du-pouvoir\/implication-citoyenne\",\"name\":\"Implication citoyenne - Les VERT\u00b7E\u00b7S lausannois\u00b7es\",\"isPartOf\":{\"@id\":\"https:\/\/vert-e-s-vd.ch\/lausanne\/#website\"},\"datePublished\":\"2020-12-06T09:42:18+00:00\",\"dateModified\":\"2021-01-31T20:23:00+00:00\",\"description\":\"Notre d\u00e9mocratie vit gr\u00e2ce \u00e0 la participation des citoyennes et des citoyens dans la gouvernance de la ville et dans l\u2019organisation de sa soci\u00e9t\u00e9, en particulier au sein du monde associatif. Cette implication doit \u00eatre encourag\u00e9e et soutenue, car elle ne va pas de soi : de nombreux obstacles sociaux, culturels et \u00e9conomiques subsistent. Rendre accessible l\u2019administration et offrir la possibilit\u00e9 d\u2019une implication active est une n\u00e9cessit\u00e9 pour une ville qui souhaite rester proche de ses habitant\u00b7e\u00b7s.\",\"breadcrumb\":{\"@id\":\"https:\/\/vert-e-s-vd.ch\/lausanne\/partage-du-pouvoir\/implication-citoyenne#breadcrumb\"},\"inLanguage\":\"fr-FR\",\"potentialAction\":[{\"@type\":\"ReadAction\",\"target\":[\"https:\/\/vert-e-s-vd.ch\/lausanne\/partage-du-pouvoir\/implication-citoyenne\"]}]},{\"@type\":\"BreadcrumbList\",\"@id\":\"https:\/\/vert-e-s-vd.ch\/lausanne\/partage-du-pouvoir\/implication-citoyenne#breadcrumb\",\"itemListElement\":[{\"@type\":\"ListItem\",\"position\":1,\"name\":\"Accueil\",\"item\":\"https:\/\/vert-e-s-vd.ch\/lausanne\/\"},{\"@type\":\"ListItem\",\"position\":2,\"name\":\"Agenda\"}]},{\"@type\":\"WebSite\",\"@id\":\"https:\/\/vert-e-s-vd.ch\/lausanne\/#website\",\"url\":\"https:\/\/vert-e-s-vd.ch\/lausanne\/\",\"name\":\"Les VERT\u00b7E\u00b7S lausannois\u00b7es\",\"description\":\"Une longueur d\u2019avance\",\"potentialAction\":[{\"@type\":\"SearchAction\",\"target\":{\"@type\":\"EntryPoint\",\"urlTemplate\":\"https:\/\/vert-e-s-vd.ch\/lausanne\/?s={search_term_string}\"},\"query-input\":{\"@type\":\"PropertyValueSpecification\",\"valueRequired\":true,\"valueName\":\"search_term_string\"}}],\"inLanguage\":\"fr-FR\"}]}<\/script>\n<!-- \/ Yoast SEO plugin. -->","yoast_head_json":{"title":"Implication citoyenne - Les VERT\u00b7E\u00b7S lausannois\u00b7es","description":"Notre d\u00e9mocratie vit gr\u00e2ce \u00e0 la participation des citoyennes et des citoyens dans la gouvernance de la ville et dans l\u2019organisation de sa soci\u00e9t\u00e9, en particulier au sein du monde associatif. Cette implication doit \u00eatre encourag\u00e9e et soutenue, car elle ne va pas de soi : de nombreux obstacles sociaux, culturels et \u00e9conomiques subsistent. Rendre accessible l\u2019administration et offrir la possibilit\u00e9 d\u2019une implication active est une n\u00e9cessit\u00e9 pour une ville qui souhaite rester proche de ses habitant\u00b7e\u00b7s.","robots":{"index":"index","follow":"follow","max-snippet":"max-snippet:-1","max-image-preview":"max-image-preview:large","max-video-preview":"max-video-preview:-1"},"canonical":"https:\/\/vert-e-s-vd.ch\/lausanne\/partage-du-pouvoir\/implication-citoyenne","og_locale":"fr_FR","og_type":"article","og_title":"Implication citoyenne - Les VERT\u00b7E\u00b7S lausannois\u00b7es","og_description":"Notre d\u00e9mocratie vit gr\u00e2ce \u00e0 la participation des citoyennes et des citoyens dans la gouvernance de la ville et dans l\u2019organisation de \u2026","og_url":"https:\/\/vert-e-s-vd.ch\/lausanne\/partage-du-pouvoir\/implication-citoyenne","og_site_name":"Les VERT\u00b7E\u00b7S lausannois\u00b7es","article_modified_time":"2021-01-31T20:23:00+00:00","twitter_card":"summary_large_image","schema":{"@context":"https:\/\/schema.org","@graph":[{"@type":"WebPage","@id":"https:\/\/vert-e-s-vd.ch\/lausanne\/partage-du-pouvoir\/implication-citoyenne","url":"https:\/\/vert-e-s-vd.ch\/lausanne\/partage-du-pouvoir\/implication-citoyenne","name":"Implication citoyenne - Les VERT\u00b7E\u00b7S lausannois\u00b7es","isPartOf":{"@id":"https:\/\/vert-e-s-vd.ch\/lausanne\/#website"},"datePublished":"2020-12-06T09:42:18+00:00","dateModified":"2021-01-31T20:23:00+00:00","description":"Notre d\u00e9mocratie vit gr\u00e2ce \u00e0 la participation des citoyennes et des citoyens dans la gouvernance de la ville et dans l\u2019organisation de sa soci\u00e9t\u00e9, en particulier au sein du monde associatif. Cette implication doit \u00eatre encourag\u00e9e et soutenue, car elle ne va pas de soi : de nombreux obstacles sociaux, culturels et \u00e9conomiques subsistent. Rendre accessible l\u2019administration et offrir la possibilit\u00e9 d\u2019une implication active est une n\u00e9cessit\u00e9 pour une ville qui souhaite rester proche de ses habitant\u00b7e\u00b7s.","breadcrumb":{"@id":"https:\/\/vert-e-s-vd.ch\/lausanne\/partage-du-pouvoir\/implication-citoyenne#breadcrumb"},"inLanguage":"fr-FR","potentialAction":[{"@type":"ReadAction","target":["https:\/\/vert-e-s-vd.ch\/lausanne\/partage-du-pouvoir\/implication-citoyenne"]}]},{"@type":"BreadcrumbList","@id":"https:\/\/vert-e-s-vd.ch\/lausanne\/partage-du-pouvoir\/implication-citoyenne#breadcrumb","itemListElement":[{"@type":"ListItem","position":1,"name":"Accueil","item":"https:\/\/vert-e-s-vd.ch\/lausanne\/"},{"@type":"ListItem","position":2,"name":"Agenda"}]},{"@type":"WebSite","@id":"https:\/\/vert-e-s-vd.ch\/lausanne\/#website","url":"https:\/\/vert-e-s-vd.ch\/lausanne\/","name":"Les VERT\u00b7E\u00b7S lausannois\u00b7es","description":"Une longueur d\u2019avance","potentialAction":[{"@type":"SearchAction","target":{"@type":"EntryPoint","urlTemplate":"https:\/\/vert-e-s-vd.ch\/lausanne\/?s={search_term_string}"},"query-input":{"@type":"PropertyValueSpecification","valueRequired":true,"valueName":"search_term_string"}}],"inLanguage":"fr-FR"}]}},"_links":{"self":[{"href":"https:\/\/vert-e-s-vd.ch\/lausanne\/wp-json\/wp\/v2\/pages\/71976","targetHints":{"allow":["GET"]}}],"collection":[{"href":"https:\/\/vert-e-s-vd.ch\/lausanne\/wp-json\/wp\/v2\/pages"}],"about":[{"href":"https:\/\/vert-e-s-vd.ch\/lausanne\/wp-json\/wp\/v2\/types\/page"}],"author":[{"embeddable":true,"href":"https:\/\/vert-e-s-vd.ch\/lausanne\/wp-json\/wp\/v2\/users\/12"}],"replies":[{"embeddable":true,"href":"https:\/\/vert-e-s-vd.ch\/lausanne\/wp-json\/wp\/v2\/comments?post=71976"}],"version-history":[{"count":11,"href":"https:\/\/vert-e-s-vd.ch\/lausanne\/wp-json\/wp\/v2\/pages\/71976\/revisions"}],"predecessor-version":[{"id":72717,"href":"https:\/\/vert-e-s-vd.ch\/lausanne\/wp-json\/wp\/v2\/pages\/71976\/revisions\/72717"}],"up":[{"embeddable":true,"href":"https:\/\/vert-e-s-vd.ch\/lausanne\/wp-json\/wp\/v2\/pages\/71856"}],"wp:attachment":[{"href":"https:\/\/vert-e-s-vd.ch\/lausanne\/wp-json\/wp\/v2\/media?parent=71976"}],"curies":[{"name":"wp","href":"https:\/\/api.w.org\/{rel}","templated":true}]}}