{"id":71974,"date":"2020-12-06T10:40:12","date_gmt":"2020-12-06T09:40:12","guid":{"rendered":"https:\/\/vert-e-s-vd.ch\/lausanne\/?page_id=71974"},"modified":"2021-01-31T21:28:14","modified_gmt":"2021-01-31T20:28:14","slug":"ville-exemplaire","status":"publish","type":"page","link":"https:\/\/vert-e-s-vd.ch\/lausanne\/partage-du-pouvoir\/ville-exemplaire","title":{"rendered":"Ville exemplaire"},"content":{"rendered":"","protected":false},"excerpt":{"rendered":"","protected":false},"author":12,"featured_media":0,"parent":71856,"menu_order":0,"comment_status":"closed","ping_status":"closed","template":"","meta":{"_acf_changed":false,"inline_featured_image":false,"footnotes":""},"class_list":["post-71974","page","type-page","status-publish","hentry"],"acf":[],"yoast_head":"<!-- This site is optimized with the Yoast SEO plugin v26.9 - https:\/\/yoast.com\/product\/yoast-seo-wordpress\/ -->\n<title>Ville exemplaire - Les VERT\u00b7E\u00b7S lausannois\u00b7es<\/title>\n<meta name=\"description\" content=\"La gestion communale se doit non seulement d\u2019\u00eatre exemplaire, mais, en plus, aucun doute ne doit subsister \u00e0 ce sujet. La transparence est une valeur verte centrale, que ce soit dans le domaine public ou dans celui des soci\u00e9t\u00e9s priv\u00e9es en mains de la Ville. L\u2019exemplarit\u00e9 doit certes \u00eatre atteinte dans la gestion comptable, mais \u00e9galement dans la gestion humaine, par l\u2019\u00e9galit\u00e9, l\u2019\u00e9galit\u00e9 de traitement, la protection des employ\u00e9\u00b7e\u00b7s, et dans la gestion commerciale, par les choix d\u2019achats ou d\u2019organisations.\" \/>\n<meta name=\"robots\" content=\"index, follow, max-snippet:-1, max-image-preview:large, max-video-preview:-1\" \/>\n<link rel=\"canonical\" href=\"https:\/\/vert-e-s-vd.ch\/lausanne\/partage-du-pouvoir\/ville-exemplaire\" \/>\n<meta property=\"og:locale\" content=\"fr_FR\" \/>\n<meta property=\"og:type\" content=\"article\" \/>\n<meta property=\"og:title\" content=\"Ville exemplaire - Les VERT\u00b7E\u00b7S lausannois\u00b7es\" \/>\n<meta property=\"og:description\" content=\"La gestion communale se doit non seulement d\u2019\u00eatre exemplaire, mais, en plus, aucun doute ne doit subsister \u00e0 ce sujet. La transparence \u2026\" \/>\n<meta property=\"og:url\" content=\"https:\/\/vert-e-s-vd.ch\/lausanne\/partage-du-pouvoir\/ville-exemplaire\" \/>\n<meta property=\"og:site_name\" content=\"Les VERT\u00b7E\u00b7S lausannois\u00b7es\" \/>\n<meta property=\"article:modified_time\" content=\"2021-01-31T20:28:14+00:00\" \/>\n<meta name=\"twitter:card\" content=\"summary_large_image\" \/>\n<script type=\"application\/ld+json\" class=\"yoast-schema-graph\">{\"@context\":\"https:\/\/schema.org\",\"@graph\":[{\"@type\":\"WebPage\",\"@id\":\"https:\/\/vert-e-s-vd.ch\/lausanne\/partage-du-pouvoir\/ville-exemplaire\",\"url\":\"https:\/\/vert-e-s-vd.ch\/lausanne\/partage-du-pouvoir\/ville-exemplaire\",\"name\":\"Ville exemplaire - Les VERT\u00b7E\u00b7S lausannois\u00b7es\",\"isPartOf\":{\"@id\":\"https:\/\/vert-e-s-vd.ch\/lausanne\/#website\"},\"datePublished\":\"2020-12-06T09:40:12+00:00\",\"dateModified\":\"2021-01-31T20:28:14+00:00\",\"description\":\"La gestion communale se doit non seulement d\u2019\u00eatre exemplaire, mais, en plus, aucun doute ne doit subsister \u00e0 ce sujet. La transparence est une valeur verte centrale, que ce soit dans le domaine public ou dans celui des soci\u00e9t\u00e9s priv\u00e9es en mains de la Ville. L\u2019exemplarit\u00e9 doit certes \u00eatre atteinte dans la gestion comptable, mais \u00e9galement dans la gestion humaine, par l\u2019\u00e9galit\u00e9, l\u2019\u00e9galit\u00e9 de traitement, la protection des employ\u00e9\u00b7e\u00b7s, et dans la gestion commerciale, par les choix d\u2019achats ou d\u2019organisations.\",\"breadcrumb\":{\"@id\":\"https:\/\/vert-e-s-vd.ch\/lausanne\/partage-du-pouvoir\/ville-exemplaire#breadcrumb\"},\"inLanguage\":\"fr-FR\",\"potentialAction\":[{\"@type\":\"ReadAction\",\"target\":[\"https:\/\/vert-e-s-vd.ch\/lausanne\/partage-du-pouvoir\/ville-exemplaire\"]}]},{\"@type\":\"BreadcrumbList\",\"@id\":\"https:\/\/vert-e-s-vd.ch\/lausanne\/partage-du-pouvoir\/ville-exemplaire#breadcrumb\",\"itemListElement\":[{\"@type\":\"ListItem\",\"position\":1,\"name\":\"Accueil\",\"item\":\"https:\/\/vert-e-s-vd.ch\/lausanne\/\"},{\"@type\":\"ListItem\",\"position\":2,\"name\":\"Agenda\"}]},{\"@type\":\"WebSite\",\"@id\":\"https:\/\/vert-e-s-vd.ch\/lausanne\/#website\",\"url\":\"https:\/\/vert-e-s-vd.ch\/lausanne\/\",\"name\":\"Les VERT\u00b7E\u00b7S lausannois\u00b7es\",\"description\":\"Une longueur d\u2019avance\",\"potentialAction\":[{\"@type\":\"SearchAction\",\"target\":{\"@type\":\"EntryPoint\",\"urlTemplate\":\"https:\/\/vert-e-s-vd.ch\/lausanne\/?s={search_term_string}\"},\"query-input\":{\"@type\":\"PropertyValueSpecification\",\"valueRequired\":true,\"valueName\":\"search_term_string\"}}],\"inLanguage\":\"fr-FR\"}]}<\/script>\n<!-- \/ Yoast SEO plugin. -->","yoast_head_json":{"title":"Ville exemplaire - Les VERT\u00b7E\u00b7S lausannois\u00b7es","description":"La gestion communale se doit non seulement d\u2019\u00eatre exemplaire, mais, en plus, aucun doute ne doit subsister \u00e0 ce sujet. La transparence est une valeur verte centrale, que ce soit dans le domaine public ou dans celui des soci\u00e9t\u00e9s priv\u00e9es en mains de la Ville. L\u2019exemplarit\u00e9 doit certes \u00eatre atteinte dans la gestion comptable, mais \u00e9galement dans la gestion humaine, par l\u2019\u00e9galit\u00e9, l\u2019\u00e9galit\u00e9 de traitement, la protection des employ\u00e9\u00b7e\u00b7s, et dans la gestion commerciale, par les choix d\u2019achats ou d\u2019organisations.","robots":{"index":"index","follow":"follow","max-snippet":"max-snippet:-1","max-image-preview":"max-image-preview:large","max-video-preview":"max-video-preview:-1"},"canonical":"https:\/\/vert-e-s-vd.ch\/lausanne\/partage-du-pouvoir\/ville-exemplaire","og_locale":"fr_FR","og_type":"article","og_title":"Ville exemplaire - Les VERT\u00b7E\u00b7S lausannois\u00b7es","og_description":"La gestion communale se doit non seulement d\u2019\u00eatre exemplaire, mais, en plus, aucun doute ne doit subsister \u00e0 ce sujet. La transparence \u2026","og_url":"https:\/\/vert-e-s-vd.ch\/lausanne\/partage-du-pouvoir\/ville-exemplaire","og_site_name":"Les VERT\u00b7E\u00b7S lausannois\u00b7es","article_modified_time":"2021-01-31T20:28:14+00:00","twitter_card":"summary_large_image","schema":{"@context":"https:\/\/schema.org","@graph":[{"@type":"WebPage","@id":"https:\/\/vert-e-s-vd.ch\/lausanne\/partage-du-pouvoir\/ville-exemplaire","url":"https:\/\/vert-e-s-vd.ch\/lausanne\/partage-du-pouvoir\/ville-exemplaire","name":"Ville exemplaire - Les VERT\u00b7E\u00b7S lausannois\u00b7es","isPartOf":{"@id":"https:\/\/vert-e-s-vd.ch\/lausanne\/#website"},"datePublished":"2020-12-06T09:40:12+00:00","dateModified":"2021-01-31T20:28:14+00:00","description":"La gestion communale se doit non seulement d\u2019\u00eatre exemplaire, mais, en plus, aucun doute ne doit subsister \u00e0 ce sujet. La transparence est une valeur verte centrale, que ce soit dans le domaine public ou dans celui des soci\u00e9t\u00e9s priv\u00e9es en mains de la Ville. L\u2019exemplarit\u00e9 doit certes \u00eatre atteinte dans la gestion comptable, mais \u00e9galement dans la gestion humaine, par l\u2019\u00e9galit\u00e9, l\u2019\u00e9galit\u00e9 de traitement, la protection des employ\u00e9\u00b7e\u00b7s, et dans la gestion commerciale, par les choix d\u2019achats ou d\u2019organisations.","breadcrumb":{"@id":"https:\/\/vert-e-s-vd.ch\/lausanne\/partage-du-pouvoir\/ville-exemplaire#breadcrumb"},"inLanguage":"fr-FR","potentialAction":[{"@type":"ReadAction","target":["https:\/\/vert-e-s-vd.ch\/lausanne\/partage-du-pouvoir\/ville-exemplaire"]}]},{"@type":"BreadcrumbList","@id":"https:\/\/vert-e-s-vd.ch\/lausanne\/partage-du-pouvoir\/ville-exemplaire#breadcrumb","itemListElement":[{"@type":"ListItem","position":1,"name":"Accueil","item":"https:\/\/vert-e-s-vd.ch\/lausanne\/"},{"@type":"ListItem","position":2,"name":"Agenda"}]},{"@type":"WebSite","@id":"https:\/\/vert-e-s-vd.ch\/lausanne\/#website","url":"https:\/\/vert-e-s-vd.ch\/lausanne\/","name":"Les VERT\u00b7E\u00b7S lausannois\u00b7es","description":"Une longueur d\u2019avance","potentialAction":[{"@type":"SearchAction","target":{"@type":"EntryPoint","urlTemplate":"https:\/\/vert-e-s-vd.ch\/lausanne\/?s={search_term_string}"},"query-input":{"@type":"PropertyValueSpecification","valueRequired":true,"valueName":"search_term_string"}}],"inLanguage":"fr-FR"}]}},"_links":{"self":[{"href":"https:\/\/vert-e-s-vd.ch\/lausanne\/wp-json\/wp\/v2\/pages\/71974","targetHints":{"allow":["GET"]}}],"collection":[{"href":"https:\/\/vert-e-s-vd.ch\/lausanne\/wp-json\/wp\/v2\/pages"}],"about":[{"href":"https:\/\/vert-e-s-vd.ch\/lausanne\/wp-json\/wp\/v2\/types\/page"}],"author":[{"embeddable":true,"href":"https:\/\/vert-e-s-vd.ch\/lausanne\/wp-json\/wp\/v2\/users\/12"}],"replies":[{"embeddable":true,"href":"https:\/\/vert-e-s-vd.ch\/lausanne\/wp-json\/wp\/v2\/comments?post=71974"}],"version-history":[{"count":16,"href":"https:\/\/vert-e-s-vd.ch\/lausanne\/wp-json\/wp\/v2\/pages\/71974\/revisions"}],"predecessor-version":[{"id":72721,"href":"https:\/\/vert-e-s-vd.ch\/lausanne\/wp-json\/wp\/v2\/pages\/71974\/revisions\/72721"}],"up":[{"embeddable":true,"href":"https:\/\/vert-e-s-vd.ch\/lausanne\/wp-json\/wp\/v2\/pages\/71856"}],"wp:attachment":[{"href":"https:\/\/vert-e-s-vd.ch\/lausanne\/wp-json\/wp\/v2\/media?parent=71974"}],"curies":[{"name":"wp","href":"https:\/\/api.w.org\/{rel}","templated":true}]}}