{"id":71971,"date":"2020-12-06T10:36:02","date_gmt":"2020-12-06T09:36:02","guid":{"rendered":"https:\/\/vert-e-s-vd.ch\/lausanne\/?page_id=71971"},"modified":"2021-01-31T21:22:34","modified_gmt":"2021-01-31T20:22:34","slug":"vie-politique-foisonnante","status":"publish","type":"page","link":"https:\/\/vert-e-s-vd.ch\/lausanne\/partage-du-pouvoir\/vie-politique-foisonnante","title":{"rendered":"Vie politique foisonnante"},"content":{"rendered":"","protected":false},"excerpt":{"rendered":"","protected":false},"author":12,"featured_media":0,"parent":71856,"menu_order":0,"comment_status":"closed","ping_status":"closed","template":"","meta":{"_acf_changed":false,"inline_featured_image":false,"footnotes":""},"class_list":["post-71971","page","type-page","status-publish","hentry"],"acf":[],"yoast_head":"<!-- This site is optimized with the Yoast SEO plugin v26.9 - https:\/\/yoast.com\/product\/yoast-seo-wordpress\/ -->\n<title>Vie politique foisonnante - Les VERT\u00b7E\u00b7S lausannois\u00b7es<\/title>\n<meta name=\"description\" content=\"L\u2019engagement politique des habitant\u00b7e\u00b7s est la cl\u00e9 d\u2019une d\u00e9mocratie vivante et saine. Chacun\u00b7e peut participer \u00e0 construire le futur de notre soci\u00e9t\u00e9, \u00e0 tous les niveaux et par une consultation au plus proche. Par ailleurs, Lausanne \u2013 en tant que capitale du canton \u2013 doit prendre un r\u00f4le de moteur dans la politique d\u2019agglom\u00e9ration. Cinqui\u00e8me ville du pays, elle assume de plus la mise \u00e0 disposition de tout le canton de nombreux services et devrait pouvoir compter sur la solidarit\u00e9 intercommunale en retour.\" \/>\n<meta name=\"robots\" content=\"index, follow, max-snippet:-1, max-image-preview:large, max-video-preview:-1\" \/>\n<link rel=\"canonical\" href=\"https:\/\/vert-e-s-vd.ch\/lausanne\/partage-du-pouvoir\/vie-politique-foisonnante\" \/>\n<meta property=\"og:locale\" content=\"fr_FR\" \/>\n<meta property=\"og:type\" content=\"article\" \/>\n<meta property=\"og:title\" content=\"Vie politique foisonnante - Les VERT\u00b7E\u00b7S lausannois\u00b7es\" \/>\n<meta property=\"og:description\" content=\"L\u2019engagement politique des habitant\u00b7e\u00b7s est la cl\u00e9 d\u2019une d\u00e9mocratie vivante et saine. Chacun\u00b7e peut participer \u00e0 construire le \u2026\" \/>\n<meta property=\"og:url\" content=\"https:\/\/vert-e-s-vd.ch\/lausanne\/partage-du-pouvoir\/vie-politique-foisonnante\" \/>\n<meta property=\"og:site_name\" content=\"Les VERT\u00b7E\u00b7S lausannois\u00b7es\" \/>\n<meta property=\"article:modified_time\" content=\"2021-01-31T20:22:34+00:00\" \/>\n<meta name=\"twitter:card\" content=\"summary_large_image\" \/>\n<script type=\"application\/ld+json\" class=\"yoast-schema-graph\">{\"@context\":\"https:\/\/schema.org\",\"@graph\":[{\"@type\":\"WebPage\",\"@id\":\"https:\/\/vert-e-s-vd.ch\/lausanne\/partage-du-pouvoir\/vie-politique-foisonnante\",\"url\":\"https:\/\/vert-e-s-vd.ch\/lausanne\/partage-du-pouvoir\/vie-politique-foisonnante\",\"name\":\"Vie politique foisonnante - Les VERT\u00b7E\u00b7S lausannois\u00b7es\",\"isPartOf\":{\"@id\":\"https:\/\/vert-e-s-vd.ch\/lausanne\/#website\"},\"datePublished\":\"2020-12-06T09:36:02+00:00\",\"dateModified\":\"2021-01-31T20:22:34+00:00\",\"description\":\"L\u2019engagement politique des habitant\u00b7e\u00b7s est la cl\u00e9 d\u2019une d\u00e9mocratie vivante et saine. Chacun\u00b7e peut participer \u00e0 construire le futur de notre soci\u00e9t\u00e9, \u00e0 tous les niveaux et par une consultation au plus proche. Par ailleurs, Lausanne \u2013 en tant que capitale du canton \u2013 doit prendre un r\u00f4le de moteur dans la politique d\u2019agglom\u00e9ration. Cinqui\u00e8me ville du pays, elle assume de plus la mise \u00e0 disposition de tout le canton de nombreux services et devrait pouvoir compter sur la solidarit\u00e9 intercommunale en retour.\",\"breadcrumb\":{\"@id\":\"https:\/\/vert-e-s-vd.ch\/lausanne\/partage-du-pouvoir\/vie-politique-foisonnante#breadcrumb\"},\"inLanguage\":\"fr-FR\",\"potentialAction\":[{\"@type\":\"ReadAction\",\"target\":[\"https:\/\/vert-e-s-vd.ch\/lausanne\/partage-du-pouvoir\/vie-politique-foisonnante\"]}]},{\"@type\":\"BreadcrumbList\",\"@id\":\"https:\/\/vert-e-s-vd.ch\/lausanne\/partage-du-pouvoir\/vie-politique-foisonnante#breadcrumb\",\"itemListElement\":[{\"@type\":\"ListItem\",\"position\":1,\"name\":\"Accueil\",\"item\":\"https:\/\/vert-e-s-vd.ch\/lausanne\/\"},{\"@type\":\"ListItem\",\"position\":2,\"name\":\"Agenda\"}]},{\"@type\":\"WebSite\",\"@id\":\"https:\/\/vert-e-s-vd.ch\/lausanne\/#website\",\"url\":\"https:\/\/vert-e-s-vd.ch\/lausanne\/\",\"name\":\"Les VERT\u00b7E\u00b7S lausannois\u00b7es\",\"description\":\"Une longueur d\u2019avance\",\"potentialAction\":[{\"@type\":\"SearchAction\",\"target\":{\"@type\":\"EntryPoint\",\"urlTemplate\":\"https:\/\/vert-e-s-vd.ch\/lausanne\/?s={search_term_string}\"},\"query-input\":{\"@type\":\"PropertyValueSpecification\",\"valueRequired\":true,\"valueName\":\"search_term_string\"}}],\"inLanguage\":\"fr-FR\"}]}<\/script>\n<!-- \/ Yoast SEO plugin. -->","yoast_head_json":{"title":"Vie politique foisonnante - Les VERT\u00b7E\u00b7S lausannois\u00b7es","description":"L\u2019engagement politique des habitant\u00b7e\u00b7s est la cl\u00e9 d\u2019une d\u00e9mocratie vivante et saine. Chacun\u00b7e peut participer \u00e0 construire le futur de notre soci\u00e9t\u00e9, \u00e0 tous les niveaux et par une consultation au plus proche. Par ailleurs, Lausanne \u2013 en tant que capitale du canton \u2013 doit prendre un r\u00f4le de moteur dans la politique d\u2019agglom\u00e9ration. Cinqui\u00e8me ville du pays, elle assume de plus la mise \u00e0 disposition de tout le canton de nombreux services et devrait pouvoir compter sur la solidarit\u00e9 intercommunale en retour.","robots":{"index":"index","follow":"follow","max-snippet":"max-snippet:-1","max-image-preview":"max-image-preview:large","max-video-preview":"max-video-preview:-1"},"canonical":"https:\/\/vert-e-s-vd.ch\/lausanne\/partage-du-pouvoir\/vie-politique-foisonnante","og_locale":"fr_FR","og_type":"article","og_title":"Vie politique foisonnante - Les VERT\u00b7E\u00b7S lausannois\u00b7es","og_description":"L\u2019engagement politique des habitant\u00b7e\u00b7s est la cl\u00e9 d\u2019une d\u00e9mocratie vivante et saine. Chacun\u00b7e peut participer \u00e0 construire le \u2026","og_url":"https:\/\/vert-e-s-vd.ch\/lausanne\/partage-du-pouvoir\/vie-politique-foisonnante","og_site_name":"Les VERT\u00b7E\u00b7S lausannois\u00b7es","article_modified_time":"2021-01-31T20:22:34+00:00","twitter_card":"summary_large_image","schema":{"@context":"https:\/\/schema.org","@graph":[{"@type":"WebPage","@id":"https:\/\/vert-e-s-vd.ch\/lausanne\/partage-du-pouvoir\/vie-politique-foisonnante","url":"https:\/\/vert-e-s-vd.ch\/lausanne\/partage-du-pouvoir\/vie-politique-foisonnante","name":"Vie politique foisonnante - Les VERT\u00b7E\u00b7S lausannois\u00b7es","isPartOf":{"@id":"https:\/\/vert-e-s-vd.ch\/lausanne\/#website"},"datePublished":"2020-12-06T09:36:02+00:00","dateModified":"2021-01-31T20:22:34+00:00","description":"L\u2019engagement politique des habitant\u00b7e\u00b7s est la cl\u00e9 d\u2019une d\u00e9mocratie vivante et saine. Chacun\u00b7e peut participer \u00e0 construire le futur de notre soci\u00e9t\u00e9, \u00e0 tous les niveaux et par une consultation au plus proche. Par ailleurs, Lausanne \u2013 en tant que capitale du canton \u2013 doit prendre un r\u00f4le de moteur dans la politique d\u2019agglom\u00e9ration. Cinqui\u00e8me ville du pays, elle assume de plus la mise \u00e0 disposition de tout le canton de nombreux services et devrait pouvoir compter sur la solidarit\u00e9 intercommunale en retour.","breadcrumb":{"@id":"https:\/\/vert-e-s-vd.ch\/lausanne\/partage-du-pouvoir\/vie-politique-foisonnante#breadcrumb"},"inLanguage":"fr-FR","potentialAction":[{"@type":"ReadAction","target":["https:\/\/vert-e-s-vd.ch\/lausanne\/partage-du-pouvoir\/vie-politique-foisonnante"]}]},{"@type":"BreadcrumbList","@id":"https:\/\/vert-e-s-vd.ch\/lausanne\/partage-du-pouvoir\/vie-politique-foisonnante#breadcrumb","itemListElement":[{"@type":"ListItem","position":1,"name":"Accueil","item":"https:\/\/vert-e-s-vd.ch\/lausanne\/"},{"@type":"ListItem","position":2,"name":"Agenda"}]},{"@type":"WebSite","@id":"https:\/\/vert-e-s-vd.ch\/lausanne\/#website","url":"https:\/\/vert-e-s-vd.ch\/lausanne\/","name":"Les VERT\u00b7E\u00b7S lausannois\u00b7es","description":"Une longueur d\u2019avance","potentialAction":[{"@type":"SearchAction","target":{"@type":"EntryPoint","urlTemplate":"https:\/\/vert-e-s-vd.ch\/lausanne\/?s={search_term_string}"},"query-input":{"@type":"PropertyValueSpecification","valueRequired":true,"valueName":"search_term_string"}}],"inLanguage":"fr-FR"}]}},"_links":{"self":[{"href":"https:\/\/vert-e-s-vd.ch\/lausanne\/wp-json\/wp\/v2\/pages\/71971","targetHints":{"allow":["GET"]}}],"collection":[{"href":"https:\/\/vert-e-s-vd.ch\/lausanne\/wp-json\/wp\/v2\/pages"}],"about":[{"href":"https:\/\/vert-e-s-vd.ch\/lausanne\/wp-json\/wp\/v2\/types\/page"}],"author":[{"embeddable":true,"href":"https:\/\/vert-e-s-vd.ch\/lausanne\/wp-json\/wp\/v2\/users\/12"}],"replies":[{"embeddable":true,"href":"https:\/\/vert-e-s-vd.ch\/lausanne\/wp-json\/wp\/v2\/comments?post=71971"}],"version-history":[{"count":16,"href":"https:\/\/vert-e-s-vd.ch\/lausanne\/wp-json\/wp\/v2\/pages\/71971\/revisions"}],"predecessor-version":[{"id":72715,"href":"https:\/\/vert-e-s-vd.ch\/lausanne\/wp-json\/wp\/v2\/pages\/71971\/revisions\/72715"}],"up":[{"embeddable":true,"href":"https:\/\/vert-e-s-vd.ch\/lausanne\/wp-json\/wp\/v2\/pages\/71856"}],"wp:attachment":[{"href":"https:\/\/vert-e-s-vd.ch\/lausanne\/wp-json\/wp\/v2\/media?parent=71971"}],"curies":[{"name":"wp","href":"https:\/\/api.w.org\/{rel}","templated":true}]}}