{"id":71943,"date":"2020-12-05T21:17:55","date_gmt":"2020-12-05T20:17:55","guid":{"rendered":"https:\/\/vert-e-s-vd.ch\/lausanne\/?page_id=71943"},"modified":"2021-01-31T20:52:46","modified_gmt":"2021-01-31T19:52:46","slug":"reseaux-efficients","status":"publish","type":"page","link":"https:\/\/vert-e-s-vd.ch\/lausanne\/ville-de-demain\/reseaux-efficients","title":{"rendered":"R\u00e9seaux efficients"},"content":{"rendered":"","protected":false},"excerpt":{"rendered":"","protected":false},"author":12,"featured_media":72694,"parent":71852,"menu_order":0,"comment_status":"closed","ping_status":"closed","template":"","meta":{"_acf_changed":false,"inline_featured_image":false,"footnotes":""},"class_list":["post-71943","page","type-page","status-publish","has-post-thumbnail","hentry"],"acf":[],"yoast_head":"<!-- This site is optimized with the Yoast SEO plugin v26.9 - https:\/\/yoast.com\/product\/yoast-seo-wordpress\/ -->\n<title>R\u00e9seaux efficients - Les VERT\u00b7E\u00b7S lausannois\u00b7es<\/title>\n<meta name=\"description\" content=\"Ce qui se passe sous terre influence grandement la qualit\u00e9 de la ville. C\u2019est particuli\u00e8rement vrai pour une ville qui s\u2019appr\u00eate \u00e0 vivre de grands chantiers et qui doit encore effectuer sa transition \u00e9nerg\u00e9tique. La gestion des r\u00e9seaux est souvent le parent pauvre des politiques \u00e9nerg\u00e9tiques, alors m\u00eame qu\u2019il est un maillon essentiel \u00e0 la distribution et peut faire une diff\u00e9rence notable dans le co\u00fbt et les externalit\u00e9s y relatifs. La question des r\u00e9seaux touche de plus celles de la logistique et de l\u2019informatique, fondamentales dans les ann\u00e9es \u00e0 venir.\" \/>\n<meta name=\"robots\" content=\"index, follow, max-snippet:-1, max-image-preview:large, max-video-preview:-1\" \/>\n<link rel=\"canonical\" href=\"https:\/\/vert-e-s-vd.ch\/lausanne\/ville-de-demain\/reseaux-efficients\" \/>\n<meta property=\"og:locale\" content=\"fr_FR\" \/>\n<meta property=\"og:type\" content=\"article\" \/>\n<meta property=\"og:title\" content=\"R\u00e9seaux efficients - Les VERT\u00b7E\u00b7S lausannois\u00b7es\" \/>\n<meta property=\"og:description\" content=\"Ce qui se passe sous terre influence grandement la qualit\u00e9 de la ville. C\u2019est particuli\u00e8rement vrai pour une ville qui s\u2019appr\u00eate \u00e0 \u2026\" \/>\n<meta property=\"og:url\" content=\"https:\/\/vert-e-s-vd.ch\/lausanne\/ville-de-demain\/reseaux-efficients\" \/>\n<meta property=\"og:site_name\" content=\"Les VERT\u00b7E\u00b7S lausannois\u00b7es\" \/>\n<meta property=\"article:modified_time\" content=\"2021-01-31T19:52:46+00:00\" \/>\n<meta property=\"og:image\" content=\"https:\/\/vert-e-s-vd.ch\/lausanne\/wp-content\/uploads\/sites\/7\/2021\/01\/gulli-306587_1920-1200x0-c-default.jpg\" \/>\n\t<meta property=\"og:image:width\" content=\"1200\" \/>\n\t<meta property=\"og:image:height\" content=\"741\" \/>\n\t<meta property=\"og:image:type\" content=\"image\/jpeg\" \/>\n<meta name=\"twitter:card\" content=\"summary_large_image\" \/>\n<script type=\"application\/ld+json\" class=\"yoast-schema-graph\">{\"@context\":\"https:\/\/schema.org\",\"@graph\":[{\"@type\":\"WebPage\",\"@id\":\"https:\/\/vert-e-s-vd.ch\/lausanne\/ville-de-demain\/reseaux-efficients\",\"url\":\"https:\/\/vert-e-s-vd.ch\/lausanne\/ville-de-demain\/reseaux-efficients\",\"name\":\"R\u00e9seaux efficients - Les VERT\u00b7E\u00b7S lausannois\u00b7es\",\"isPartOf\":{\"@id\":\"https:\/\/vert-e-s-vd.ch\/lausanne\/#website\"},\"primaryImageOfPage\":{\"@id\":\"https:\/\/vert-e-s-vd.ch\/lausanne\/ville-de-demain\/reseaux-efficients#primaryimage\"},\"image\":{\"@id\":\"https:\/\/vert-e-s-vd.ch\/lausanne\/ville-de-demain\/reseaux-efficients#primaryimage\"},\"thumbnailUrl\":\"https:\/\/vert-e-s-vd.ch\/lausanne\/wp-content\/uploads\/sites\/7\/2021\/01\/gulli-306587_1920-2560x0-c-default.jpg\",\"datePublished\":\"2020-12-05T20:17:55+00:00\",\"dateModified\":\"2021-01-31T19:52:46+00:00\",\"description\":\"Ce qui se passe sous terre influence grandement la qualit\u00e9 de la ville. C\u2019est particuli\u00e8rement vrai pour une ville qui s\u2019appr\u00eate \u00e0 vivre de grands chantiers et qui doit encore effectuer sa transition \u00e9nerg\u00e9tique. La gestion des r\u00e9seaux est souvent le parent pauvre des politiques \u00e9nerg\u00e9tiques, alors m\u00eame qu\u2019il est un maillon essentiel \u00e0 la distribution et peut faire une diff\u00e9rence notable dans le co\u00fbt et les externalit\u00e9s y relatifs. La question des r\u00e9seaux touche de plus celles de la logistique et de l\u2019informatique, fondamentales dans les ann\u00e9es \u00e0 venir.\",\"breadcrumb\":{\"@id\":\"https:\/\/vert-e-s-vd.ch\/lausanne\/ville-de-demain\/reseaux-efficients#breadcrumb\"},\"inLanguage\":\"fr-FR\",\"potentialAction\":[{\"@type\":\"ReadAction\",\"target\":[\"https:\/\/vert-e-s-vd.ch\/lausanne\/ville-de-demain\/reseaux-efficients\"]}]},{\"@type\":\"ImageObject\",\"inLanguage\":\"fr-FR\",\"@id\":\"https:\/\/vert-e-s-vd.ch\/lausanne\/ville-de-demain\/reseaux-efficients#primaryimage\",\"url\":\"https:\/\/vert-e-s-vd.ch\/lausanne\/wp-content\/uploads\/sites\/7\/2021\/01\/gulli-306587_1920-2560x0-c-default.jpg\",\"contentUrl\":\"https:\/\/vert-e-s-vd.ch\/lausanne\/wp-content\/uploads\/sites\/7\/2021\/01\/gulli-306587_1920-2560x0-c-default.jpg\",\"width\":1920,\"height\":1186,\"caption\":\"r\u00e9seau\"},{\"@type\":\"BreadcrumbList\",\"@id\":\"https:\/\/vert-e-s-vd.ch\/lausanne\/ville-de-demain\/reseaux-efficients#breadcrumb\",\"itemListElement\":[{\"@type\":\"ListItem\",\"position\":1,\"name\":\"Accueil\",\"item\":\"https:\/\/vert-e-s-vd.ch\/lausanne\/\"},{\"@type\":\"ListItem\",\"position\":2,\"name\":\"Agenda\"}]},{\"@type\":\"WebSite\",\"@id\":\"https:\/\/vert-e-s-vd.ch\/lausanne\/#website\",\"url\":\"https:\/\/vert-e-s-vd.ch\/lausanne\/\",\"name\":\"Les VERT\u00b7E\u00b7S lausannois\u00b7es\",\"description\":\"Une longueur d\u2019avance\",\"potentialAction\":[{\"@type\":\"SearchAction\",\"target\":{\"@type\":\"EntryPoint\",\"urlTemplate\":\"https:\/\/vert-e-s-vd.ch\/lausanne\/?s={search_term_string}\"},\"query-input\":{\"@type\":\"PropertyValueSpecification\",\"valueRequired\":true,\"valueName\":\"search_term_string\"}}],\"inLanguage\":\"fr-FR\"}]}<\/script>\n<!-- \/ Yoast SEO plugin. -->","yoast_head_json":{"title":"R\u00e9seaux efficients - Les VERT\u00b7E\u00b7S lausannois\u00b7es","description":"Ce qui se passe sous terre influence grandement la qualit\u00e9 de la ville. C\u2019est particuli\u00e8rement vrai pour une ville qui s\u2019appr\u00eate \u00e0 vivre de grands chantiers et qui doit encore effectuer sa transition \u00e9nerg\u00e9tique. La gestion des r\u00e9seaux est souvent le parent pauvre des politiques \u00e9nerg\u00e9tiques, alors m\u00eame qu\u2019il est un maillon essentiel \u00e0 la distribution et peut faire une diff\u00e9rence notable dans le co\u00fbt et les externalit\u00e9s y relatifs. La question des r\u00e9seaux touche de plus celles de la logistique et de l\u2019informatique, fondamentales dans les ann\u00e9es \u00e0 venir.","robots":{"index":"index","follow":"follow","max-snippet":"max-snippet:-1","max-image-preview":"max-image-preview:large","max-video-preview":"max-video-preview:-1"},"canonical":"https:\/\/vert-e-s-vd.ch\/lausanne\/ville-de-demain\/reseaux-efficients","og_locale":"fr_FR","og_type":"article","og_title":"R\u00e9seaux efficients - Les VERT\u00b7E\u00b7S lausannois\u00b7es","og_description":"Ce qui se passe sous terre influence grandement la qualit\u00e9 de la ville. C\u2019est particuli\u00e8rement vrai pour une ville qui s\u2019appr\u00eate \u00e0 \u2026","og_url":"https:\/\/vert-e-s-vd.ch\/lausanne\/ville-de-demain\/reseaux-efficients","og_site_name":"Les VERT\u00b7E\u00b7S lausannois\u00b7es","article_modified_time":"2021-01-31T19:52:46+00:00","og_image":[{"width":1200,"height":741,"url":"https:\/\/vert-e-s-vd.ch\/lausanne\/wp-content\/uploads\/sites\/7\/2021\/01\/gulli-306587_1920-1200x0-c-default.jpg","type":"image\/jpeg"}],"twitter_card":"summary_large_image","schema":{"@context":"https:\/\/schema.org","@graph":[{"@type":"WebPage","@id":"https:\/\/vert-e-s-vd.ch\/lausanne\/ville-de-demain\/reseaux-efficients","url":"https:\/\/vert-e-s-vd.ch\/lausanne\/ville-de-demain\/reseaux-efficients","name":"R\u00e9seaux efficients - Les VERT\u00b7E\u00b7S lausannois\u00b7es","isPartOf":{"@id":"https:\/\/vert-e-s-vd.ch\/lausanne\/#website"},"primaryImageOfPage":{"@id":"https:\/\/vert-e-s-vd.ch\/lausanne\/ville-de-demain\/reseaux-efficients#primaryimage"},"image":{"@id":"https:\/\/vert-e-s-vd.ch\/lausanne\/ville-de-demain\/reseaux-efficients#primaryimage"},"thumbnailUrl":"https:\/\/vert-e-s-vd.ch\/lausanne\/wp-content\/uploads\/sites\/7\/2021\/01\/gulli-306587_1920-2560x0-c-default.jpg","datePublished":"2020-12-05T20:17:55+00:00","dateModified":"2021-01-31T19:52:46+00:00","description":"Ce qui se passe sous terre influence grandement la qualit\u00e9 de la ville. C\u2019est particuli\u00e8rement vrai pour une ville qui s\u2019appr\u00eate \u00e0 vivre de grands chantiers et qui doit encore effectuer sa transition \u00e9nerg\u00e9tique. La gestion des r\u00e9seaux est souvent le parent pauvre des politiques \u00e9nerg\u00e9tiques, alors m\u00eame qu\u2019il est un maillon essentiel \u00e0 la distribution et peut faire une diff\u00e9rence notable dans le co\u00fbt et les externalit\u00e9s y relatifs. La question des r\u00e9seaux touche de plus celles de la logistique et de l\u2019informatique, fondamentales dans les ann\u00e9es \u00e0 venir.","breadcrumb":{"@id":"https:\/\/vert-e-s-vd.ch\/lausanne\/ville-de-demain\/reseaux-efficients#breadcrumb"},"inLanguage":"fr-FR","potentialAction":[{"@type":"ReadAction","target":["https:\/\/vert-e-s-vd.ch\/lausanne\/ville-de-demain\/reseaux-efficients"]}]},{"@type":"ImageObject","inLanguage":"fr-FR","@id":"https:\/\/vert-e-s-vd.ch\/lausanne\/ville-de-demain\/reseaux-efficients#primaryimage","url":"https:\/\/vert-e-s-vd.ch\/lausanne\/wp-content\/uploads\/sites\/7\/2021\/01\/gulli-306587_1920-2560x0-c-default.jpg","contentUrl":"https:\/\/vert-e-s-vd.ch\/lausanne\/wp-content\/uploads\/sites\/7\/2021\/01\/gulli-306587_1920-2560x0-c-default.jpg","width":1920,"height":1186,"caption":"r\u00e9seau"},{"@type":"BreadcrumbList","@id":"https:\/\/vert-e-s-vd.ch\/lausanne\/ville-de-demain\/reseaux-efficients#breadcrumb","itemListElement":[{"@type":"ListItem","position":1,"name":"Accueil","item":"https:\/\/vert-e-s-vd.ch\/lausanne\/"},{"@type":"ListItem","position":2,"name":"Agenda"}]},{"@type":"WebSite","@id":"https:\/\/vert-e-s-vd.ch\/lausanne\/#website","url":"https:\/\/vert-e-s-vd.ch\/lausanne\/","name":"Les VERT\u00b7E\u00b7S lausannois\u00b7es","description":"Une longueur d\u2019avance","potentialAction":[{"@type":"SearchAction","target":{"@type":"EntryPoint","urlTemplate":"https:\/\/vert-e-s-vd.ch\/lausanne\/?s={search_term_string}"},"query-input":{"@type":"PropertyValueSpecification","valueRequired":true,"valueName":"search_term_string"}}],"inLanguage":"fr-FR"}]}},"_links":{"self":[{"href":"https:\/\/vert-e-s-vd.ch\/lausanne\/wp-json\/wp\/v2\/pages\/71943","targetHints":{"allow":["GET"]}}],"collection":[{"href":"https:\/\/vert-e-s-vd.ch\/lausanne\/wp-json\/wp\/v2\/pages"}],"about":[{"href":"https:\/\/vert-e-s-vd.ch\/lausanne\/wp-json\/wp\/v2\/types\/page"}],"author":[{"embeddable":true,"href":"https:\/\/vert-e-s-vd.ch\/lausanne\/wp-json\/wp\/v2\/users\/12"}],"replies":[{"embeddable":true,"href":"https:\/\/vert-e-s-vd.ch\/lausanne\/wp-json\/wp\/v2\/comments?post=71943"}],"version-history":[{"count":4,"href":"https:\/\/vert-e-s-vd.ch\/lausanne\/wp-json\/wp\/v2\/pages\/71943\/revisions"}],"predecessor-version":[{"id":72695,"href":"https:\/\/vert-e-s-vd.ch\/lausanne\/wp-json\/wp\/v2\/pages\/71943\/revisions\/72695"}],"up":[{"embeddable":true,"href":"https:\/\/vert-e-s-vd.ch\/lausanne\/wp-json\/wp\/v2\/pages\/71852"}],"wp:featuredmedia":[{"embeddable":true,"href":"https:\/\/vert-e-s-vd.ch\/lausanne\/wp-json\/wp\/v2\/media\/72694"}],"wp:attachment":[{"href":"https:\/\/vert-e-s-vd.ch\/lausanne\/wp-json\/wp\/v2\/media?parent=71943"}],"curies":[{"name":"wp","href":"https:\/\/api.w.org\/{rel}","templated":true}]}}