{"id":71900,"date":"2020-12-01T21:46:46","date_gmt":"2020-12-01T20:46:46","guid":{"rendered":"https:\/\/vert-e-s-vd.ch\/lausanne\/?page_id=71900"},"modified":"2021-01-31T20:28:43","modified_gmt":"2021-01-31T19:28:43","slug":"paix-publique","status":"publish","type":"page","link":"https:\/\/vert-e-s-vd.ch\/lausanne\/justice-sociale-et-egalite\/paix-publique","title":{"rendered":"Paix publique"},"content":{"rendered":"","protected":false},"excerpt":{"rendered":"","protected":false},"author":12,"featured_media":72679,"parent":71850,"menu_order":0,"comment_status":"closed","ping_status":"closed","template":"","meta":{"_acf_changed":false,"inline_featured_image":false,"footnotes":""},"class_list":["post-71900","page","type-page","status-publish","has-post-thumbnail","hentry"],"acf":[],"yoast_head":"<!-- This site is optimized with the Yoast SEO plugin v26.9 - https:\/\/yoast.com\/product\/yoast-seo-wordpress\/ -->\n<title>Paix publique - Les VERT\u00b7E\u00b7S lausannois\u00b7es<\/title>\n<meta name=\"description\" content=\"La police a un r\u00f4le primordial dans le maintien de la paix publique et du sentiment de s\u00e9curit\u00e9. Ce pouvoir s\u2019accompagne de devoirs importants pour garantir la coh\u00e9sion sociale, \u00e0 commencer par une attitude irr\u00e9prochable du corps de police et la plus grande transparence dans ses activit\u00e9s afin de conserver la confiance de la population. Il faut aussi que la police ait les moyens de faire son travail et qu\u2019elle puisse collaborer avec les autres acteur\u00b7trice\u00b7s sociaux\u00b7ales impliqu\u00e9\u00b7e\u00b7s. En particulier, nous devons mettre en place les moyens pour lutter contre la violence domestique et les assurer avec efficacit\u00e9 et humanit\u00e9. La s\u00e9curit\u00e9 doit de plus \u00eatre garantie par une politique publique de pr\u00e9vention et de bienveillance. Nous voulons que tous\u00b7tes puissent utiliser les rues, les infrastructures et les transports publics lausannois en toute s\u00e9r\u00e9nit\u00e9. Nous soutenons une vie festive, dynamique, cr\u00e9ative et apais\u00e9e. La s\u00e9curit\u00e9 des pi\u00e9ton\u00b7ne\u00b7s et de toute la mobilit\u00e9 douce est \u00e9galement un aspect primordial pour les Vert\u00b7e\u00b7s.\" \/>\n<meta name=\"robots\" content=\"index, follow, max-snippet:-1, max-image-preview:large, max-video-preview:-1\" \/>\n<link rel=\"canonical\" href=\"https:\/\/vert-e-s-vd.ch\/lausanne\/justice-sociale-et-egalite\/paix-publique\" \/>\n<meta property=\"og:locale\" content=\"fr_FR\" \/>\n<meta property=\"og:type\" content=\"article\" \/>\n<meta property=\"og:title\" content=\"Paix publique - Les VERT\u00b7E\u00b7S lausannois\u00b7es\" \/>\n<meta property=\"og:description\" content=\"La police a un r\u00f4le primordial dans le maintien de la paix publique et du sentiment de s\u00e9curit\u00e9. Ce pouvoir s\u2019accompagne de devoirs \u2026\" \/>\n<meta property=\"og:url\" content=\"https:\/\/vert-e-s-vd.ch\/lausanne\/justice-sociale-et-egalite\/paix-publique\" \/>\n<meta property=\"og:site_name\" content=\"Les VERT\u00b7E\u00b7S lausannois\u00b7es\" \/>\n<meta property=\"article:modified_time\" content=\"2021-01-31T19:28:43+00:00\" \/>\n<meta property=\"og:image\" content=\"https:\/\/vert-e-s-vd.ch\/lausanne\/wp-content\/uploads\/sites\/7\/2021\/01\/peace-dove-2489589_1920-1200x0-c-default.jpg\" \/>\n\t<meta property=\"og:image:width\" content=\"1200\" \/>\n\t<meta property=\"og:image:height\" content=\"800\" \/>\n\t<meta property=\"og:image:type\" content=\"image\/jpeg\" \/>\n<meta name=\"twitter:card\" content=\"summary_large_image\" \/>\n<script type=\"application\/ld+json\" class=\"yoast-schema-graph\">{\"@context\":\"https:\/\/schema.org\",\"@graph\":[{\"@type\":\"WebPage\",\"@id\":\"https:\/\/vert-e-s-vd.ch\/lausanne\/justice-sociale-et-egalite\/paix-publique\",\"url\":\"https:\/\/vert-e-s-vd.ch\/lausanne\/justice-sociale-et-egalite\/paix-publique\",\"name\":\"Paix publique - Les VERT\u00b7E\u00b7S lausannois\u00b7es\",\"isPartOf\":{\"@id\":\"https:\/\/vert-e-s-vd.ch\/lausanne\/#website\"},\"primaryImageOfPage\":{\"@id\":\"https:\/\/vert-e-s-vd.ch\/lausanne\/justice-sociale-et-egalite\/paix-publique#primaryimage\"},\"image\":{\"@id\":\"https:\/\/vert-e-s-vd.ch\/lausanne\/justice-sociale-et-egalite\/paix-publique#primaryimage\"},\"thumbnailUrl\":\"https:\/\/vert-e-s-vd.ch\/lausanne\/wp-content\/uploads\/sites\/7\/2021\/01\/peace-dove-2489589_1920-2560x0-c-default.jpg\",\"datePublished\":\"2020-12-01T20:46:46+00:00\",\"dateModified\":\"2021-01-31T19:28:43+00:00\",\"description\":\"La police a un r\u00f4le primordial dans le maintien de la paix publique et du sentiment de s\u00e9curit\u00e9. Ce pouvoir s\u2019accompagne de devoirs importants pour garantir la coh\u00e9sion sociale, \u00e0 commencer par une attitude irr\u00e9prochable du corps de police et la plus grande transparence dans ses activit\u00e9s afin de conserver la confiance de la population. Il faut aussi que la police ait les moyens de faire son travail et qu\u2019elle puisse collaborer avec les autres acteur\u00b7trice\u00b7s sociaux\u00b7ales impliqu\u00e9\u00b7e\u00b7s. En particulier, nous devons mettre en place les moyens pour lutter contre la violence domestique et les assurer avec efficacit\u00e9 et humanit\u00e9. La s\u00e9curit\u00e9 doit de plus \u00eatre garantie par une politique publique de pr\u00e9vention et de bienveillance. Nous voulons que tous\u00b7tes puissent utiliser les rues, les infrastructures et les transports publics lausannois en toute s\u00e9r\u00e9nit\u00e9. Nous soutenons une vie festive, dynamique, cr\u00e9ative et apais\u00e9e. La s\u00e9curit\u00e9 des pi\u00e9ton\u00b7ne\u00b7s et de toute la mobilit\u00e9 douce est \u00e9galement un aspect primordial pour les Vert\u00b7e\u00b7s.\",\"breadcrumb\":{\"@id\":\"https:\/\/vert-e-s-vd.ch\/lausanne\/justice-sociale-et-egalite\/paix-publique#breadcrumb\"},\"inLanguage\":\"fr-FR\",\"potentialAction\":[{\"@type\":\"ReadAction\",\"target\":[\"https:\/\/vert-e-s-vd.ch\/lausanne\/justice-sociale-et-egalite\/paix-publique\"]}]},{\"@type\":\"ImageObject\",\"inLanguage\":\"fr-FR\",\"@id\":\"https:\/\/vert-e-s-vd.ch\/lausanne\/justice-sociale-et-egalite\/paix-publique#primaryimage\",\"url\":\"https:\/\/vert-e-s-vd.ch\/lausanne\/wp-content\/uploads\/sites\/7\/2021\/01\/peace-dove-2489589_1920-2560x0-c-default.jpg\",\"contentUrl\":\"https:\/\/vert-e-s-vd.ch\/lausanne\/wp-content\/uploads\/sites\/7\/2021\/01\/peace-dove-2489589_1920-2560x0-c-default.jpg\",\"width\":1920,\"height\":1280,\"caption\":\"paix\"},{\"@type\":\"BreadcrumbList\",\"@id\":\"https:\/\/vert-e-s-vd.ch\/lausanne\/justice-sociale-et-egalite\/paix-publique#breadcrumb\",\"itemListElement\":[{\"@type\":\"ListItem\",\"position\":1,\"name\":\"Accueil\",\"item\":\"https:\/\/vert-e-s-vd.ch\/lausanne\/\"},{\"@type\":\"ListItem\",\"position\":2,\"name\":\"Agenda\"}]},{\"@type\":\"WebSite\",\"@id\":\"https:\/\/vert-e-s-vd.ch\/lausanne\/#website\",\"url\":\"https:\/\/vert-e-s-vd.ch\/lausanne\/\",\"name\":\"Les VERT\u00b7E\u00b7S lausannois\u00b7es\",\"description\":\"Une longueur d\u2019avance\",\"potentialAction\":[{\"@type\":\"SearchAction\",\"target\":{\"@type\":\"EntryPoint\",\"urlTemplate\":\"https:\/\/vert-e-s-vd.ch\/lausanne\/?s={search_term_string}\"},\"query-input\":{\"@type\":\"PropertyValueSpecification\",\"valueRequired\":true,\"valueName\":\"search_term_string\"}}],\"inLanguage\":\"fr-FR\"}]}<\/script>\n<!-- \/ Yoast SEO plugin. -->","yoast_head_json":{"title":"Paix publique - Les VERT\u00b7E\u00b7S lausannois\u00b7es","description":"La police a un r\u00f4le primordial dans le maintien de la paix publique et du sentiment de s\u00e9curit\u00e9. Ce pouvoir s\u2019accompagne de devoirs importants pour garantir la coh\u00e9sion sociale, \u00e0 commencer par une attitude irr\u00e9prochable du corps de police et la plus grande transparence dans ses activit\u00e9s afin de conserver la confiance de la population. Il faut aussi que la police ait les moyens de faire son travail et qu\u2019elle puisse collaborer avec les autres acteur\u00b7trice\u00b7s sociaux\u00b7ales impliqu\u00e9\u00b7e\u00b7s. En particulier, nous devons mettre en place les moyens pour lutter contre la violence domestique et les assurer avec efficacit\u00e9 et humanit\u00e9. La s\u00e9curit\u00e9 doit de plus \u00eatre garantie par une politique publique de pr\u00e9vention et de bienveillance. Nous voulons que tous\u00b7tes puissent utiliser les rues, les infrastructures et les transports publics lausannois en toute s\u00e9r\u00e9nit\u00e9. Nous soutenons une vie festive, dynamique, cr\u00e9ative et apais\u00e9e. La s\u00e9curit\u00e9 des pi\u00e9ton\u00b7ne\u00b7s et de toute la mobilit\u00e9 douce est \u00e9galement un aspect primordial pour les Vert\u00b7e\u00b7s.","robots":{"index":"index","follow":"follow","max-snippet":"max-snippet:-1","max-image-preview":"max-image-preview:large","max-video-preview":"max-video-preview:-1"},"canonical":"https:\/\/vert-e-s-vd.ch\/lausanne\/justice-sociale-et-egalite\/paix-publique","og_locale":"fr_FR","og_type":"article","og_title":"Paix publique - Les VERT\u00b7E\u00b7S lausannois\u00b7es","og_description":"La police a un r\u00f4le primordial dans le maintien de la paix publique et du sentiment de s\u00e9curit\u00e9. Ce pouvoir s\u2019accompagne de devoirs \u2026","og_url":"https:\/\/vert-e-s-vd.ch\/lausanne\/justice-sociale-et-egalite\/paix-publique","og_site_name":"Les VERT\u00b7E\u00b7S lausannois\u00b7es","article_modified_time":"2021-01-31T19:28:43+00:00","og_image":[{"width":1200,"height":800,"url":"https:\/\/vert-e-s-vd.ch\/lausanne\/wp-content\/uploads\/sites\/7\/2021\/01\/peace-dove-2489589_1920-1200x0-c-default.jpg","type":"image\/jpeg"}],"twitter_card":"summary_large_image","schema":{"@context":"https:\/\/schema.org","@graph":[{"@type":"WebPage","@id":"https:\/\/vert-e-s-vd.ch\/lausanne\/justice-sociale-et-egalite\/paix-publique","url":"https:\/\/vert-e-s-vd.ch\/lausanne\/justice-sociale-et-egalite\/paix-publique","name":"Paix publique - Les VERT\u00b7E\u00b7S lausannois\u00b7es","isPartOf":{"@id":"https:\/\/vert-e-s-vd.ch\/lausanne\/#website"},"primaryImageOfPage":{"@id":"https:\/\/vert-e-s-vd.ch\/lausanne\/justice-sociale-et-egalite\/paix-publique#primaryimage"},"image":{"@id":"https:\/\/vert-e-s-vd.ch\/lausanne\/justice-sociale-et-egalite\/paix-publique#primaryimage"},"thumbnailUrl":"https:\/\/vert-e-s-vd.ch\/lausanne\/wp-content\/uploads\/sites\/7\/2021\/01\/peace-dove-2489589_1920-2560x0-c-default.jpg","datePublished":"2020-12-01T20:46:46+00:00","dateModified":"2021-01-31T19:28:43+00:00","description":"La police a un r\u00f4le primordial dans le maintien de la paix publique et du sentiment de s\u00e9curit\u00e9. Ce pouvoir s\u2019accompagne de devoirs importants pour garantir la coh\u00e9sion sociale, \u00e0 commencer par une attitude irr\u00e9prochable du corps de police et la plus grande transparence dans ses activit\u00e9s afin de conserver la confiance de la population. Il faut aussi que la police ait les moyens de faire son travail et qu\u2019elle puisse collaborer avec les autres acteur\u00b7trice\u00b7s sociaux\u00b7ales impliqu\u00e9\u00b7e\u00b7s. En particulier, nous devons mettre en place les moyens pour lutter contre la violence domestique et les assurer avec efficacit\u00e9 et humanit\u00e9. La s\u00e9curit\u00e9 doit de plus \u00eatre garantie par une politique publique de pr\u00e9vention et de bienveillance. Nous voulons que tous\u00b7tes puissent utiliser les rues, les infrastructures et les transports publics lausannois en toute s\u00e9r\u00e9nit\u00e9. Nous soutenons une vie festive, dynamique, cr\u00e9ative et apais\u00e9e. La s\u00e9curit\u00e9 des pi\u00e9ton\u00b7ne\u00b7s et de toute la mobilit\u00e9 douce est \u00e9galement un aspect primordial pour les Vert\u00b7e\u00b7s.","breadcrumb":{"@id":"https:\/\/vert-e-s-vd.ch\/lausanne\/justice-sociale-et-egalite\/paix-publique#breadcrumb"},"inLanguage":"fr-FR","potentialAction":[{"@type":"ReadAction","target":["https:\/\/vert-e-s-vd.ch\/lausanne\/justice-sociale-et-egalite\/paix-publique"]}]},{"@type":"ImageObject","inLanguage":"fr-FR","@id":"https:\/\/vert-e-s-vd.ch\/lausanne\/justice-sociale-et-egalite\/paix-publique#primaryimage","url":"https:\/\/vert-e-s-vd.ch\/lausanne\/wp-content\/uploads\/sites\/7\/2021\/01\/peace-dove-2489589_1920-2560x0-c-default.jpg","contentUrl":"https:\/\/vert-e-s-vd.ch\/lausanne\/wp-content\/uploads\/sites\/7\/2021\/01\/peace-dove-2489589_1920-2560x0-c-default.jpg","width":1920,"height":1280,"caption":"paix"},{"@type":"BreadcrumbList","@id":"https:\/\/vert-e-s-vd.ch\/lausanne\/justice-sociale-et-egalite\/paix-publique#breadcrumb","itemListElement":[{"@type":"ListItem","position":1,"name":"Accueil","item":"https:\/\/vert-e-s-vd.ch\/lausanne\/"},{"@type":"ListItem","position":2,"name":"Agenda"}]},{"@type":"WebSite","@id":"https:\/\/vert-e-s-vd.ch\/lausanne\/#website","url":"https:\/\/vert-e-s-vd.ch\/lausanne\/","name":"Les VERT\u00b7E\u00b7S lausannois\u00b7es","description":"Une longueur d\u2019avance","potentialAction":[{"@type":"SearchAction","target":{"@type":"EntryPoint","urlTemplate":"https:\/\/vert-e-s-vd.ch\/lausanne\/?s={search_term_string}"},"query-input":{"@type":"PropertyValueSpecification","valueRequired":true,"valueName":"search_term_string"}}],"inLanguage":"fr-FR"}]}},"_links":{"self":[{"href":"https:\/\/vert-e-s-vd.ch\/lausanne\/wp-json\/wp\/v2\/pages\/71900","targetHints":{"allow":["GET"]}}],"collection":[{"href":"https:\/\/vert-e-s-vd.ch\/lausanne\/wp-json\/wp\/v2\/pages"}],"about":[{"href":"https:\/\/vert-e-s-vd.ch\/lausanne\/wp-json\/wp\/v2\/types\/page"}],"author":[{"embeddable":true,"href":"https:\/\/vert-e-s-vd.ch\/lausanne\/wp-json\/wp\/v2\/users\/12"}],"replies":[{"embeddable":true,"href":"https:\/\/vert-e-s-vd.ch\/lausanne\/wp-json\/wp\/v2\/comments?post=71900"}],"version-history":[{"count":8,"href":"https:\/\/vert-e-s-vd.ch\/lausanne\/wp-json\/wp\/v2\/pages\/71900\/revisions"}],"predecessor-version":[{"id":72680,"href":"https:\/\/vert-e-s-vd.ch\/lausanne\/wp-json\/wp\/v2\/pages\/71900\/revisions\/72680"}],"up":[{"embeddable":true,"href":"https:\/\/vert-e-s-vd.ch\/lausanne\/wp-json\/wp\/v2\/pages\/71850"}],"wp:featuredmedia":[{"embeddable":true,"href":"https:\/\/vert-e-s-vd.ch\/lausanne\/wp-json\/wp\/v2\/media\/72679"}],"wp:attachment":[{"href":"https:\/\/vert-e-s-vd.ch\/lausanne\/wp-json\/wp\/v2\/media?parent=71900"}],"curies":[{"name":"wp","href":"https:\/\/api.w.org\/{rel}","templated":true}]}}