{"id":71894,"date":"2020-12-01T21:36:41","date_gmt":"2020-12-01T20:36:41","guid":{"rendered":"https:\/\/vert-e-s-vd.ch\/lausanne\/?page_id=71894"},"modified":"2021-01-31T20:30:48","modified_gmt":"2021-01-31T19:30:48","slug":"economie-solidaire","status":"publish","type":"page","link":"https:\/\/vert-e-s-vd.ch\/lausanne\/justice-sociale-et-egalite\/economie-solidaire","title":{"rendered":"\u00c9conomie solidaire"},"content":{"rendered":"","protected":false},"excerpt":{"rendered":"","protected":false},"author":12,"featured_media":72681,"parent":71850,"menu_order":0,"comment_status":"closed","ping_status":"closed","template":"","meta":{"_acf_changed":false,"inline_featured_image":false,"footnotes":""},"class_list":["post-71894","page","type-page","status-publish","has-post-thumbnail","hentry"],"acf":[],"yoast_head":"<!-- This site is optimized with the Yoast SEO plugin v26.9 - https:\/\/yoast.com\/product\/yoast-seo-wordpress\/ -->\n<title>\u00c9conomie solidaire - Les VERT\u00b7E\u00b7S lausannois\u00b7es<\/title>\n<meta name=\"description\" content=\"Les Vert\u00b7e\u00b7s sont pour une \u00e9conomie durable, porteuse de sens qui inclut les dimensions soci\u00e9tales et environnementales au c\u0153ur de son mod\u00e8le. Cela n\u00e9cessite une r\u00e9organisation des activit\u00e9s \u00e9conomiques et un changement de paradigme vers une \u00e9conomie post-croissance dite inclusive : durable, \u00e9quitable, participative, solidaire et r\u00e9g\u00e9n\u00e9ratrice du capital naturel. Ces changements m\u00e8nent de fait \u00e0 un tissu \u00e9conomique local plus r\u00e9silient, capable de r\u00e9agir rapidement et plus facilement lors de crises \u00e9conomiques telle celle que nous connaissons avec le coronavirus et ses cons\u00e9quences. C\u2019est aussi la promesse de davantage d\u2019emplois, d\u2019une meilleure r\u00e9partition des richesses, d\u2019un meilleur \u00e9quilibre entre travail et vie priv\u00e9e et d\u2019un environnement florissant. Nous nous engageons \u00e0 accompagner les acteur\u00b7trice\u00b7s \u00e9conomiques lausannois\u00b7e\u00b7s dans ce changement de paradigme : des ind\u00e9pendant\u00b7e\u00b7s en passant par les PME et jusqu\u2019aux multinationales \u00e9tablies \u00e0 Lausanne.\" \/>\n<meta name=\"robots\" content=\"index, follow, max-snippet:-1, max-image-preview:large, max-video-preview:-1\" \/>\n<link rel=\"canonical\" href=\"https:\/\/vert-e-s-vd.ch\/lausanne\/justice-sociale-et-egalite\/economie-solidaire\" \/>\n<meta property=\"og:locale\" content=\"fr_FR\" \/>\n<meta property=\"og:type\" content=\"article\" \/>\n<meta property=\"og:title\" content=\"\u00c9conomie solidaire - Les VERT\u00b7E\u00b7S lausannois\u00b7es\" \/>\n<meta property=\"og:description\" content=\"Les Vert\u00b7e\u00b7s sont pour une \u00e9conomie durable, porteuse de sens qui inclut les dimensions soci\u00e9tales et environnementales au c\u0153ur de son \u2026\" \/>\n<meta property=\"og:url\" content=\"https:\/\/vert-e-s-vd.ch\/lausanne\/justice-sociale-et-egalite\/economie-solidaire\" \/>\n<meta property=\"og:site_name\" content=\"Les VERT\u00b7E\u00b7S lausannois\u00b7es\" \/>\n<meta property=\"article:modified_time\" content=\"2021-01-31T19:30:48+00:00\" \/>\n<meta property=\"og:image\" content=\"https:\/\/vert-e-s-vd.ch\/lausanne\/wp-content\/uploads\/sites\/7\/2021\/01\/hand-1917895_1920-1200x0-c-default.png\" \/>\n\t<meta property=\"og:image:width\" content=\"1200\" \/>\n\t<meta property=\"og:image:height\" content=\"900\" \/>\n\t<meta property=\"og:image:type\" content=\"image\/png\" \/>\n<meta name=\"twitter:card\" content=\"summary_large_image\" \/>\n<script type=\"application\/ld+json\" class=\"yoast-schema-graph\">{\"@context\":\"https:\/\/schema.org\",\"@graph\":[{\"@type\":\"WebPage\",\"@id\":\"https:\/\/vert-e-s-vd.ch\/lausanne\/justice-sociale-et-egalite\/economie-solidaire\",\"url\":\"https:\/\/vert-e-s-vd.ch\/lausanne\/justice-sociale-et-egalite\/economie-solidaire\",\"name\":\"\u00c9conomie solidaire - Les VERT\u00b7E\u00b7S lausannois\u00b7es\",\"isPartOf\":{\"@id\":\"https:\/\/vert-e-s-vd.ch\/lausanne\/#website\"},\"primaryImageOfPage\":{\"@id\":\"https:\/\/vert-e-s-vd.ch\/lausanne\/justice-sociale-et-egalite\/economie-solidaire#primaryimage\"},\"image\":{\"@id\":\"https:\/\/vert-e-s-vd.ch\/lausanne\/justice-sociale-et-egalite\/economie-solidaire#primaryimage\"},\"thumbnailUrl\":\"https:\/\/vert-e-s-vd.ch\/lausanne\/wp-content\/uploads\/sites\/7\/2021\/01\/hand-1917895_1920-2560x0-c-default.png\",\"datePublished\":\"2020-12-01T20:36:41+00:00\",\"dateModified\":\"2021-01-31T19:30:48+00:00\",\"description\":\"Les Vert\u00b7e\u00b7s sont pour une \u00e9conomie durable, porteuse de sens qui inclut les dimensions soci\u00e9tales et environnementales au c\u0153ur de son mod\u00e8le. Cela n\u00e9cessite une r\u00e9organisation des activit\u00e9s \u00e9conomiques et un changement de paradigme vers une \u00e9conomie post-croissance dite inclusive : durable, \u00e9quitable, participative, solidaire et r\u00e9g\u00e9n\u00e9ratrice du capital naturel. Ces changements m\u00e8nent de fait \u00e0 un tissu \u00e9conomique local plus r\u00e9silient, capable de r\u00e9agir rapidement et plus facilement lors de crises \u00e9conomiques telle celle que nous connaissons avec le coronavirus et ses cons\u00e9quences. C\u2019est aussi la promesse de davantage d\u2019emplois, d\u2019une meilleure r\u00e9partition des richesses, d\u2019un meilleur \u00e9quilibre entre travail et vie priv\u00e9e et d\u2019un environnement florissant. Nous nous engageons \u00e0 accompagner les acteur\u00b7trice\u00b7s \u00e9conomiques lausannois\u00b7e\u00b7s dans ce changement de paradigme : des ind\u00e9pendant\u00b7e\u00b7s en passant par les PME et jusqu\u2019aux multinationales \u00e9tablies \u00e0 Lausanne.\",\"breadcrumb\":{\"@id\":\"https:\/\/vert-e-s-vd.ch\/lausanne\/justice-sociale-et-egalite\/economie-solidaire#breadcrumb\"},\"inLanguage\":\"fr-FR\",\"potentialAction\":[{\"@type\":\"ReadAction\",\"target\":[\"https:\/\/vert-e-s-vd.ch\/lausanne\/justice-sociale-et-egalite\/economie-solidaire\"]}]},{\"@type\":\"ImageObject\",\"inLanguage\":\"fr-FR\",\"@id\":\"https:\/\/vert-e-s-vd.ch\/lausanne\/justice-sociale-et-egalite\/economie-solidaire#primaryimage\",\"url\":\"https:\/\/vert-e-s-vd.ch\/lausanne\/wp-content\/uploads\/sites\/7\/2021\/01\/hand-1917895_1920-2560x0-c-default.png\",\"contentUrl\":\"https:\/\/vert-e-s-vd.ch\/lausanne\/wp-content\/uploads\/sites\/7\/2021\/01\/hand-1917895_1920-2560x0-c-default.png\",\"width\":1920,\"height\":1440,\"caption\":\"solidarit\u00e9\"},{\"@type\":\"BreadcrumbList\",\"@id\":\"https:\/\/vert-e-s-vd.ch\/lausanne\/justice-sociale-et-egalite\/economie-solidaire#breadcrumb\",\"itemListElement\":[{\"@type\":\"ListItem\",\"position\":1,\"name\":\"Accueil\",\"item\":\"https:\/\/vert-e-s-vd.ch\/lausanne\/\"},{\"@type\":\"ListItem\",\"position\":2,\"name\":\"Agenda\"}]},{\"@type\":\"WebSite\",\"@id\":\"https:\/\/vert-e-s-vd.ch\/lausanne\/#website\",\"url\":\"https:\/\/vert-e-s-vd.ch\/lausanne\/\",\"name\":\"Les VERT\u00b7E\u00b7S lausannois\u00b7es\",\"description\":\"Une longueur d\u2019avance\",\"potentialAction\":[{\"@type\":\"SearchAction\",\"target\":{\"@type\":\"EntryPoint\",\"urlTemplate\":\"https:\/\/vert-e-s-vd.ch\/lausanne\/?s={search_term_string}\"},\"query-input\":{\"@type\":\"PropertyValueSpecification\",\"valueRequired\":true,\"valueName\":\"search_term_string\"}}],\"inLanguage\":\"fr-FR\"}]}<\/script>\n<!-- \/ Yoast SEO plugin. -->","yoast_head_json":{"title":"\u00c9conomie solidaire - Les VERT\u00b7E\u00b7S lausannois\u00b7es","description":"Les Vert\u00b7e\u00b7s sont pour une \u00e9conomie durable, porteuse de sens qui inclut les dimensions soci\u00e9tales et environnementales au c\u0153ur de son mod\u00e8le. Cela n\u00e9cessite une r\u00e9organisation des activit\u00e9s \u00e9conomiques et un changement de paradigme vers une \u00e9conomie post-croissance dite inclusive : durable, \u00e9quitable, participative, solidaire et r\u00e9g\u00e9n\u00e9ratrice du capital naturel. Ces changements m\u00e8nent de fait \u00e0 un tissu \u00e9conomique local plus r\u00e9silient, capable de r\u00e9agir rapidement et plus facilement lors de crises \u00e9conomiques telle celle que nous connaissons avec le coronavirus et ses cons\u00e9quences. C\u2019est aussi la promesse de davantage d\u2019emplois, d\u2019une meilleure r\u00e9partition des richesses, d\u2019un meilleur \u00e9quilibre entre travail et vie priv\u00e9e et d\u2019un environnement florissant. Nous nous engageons \u00e0 accompagner les acteur\u00b7trice\u00b7s \u00e9conomiques lausannois\u00b7e\u00b7s dans ce changement de paradigme : des ind\u00e9pendant\u00b7e\u00b7s en passant par les PME et jusqu\u2019aux multinationales \u00e9tablies \u00e0 Lausanne.","robots":{"index":"index","follow":"follow","max-snippet":"max-snippet:-1","max-image-preview":"max-image-preview:large","max-video-preview":"max-video-preview:-1"},"canonical":"https:\/\/vert-e-s-vd.ch\/lausanne\/justice-sociale-et-egalite\/economie-solidaire","og_locale":"fr_FR","og_type":"article","og_title":"\u00c9conomie solidaire - Les VERT\u00b7E\u00b7S lausannois\u00b7es","og_description":"Les Vert\u00b7e\u00b7s sont pour une \u00e9conomie durable, porteuse de sens qui inclut les dimensions soci\u00e9tales et environnementales au c\u0153ur de son \u2026","og_url":"https:\/\/vert-e-s-vd.ch\/lausanne\/justice-sociale-et-egalite\/economie-solidaire","og_site_name":"Les VERT\u00b7E\u00b7S lausannois\u00b7es","article_modified_time":"2021-01-31T19:30:48+00:00","og_image":[{"width":1200,"height":900,"url":"https:\/\/vert-e-s-vd.ch\/lausanne\/wp-content\/uploads\/sites\/7\/2021\/01\/hand-1917895_1920-1200x0-c-default.png","type":"image\/png"}],"twitter_card":"summary_large_image","schema":{"@context":"https:\/\/schema.org","@graph":[{"@type":"WebPage","@id":"https:\/\/vert-e-s-vd.ch\/lausanne\/justice-sociale-et-egalite\/economie-solidaire","url":"https:\/\/vert-e-s-vd.ch\/lausanne\/justice-sociale-et-egalite\/economie-solidaire","name":"\u00c9conomie solidaire - Les VERT\u00b7E\u00b7S lausannois\u00b7es","isPartOf":{"@id":"https:\/\/vert-e-s-vd.ch\/lausanne\/#website"},"primaryImageOfPage":{"@id":"https:\/\/vert-e-s-vd.ch\/lausanne\/justice-sociale-et-egalite\/economie-solidaire#primaryimage"},"image":{"@id":"https:\/\/vert-e-s-vd.ch\/lausanne\/justice-sociale-et-egalite\/economie-solidaire#primaryimage"},"thumbnailUrl":"https:\/\/vert-e-s-vd.ch\/lausanne\/wp-content\/uploads\/sites\/7\/2021\/01\/hand-1917895_1920-2560x0-c-default.png","datePublished":"2020-12-01T20:36:41+00:00","dateModified":"2021-01-31T19:30:48+00:00","description":"Les Vert\u00b7e\u00b7s sont pour une \u00e9conomie durable, porteuse de sens qui inclut les dimensions soci\u00e9tales et environnementales au c\u0153ur de son mod\u00e8le. Cela n\u00e9cessite une r\u00e9organisation des activit\u00e9s \u00e9conomiques et un changement de paradigme vers une \u00e9conomie post-croissance dite inclusive : durable, \u00e9quitable, participative, solidaire et r\u00e9g\u00e9n\u00e9ratrice du capital naturel. Ces changements m\u00e8nent de fait \u00e0 un tissu \u00e9conomique local plus r\u00e9silient, capable de r\u00e9agir rapidement et plus facilement lors de crises \u00e9conomiques telle celle que nous connaissons avec le coronavirus et ses cons\u00e9quences. C\u2019est aussi la promesse de davantage d\u2019emplois, d\u2019une meilleure r\u00e9partition des richesses, d\u2019un meilleur \u00e9quilibre entre travail et vie priv\u00e9e et d\u2019un environnement florissant. Nous nous engageons \u00e0 accompagner les acteur\u00b7trice\u00b7s \u00e9conomiques lausannois\u00b7e\u00b7s dans ce changement de paradigme : des ind\u00e9pendant\u00b7e\u00b7s en passant par les PME et jusqu\u2019aux multinationales \u00e9tablies \u00e0 Lausanne.","breadcrumb":{"@id":"https:\/\/vert-e-s-vd.ch\/lausanne\/justice-sociale-et-egalite\/economie-solidaire#breadcrumb"},"inLanguage":"fr-FR","potentialAction":[{"@type":"ReadAction","target":["https:\/\/vert-e-s-vd.ch\/lausanne\/justice-sociale-et-egalite\/economie-solidaire"]}]},{"@type":"ImageObject","inLanguage":"fr-FR","@id":"https:\/\/vert-e-s-vd.ch\/lausanne\/justice-sociale-et-egalite\/economie-solidaire#primaryimage","url":"https:\/\/vert-e-s-vd.ch\/lausanne\/wp-content\/uploads\/sites\/7\/2021\/01\/hand-1917895_1920-2560x0-c-default.png","contentUrl":"https:\/\/vert-e-s-vd.ch\/lausanne\/wp-content\/uploads\/sites\/7\/2021\/01\/hand-1917895_1920-2560x0-c-default.png","width":1920,"height":1440,"caption":"solidarit\u00e9"},{"@type":"BreadcrumbList","@id":"https:\/\/vert-e-s-vd.ch\/lausanne\/justice-sociale-et-egalite\/economie-solidaire#breadcrumb","itemListElement":[{"@type":"ListItem","position":1,"name":"Accueil","item":"https:\/\/vert-e-s-vd.ch\/lausanne\/"},{"@type":"ListItem","position":2,"name":"Agenda"}]},{"@type":"WebSite","@id":"https:\/\/vert-e-s-vd.ch\/lausanne\/#website","url":"https:\/\/vert-e-s-vd.ch\/lausanne\/","name":"Les VERT\u00b7E\u00b7S lausannois\u00b7es","description":"Une longueur d\u2019avance","potentialAction":[{"@type":"SearchAction","target":{"@type":"EntryPoint","urlTemplate":"https:\/\/vert-e-s-vd.ch\/lausanne\/?s={search_term_string}"},"query-input":{"@type":"PropertyValueSpecification","valueRequired":true,"valueName":"search_term_string"}}],"inLanguage":"fr-FR"}]}},"_links":{"self":[{"href":"https:\/\/vert-e-s-vd.ch\/lausanne\/wp-json\/wp\/v2\/pages\/71894","targetHints":{"allow":["GET"]}}],"collection":[{"href":"https:\/\/vert-e-s-vd.ch\/lausanne\/wp-json\/wp\/v2\/pages"}],"about":[{"href":"https:\/\/vert-e-s-vd.ch\/lausanne\/wp-json\/wp\/v2\/types\/page"}],"author":[{"embeddable":true,"href":"https:\/\/vert-e-s-vd.ch\/lausanne\/wp-json\/wp\/v2\/users\/12"}],"replies":[{"embeddable":true,"href":"https:\/\/vert-e-s-vd.ch\/lausanne\/wp-json\/wp\/v2\/comments?post=71894"}],"version-history":[{"count":17,"href":"https:\/\/vert-e-s-vd.ch\/lausanne\/wp-json\/wp\/v2\/pages\/71894\/revisions"}],"predecessor-version":[{"id":72682,"href":"https:\/\/vert-e-s-vd.ch\/lausanne\/wp-json\/wp\/v2\/pages\/71894\/revisions\/72682"}],"up":[{"embeddable":true,"href":"https:\/\/vert-e-s-vd.ch\/lausanne\/wp-json\/wp\/v2\/pages\/71850"}],"wp:featuredmedia":[{"embeddable":true,"href":"https:\/\/vert-e-s-vd.ch\/lausanne\/wp-json\/wp\/v2\/media\/72681"}],"wp:attachment":[{"href":"https:\/\/vert-e-s-vd.ch\/lausanne\/wp-json\/wp\/v2\/media?parent=71894"}],"curies":[{"name":"wp","href":"https:\/\/api.w.org\/{rel}","templated":true}]}}