{"id":71889,"date":"2020-12-01T21:27:39","date_gmt":"2020-12-01T20:27:39","guid":{"rendered":"https:\/\/vert-e-s-vd.ch\/lausanne\/?page_id=71889"},"modified":"2021-01-31T20:24:15","modified_gmt":"2021-01-31T19:24:15","slug":"egalite-concrete","status":"publish","type":"page","link":"https:\/\/vert-e-s-vd.ch\/lausanne\/justice-sociale-et-egalite\/egalite-concrete","title":{"rendered":"\u00c9galit\u00e9 concr\u00e8te"},"content":{"rendered":"","protected":false},"excerpt":{"rendered":"","protected":false},"author":12,"featured_media":72677,"parent":71850,"menu_order":0,"comment_status":"closed","ping_status":"closed","template":"","meta":{"_acf_changed":false,"inline_featured_image":false,"footnotes":""},"class_list":["post-71889","page","type-page","status-publish","has-post-thumbnail","hentry"],"acf":[],"yoast_head":"<!-- This site is optimized with the Yoast SEO plugin v26.9 - https:\/\/yoast.com\/product\/yoast-seo-wordpress\/ -->\n<title>\u00c9galit\u00e9 concr\u00e8te - Les VERT\u00b7E\u00b7S lausannois\u00b7es<\/title>\n<meta name=\"description\" content=\"Les discriminations li\u00e9es au genre et \u00e0 l\u2019orientation sexuelle sont toujours tr\u00e8s pr\u00e9sentes dans notre soci\u00e9t\u00e9. La Ville doit acc\u00e9l\u00e9rer et intensifier ses efforts pour garantir l\u2019\u00e9galit\u00e9, en luttant contre le sexisme et toutes les discriminations li\u00e9es au genre et \u00e0 l\u2019expression du genre. Les femmes et les membres de la communaut\u00e9 LGBTIQ+ doivent trouver en la Ville une alli\u00e9e infaillible dans la lutte pour les droits et les libert\u00e9s de tous les genres et de toutes les orientations sexuelles. La conciliation entre vie priv\u00e9e et vie professionnelle doit \u00eatre rendue possible. Les Vert\u00b7e\u00b7s souhaitent que l\u2019\u00e9galit\u00e9 soit une valeur cardinale dans tous les aspects qui touchent les activit\u00e9s de la Ville. Une politique active d\u2019\u00e9coute et de soutien, de visibilisation dans l\u2019espace public, de sensibilisation tant globale que cible de la population et de d\u00e9fense active contre les discriminations doit \u00eatre men\u00e9e afin de garantir \u00e0 chaque personne les m\u00eames chances et le m\u00eame respect.\" \/>\n<meta name=\"robots\" content=\"index, follow, max-snippet:-1, max-image-preview:large, max-video-preview:-1\" \/>\n<link rel=\"canonical\" href=\"https:\/\/vert-e-s-vd.ch\/lausanne\/justice-sociale-et-egalite\/egalite-concrete\" \/>\n<meta property=\"og:locale\" content=\"fr_FR\" \/>\n<meta property=\"og:type\" content=\"article\" \/>\n<meta property=\"og:title\" content=\"\u00c9galit\u00e9 concr\u00e8te - Les VERT\u00b7E\u00b7S lausannois\u00b7es\" \/>\n<meta property=\"og:description\" content=\"Les discriminations li\u00e9es au genre et \u00e0 l\u2019orientation sexuelle sont toujours tr\u00e8s pr\u00e9sentes dans notre soci\u00e9t\u00e9. La Ville doit \u2026\" \/>\n<meta property=\"og:url\" content=\"https:\/\/vert-e-s-vd.ch\/lausanne\/justice-sociale-et-egalite\/egalite-concrete\" \/>\n<meta property=\"og:site_name\" content=\"Les VERT\u00b7E\u00b7S lausannois\u00b7es\" \/>\n<meta property=\"article:modified_time\" content=\"2021-01-31T19:24:15+00:00\" \/>\n<meta property=\"og:image\" content=\"https:\/\/vert-e-s-vd.ch\/lausanne\/wp-content\/uploads\/sites\/7\/2021\/01\/flag-2387854_1920-1200x0-c-default.jpg\" \/>\n\t<meta property=\"og:image:width\" content=\"1200\" \/>\n\t<meta property=\"og:image:height\" content=\"1181\" \/>\n\t<meta property=\"og:image:type\" content=\"image\/jpeg\" \/>\n<meta name=\"twitter:card\" content=\"summary_large_image\" \/>\n<script type=\"application\/ld+json\" class=\"yoast-schema-graph\">{\"@context\":\"https:\/\/schema.org\",\"@graph\":[{\"@type\":\"WebPage\",\"@id\":\"https:\/\/vert-e-s-vd.ch\/lausanne\/justice-sociale-et-egalite\/egalite-concrete\",\"url\":\"https:\/\/vert-e-s-vd.ch\/lausanne\/justice-sociale-et-egalite\/egalite-concrete\",\"name\":\"\u00c9galit\u00e9 concr\u00e8te - Les VERT\u00b7E\u00b7S lausannois\u00b7es\",\"isPartOf\":{\"@id\":\"https:\/\/vert-e-s-vd.ch\/lausanne\/#website\"},\"primaryImageOfPage\":{\"@id\":\"https:\/\/vert-e-s-vd.ch\/lausanne\/justice-sociale-et-egalite\/egalite-concrete#primaryimage\"},\"image\":{\"@id\":\"https:\/\/vert-e-s-vd.ch\/lausanne\/justice-sociale-et-egalite\/egalite-concrete#primaryimage\"},\"thumbnailUrl\":\"https:\/\/vert-e-s-vd.ch\/lausanne\/wp-content\/uploads\/sites\/7\/2021\/01\/flag-2387854_1920-2560x0-c-default.jpg\",\"datePublished\":\"2020-12-01T20:27:39+00:00\",\"dateModified\":\"2021-01-31T19:24:15+00:00\",\"description\":\"Les discriminations li\u00e9es au genre et \u00e0 l\u2019orientation sexuelle sont toujours tr\u00e8s pr\u00e9sentes dans notre soci\u00e9t\u00e9. La Ville doit acc\u00e9l\u00e9rer et intensifier ses efforts pour garantir l\u2019\u00e9galit\u00e9, en luttant contre le sexisme et toutes les discriminations li\u00e9es au genre et \u00e0 l\u2019expression du genre. Les femmes et les membres de la communaut\u00e9 LGBTIQ+ doivent trouver en la Ville une alli\u00e9e infaillible dans la lutte pour les droits et les libert\u00e9s de tous les genres et de toutes les orientations sexuelles. La conciliation entre vie priv\u00e9e et vie professionnelle doit \u00eatre rendue possible. Les Vert\u00b7e\u00b7s souhaitent que l\u2019\u00e9galit\u00e9 soit une valeur cardinale dans tous les aspects qui touchent les activit\u00e9s de la Ville. Une politique active d\u2019\u00e9coute et de soutien, de visibilisation dans l\u2019espace public, de sensibilisation tant globale que cible de la population et de d\u00e9fense active contre les discriminations doit \u00eatre men\u00e9e afin de garantir \u00e0 chaque personne les m\u00eames chances et le m\u00eame respect.\",\"breadcrumb\":{\"@id\":\"https:\/\/vert-e-s-vd.ch\/lausanne\/justice-sociale-et-egalite\/egalite-concrete#breadcrumb\"},\"inLanguage\":\"fr-FR\",\"potentialAction\":[{\"@type\":\"ReadAction\",\"target\":[\"https:\/\/vert-e-s-vd.ch\/lausanne\/justice-sociale-et-egalite\/egalite-concrete\"]}]},{\"@type\":\"ImageObject\",\"inLanguage\":\"fr-FR\",\"@id\":\"https:\/\/vert-e-s-vd.ch\/lausanne\/justice-sociale-et-egalite\/egalite-concrete#primaryimage\",\"url\":\"https:\/\/vert-e-s-vd.ch\/lausanne\/wp-content\/uploads\/sites\/7\/2021\/01\/flag-2387854_1920-2560x0-c-default.jpg\",\"contentUrl\":\"https:\/\/vert-e-s-vd.ch\/lausanne\/wp-content\/uploads\/sites\/7\/2021\/01\/flag-2387854_1920-2560x0-c-default.jpg\",\"width\":1920,\"height\":1890,\"caption\":\"\u00e9galit\u00e9\"},{\"@type\":\"BreadcrumbList\",\"@id\":\"https:\/\/vert-e-s-vd.ch\/lausanne\/justice-sociale-et-egalite\/egalite-concrete#breadcrumb\",\"itemListElement\":[{\"@type\":\"ListItem\",\"position\":1,\"name\":\"Accueil\",\"item\":\"https:\/\/vert-e-s-vd.ch\/lausanne\/\"},{\"@type\":\"ListItem\",\"position\":2,\"name\":\"Agenda\"}]},{\"@type\":\"WebSite\",\"@id\":\"https:\/\/vert-e-s-vd.ch\/lausanne\/#website\",\"url\":\"https:\/\/vert-e-s-vd.ch\/lausanne\/\",\"name\":\"Les VERT\u00b7E\u00b7S lausannois\u00b7es\",\"description\":\"Une longueur d\u2019avance\",\"potentialAction\":[{\"@type\":\"SearchAction\",\"target\":{\"@type\":\"EntryPoint\",\"urlTemplate\":\"https:\/\/vert-e-s-vd.ch\/lausanne\/?s={search_term_string}\"},\"query-input\":{\"@type\":\"PropertyValueSpecification\",\"valueRequired\":true,\"valueName\":\"search_term_string\"}}],\"inLanguage\":\"fr-FR\"}]}<\/script>\n<!-- \/ Yoast SEO plugin. -->","yoast_head_json":{"title":"\u00c9galit\u00e9 concr\u00e8te - Les VERT\u00b7E\u00b7S lausannois\u00b7es","description":"Les discriminations li\u00e9es au genre et \u00e0 l\u2019orientation sexuelle sont toujours tr\u00e8s pr\u00e9sentes dans notre soci\u00e9t\u00e9. La Ville doit acc\u00e9l\u00e9rer et intensifier ses efforts pour garantir l\u2019\u00e9galit\u00e9, en luttant contre le sexisme et toutes les discriminations li\u00e9es au genre et \u00e0 l\u2019expression du genre. Les femmes et les membres de la communaut\u00e9 LGBTIQ+ doivent trouver en la Ville une alli\u00e9e infaillible dans la lutte pour les droits et les libert\u00e9s de tous les genres et de toutes les orientations sexuelles. La conciliation entre vie priv\u00e9e et vie professionnelle doit \u00eatre rendue possible. Les Vert\u00b7e\u00b7s souhaitent que l\u2019\u00e9galit\u00e9 soit une valeur cardinale dans tous les aspects qui touchent les activit\u00e9s de la Ville. Une politique active d\u2019\u00e9coute et de soutien, de visibilisation dans l\u2019espace public, de sensibilisation tant globale que cible de la population et de d\u00e9fense active contre les discriminations doit \u00eatre men\u00e9e afin de garantir \u00e0 chaque personne les m\u00eames chances et le m\u00eame respect.","robots":{"index":"index","follow":"follow","max-snippet":"max-snippet:-1","max-image-preview":"max-image-preview:large","max-video-preview":"max-video-preview:-1"},"canonical":"https:\/\/vert-e-s-vd.ch\/lausanne\/justice-sociale-et-egalite\/egalite-concrete","og_locale":"fr_FR","og_type":"article","og_title":"\u00c9galit\u00e9 concr\u00e8te - Les VERT\u00b7E\u00b7S lausannois\u00b7es","og_description":"Les discriminations li\u00e9es au genre et \u00e0 l\u2019orientation sexuelle sont toujours tr\u00e8s pr\u00e9sentes dans notre soci\u00e9t\u00e9. La Ville doit \u2026","og_url":"https:\/\/vert-e-s-vd.ch\/lausanne\/justice-sociale-et-egalite\/egalite-concrete","og_site_name":"Les VERT\u00b7E\u00b7S lausannois\u00b7es","article_modified_time":"2021-01-31T19:24:15+00:00","og_image":[{"width":1200,"height":1181,"url":"https:\/\/vert-e-s-vd.ch\/lausanne\/wp-content\/uploads\/sites\/7\/2021\/01\/flag-2387854_1920-1200x0-c-default.jpg","type":"image\/jpeg"}],"twitter_card":"summary_large_image","schema":{"@context":"https:\/\/schema.org","@graph":[{"@type":"WebPage","@id":"https:\/\/vert-e-s-vd.ch\/lausanne\/justice-sociale-et-egalite\/egalite-concrete","url":"https:\/\/vert-e-s-vd.ch\/lausanne\/justice-sociale-et-egalite\/egalite-concrete","name":"\u00c9galit\u00e9 concr\u00e8te - Les VERT\u00b7E\u00b7S lausannois\u00b7es","isPartOf":{"@id":"https:\/\/vert-e-s-vd.ch\/lausanne\/#website"},"primaryImageOfPage":{"@id":"https:\/\/vert-e-s-vd.ch\/lausanne\/justice-sociale-et-egalite\/egalite-concrete#primaryimage"},"image":{"@id":"https:\/\/vert-e-s-vd.ch\/lausanne\/justice-sociale-et-egalite\/egalite-concrete#primaryimage"},"thumbnailUrl":"https:\/\/vert-e-s-vd.ch\/lausanne\/wp-content\/uploads\/sites\/7\/2021\/01\/flag-2387854_1920-2560x0-c-default.jpg","datePublished":"2020-12-01T20:27:39+00:00","dateModified":"2021-01-31T19:24:15+00:00","description":"Les discriminations li\u00e9es au genre et \u00e0 l\u2019orientation sexuelle sont toujours tr\u00e8s pr\u00e9sentes dans notre soci\u00e9t\u00e9. La Ville doit acc\u00e9l\u00e9rer et intensifier ses efforts pour garantir l\u2019\u00e9galit\u00e9, en luttant contre le sexisme et toutes les discriminations li\u00e9es au genre et \u00e0 l\u2019expression du genre. Les femmes et les membres de la communaut\u00e9 LGBTIQ+ doivent trouver en la Ville une alli\u00e9e infaillible dans la lutte pour les droits et les libert\u00e9s de tous les genres et de toutes les orientations sexuelles. La conciliation entre vie priv\u00e9e et vie professionnelle doit \u00eatre rendue possible. Les Vert\u00b7e\u00b7s souhaitent que l\u2019\u00e9galit\u00e9 soit une valeur cardinale dans tous les aspects qui touchent les activit\u00e9s de la Ville. Une politique active d\u2019\u00e9coute et de soutien, de visibilisation dans l\u2019espace public, de sensibilisation tant globale que cible de la population et de d\u00e9fense active contre les discriminations doit \u00eatre men\u00e9e afin de garantir \u00e0 chaque personne les m\u00eames chances et le m\u00eame respect.","breadcrumb":{"@id":"https:\/\/vert-e-s-vd.ch\/lausanne\/justice-sociale-et-egalite\/egalite-concrete#breadcrumb"},"inLanguage":"fr-FR","potentialAction":[{"@type":"ReadAction","target":["https:\/\/vert-e-s-vd.ch\/lausanne\/justice-sociale-et-egalite\/egalite-concrete"]}]},{"@type":"ImageObject","inLanguage":"fr-FR","@id":"https:\/\/vert-e-s-vd.ch\/lausanne\/justice-sociale-et-egalite\/egalite-concrete#primaryimage","url":"https:\/\/vert-e-s-vd.ch\/lausanne\/wp-content\/uploads\/sites\/7\/2021\/01\/flag-2387854_1920-2560x0-c-default.jpg","contentUrl":"https:\/\/vert-e-s-vd.ch\/lausanne\/wp-content\/uploads\/sites\/7\/2021\/01\/flag-2387854_1920-2560x0-c-default.jpg","width":1920,"height":1890,"caption":"\u00e9galit\u00e9"},{"@type":"BreadcrumbList","@id":"https:\/\/vert-e-s-vd.ch\/lausanne\/justice-sociale-et-egalite\/egalite-concrete#breadcrumb","itemListElement":[{"@type":"ListItem","position":1,"name":"Accueil","item":"https:\/\/vert-e-s-vd.ch\/lausanne\/"},{"@type":"ListItem","position":2,"name":"Agenda"}]},{"@type":"WebSite","@id":"https:\/\/vert-e-s-vd.ch\/lausanne\/#website","url":"https:\/\/vert-e-s-vd.ch\/lausanne\/","name":"Les VERT\u00b7E\u00b7S lausannois\u00b7es","description":"Une longueur d\u2019avance","potentialAction":[{"@type":"SearchAction","target":{"@type":"EntryPoint","urlTemplate":"https:\/\/vert-e-s-vd.ch\/lausanne\/?s={search_term_string}"},"query-input":{"@type":"PropertyValueSpecification","valueRequired":true,"valueName":"search_term_string"}}],"inLanguage":"fr-FR"}]}},"_links":{"self":[{"href":"https:\/\/vert-e-s-vd.ch\/lausanne\/wp-json\/wp\/v2\/pages\/71889","targetHints":{"allow":["GET"]}}],"collection":[{"href":"https:\/\/vert-e-s-vd.ch\/lausanne\/wp-json\/wp\/v2\/pages"}],"about":[{"href":"https:\/\/vert-e-s-vd.ch\/lausanne\/wp-json\/wp\/v2\/types\/page"}],"author":[{"embeddable":true,"href":"https:\/\/vert-e-s-vd.ch\/lausanne\/wp-json\/wp\/v2\/users\/12"}],"replies":[{"embeddable":true,"href":"https:\/\/vert-e-s-vd.ch\/lausanne\/wp-json\/wp\/v2\/comments?post=71889"}],"version-history":[{"count":7,"href":"https:\/\/vert-e-s-vd.ch\/lausanne\/wp-json\/wp\/v2\/pages\/71889\/revisions"}],"predecessor-version":[{"id":72678,"href":"https:\/\/vert-e-s-vd.ch\/lausanne\/wp-json\/wp\/v2\/pages\/71889\/revisions\/72678"}],"up":[{"embeddable":true,"href":"https:\/\/vert-e-s-vd.ch\/lausanne\/wp-json\/wp\/v2\/pages\/71850"}],"wp:featuredmedia":[{"embeddable":true,"href":"https:\/\/vert-e-s-vd.ch\/lausanne\/wp-json\/wp\/v2\/media\/72677"}],"wp:attachment":[{"href":"https:\/\/vert-e-s-vd.ch\/lausanne\/wp-json\/wp\/v2\/media?parent=71889"}],"curies":[{"name":"wp","href":"https:\/\/api.w.org\/{rel}","templated":true}]}}