{"id":71879,"date":"2020-12-01T21:15:25","date_gmt":"2020-12-01T20:15:25","guid":{"rendered":"https:\/\/vert-e-s-vd.ch\/lausanne\/?page_id=71879"},"modified":"2021-01-31T18:56:33","modified_gmt":"2021-01-31T17:56:33","slug":"reduction-des-dechets","status":"publish","type":"page","link":"https:\/\/vert-e-s-vd.ch\/lausanne\/justice-climatique\/reduction-des-dechets","title":{"rendered":"R\u00e9duction des d\u00e9chets"},"content":{"rendered":"","protected":false},"excerpt":{"rendered":"","protected":false},"author":12,"featured_media":72668,"parent":71846,"menu_order":0,"comment_status":"closed","ping_status":"closed","template":"","meta":{"_acf_changed":false,"inline_featured_image":false,"footnotes":""},"class_list":["post-71879","page","type-page","status-publish","has-post-thumbnail","hentry"],"acf":[],"yoast_head":"<!-- This site is optimized with the Yoast SEO plugin v26.9 - https:\/\/yoast.com\/product\/yoast-seo-wordpress\/ -->\n<title>R\u00e9duction des d\u00e9chets - Les VERT\u00b7E\u00b7S lausannois\u00b7es<\/title>\n<meta name=\"description\" content=\"Une politique z\u00e9ro d\u00e9chet doit \u00eatre men\u00e9e activement. En premier lieu, la production de d\u00e9chets doit \u00eatre r\u00e9duite \u00e0 la source, notamment en agissant fortement sur les produits \u00e0 usage unique. En second lieu, la r\u00e9utilisation, la remise \u00e0 neuf, le recyclage, voire la revalorisation des mati\u00e8res premi\u00e8res, doivent \u00eatre encourag\u00e9s. La Ville dispose d&#039;une grande marge de man\u0153uvre pour appliquer une politique z\u00e9ro d\u00e9chet, centr\u00e9e sur la r\u00e9utilisation plut\u00f4t que la destruction. Objectif : \u00e9conomiser un maximum de mati\u00e8res premi\u00e8res et \u00e9viter de puiser dans les ressources naturelles limit\u00e9es de notre plan\u00e8te.\" \/>\n<meta name=\"robots\" content=\"index, follow, max-snippet:-1, max-image-preview:large, max-video-preview:-1\" \/>\n<link rel=\"canonical\" href=\"https:\/\/vert-e-s-vd.ch\/lausanne\/justice-climatique\/reduction-des-dechets\" \/>\n<meta property=\"og:locale\" content=\"fr_FR\" \/>\n<meta property=\"og:type\" content=\"article\" \/>\n<meta property=\"og:title\" content=\"R\u00e9duction des d\u00e9chets - Les VERT\u00b7E\u00b7S lausannois\u00b7es\" \/>\n<meta property=\"og:description\" content=\"Une politique z\u00e9ro d\u00e9chet doit \u00eatre men\u00e9e activement. En premier lieu, la production de d\u00e9chets doit \u00eatre r\u00e9duite \u00e0 la source, \u2026\" \/>\n<meta property=\"og:url\" content=\"https:\/\/vert-e-s-vd.ch\/lausanne\/justice-climatique\/reduction-des-dechets\" \/>\n<meta property=\"og:site_name\" content=\"Les VERT\u00b7E\u00b7S lausannois\u00b7es\" \/>\n<meta property=\"article:modified_time\" content=\"2021-01-31T17:56:33+00:00\" \/>\n<meta property=\"og:image\" content=\"https:\/\/vert-e-s-vd.ch\/lausanne\/wp-content\/uploads\/sites\/7\/2021\/01\/zero-waste-3749854_1920-1200x0-c-default.jpg\" \/>\n\t<meta property=\"og:image:width\" content=\"1200\" \/>\n\t<meta property=\"og:image:height\" content=\"798\" \/>\n\t<meta property=\"og:image:type\" content=\"image\/jpeg\" \/>\n<meta name=\"twitter:card\" content=\"summary_large_image\" \/>\n<script type=\"application\/ld+json\" class=\"yoast-schema-graph\">{\"@context\":\"https:\/\/schema.org\",\"@graph\":[{\"@type\":\"WebPage\",\"@id\":\"https:\/\/vert-e-s-vd.ch\/lausanne\/justice-climatique\/reduction-des-dechets\",\"url\":\"https:\/\/vert-e-s-vd.ch\/lausanne\/justice-climatique\/reduction-des-dechets\",\"name\":\"R\u00e9duction des d\u00e9chets - Les VERT\u00b7E\u00b7S lausannois\u00b7es\",\"isPartOf\":{\"@id\":\"https:\/\/vert-e-s-vd.ch\/lausanne\/#website\"},\"primaryImageOfPage\":{\"@id\":\"https:\/\/vert-e-s-vd.ch\/lausanne\/justice-climatique\/reduction-des-dechets#primaryimage\"},\"image\":{\"@id\":\"https:\/\/vert-e-s-vd.ch\/lausanne\/justice-climatique\/reduction-des-dechets#primaryimage\"},\"thumbnailUrl\":\"https:\/\/vert-e-s-vd.ch\/lausanne\/wp-content\/uploads\/sites\/7\/2021\/01\/zero-waste-3749854_1920-2560x0-c-default.jpg\",\"datePublished\":\"2020-12-01T20:15:25+00:00\",\"dateModified\":\"2021-01-31T17:56:33+00:00\",\"description\":\"Une politique z\u00e9ro d\u00e9chet doit \u00eatre men\u00e9e activement. En premier lieu, la production de d\u00e9chets doit \u00eatre r\u00e9duite \u00e0 la source, notamment en agissant fortement sur les produits \u00e0 usage unique. En second lieu, la r\u00e9utilisation, la remise \u00e0 neuf, le recyclage, voire la revalorisation des mati\u00e8res premi\u00e8res, doivent \u00eatre encourag\u00e9s. La Ville dispose d'une grande marge de man\u0153uvre pour appliquer une politique z\u00e9ro d\u00e9chet, centr\u00e9e sur la r\u00e9utilisation plut\u00f4t que la destruction. Objectif : \u00e9conomiser un maximum de mati\u00e8res premi\u00e8res et \u00e9viter de puiser dans les ressources naturelles limit\u00e9es de notre plan\u00e8te.\",\"breadcrumb\":{\"@id\":\"https:\/\/vert-e-s-vd.ch\/lausanne\/justice-climatique\/reduction-des-dechets#breadcrumb\"},\"inLanguage\":\"fr-FR\",\"potentialAction\":[{\"@type\":\"ReadAction\",\"target\":[\"https:\/\/vert-e-s-vd.ch\/lausanne\/justice-climatique\/reduction-des-dechets\"]}]},{\"@type\":\"ImageObject\",\"inLanguage\":\"fr-FR\",\"@id\":\"https:\/\/vert-e-s-vd.ch\/lausanne\/justice-climatique\/reduction-des-dechets#primaryimage\",\"url\":\"https:\/\/vert-e-s-vd.ch\/lausanne\/wp-content\/uploads\/sites\/7\/2021\/01\/zero-waste-3749854_1920-2560x0-c-default.jpg\",\"contentUrl\":\"https:\/\/vert-e-s-vd.ch\/lausanne\/wp-content\/uploads\/sites\/7\/2021\/01\/zero-waste-3749854_1920-2560x0-c-default.jpg\",\"width\":1920,\"height\":1276,\"caption\":\"r\u00e9duction des d\u00e9chets\"},{\"@type\":\"BreadcrumbList\",\"@id\":\"https:\/\/vert-e-s-vd.ch\/lausanne\/justice-climatique\/reduction-des-dechets#breadcrumb\",\"itemListElement\":[{\"@type\":\"ListItem\",\"position\":1,\"name\":\"Accueil\",\"item\":\"https:\/\/vert-e-s-vd.ch\/lausanne\/\"},{\"@type\":\"ListItem\",\"position\":2,\"name\":\"Agenda\"}]},{\"@type\":\"WebSite\",\"@id\":\"https:\/\/vert-e-s-vd.ch\/lausanne\/#website\",\"url\":\"https:\/\/vert-e-s-vd.ch\/lausanne\/\",\"name\":\"Les VERT\u00b7E\u00b7S lausannois\u00b7es\",\"description\":\"Une longueur d\u2019avance\",\"potentialAction\":[{\"@type\":\"SearchAction\",\"target\":{\"@type\":\"EntryPoint\",\"urlTemplate\":\"https:\/\/vert-e-s-vd.ch\/lausanne\/?s={search_term_string}\"},\"query-input\":{\"@type\":\"PropertyValueSpecification\",\"valueRequired\":true,\"valueName\":\"search_term_string\"}}],\"inLanguage\":\"fr-FR\"}]}<\/script>\n<!-- \/ Yoast SEO plugin. -->","yoast_head_json":{"title":"R\u00e9duction des d\u00e9chets - Les VERT\u00b7E\u00b7S lausannois\u00b7es","description":"Une politique z\u00e9ro d\u00e9chet doit \u00eatre men\u00e9e activement. En premier lieu, la production de d\u00e9chets doit \u00eatre r\u00e9duite \u00e0 la source, notamment en agissant fortement sur les produits \u00e0 usage unique. En second lieu, la r\u00e9utilisation, la remise \u00e0 neuf, le recyclage, voire la revalorisation des mati\u00e8res premi\u00e8res, doivent \u00eatre encourag\u00e9s. La Ville dispose d'une grande marge de man\u0153uvre pour appliquer une politique z\u00e9ro d\u00e9chet, centr\u00e9e sur la r\u00e9utilisation plut\u00f4t que la destruction. Objectif : \u00e9conomiser un maximum de mati\u00e8res premi\u00e8res et \u00e9viter de puiser dans les ressources naturelles limit\u00e9es de notre plan\u00e8te.","robots":{"index":"index","follow":"follow","max-snippet":"max-snippet:-1","max-image-preview":"max-image-preview:large","max-video-preview":"max-video-preview:-1"},"canonical":"https:\/\/vert-e-s-vd.ch\/lausanne\/justice-climatique\/reduction-des-dechets","og_locale":"fr_FR","og_type":"article","og_title":"R\u00e9duction des d\u00e9chets - Les VERT\u00b7E\u00b7S lausannois\u00b7es","og_description":"Une politique z\u00e9ro d\u00e9chet doit \u00eatre men\u00e9e activement. En premier lieu, la production de d\u00e9chets doit \u00eatre r\u00e9duite \u00e0 la source, \u2026","og_url":"https:\/\/vert-e-s-vd.ch\/lausanne\/justice-climatique\/reduction-des-dechets","og_site_name":"Les VERT\u00b7E\u00b7S lausannois\u00b7es","article_modified_time":"2021-01-31T17:56:33+00:00","og_image":[{"width":1200,"height":798,"url":"https:\/\/vert-e-s-vd.ch\/lausanne\/wp-content\/uploads\/sites\/7\/2021\/01\/zero-waste-3749854_1920-1200x0-c-default.jpg","type":"image\/jpeg"}],"twitter_card":"summary_large_image","schema":{"@context":"https:\/\/schema.org","@graph":[{"@type":"WebPage","@id":"https:\/\/vert-e-s-vd.ch\/lausanne\/justice-climatique\/reduction-des-dechets","url":"https:\/\/vert-e-s-vd.ch\/lausanne\/justice-climatique\/reduction-des-dechets","name":"R\u00e9duction des d\u00e9chets - Les VERT\u00b7E\u00b7S lausannois\u00b7es","isPartOf":{"@id":"https:\/\/vert-e-s-vd.ch\/lausanne\/#website"},"primaryImageOfPage":{"@id":"https:\/\/vert-e-s-vd.ch\/lausanne\/justice-climatique\/reduction-des-dechets#primaryimage"},"image":{"@id":"https:\/\/vert-e-s-vd.ch\/lausanne\/justice-climatique\/reduction-des-dechets#primaryimage"},"thumbnailUrl":"https:\/\/vert-e-s-vd.ch\/lausanne\/wp-content\/uploads\/sites\/7\/2021\/01\/zero-waste-3749854_1920-2560x0-c-default.jpg","datePublished":"2020-12-01T20:15:25+00:00","dateModified":"2021-01-31T17:56:33+00:00","description":"Une politique z\u00e9ro d\u00e9chet doit \u00eatre men\u00e9e activement. En premier lieu, la production de d\u00e9chets doit \u00eatre r\u00e9duite \u00e0 la source, notamment en agissant fortement sur les produits \u00e0 usage unique. En second lieu, la r\u00e9utilisation, la remise \u00e0 neuf, le recyclage, voire la revalorisation des mati\u00e8res premi\u00e8res, doivent \u00eatre encourag\u00e9s. La Ville dispose d'une grande marge de man\u0153uvre pour appliquer une politique z\u00e9ro d\u00e9chet, centr\u00e9e sur la r\u00e9utilisation plut\u00f4t que la destruction. Objectif : \u00e9conomiser un maximum de mati\u00e8res premi\u00e8res et \u00e9viter de puiser dans les ressources naturelles limit\u00e9es de notre plan\u00e8te.","breadcrumb":{"@id":"https:\/\/vert-e-s-vd.ch\/lausanne\/justice-climatique\/reduction-des-dechets#breadcrumb"},"inLanguage":"fr-FR","potentialAction":[{"@type":"ReadAction","target":["https:\/\/vert-e-s-vd.ch\/lausanne\/justice-climatique\/reduction-des-dechets"]}]},{"@type":"ImageObject","inLanguage":"fr-FR","@id":"https:\/\/vert-e-s-vd.ch\/lausanne\/justice-climatique\/reduction-des-dechets#primaryimage","url":"https:\/\/vert-e-s-vd.ch\/lausanne\/wp-content\/uploads\/sites\/7\/2021\/01\/zero-waste-3749854_1920-2560x0-c-default.jpg","contentUrl":"https:\/\/vert-e-s-vd.ch\/lausanne\/wp-content\/uploads\/sites\/7\/2021\/01\/zero-waste-3749854_1920-2560x0-c-default.jpg","width":1920,"height":1276,"caption":"r\u00e9duction des d\u00e9chets"},{"@type":"BreadcrumbList","@id":"https:\/\/vert-e-s-vd.ch\/lausanne\/justice-climatique\/reduction-des-dechets#breadcrumb","itemListElement":[{"@type":"ListItem","position":1,"name":"Accueil","item":"https:\/\/vert-e-s-vd.ch\/lausanne\/"},{"@type":"ListItem","position":2,"name":"Agenda"}]},{"@type":"WebSite","@id":"https:\/\/vert-e-s-vd.ch\/lausanne\/#website","url":"https:\/\/vert-e-s-vd.ch\/lausanne\/","name":"Les VERT\u00b7E\u00b7S lausannois\u00b7es","description":"Une longueur d\u2019avance","potentialAction":[{"@type":"SearchAction","target":{"@type":"EntryPoint","urlTemplate":"https:\/\/vert-e-s-vd.ch\/lausanne\/?s={search_term_string}"},"query-input":{"@type":"PropertyValueSpecification","valueRequired":true,"valueName":"search_term_string"}}],"inLanguage":"fr-FR"}]}},"_links":{"self":[{"href":"https:\/\/vert-e-s-vd.ch\/lausanne\/wp-json\/wp\/v2\/pages\/71879","targetHints":{"allow":["GET"]}}],"collection":[{"href":"https:\/\/vert-e-s-vd.ch\/lausanne\/wp-json\/wp\/v2\/pages"}],"about":[{"href":"https:\/\/vert-e-s-vd.ch\/lausanne\/wp-json\/wp\/v2\/types\/page"}],"author":[{"embeddable":true,"href":"https:\/\/vert-e-s-vd.ch\/lausanne\/wp-json\/wp\/v2\/users\/12"}],"replies":[{"embeddable":true,"href":"https:\/\/vert-e-s-vd.ch\/lausanne\/wp-json\/wp\/v2\/comments?post=71879"}],"version-history":[{"count":7,"href":"https:\/\/vert-e-s-vd.ch\/lausanne\/wp-json\/wp\/v2\/pages\/71879\/revisions"}],"predecessor-version":[{"id":72670,"href":"https:\/\/vert-e-s-vd.ch\/lausanne\/wp-json\/wp\/v2\/pages\/71879\/revisions\/72670"}],"up":[{"embeddable":true,"href":"https:\/\/vert-e-s-vd.ch\/lausanne\/wp-json\/wp\/v2\/pages\/71846"}],"wp:featuredmedia":[{"embeddable":true,"href":"https:\/\/vert-e-s-vd.ch\/lausanne\/wp-json\/wp\/v2\/media\/72668"}],"wp:attachment":[{"href":"https:\/\/vert-e-s-vd.ch\/lausanne\/wp-json\/wp\/v2\/media?parent=71879"}],"curies":[{"name":"wp","href":"https:\/\/api.w.org\/{rel}","templated":true}]}}