{"id":71877,"date":"2020-12-01T21:11:17","date_gmt":"2020-12-01T20:11:17","guid":{"rendered":"https:\/\/vert-e-s-vd.ch\/lausanne\/?page_id=71877"},"modified":"2021-01-31T18:55:13","modified_gmt":"2021-01-31T17:55:13","slug":"lutte-contre-les-pollutions","status":"publish","type":"page","link":"https:\/\/vert-e-s-vd.ch\/lausanne\/justice-climatique\/lutte-contre-les-pollutions","title":{"rendered":"Lutte contre les pollutions"},"content":{"rendered":"","protected":false},"excerpt":{"rendered":"","protected":false},"author":12,"featured_media":72665,"parent":71846,"menu_order":0,"comment_status":"closed","ping_status":"closed","template":"","meta":{"_acf_changed":false,"inline_featured_image":false,"footnotes":""},"class_list":["post-71877","page","type-page","status-publish","has-post-thumbnail","hentry"],"acf":[],"yoast_head":"<!-- This site is optimized with the Yoast SEO plugin v26.9 - https:\/\/yoast.com\/product\/yoast-seo-wordpress\/ -->\n<title>Lutte contre les pollutions - Les VERT\u00b7E\u00b7S lausannois\u00b7es<\/title>\n<meta name=\"description\" content=\"Les Vert\u00b7e\u00b7s veulent r\u00e9duire \u00e0 la source les pollutions qui impactent l\u2019environnement et la sant\u00e9 des Lausannois\u00b7es. Dans ce cadre, la diminution du bruit et la qualit\u00e9 de l\u2019air sont des priorit\u00e9s absolues, notamment en r\u00e9duisant et en ralentissant le trafic motoris\u00e9 individuel en ville, mais aussi en fermant \u00e0 moyen terme l\u2019a\u00e9roport de la Bl\u00e9cherette. Dans une soci\u00e9t\u00e9 qui promeut la surconsommation de biens, nous devons \u00e9galement nous assurer de la protection de l\u2019eau (particuli\u00e8rement l\u2019eau potable) et mener la lutte contre les perturbateurs endocriniens, contre la pollution lumineuse, \u00e9lectromagn\u00e9tique et visuelle ainsi que contre la dispersion des d\u00e9chets (littering) et des microparticules de plastique.\" \/>\n<meta name=\"robots\" content=\"index, follow, max-snippet:-1, max-image-preview:large, max-video-preview:-1\" \/>\n<link rel=\"canonical\" href=\"https:\/\/vert-e-s-vd.ch\/lausanne\/justice-climatique\/lutte-contre-les-pollutions\" \/>\n<meta property=\"og:locale\" content=\"fr_FR\" \/>\n<meta property=\"og:type\" content=\"article\" \/>\n<meta property=\"og:title\" content=\"Lutte contre les pollutions - Les VERT\u00b7E\u00b7S lausannois\u00b7es\" \/>\n<meta property=\"og:description\" content=\"Les Vert\u00b7e\u00b7s veulent r\u00e9duire \u00e0 la source les pollutions qui impactent l\u2019environnement et la sant\u00e9 des Lausannois\u00b7es. Dans ce cadre, \u2026\" \/>\n<meta property=\"og:url\" content=\"https:\/\/vert-e-s-vd.ch\/lausanne\/justice-climatique\/lutte-contre-les-pollutions\" \/>\n<meta property=\"og:site_name\" content=\"Les VERT\u00b7E\u00b7S lausannois\u00b7es\" \/>\n<meta property=\"article:modified_time\" content=\"2021-01-31T17:55:13+00:00\" \/>\n<meta property=\"og:image\" content=\"https:\/\/vert-e-s-vd.ch\/lausanne\/wp-content\/uploads\/sites\/7\/2021\/01\/environmental-protection-326923_1920-1200x0-c-default.jpg\" \/>\n\t<meta property=\"og:image:width\" content=\"1200\" \/>\n\t<meta property=\"og:image:height\" content=\"800\" \/>\n\t<meta property=\"og:image:type\" content=\"image\/jpeg\" \/>\n<meta name=\"twitter:card\" content=\"summary_large_image\" \/>\n<script type=\"application\/ld+json\" class=\"yoast-schema-graph\">{\"@context\":\"https:\/\/schema.org\",\"@graph\":[{\"@type\":\"WebPage\",\"@id\":\"https:\/\/vert-e-s-vd.ch\/lausanne\/justice-climatique\/lutte-contre-les-pollutions\",\"url\":\"https:\/\/vert-e-s-vd.ch\/lausanne\/justice-climatique\/lutte-contre-les-pollutions\",\"name\":\"Lutte contre les pollutions - Les VERT\u00b7E\u00b7S lausannois\u00b7es\",\"isPartOf\":{\"@id\":\"https:\/\/vert-e-s-vd.ch\/lausanne\/#website\"},\"primaryImageOfPage\":{\"@id\":\"https:\/\/vert-e-s-vd.ch\/lausanne\/justice-climatique\/lutte-contre-les-pollutions#primaryimage\"},\"image\":{\"@id\":\"https:\/\/vert-e-s-vd.ch\/lausanne\/justice-climatique\/lutte-contre-les-pollutions#primaryimage\"},\"thumbnailUrl\":\"https:\/\/vert-e-s-vd.ch\/lausanne\/wp-content\/uploads\/sites\/7\/2021\/01\/environmental-protection-326923_1920-2560x0-c-default.jpg\",\"datePublished\":\"2020-12-01T20:11:17+00:00\",\"dateModified\":\"2021-01-31T17:55:13+00:00\",\"description\":\"Les Vert\u00b7e\u00b7s veulent r\u00e9duire \u00e0 la source les pollutions qui impactent l\u2019environnement et la sant\u00e9 des Lausannois\u00b7es. Dans ce cadre, la diminution du bruit et la qualit\u00e9 de l\u2019air sont des priorit\u00e9s absolues, notamment en r\u00e9duisant et en ralentissant le trafic motoris\u00e9 individuel en ville, mais aussi en fermant \u00e0 moyen terme l\u2019a\u00e9roport de la Bl\u00e9cherette. Dans une soci\u00e9t\u00e9 qui promeut la surconsommation de biens, nous devons \u00e9galement nous assurer de la protection de l\u2019eau (particuli\u00e8rement l\u2019eau potable) et mener la lutte contre les perturbateurs endocriniens, contre la pollution lumineuse, \u00e9lectromagn\u00e9tique et visuelle ainsi que contre la dispersion des d\u00e9chets (littering) et des microparticules de plastique.\",\"breadcrumb\":{\"@id\":\"https:\/\/vert-e-s-vd.ch\/lausanne\/justice-climatique\/lutte-contre-les-pollutions#breadcrumb\"},\"inLanguage\":\"fr-FR\",\"potentialAction\":[{\"@type\":\"ReadAction\",\"target\":[\"https:\/\/vert-e-s-vd.ch\/lausanne\/justice-climatique\/lutte-contre-les-pollutions\"]}]},{\"@type\":\"ImageObject\",\"inLanguage\":\"fr-FR\",\"@id\":\"https:\/\/vert-e-s-vd.ch\/lausanne\/justice-climatique\/lutte-contre-les-pollutions#primaryimage\",\"url\":\"https:\/\/vert-e-s-vd.ch\/lausanne\/wp-content\/uploads\/sites\/7\/2021\/01\/environmental-protection-326923_1920-2560x0-c-default.jpg\",\"contentUrl\":\"https:\/\/vert-e-s-vd.ch\/lausanne\/wp-content\/uploads\/sites\/7\/2021\/01\/environmental-protection-326923_1920-2560x0-c-default.jpg\",\"width\":1920,\"height\":1280},{\"@type\":\"BreadcrumbList\",\"@id\":\"https:\/\/vert-e-s-vd.ch\/lausanne\/justice-climatique\/lutte-contre-les-pollutions#breadcrumb\",\"itemListElement\":[{\"@type\":\"ListItem\",\"position\":1,\"name\":\"Accueil\",\"item\":\"https:\/\/vert-e-s-vd.ch\/lausanne\/\"},{\"@type\":\"ListItem\",\"position\":2,\"name\":\"Agenda\"}]},{\"@type\":\"WebSite\",\"@id\":\"https:\/\/vert-e-s-vd.ch\/lausanne\/#website\",\"url\":\"https:\/\/vert-e-s-vd.ch\/lausanne\/\",\"name\":\"Les VERT\u00b7E\u00b7S lausannois\u00b7es\",\"description\":\"Une longueur d\u2019avance\",\"potentialAction\":[{\"@type\":\"SearchAction\",\"target\":{\"@type\":\"EntryPoint\",\"urlTemplate\":\"https:\/\/vert-e-s-vd.ch\/lausanne\/?s={search_term_string}\"},\"query-input\":{\"@type\":\"PropertyValueSpecification\",\"valueRequired\":true,\"valueName\":\"search_term_string\"}}],\"inLanguage\":\"fr-FR\"}]}<\/script>\n<!-- \/ Yoast SEO plugin. -->","yoast_head_json":{"title":"Lutte contre les pollutions - Les VERT\u00b7E\u00b7S lausannois\u00b7es","description":"Les Vert\u00b7e\u00b7s veulent r\u00e9duire \u00e0 la source les pollutions qui impactent l\u2019environnement et la sant\u00e9 des Lausannois\u00b7es. Dans ce cadre, la diminution du bruit et la qualit\u00e9 de l\u2019air sont des priorit\u00e9s absolues, notamment en r\u00e9duisant et en ralentissant le trafic motoris\u00e9 individuel en ville, mais aussi en fermant \u00e0 moyen terme l\u2019a\u00e9roport de la Bl\u00e9cherette. Dans une soci\u00e9t\u00e9 qui promeut la surconsommation de biens, nous devons \u00e9galement nous assurer de la protection de l\u2019eau (particuli\u00e8rement l\u2019eau potable) et mener la lutte contre les perturbateurs endocriniens, contre la pollution lumineuse, \u00e9lectromagn\u00e9tique et visuelle ainsi que contre la dispersion des d\u00e9chets (littering) et des microparticules de plastique.","robots":{"index":"index","follow":"follow","max-snippet":"max-snippet:-1","max-image-preview":"max-image-preview:large","max-video-preview":"max-video-preview:-1"},"canonical":"https:\/\/vert-e-s-vd.ch\/lausanne\/justice-climatique\/lutte-contre-les-pollutions","og_locale":"fr_FR","og_type":"article","og_title":"Lutte contre les pollutions - Les VERT\u00b7E\u00b7S lausannois\u00b7es","og_description":"Les Vert\u00b7e\u00b7s veulent r\u00e9duire \u00e0 la source les pollutions qui impactent l\u2019environnement et la sant\u00e9 des Lausannois\u00b7es. Dans ce cadre, \u2026","og_url":"https:\/\/vert-e-s-vd.ch\/lausanne\/justice-climatique\/lutte-contre-les-pollutions","og_site_name":"Les VERT\u00b7E\u00b7S lausannois\u00b7es","article_modified_time":"2021-01-31T17:55:13+00:00","og_image":[{"width":1200,"height":800,"url":"https:\/\/vert-e-s-vd.ch\/lausanne\/wp-content\/uploads\/sites\/7\/2021\/01\/environmental-protection-326923_1920-1200x0-c-default.jpg","type":"image\/jpeg"}],"twitter_card":"summary_large_image","schema":{"@context":"https:\/\/schema.org","@graph":[{"@type":"WebPage","@id":"https:\/\/vert-e-s-vd.ch\/lausanne\/justice-climatique\/lutte-contre-les-pollutions","url":"https:\/\/vert-e-s-vd.ch\/lausanne\/justice-climatique\/lutte-contre-les-pollutions","name":"Lutte contre les pollutions - Les VERT\u00b7E\u00b7S lausannois\u00b7es","isPartOf":{"@id":"https:\/\/vert-e-s-vd.ch\/lausanne\/#website"},"primaryImageOfPage":{"@id":"https:\/\/vert-e-s-vd.ch\/lausanne\/justice-climatique\/lutte-contre-les-pollutions#primaryimage"},"image":{"@id":"https:\/\/vert-e-s-vd.ch\/lausanne\/justice-climatique\/lutte-contre-les-pollutions#primaryimage"},"thumbnailUrl":"https:\/\/vert-e-s-vd.ch\/lausanne\/wp-content\/uploads\/sites\/7\/2021\/01\/environmental-protection-326923_1920-2560x0-c-default.jpg","datePublished":"2020-12-01T20:11:17+00:00","dateModified":"2021-01-31T17:55:13+00:00","description":"Les Vert\u00b7e\u00b7s veulent r\u00e9duire \u00e0 la source les pollutions qui impactent l\u2019environnement et la sant\u00e9 des Lausannois\u00b7es. Dans ce cadre, la diminution du bruit et la qualit\u00e9 de l\u2019air sont des priorit\u00e9s absolues, notamment en r\u00e9duisant et en ralentissant le trafic motoris\u00e9 individuel en ville, mais aussi en fermant \u00e0 moyen terme l\u2019a\u00e9roport de la Bl\u00e9cherette. Dans une soci\u00e9t\u00e9 qui promeut la surconsommation de biens, nous devons \u00e9galement nous assurer de la protection de l\u2019eau (particuli\u00e8rement l\u2019eau potable) et mener la lutte contre les perturbateurs endocriniens, contre la pollution lumineuse, \u00e9lectromagn\u00e9tique et visuelle ainsi que contre la dispersion des d\u00e9chets (littering) et des microparticules de plastique.","breadcrumb":{"@id":"https:\/\/vert-e-s-vd.ch\/lausanne\/justice-climatique\/lutte-contre-les-pollutions#breadcrumb"},"inLanguage":"fr-FR","potentialAction":[{"@type":"ReadAction","target":["https:\/\/vert-e-s-vd.ch\/lausanne\/justice-climatique\/lutte-contre-les-pollutions"]}]},{"@type":"ImageObject","inLanguage":"fr-FR","@id":"https:\/\/vert-e-s-vd.ch\/lausanne\/justice-climatique\/lutte-contre-les-pollutions#primaryimage","url":"https:\/\/vert-e-s-vd.ch\/lausanne\/wp-content\/uploads\/sites\/7\/2021\/01\/environmental-protection-326923_1920-2560x0-c-default.jpg","contentUrl":"https:\/\/vert-e-s-vd.ch\/lausanne\/wp-content\/uploads\/sites\/7\/2021\/01\/environmental-protection-326923_1920-2560x0-c-default.jpg","width":1920,"height":1280},{"@type":"BreadcrumbList","@id":"https:\/\/vert-e-s-vd.ch\/lausanne\/justice-climatique\/lutte-contre-les-pollutions#breadcrumb","itemListElement":[{"@type":"ListItem","position":1,"name":"Accueil","item":"https:\/\/vert-e-s-vd.ch\/lausanne\/"},{"@type":"ListItem","position":2,"name":"Agenda"}]},{"@type":"WebSite","@id":"https:\/\/vert-e-s-vd.ch\/lausanne\/#website","url":"https:\/\/vert-e-s-vd.ch\/lausanne\/","name":"Les VERT\u00b7E\u00b7S lausannois\u00b7es","description":"Une longueur d\u2019avance","potentialAction":[{"@type":"SearchAction","target":{"@type":"EntryPoint","urlTemplate":"https:\/\/vert-e-s-vd.ch\/lausanne\/?s={search_term_string}"},"query-input":{"@type":"PropertyValueSpecification","valueRequired":true,"valueName":"search_term_string"}}],"inLanguage":"fr-FR"}]}},"_links":{"self":[{"href":"https:\/\/vert-e-s-vd.ch\/lausanne\/wp-json\/wp\/v2\/pages\/71877","targetHints":{"allow":["GET"]}}],"collection":[{"href":"https:\/\/vert-e-s-vd.ch\/lausanne\/wp-json\/wp\/v2\/pages"}],"about":[{"href":"https:\/\/vert-e-s-vd.ch\/lausanne\/wp-json\/wp\/v2\/types\/page"}],"author":[{"embeddable":true,"href":"https:\/\/vert-e-s-vd.ch\/lausanne\/wp-json\/wp\/v2\/users\/12"}],"replies":[{"embeddable":true,"href":"https:\/\/vert-e-s-vd.ch\/lausanne\/wp-json\/wp\/v2\/comments?post=71877"}],"version-history":[{"count":14,"href":"https:\/\/vert-e-s-vd.ch\/lausanne\/wp-json\/wp\/v2\/pages\/71877\/revisions"}],"predecessor-version":[{"id":72667,"href":"https:\/\/vert-e-s-vd.ch\/lausanne\/wp-json\/wp\/v2\/pages\/71877\/revisions\/72667"}],"up":[{"embeddable":true,"href":"https:\/\/vert-e-s-vd.ch\/lausanne\/wp-json\/wp\/v2\/pages\/71846"}],"wp:featuredmedia":[{"embeddable":true,"href":"https:\/\/vert-e-s-vd.ch\/lausanne\/wp-json\/wp\/v2\/media\/72665"}],"wp:attachment":[{"href":"https:\/\/vert-e-s-vd.ch\/lausanne\/wp-json\/wp\/v2\/media?parent=71877"}],"curies":[{"name":"wp","href":"https:\/\/api.w.org\/{rel}","templated":true}]}}