{"id":71875,"date":"2020-12-01T21:08:07","date_gmt":"2020-12-01T20:08:07","guid":{"rendered":"https:\/\/vert-e-s-vd.ch\/lausanne\/?page_id=71875"},"modified":"2021-01-31T18:51:05","modified_gmt":"2021-01-31T17:51:05","slug":"finances-durables","status":"publish","type":"page","link":"https:\/\/vert-e-s-vd.ch\/lausanne\/justice-climatique\/finances-durables","title":{"rendered":"Finances durables"},"content":{"rendered":"","protected":false},"excerpt":{"rendered":"","protected":false},"author":12,"featured_media":72662,"parent":71846,"menu_order":0,"comment_status":"closed","ping_status":"closed","template":"","meta":{"_acf_changed":false,"inline_featured_image":false,"footnotes":""},"class_list":["post-71875","page","type-page","status-publish","has-post-thumbnail","hentry"],"acf":[],"yoast_head":"<!-- This site is optimized with the Yoast SEO plugin v26.9 - https:\/\/yoast.com\/product\/yoast-seo-wordpress\/ -->\n<title>Finances durables - Les VERT\u00b7E\u00b7S lausannois\u00b7es<\/title>\n<meta name=\"description\" content=\"Les finances publiques doivent \u00eatre g\u00e9r\u00e9es dans le but de pr\u00e9server les int\u00e9r\u00eats des g\u00e9n\u00e9rations futures et des conditions de vie de l\u2019humain sur terre, en prot\u00e9geant l\u2019environnement. Les investissements doivent \u00eatre \u00e9valu\u00e9s par rapport \u00e0 leurs impacts soci\u00e9taux et environnementaux stricts. La transformation \u00e9nerg\u00e9tique et la transition vers une soci\u00e9t\u00e9 plus \u00e9quitable doivent \u00eatre des facteurs cl\u00e9s dans les d\u00e9cisions d\u2019investissement. C\u2019est \u00e0 la fois responsable et rentable, puisque les investissements durables sont de plus en plus s\u00fbrs.\" \/>\n<meta name=\"robots\" content=\"index, follow, max-snippet:-1, max-image-preview:large, max-video-preview:-1\" \/>\n<link rel=\"canonical\" href=\"https:\/\/vert-e-s-vd.ch\/lausanne\/justice-climatique\/finances-durables\" \/>\n<meta property=\"og:locale\" content=\"fr_FR\" \/>\n<meta property=\"og:type\" content=\"article\" \/>\n<meta property=\"og:title\" content=\"Finances durables - Les VERT\u00b7E\u00b7S lausannois\u00b7es\" \/>\n<meta property=\"og:description\" content=\"Les finances publiques doivent \u00eatre g\u00e9r\u00e9es dans le but de pr\u00e9server les int\u00e9r\u00eats des g\u00e9n\u00e9rations futures et des conditions de vie \u2026\" \/>\n<meta property=\"og:url\" content=\"https:\/\/vert-e-s-vd.ch\/lausanne\/justice-climatique\/finances-durables\" \/>\n<meta property=\"og:site_name\" content=\"Les VERT\u00b7E\u00b7S lausannois\u00b7es\" \/>\n<meta property=\"article:modified_time\" content=\"2021-01-31T17:51:05+00:00\" \/>\n<meta property=\"og:image\" content=\"https:\/\/vert-e-s-vd.ch\/lausanne\/wp-content\/uploads\/sites\/7\/2021\/01\/investment-5241253_1920-1200x0-c-default.jpg\" \/>\n\t<meta property=\"og:image:width\" content=\"1200\" \/>\n\t<meta property=\"og:image:height\" content=\"800\" \/>\n\t<meta property=\"og:image:type\" content=\"image\/jpeg\" \/>\n<meta name=\"twitter:card\" content=\"summary_large_image\" \/>\n<script type=\"application\/ld+json\" class=\"yoast-schema-graph\">{\"@context\":\"https:\/\/schema.org\",\"@graph\":[{\"@type\":\"WebPage\",\"@id\":\"https:\/\/vert-e-s-vd.ch\/lausanne\/justice-climatique\/finances-durables\",\"url\":\"https:\/\/vert-e-s-vd.ch\/lausanne\/justice-climatique\/finances-durables\",\"name\":\"Finances durables - Les VERT\u00b7E\u00b7S lausannois\u00b7es\",\"isPartOf\":{\"@id\":\"https:\/\/vert-e-s-vd.ch\/lausanne\/#website\"},\"primaryImageOfPage\":{\"@id\":\"https:\/\/vert-e-s-vd.ch\/lausanne\/justice-climatique\/finances-durables#primaryimage\"},\"image\":{\"@id\":\"https:\/\/vert-e-s-vd.ch\/lausanne\/justice-climatique\/finances-durables#primaryimage\"},\"thumbnailUrl\":\"https:\/\/vert-e-s-vd.ch\/lausanne\/wp-content\/uploads\/sites\/7\/2021\/01\/investment-5241253_1920-2560x0-c-default.jpg\",\"datePublished\":\"2020-12-01T20:08:07+00:00\",\"dateModified\":\"2021-01-31T17:51:05+00:00\",\"description\":\"Les finances publiques doivent \u00eatre g\u00e9r\u00e9es dans le but de pr\u00e9server les int\u00e9r\u00eats des g\u00e9n\u00e9rations futures et des conditions de vie de l\u2019humain sur terre, en prot\u00e9geant l\u2019environnement. Les investissements doivent \u00eatre \u00e9valu\u00e9s par rapport \u00e0 leurs impacts soci\u00e9taux et environnementaux stricts. La transformation \u00e9nerg\u00e9tique et la transition vers une soci\u00e9t\u00e9 plus \u00e9quitable doivent \u00eatre des facteurs cl\u00e9s dans les d\u00e9cisions d\u2019investissement. C\u2019est \u00e0 la fois responsable et rentable, puisque les investissements durables sont de plus en plus s\u00fbrs.\",\"breadcrumb\":{\"@id\":\"https:\/\/vert-e-s-vd.ch\/lausanne\/justice-climatique\/finances-durables#breadcrumb\"},\"inLanguage\":\"fr-FR\",\"potentialAction\":[{\"@type\":\"ReadAction\",\"target\":[\"https:\/\/vert-e-s-vd.ch\/lausanne\/justice-climatique\/finances-durables\"]}]},{\"@type\":\"ImageObject\",\"inLanguage\":\"fr-FR\",\"@id\":\"https:\/\/vert-e-s-vd.ch\/lausanne\/justice-climatique\/finances-durables#primaryimage\",\"url\":\"https:\/\/vert-e-s-vd.ch\/lausanne\/wp-content\/uploads\/sites\/7\/2021\/01\/investment-5241253_1920-2560x0-c-default.jpg\",\"contentUrl\":\"https:\/\/vert-e-s-vd.ch\/lausanne\/wp-content\/uploads\/sites\/7\/2021\/01\/investment-5241253_1920-2560x0-c-default.jpg\",\"width\":1920,\"height\":1280,\"caption\":\"finance durable\"},{\"@type\":\"BreadcrumbList\",\"@id\":\"https:\/\/vert-e-s-vd.ch\/lausanne\/justice-climatique\/finances-durables#breadcrumb\",\"itemListElement\":[{\"@type\":\"ListItem\",\"position\":1,\"name\":\"Accueil\",\"item\":\"https:\/\/vert-e-s-vd.ch\/lausanne\/\"},{\"@type\":\"ListItem\",\"position\":2,\"name\":\"Agenda\"}]},{\"@type\":\"WebSite\",\"@id\":\"https:\/\/vert-e-s-vd.ch\/lausanne\/#website\",\"url\":\"https:\/\/vert-e-s-vd.ch\/lausanne\/\",\"name\":\"Les VERT\u00b7E\u00b7S lausannois\u00b7es\",\"description\":\"Une longueur d\u2019avance\",\"potentialAction\":[{\"@type\":\"SearchAction\",\"target\":{\"@type\":\"EntryPoint\",\"urlTemplate\":\"https:\/\/vert-e-s-vd.ch\/lausanne\/?s={search_term_string}\"},\"query-input\":{\"@type\":\"PropertyValueSpecification\",\"valueRequired\":true,\"valueName\":\"search_term_string\"}}],\"inLanguage\":\"fr-FR\"}]}<\/script>\n<!-- \/ Yoast SEO plugin. -->","yoast_head_json":{"title":"Finances durables - Les VERT\u00b7E\u00b7S lausannois\u00b7es","description":"Les finances publiques doivent \u00eatre g\u00e9r\u00e9es dans le but de pr\u00e9server les int\u00e9r\u00eats des g\u00e9n\u00e9rations futures et des conditions de vie de l\u2019humain sur terre, en prot\u00e9geant l\u2019environnement. Les investissements doivent \u00eatre \u00e9valu\u00e9s par rapport \u00e0 leurs impacts soci\u00e9taux et environnementaux stricts. La transformation \u00e9nerg\u00e9tique et la transition vers une soci\u00e9t\u00e9 plus \u00e9quitable doivent \u00eatre des facteurs cl\u00e9s dans les d\u00e9cisions d\u2019investissement. C\u2019est \u00e0 la fois responsable et rentable, puisque les investissements durables sont de plus en plus s\u00fbrs.","robots":{"index":"index","follow":"follow","max-snippet":"max-snippet:-1","max-image-preview":"max-image-preview:large","max-video-preview":"max-video-preview:-1"},"canonical":"https:\/\/vert-e-s-vd.ch\/lausanne\/justice-climatique\/finances-durables","og_locale":"fr_FR","og_type":"article","og_title":"Finances durables - Les VERT\u00b7E\u00b7S lausannois\u00b7es","og_description":"Les finances publiques doivent \u00eatre g\u00e9r\u00e9es dans le but de pr\u00e9server les int\u00e9r\u00eats des g\u00e9n\u00e9rations futures et des conditions de vie \u2026","og_url":"https:\/\/vert-e-s-vd.ch\/lausanne\/justice-climatique\/finances-durables","og_site_name":"Les VERT\u00b7E\u00b7S lausannois\u00b7es","article_modified_time":"2021-01-31T17:51:05+00:00","og_image":[{"width":1200,"height":800,"url":"https:\/\/vert-e-s-vd.ch\/lausanne\/wp-content\/uploads\/sites\/7\/2021\/01\/investment-5241253_1920-1200x0-c-default.jpg","type":"image\/jpeg"}],"twitter_card":"summary_large_image","schema":{"@context":"https:\/\/schema.org","@graph":[{"@type":"WebPage","@id":"https:\/\/vert-e-s-vd.ch\/lausanne\/justice-climatique\/finances-durables","url":"https:\/\/vert-e-s-vd.ch\/lausanne\/justice-climatique\/finances-durables","name":"Finances durables - Les VERT\u00b7E\u00b7S lausannois\u00b7es","isPartOf":{"@id":"https:\/\/vert-e-s-vd.ch\/lausanne\/#website"},"primaryImageOfPage":{"@id":"https:\/\/vert-e-s-vd.ch\/lausanne\/justice-climatique\/finances-durables#primaryimage"},"image":{"@id":"https:\/\/vert-e-s-vd.ch\/lausanne\/justice-climatique\/finances-durables#primaryimage"},"thumbnailUrl":"https:\/\/vert-e-s-vd.ch\/lausanne\/wp-content\/uploads\/sites\/7\/2021\/01\/investment-5241253_1920-2560x0-c-default.jpg","datePublished":"2020-12-01T20:08:07+00:00","dateModified":"2021-01-31T17:51:05+00:00","description":"Les finances publiques doivent \u00eatre g\u00e9r\u00e9es dans le but de pr\u00e9server les int\u00e9r\u00eats des g\u00e9n\u00e9rations futures et des conditions de vie de l\u2019humain sur terre, en prot\u00e9geant l\u2019environnement. Les investissements doivent \u00eatre \u00e9valu\u00e9s par rapport \u00e0 leurs impacts soci\u00e9taux et environnementaux stricts. La transformation \u00e9nerg\u00e9tique et la transition vers une soci\u00e9t\u00e9 plus \u00e9quitable doivent \u00eatre des facteurs cl\u00e9s dans les d\u00e9cisions d\u2019investissement. C\u2019est \u00e0 la fois responsable et rentable, puisque les investissements durables sont de plus en plus s\u00fbrs.","breadcrumb":{"@id":"https:\/\/vert-e-s-vd.ch\/lausanne\/justice-climatique\/finances-durables#breadcrumb"},"inLanguage":"fr-FR","potentialAction":[{"@type":"ReadAction","target":["https:\/\/vert-e-s-vd.ch\/lausanne\/justice-climatique\/finances-durables"]}]},{"@type":"ImageObject","inLanguage":"fr-FR","@id":"https:\/\/vert-e-s-vd.ch\/lausanne\/justice-climatique\/finances-durables#primaryimage","url":"https:\/\/vert-e-s-vd.ch\/lausanne\/wp-content\/uploads\/sites\/7\/2021\/01\/investment-5241253_1920-2560x0-c-default.jpg","contentUrl":"https:\/\/vert-e-s-vd.ch\/lausanne\/wp-content\/uploads\/sites\/7\/2021\/01\/investment-5241253_1920-2560x0-c-default.jpg","width":1920,"height":1280,"caption":"finance durable"},{"@type":"BreadcrumbList","@id":"https:\/\/vert-e-s-vd.ch\/lausanne\/justice-climatique\/finances-durables#breadcrumb","itemListElement":[{"@type":"ListItem","position":1,"name":"Accueil","item":"https:\/\/vert-e-s-vd.ch\/lausanne\/"},{"@type":"ListItem","position":2,"name":"Agenda"}]},{"@type":"WebSite","@id":"https:\/\/vert-e-s-vd.ch\/lausanne\/#website","url":"https:\/\/vert-e-s-vd.ch\/lausanne\/","name":"Les VERT\u00b7E\u00b7S lausannois\u00b7es","description":"Une longueur d\u2019avance","potentialAction":[{"@type":"SearchAction","target":{"@type":"EntryPoint","urlTemplate":"https:\/\/vert-e-s-vd.ch\/lausanne\/?s={search_term_string}"},"query-input":{"@type":"PropertyValueSpecification","valueRequired":true,"valueName":"search_term_string"}}],"inLanguage":"fr-FR"}]}},"_links":{"self":[{"href":"https:\/\/vert-e-s-vd.ch\/lausanne\/wp-json\/wp\/v2\/pages\/71875","targetHints":{"allow":["GET"]}}],"collection":[{"href":"https:\/\/vert-e-s-vd.ch\/lausanne\/wp-json\/wp\/v2\/pages"}],"about":[{"href":"https:\/\/vert-e-s-vd.ch\/lausanne\/wp-json\/wp\/v2\/types\/page"}],"author":[{"embeddable":true,"href":"https:\/\/vert-e-s-vd.ch\/lausanne\/wp-json\/wp\/v2\/users\/12"}],"replies":[{"embeddable":true,"href":"https:\/\/vert-e-s-vd.ch\/lausanne\/wp-json\/wp\/v2\/comments?post=71875"}],"version-history":[{"count":4,"href":"https:\/\/vert-e-s-vd.ch\/lausanne\/wp-json\/wp\/v2\/pages\/71875\/revisions"}],"predecessor-version":[{"id":72664,"href":"https:\/\/vert-e-s-vd.ch\/lausanne\/wp-json\/wp\/v2\/pages\/71875\/revisions\/72664"}],"up":[{"embeddable":true,"href":"https:\/\/vert-e-s-vd.ch\/lausanne\/wp-json\/wp\/v2\/pages\/71846"}],"wp:featuredmedia":[{"embeddable":true,"href":"https:\/\/vert-e-s-vd.ch\/lausanne\/wp-json\/wp\/v2\/media\/72662"}],"wp:attachment":[{"href":"https:\/\/vert-e-s-vd.ch\/lausanne\/wp-json\/wp\/v2\/media?parent=71875"}],"curies":[{"name":"wp","href":"https:\/\/api.w.org\/{rel}","templated":true}]}}