{"id":71856,"date":"2020-12-01T20:43:56","date_gmt":"2020-12-01T19:43:56","guid":{"rendered":"https:\/\/vert-e-s-vd.ch\/lausanne\/?page_id=71856"},"modified":"2021-01-08T12:22:37","modified_gmt":"2021-01-08T11:22:37","slug":"partage-du-pouvoir","status":"publish","type":"page","link":"https:\/\/vert-e-s-vd.ch\/lausanne\/partage-du-pouvoir","title":{"rendered":"Partage du pouvoir"},"content":{"rendered":"","protected":false},"excerpt":{"rendered":"","protected":false},"author":12,"featured_media":0,"parent":0,"menu_order":0,"comment_status":"closed","ping_status":"closed","template":"single_overview.php","meta":{"_acf_changed":false,"inline_featured_image":false,"footnotes":""},"class_list":["post-71856","page","type-page","status-publish","hentry"],"acf":[],"yoast_head":"<!-- This site is optimized with the Yoast SEO plugin v26.9 - https:\/\/yoast.com\/product\/yoast-seo-wordpress\/ -->\n<title>Partage du pouvoir - Les VERT\u00b7E\u00b7S lausannois\u00b7es<\/title>\n<meta name=\"description\" content=\"Hors urgence, la Ville consulte syst\u00e9matiquement ses habitant\u00b7e\u00b7s sur les d\u00e9cisions importantes, par le biais d\u2019assembl\u00e9es citoyennes, de d\u00e9marches participatives ou de consultations aupr\u00e8s des associations concern\u00e9es. Le taux de participation aux votations et \u00e9lections est tr\u00e8s \u00e9lev\u00e9 \u00e0 tous les niveaux. Des p\u00e9titions citoyennes sont r\u00e9guli\u00e8rement d\u00e9pos\u00e9es au Conseil communal, et elles sont soutenues par les \u00e9lu\u00b7e\u00b7s. La vie associative est florissante et facilit\u00e9e par la Ville, qui accompagne les associations \u00e0 but id\u00e9al permettant aux habitant\u00b7e\u00b7s de s\u2019engager dans les domaines qui les int\u00e9ressent, pour le bien commun. Les entreprises en mains de la Ville, peu nombreuses, sont g\u00e9r\u00e9es de mani\u00e8re transparente et claire, dans le but d\u2019int\u00e9r\u00eat public qu\u2019elles d\u00e9fendent. Dans l\u2019administration, l\u2019\u00e9galit\u00e9, tant salariale qu\u2019en termes d\u2019employ\u00e9\u00b7e\u00b7s et de responsabilit\u00e9s, est atteinte depuis longtemps. Lausanne et les Lausannois\u00b7e\u00b7s s\u2019\u00e9coutent et se concertent.\" \/>\n<meta name=\"robots\" content=\"index, follow, max-snippet:-1, max-image-preview:large, max-video-preview:-1\" \/>\n<link rel=\"canonical\" href=\"https:\/\/vert-e-s-vd.ch\/lausanne\/partage-du-pouvoir\" \/>\n<meta property=\"og:locale\" content=\"fr_FR\" \/>\n<meta property=\"og:type\" content=\"article\" \/>\n<meta property=\"og:title\" content=\"Partage du pouvoir - Les VERT\u00b7E\u00b7S lausannois\u00b7es\" \/>\n<meta property=\"og:description\" content=\"Hors urgence, la Ville consulte syst\u00e9matiquement ses habitant\u00b7e\u00b7s sur les d\u00e9cisions importantes, par le biais d\u2019assembl\u00e9es \u2026\" \/>\n<meta property=\"og:url\" content=\"https:\/\/vert-e-s-vd.ch\/lausanne\/partage-du-pouvoir\" \/>\n<meta property=\"og:site_name\" content=\"Les VERT\u00b7E\u00b7S lausannois\u00b7es\" \/>\n<meta property=\"article:modified_time\" content=\"2021-01-08T11:22:37+00:00\" \/>\n<meta name=\"twitter:card\" content=\"summary_large_image\" \/>\n<script type=\"application\/ld+json\" class=\"yoast-schema-graph\">{\"@context\":\"https:\/\/schema.org\",\"@graph\":[{\"@type\":\"WebPage\",\"@id\":\"https:\/\/vert-e-s-vd.ch\/lausanne\/partage-du-pouvoir\",\"url\":\"https:\/\/vert-e-s-vd.ch\/lausanne\/partage-du-pouvoir\",\"name\":\"Partage du pouvoir - Les VERT\u00b7E\u00b7S lausannois\u00b7es\",\"isPartOf\":{\"@id\":\"https:\/\/vert-e-s-vd.ch\/lausanne\/#website\"},\"datePublished\":\"2020-12-01T19:43:56+00:00\",\"dateModified\":\"2021-01-08T11:22:37+00:00\",\"description\":\"Hors urgence, la Ville consulte syst\u00e9matiquement ses habitant\u00b7e\u00b7s sur les d\u00e9cisions importantes, par le biais d\u2019assembl\u00e9es citoyennes, de d\u00e9marches participatives ou de consultations aupr\u00e8s des associations concern\u00e9es. Le taux de participation aux votations et \u00e9lections est tr\u00e8s \u00e9lev\u00e9 \u00e0 tous les niveaux. Des p\u00e9titions citoyennes sont r\u00e9guli\u00e8rement d\u00e9pos\u00e9es au Conseil communal, et elles sont soutenues par les \u00e9lu\u00b7e\u00b7s. La vie associative est florissante et facilit\u00e9e par la Ville, qui accompagne les associations \u00e0 but id\u00e9al permettant aux habitant\u00b7e\u00b7s de s\u2019engager dans les domaines qui les int\u00e9ressent, pour le bien commun. Les entreprises en mains de la Ville, peu nombreuses, sont g\u00e9r\u00e9es de mani\u00e8re transparente et claire, dans le but d\u2019int\u00e9r\u00eat public qu\u2019elles d\u00e9fendent. Dans l\u2019administration, l\u2019\u00e9galit\u00e9, tant salariale qu\u2019en termes d\u2019employ\u00e9\u00b7e\u00b7s et de responsabilit\u00e9s, est atteinte depuis longtemps. Lausanne et les Lausannois\u00b7e\u00b7s s\u2019\u00e9coutent et se concertent.\",\"breadcrumb\":{\"@id\":\"https:\/\/vert-e-s-vd.ch\/lausanne\/partage-du-pouvoir#breadcrumb\"},\"inLanguage\":\"fr-FR\",\"potentialAction\":[{\"@type\":\"ReadAction\",\"target\":[\"https:\/\/vert-e-s-vd.ch\/lausanne\/partage-du-pouvoir\"]}]},{\"@type\":\"BreadcrumbList\",\"@id\":\"https:\/\/vert-e-s-vd.ch\/lausanne\/partage-du-pouvoir#breadcrumb\",\"itemListElement\":[{\"@type\":\"ListItem\",\"position\":1,\"name\":\"Accueil\",\"item\":\"https:\/\/vert-e-s-vd.ch\/lausanne\/\"},{\"@type\":\"ListItem\",\"position\":2,\"name\":\"Agenda\"}]},{\"@type\":\"WebSite\",\"@id\":\"https:\/\/vert-e-s-vd.ch\/lausanne\/#website\",\"url\":\"https:\/\/vert-e-s-vd.ch\/lausanne\/\",\"name\":\"Les VERT\u00b7E\u00b7S lausannois\u00b7es\",\"description\":\"Une longueur d\u2019avance\",\"potentialAction\":[{\"@type\":\"SearchAction\",\"target\":{\"@type\":\"EntryPoint\",\"urlTemplate\":\"https:\/\/vert-e-s-vd.ch\/lausanne\/?s={search_term_string}\"},\"query-input\":{\"@type\":\"PropertyValueSpecification\",\"valueRequired\":true,\"valueName\":\"search_term_string\"}}],\"inLanguage\":\"fr-FR\"}]}<\/script>\n<!-- \/ Yoast SEO plugin. -->","yoast_head_json":{"title":"Partage du pouvoir - Les VERT\u00b7E\u00b7S lausannois\u00b7es","description":"Hors urgence, la Ville consulte syst\u00e9matiquement ses habitant\u00b7e\u00b7s sur les d\u00e9cisions importantes, par le biais d\u2019assembl\u00e9es citoyennes, de d\u00e9marches participatives ou de consultations aupr\u00e8s des associations concern\u00e9es. Le taux de participation aux votations et \u00e9lections est tr\u00e8s \u00e9lev\u00e9 \u00e0 tous les niveaux. Des p\u00e9titions citoyennes sont r\u00e9guli\u00e8rement d\u00e9pos\u00e9es au Conseil communal, et elles sont soutenues par les \u00e9lu\u00b7e\u00b7s. La vie associative est florissante et facilit\u00e9e par la Ville, qui accompagne les associations \u00e0 but id\u00e9al permettant aux habitant\u00b7e\u00b7s de s\u2019engager dans les domaines qui les int\u00e9ressent, pour le bien commun. Les entreprises en mains de la Ville, peu nombreuses, sont g\u00e9r\u00e9es de mani\u00e8re transparente et claire, dans le but d\u2019int\u00e9r\u00eat public qu\u2019elles d\u00e9fendent. Dans l\u2019administration, l\u2019\u00e9galit\u00e9, tant salariale qu\u2019en termes d\u2019employ\u00e9\u00b7e\u00b7s et de responsabilit\u00e9s, est atteinte depuis longtemps. Lausanne et les Lausannois\u00b7e\u00b7s s\u2019\u00e9coutent et se concertent.","robots":{"index":"index","follow":"follow","max-snippet":"max-snippet:-1","max-image-preview":"max-image-preview:large","max-video-preview":"max-video-preview:-1"},"canonical":"https:\/\/vert-e-s-vd.ch\/lausanne\/partage-du-pouvoir","og_locale":"fr_FR","og_type":"article","og_title":"Partage du pouvoir - Les VERT\u00b7E\u00b7S lausannois\u00b7es","og_description":"Hors urgence, la Ville consulte syst\u00e9matiquement ses habitant\u00b7e\u00b7s sur les d\u00e9cisions importantes, par le biais d\u2019assembl\u00e9es \u2026","og_url":"https:\/\/vert-e-s-vd.ch\/lausanne\/partage-du-pouvoir","og_site_name":"Les VERT\u00b7E\u00b7S lausannois\u00b7es","article_modified_time":"2021-01-08T11:22:37+00:00","twitter_card":"summary_large_image","schema":{"@context":"https:\/\/schema.org","@graph":[{"@type":"WebPage","@id":"https:\/\/vert-e-s-vd.ch\/lausanne\/partage-du-pouvoir","url":"https:\/\/vert-e-s-vd.ch\/lausanne\/partage-du-pouvoir","name":"Partage du pouvoir - Les VERT\u00b7E\u00b7S lausannois\u00b7es","isPartOf":{"@id":"https:\/\/vert-e-s-vd.ch\/lausanne\/#website"},"datePublished":"2020-12-01T19:43:56+00:00","dateModified":"2021-01-08T11:22:37+00:00","description":"Hors urgence, la Ville consulte syst\u00e9matiquement ses habitant\u00b7e\u00b7s sur les d\u00e9cisions importantes, par le biais d\u2019assembl\u00e9es citoyennes, de d\u00e9marches participatives ou de consultations aupr\u00e8s des associations concern\u00e9es. Le taux de participation aux votations et \u00e9lections est tr\u00e8s \u00e9lev\u00e9 \u00e0 tous les niveaux. Des p\u00e9titions citoyennes sont r\u00e9guli\u00e8rement d\u00e9pos\u00e9es au Conseil communal, et elles sont soutenues par les \u00e9lu\u00b7e\u00b7s. La vie associative est florissante et facilit\u00e9e par la Ville, qui accompagne les associations \u00e0 but id\u00e9al permettant aux habitant\u00b7e\u00b7s de s\u2019engager dans les domaines qui les int\u00e9ressent, pour le bien commun. Les entreprises en mains de la Ville, peu nombreuses, sont g\u00e9r\u00e9es de mani\u00e8re transparente et claire, dans le but d\u2019int\u00e9r\u00eat public qu\u2019elles d\u00e9fendent. Dans l\u2019administration, l\u2019\u00e9galit\u00e9, tant salariale qu\u2019en termes d\u2019employ\u00e9\u00b7e\u00b7s et de responsabilit\u00e9s, est atteinte depuis longtemps. Lausanne et les Lausannois\u00b7e\u00b7s s\u2019\u00e9coutent et se concertent.","breadcrumb":{"@id":"https:\/\/vert-e-s-vd.ch\/lausanne\/partage-du-pouvoir#breadcrumb"},"inLanguage":"fr-FR","potentialAction":[{"@type":"ReadAction","target":["https:\/\/vert-e-s-vd.ch\/lausanne\/partage-du-pouvoir"]}]},{"@type":"BreadcrumbList","@id":"https:\/\/vert-e-s-vd.ch\/lausanne\/partage-du-pouvoir#breadcrumb","itemListElement":[{"@type":"ListItem","position":1,"name":"Accueil","item":"https:\/\/vert-e-s-vd.ch\/lausanne\/"},{"@type":"ListItem","position":2,"name":"Agenda"}]},{"@type":"WebSite","@id":"https:\/\/vert-e-s-vd.ch\/lausanne\/#website","url":"https:\/\/vert-e-s-vd.ch\/lausanne\/","name":"Les VERT\u00b7E\u00b7S lausannois\u00b7es","description":"Une longueur d\u2019avance","potentialAction":[{"@type":"SearchAction","target":{"@type":"EntryPoint","urlTemplate":"https:\/\/vert-e-s-vd.ch\/lausanne\/?s={search_term_string}"},"query-input":{"@type":"PropertyValueSpecification","valueRequired":true,"valueName":"search_term_string"}}],"inLanguage":"fr-FR"}]}},"_links":{"self":[{"href":"https:\/\/vert-e-s-vd.ch\/lausanne\/wp-json\/wp\/v2\/pages\/71856","targetHints":{"allow":["GET"]}}],"collection":[{"href":"https:\/\/vert-e-s-vd.ch\/lausanne\/wp-json\/wp\/v2\/pages"}],"about":[{"href":"https:\/\/vert-e-s-vd.ch\/lausanne\/wp-json\/wp\/v2\/types\/page"}],"author":[{"embeddable":true,"href":"https:\/\/vert-e-s-vd.ch\/lausanne\/wp-json\/wp\/v2\/users\/12"}],"replies":[{"embeddable":true,"href":"https:\/\/vert-e-s-vd.ch\/lausanne\/wp-json\/wp\/v2\/comments?post=71856"}],"version-history":[{"count":3,"href":"https:\/\/vert-e-s-vd.ch\/lausanne\/wp-json\/wp\/v2\/pages\/71856\/revisions"}],"predecessor-version":[{"id":71984,"href":"https:\/\/vert-e-s-vd.ch\/lausanne\/wp-json\/wp\/v2\/pages\/71856\/revisions\/71984"}],"wp:attachment":[{"href":"https:\/\/vert-e-s-vd.ch\/lausanne\/wp-json\/wp\/v2\/media?parent=71856"}],"curies":[{"name":"wp","href":"https:\/\/api.w.org\/{rel}","templated":true}]}}