{"id":71846,"date":"2020-12-01T20:34:47","date_gmt":"2020-12-01T19:34:47","guid":{"rendered":"https:\/\/vert-e-s-vd.ch\/lausanne\/?page_id=71846"},"modified":"2021-01-08T12:22:38","modified_gmt":"2021-01-08T11:22:38","slug":"justice-climatique","status":"publish","type":"page","link":"https:\/\/vert-e-s-vd.ch\/lausanne\/justice-climatique","title":{"rendered":"Justice climatique"},"content":{"rendered":"","protected":false},"excerpt":{"rendered":"","protected":false},"author":12,"featured_media":0,"parent":0,"menu_order":0,"comment_status":"closed","ping_status":"closed","template":"single_overview.php","meta":{"_acf_changed":false,"inline_featured_image":false,"footnotes":""},"class_list":["post-71846","page","type-page","status-publish","hentry"],"acf":[],"yoast_head":"<!-- This site is optimized with the Yoast SEO plugin v26.9 - https:\/\/yoast.com\/product\/yoast-seo-wordpress\/ -->\n<title>Justice climatique - Les VERT\u00b7E\u00b7S lausannois\u00b7es<\/title>\n<meta name=\"description\" content=\"En 2030, Lausanne a fortement r\u00e9duit son empreinte \u00e9cologique et a atteint la neutralit\u00e9 carbone. La consommation d\u2019\u00e9nergie a consid\u00e9rablement diminu\u00e9. La ville fonctionne exclusivement avec de l\u2019\u00e9nergie renouvelable produite localement : panneaux solaires, barrages, \u00e9oliennes, g\u00e9othermie, etc. L\u2019eau du lac alimente le r\u00e9seau de chauffage et de refroidissement \u00e0 distance. Consommer local ne se limite pas \u00e0 la production \u00e9nerg\u00e9tique. C\u2019est aussi le tissu \u00e9conomique ultra-local qui s\u2019est renforc\u00e9 : les entreprises se soutiennent, les Lausannois\u00b7e\u00b7s se fournissent chez des producteurs\u00b7trices locaux\u00b7les respectueux\u00b7euses de l\u2019environnement. L\u2019\u00e9conomie de partage, la r\u00e9utilisation et le recyclage sont devenus une \u00e9vidence. L\u2019\u00e9conomie circulaire a quant \u00e0 elle drastiquement contribu\u00e9 \u00e0 r\u00e9duire la quantit\u00e9 de pollution et de d\u00e9chets. La pollution de l\u2019air n\u2019est plusqu\u2019un lointain souvenir, puisque le trafic motoris\u00e9 est r\u00e9duit au minimum. Lausanne respire.\" \/>\n<meta name=\"robots\" content=\"index, follow, max-snippet:-1, max-image-preview:large, max-video-preview:-1\" \/>\n<link rel=\"canonical\" href=\"https:\/\/vert-e-s-vd.ch\/lausanne\/justice-climatique\" \/>\n<meta property=\"og:locale\" content=\"fr_FR\" \/>\n<meta property=\"og:type\" content=\"article\" \/>\n<meta property=\"og:title\" content=\"Justice climatique - Les VERT\u00b7E\u00b7S lausannois\u00b7es\" \/>\n<meta property=\"og:description\" content=\"En 2030, Lausanne a fortement r\u00e9duit son empreinte \u00e9cologique et a atteint la neutralit\u00e9 carbone. La consommation d\u2019\u00e9nergie a \u2026\" \/>\n<meta property=\"og:url\" content=\"https:\/\/vert-e-s-vd.ch\/lausanne\/justice-climatique\" \/>\n<meta property=\"og:site_name\" content=\"Les VERT\u00b7E\u00b7S lausannois\u00b7es\" \/>\n<meta property=\"article:modified_time\" content=\"2021-01-08T11:22:38+00:00\" \/>\n<meta name=\"twitter:card\" content=\"summary_large_image\" \/>\n<script type=\"application\/ld+json\" class=\"yoast-schema-graph\">{\"@context\":\"https:\/\/schema.org\",\"@graph\":[{\"@type\":\"WebPage\",\"@id\":\"https:\/\/vert-e-s-vd.ch\/lausanne\/justice-climatique\",\"url\":\"https:\/\/vert-e-s-vd.ch\/lausanne\/justice-climatique\",\"name\":\"Justice climatique - Les VERT\u00b7E\u00b7S lausannois\u00b7es\",\"isPartOf\":{\"@id\":\"https:\/\/vert-e-s-vd.ch\/lausanne\/#website\"},\"datePublished\":\"2020-12-01T19:34:47+00:00\",\"dateModified\":\"2021-01-08T11:22:38+00:00\",\"description\":\"En 2030, Lausanne a fortement r\u00e9duit son empreinte \u00e9cologique et a atteint la neutralit\u00e9 carbone. La consommation d\u2019\u00e9nergie a consid\u00e9rablement diminu\u00e9. La ville fonctionne exclusivement avec de l\u2019\u00e9nergie renouvelable produite localement : panneaux solaires, barrages, \u00e9oliennes, g\u00e9othermie, etc. L\u2019eau du lac alimente le r\u00e9seau de chauffage et de refroidissement \u00e0 distance. Consommer local ne se limite pas \u00e0 la production \u00e9nerg\u00e9tique. C\u2019est aussi le tissu \u00e9conomique ultra-local qui s\u2019est renforc\u00e9 : les entreprises se soutiennent, les Lausannois\u00b7e\u00b7s se fournissent chez des producteurs\u00b7trices locaux\u00b7les respectueux\u00b7euses de l\u2019environnement. L\u2019\u00e9conomie de partage, la r\u00e9utilisation et le recyclage sont devenus une \u00e9vidence. L\u2019\u00e9conomie circulaire a quant \u00e0 elle drastiquement contribu\u00e9 \u00e0 r\u00e9duire la quantit\u00e9 de pollution et de d\u00e9chets. La pollution de l\u2019air n\u2019est plusqu\u2019un lointain souvenir, puisque le trafic motoris\u00e9 est r\u00e9duit au minimum. Lausanne respire.\",\"breadcrumb\":{\"@id\":\"https:\/\/vert-e-s-vd.ch\/lausanne\/justice-climatique#breadcrumb\"},\"inLanguage\":\"fr-FR\",\"potentialAction\":[{\"@type\":\"ReadAction\",\"target\":[\"https:\/\/vert-e-s-vd.ch\/lausanne\/justice-climatique\"]}]},{\"@type\":\"BreadcrumbList\",\"@id\":\"https:\/\/vert-e-s-vd.ch\/lausanne\/justice-climatique#breadcrumb\",\"itemListElement\":[{\"@type\":\"ListItem\",\"position\":1,\"name\":\"Accueil\",\"item\":\"https:\/\/vert-e-s-vd.ch\/lausanne\/\"},{\"@type\":\"ListItem\",\"position\":2,\"name\":\"Agenda\"}]},{\"@type\":\"WebSite\",\"@id\":\"https:\/\/vert-e-s-vd.ch\/lausanne\/#website\",\"url\":\"https:\/\/vert-e-s-vd.ch\/lausanne\/\",\"name\":\"Les VERT\u00b7E\u00b7S lausannois\u00b7es\",\"description\":\"Une longueur d\u2019avance\",\"potentialAction\":[{\"@type\":\"SearchAction\",\"target\":{\"@type\":\"EntryPoint\",\"urlTemplate\":\"https:\/\/vert-e-s-vd.ch\/lausanne\/?s={search_term_string}\"},\"query-input\":{\"@type\":\"PropertyValueSpecification\",\"valueRequired\":true,\"valueName\":\"search_term_string\"}}],\"inLanguage\":\"fr-FR\"}]}<\/script>\n<!-- \/ Yoast SEO plugin. -->","yoast_head_json":{"title":"Justice climatique - Les VERT\u00b7E\u00b7S lausannois\u00b7es","description":"En 2030, Lausanne a fortement r\u00e9duit son empreinte \u00e9cologique et a atteint la neutralit\u00e9 carbone. La consommation d\u2019\u00e9nergie a consid\u00e9rablement diminu\u00e9. La ville fonctionne exclusivement avec de l\u2019\u00e9nergie renouvelable produite localement : panneaux solaires, barrages, \u00e9oliennes, g\u00e9othermie, etc. L\u2019eau du lac alimente le r\u00e9seau de chauffage et de refroidissement \u00e0 distance. Consommer local ne se limite pas \u00e0 la production \u00e9nerg\u00e9tique. C\u2019est aussi le tissu \u00e9conomique ultra-local qui s\u2019est renforc\u00e9 : les entreprises se soutiennent, les Lausannois\u00b7e\u00b7s se fournissent chez des producteurs\u00b7trices locaux\u00b7les respectueux\u00b7euses de l\u2019environnement. L\u2019\u00e9conomie de partage, la r\u00e9utilisation et le recyclage sont devenus une \u00e9vidence. L\u2019\u00e9conomie circulaire a quant \u00e0 elle drastiquement contribu\u00e9 \u00e0 r\u00e9duire la quantit\u00e9 de pollution et de d\u00e9chets. La pollution de l\u2019air n\u2019est plusqu\u2019un lointain souvenir, puisque le trafic motoris\u00e9 est r\u00e9duit au minimum. Lausanne respire.","robots":{"index":"index","follow":"follow","max-snippet":"max-snippet:-1","max-image-preview":"max-image-preview:large","max-video-preview":"max-video-preview:-1"},"canonical":"https:\/\/vert-e-s-vd.ch\/lausanne\/justice-climatique","og_locale":"fr_FR","og_type":"article","og_title":"Justice climatique - Les VERT\u00b7E\u00b7S lausannois\u00b7es","og_description":"En 2030, Lausanne a fortement r\u00e9duit son empreinte \u00e9cologique et a atteint la neutralit\u00e9 carbone. La consommation d\u2019\u00e9nergie a \u2026","og_url":"https:\/\/vert-e-s-vd.ch\/lausanne\/justice-climatique","og_site_name":"Les VERT\u00b7E\u00b7S lausannois\u00b7es","article_modified_time":"2021-01-08T11:22:38+00:00","twitter_card":"summary_large_image","schema":{"@context":"https:\/\/schema.org","@graph":[{"@type":"WebPage","@id":"https:\/\/vert-e-s-vd.ch\/lausanne\/justice-climatique","url":"https:\/\/vert-e-s-vd.ch\/lausanne\/justice-climatique","name":"Justice climatique - Les VERT\u00b7E\u00b7S lausannois\u00b7es","isPartOf":{"@id":"https:\/\/vert-e-s-vd.ch\/lausanne\/#website"},"datePublished":"2020-12-01T19:34:47+00:00","dateModified":"2021-01-08T11:22:38+00:00","description":"En 2030, Lausanne a fortement r\u00e9duit son empreinte \u00e9cologique et a atteint la neutralit\u00e9 carbone. La consommation d\u2019\u00e9nergie a consid\u00e9rablement diminu\u00e9. La ville fonctionne exclusivement avec de l\u2019\u00e9nergie renouvelable produite localement : panneaux solaires, barrages, \u00e9oliennes, g\u00e9othermie, etc. L\u2019eau du lac alimente le r\u00e9seau de chauffage et de refroidissement \u00e0 distance. Consommer local ne se limite pas \u00e0 la production \u00e9nerg\u00e9tique. C\u2019est aussi le tissu \u00e9conomique ultra-local qui s\u2019est renforc\u00e9 : les entreprises se soutiennent, les Lausannois\u00b7e\u00b7s se fournissent chez des producteurs\u00b7trices locaux\u00b7les respectueux\u00b7euses de l\u2019environnement. L\u2019\u00e9conomie de partage, la r\u00e9utilisation et le recyclage sont devenus une \u00e9vidence. L\u2019\u00e9conomie circulaire a quant \u00e0 elle drastiquement contribu\u00e9 \u00e0 r\u00e9duire la quantit\u00e9 de pollution et de d\u00e9chets. La pollution de l\u2019air n\u2019est plusqu\u2019un lointain souvenir, puisque le trafic motoris\u00e9 est r\u00e9duit au minimum. Lausanne respire.","breadcrumb":{"@id":"https:\/\/vert-e-s-vd.ch\/lausanne\/justice-climatique#breadcrumb"},"inLanguage":"fr-FR","potentialAction":[{"@type":"ReadAction","target":["https:\/\/vert-e-s-vd.ch\/lausanne\/justice-climatique"]}]},{"@type":"BreadcrumbList","@id":"https:\/\/vert-e-s-vd.ch\/lausanne\/justice-climatique#breadcrumb","itemListElement":[{"@type":"ListItem","position":1,"name":"Accueil","item":"https:\/\/vert-e-s-vd.ch\/lausanne\/"},{"@type":"ListItem","position":2,"name":"Agenda"}]},{"@type":"WebSite","@id":"https:\/\/vert-e-s-vd.ch\/lausanne\/#website","url":"https:\/\/vert-e-s-vd.ch\/lausanne\/","name":"Les VERT\u00b7E\u00b7S lausannois\u00b7es","description":"Une longueur d\u2019avance","potentialAction":[{"@type":"SearchAction","target":{"@type":"EntryPoint","urlTemplate":"https:\/\/vert-e-s-vd.ch\/lausanne\/?s={search_term_string}"},"query-input":{"@type":"PropertyValueSpecification","valueRequired":true,"valueName":"search_term_string"}}],"inLanguage":"fr-FR"}]}},"_links":{"self":[{"href":"https:\/\/vert-e-s-vd.ch\/lausanne\/wp-json\/wp\/v2\/pages\/71846","targetHints":{"allow":["GET"]}}],"collection":[{"href":"https:\/\/vert-e-s-vd.ch\/lausanne\/wp-json\/wp\/v2\/pages"}],"about":[{"href":"https:\/\/vert-e-s-vd.ch\/lausanne\/wp-json\/wp\/v2\/types\/page"}],"author":[{"embeddable":true,"href":"https:\/\/vert-e-s-vd.ch\/lausanne\/wp-json\/wp\/v2\/users\/12"}],"replies":[{"embeddable":true,"href":"https:\/\/vert-e-s-vd.ch\/lausanne\/wp-json\/wp\/v2\/comments?post=71846"}],"version-history":[{"count":6,"href":"https:\/\/vert-e-s-vd.ch\/lausanne\/wp-json\/wp\/v2\/pages\/71846\/revisions"}],"predecessor-version":[{"id":71930,"href":"https:\/\/vert-e-s-vd.ch\/lausanne\/wp-json\/wp\/v2\/pages\/71846\/revisions\/71930"}],"wp:attachment":[{"href":"https:\/\/vert-e-s-vd.ch\/lausanne\/wp-json\/wp\/v2\/media?parent=71846"}],"curies":[{"name":"wp","href":"https:\/\/api.w.org\/{rel}","templated":true}]}}