{"id":72174,"date":"2023-10-24T12:04:27","date_gmt":"2023-10-24T10:04:27","guid":{"rendered":"https:\/\/vert-e-s-vd.ch\/gros-de-vaud\/?page_id=72174"},"modified":"2023-10-24T14:52:30","modified_gmt":"2023-10-24T12:52:30","slug":"assemblee-generale-2","status":"publish","type":"page","link":"https:\/\/vert-e-s-vd.ch\/gros-de-vaud\/assemblee-generale-2","title":{"rendered":"Assembl\u00e9e g\u00e9n\u00e9rale"},"content":{"rendered":"","protected":false},"excerpt":{"rendered":"","protected":false},"author":62,"featured_media":72182,"parent":0,"menu_order":0,"comment_status":"closed","ping_status":"closed","template":"","meta":{"_acf_changed":false,"inline_featured_image":false,"footnotes":""},"class_list":["post-72174","page","type-page","status-publish","has-post-thumbnail","hentry"],"acf":[],"yoast_head":"<!-- This site is optimized with the Yoast SEO plugin v26.9 - https:\/\/yoast.com\/product\/yoast-seo-wordpress\/ -->\n<title>Assembl\u00e9e g\u00e9n\u00e9rale - Les VERT.E.S, section Gros-de-Vaud (GDV)<\/title>\n<meta name=\"description\" content=\"L&#039;assembl\u00e9e g\u00e9n\u00e9rale est le lieu de d\u00e9cider des grandes orientations de l&#039;association. Elle aura lieu cette ann\u00e9e le 2 novembre 2023 \u00e0 20h00\" \/>\n<meta name=\"robots\" content=\"index, follow, max-snippet:-1, max-image-preview:large, max-video-preview:-1\" \/>\n<link rel=\"canonical\" href=\"https:\/\/vert-e-s-vd.ch\/gros-de-vaud\/assemblee-generale-2\" \/>\n<meta property=\"og:locale\" content=\"fr_FR\" \/>\n<meta property=\"og:type\" content=\"article\" \/>\n<meta property=\"og:title\" content=\"Assembl\u00e9e g\u00e9n\u00e9rale - Les VERT.E.S, section Gros-de-Vaud (GDV)\" \/>\n<meta property=\"og:description\" content=\"L&#039;assembl\u00e9e g\u00e9n\u00e9rale est le lieu de d\u00e9cider des grandes orientations de l&#039;association. Elle aura lieu cette ann\u00e9e le 2 novembre 2023 \u2026\" \/>\n<meta property=\"og:url\" content=\"https:\/\/vert-e-s-vd.ch\/gros-de-vaud\/assemblee-generale-2\" \/>\n<meta property=\"og:site_name\" content=\"Les VERT.E.S, section Gros-de-Vaud (GDV)\" \/>\n<meta property=\"article:modified_time\" content=\"2023-10-24T12:52:30+00:00\" \/>\n<meta property=\"og:image\" content=\"https:\/\/vert-e-s-vd.ch\/gros-de-vaud\/wp-content\/uploads\/sites\/9\/2023\/10\/Mains-1200x630-c-center.jpg\" \/>\n\t<meta property=\"og:image:width\" content=\"1200\" \/>\n\t<meta property=\"og:image:height\" content=\"630\" \/>\n\t<meta property=\"og:image:type\" content=\"image\/jpeg\" \/>\n<meta name=\"twitter:card\" content=\"summary_large_image\" \/>\n<script type=\"application\/ld+json\" class=\"yoast-schema-graph\">{\"@context\":\"https:\/\/schema.org\",\"@graph\":[{\"@type\":\"WebPage\",\"@id\":\"https:\/\/vert-e-s-vd.ch\/gros-de-vaud\/assemblee-generale-2\",\"url\":\"https:\/\/vert-e-s-vd.ch\/gros-de-vaud\/assemblee-generale-2\",\"name\":\"Assembl\u00e9e g\u00e9n\u00e9rale - Les VERT.E.S, section Gros-de-Vaud (GDV)\",\"isPartOf\":{\"@id\":\"https:\/\/vert-e-s-vd.ch\/gros-de-vaud\/#website\"},\"primaryImageOfPage\":{\"@id\":\"https:\/\/vert-e-s-vd.ch\/gros-de-vaud\/assemblee-generale-2#primaryimage\"},\"image\":{\"@id\":\"https:\/\/vert-e-s-vd.ch\/gros-de-vaud\/assemblee-generale-2#primaryimage\"},\"thumbnailUrl\":\"https:\/\/vert-e-s-vd.ch\/gros-de-vaud\/wp-content\/uploads\/sites\/9\/2023\/10\/Mains-2560x0-c-default.jpeg\",\"datePublished\":\"2023-10-24T10:04:27+00:00\",\"dateModified\":\"2023-10-24T12:52:30+00:00\",\"description\":\"L'assembl\u00e9e g\u00e9n\u00e9rale est le lieu de d\u00e9cider des grandes orientations de l'association. Elle aura lieu cette ann\u00e9e le 2 novembre 2023 \u00e0 20h00\",\"breadcrumb\":{\"@id\":\"https:\/\/vert-e-s-vd.ch\/gros-de-vaud\/assemblee-generale-2#breadcrumb\"},\"inLanguage\":\"fr-FR\",\"potentialAction\":[{\"@type\":\"ReadAction\",\"target\":[\"https:\/\/vert-e-s-vd.ch\/gros-de-vaud\/assemblee-generale-2\"]}]},{\"@type\":\"ImageObject\",\"inLanguage\":\"fr-FR\",\"@id\":\"https:\/\/vert-e-s-vd.ch\/gros-de-vaud\/assemblee-generale-2#primaryimage\",\"url\":\"https:\/\/vert-e-s-vd.ch\/gros-de-vaud\/wp-content\/uploads\/sites\/9\/2023\/10\/Mains-2560x0-c-default.jpeg\",\"contentUrl\":\"https:\/\/vert-e-s-vd.ch\/gros-de-vaud\/wp-content\/uploads\/sites\/9\/2023\/10\/Mains-2560x0-c-default.jpeg\",\"width\":448,\"height\":297},{\"@type\":\"BreadcrumbList\",\"@id\":\"https:\/\/vert-e-s-vd.ch\/gros-de-vaud\/assemblee-generale-2#breadcrumb\",\"itemListElement\":[{\"@type\":\"ListItem\",\"position\":1,\"name\":\"Accueil\",\"item\":\"https:\/\/vert-e-s-vd.ch\/gros-de-vaud\/\"},{\"@type\":\"ListItem\",\"position\":2,\"name\":\"Agenda\"}]},{\"@type\":\"WebSite\",\"@id\":\"https:\/\/vert-e-s-vd.ch\/gros-de-vaud\/#website\",\"url\":\"https:\/\/vert-e-s-vd.ch\/gros-de-vaud\/\",\"name\":\"Les VERT.E.S, section Gros-de-Vaud (GDV)\",\"description\":\"Une longueur d\u2019avance\",\"potentialAction\":[{\"@type\":\"SearchAction\",\"target\":{\"@type\":\"EntryPoint\",\"urlTemplate\":\"https:\/\/vert-e-s-vd.ch\/gros-de-vaud\/?s={search_term_string}\"},\"query-input\":{\"@type\":\"PropertyValueSpecification\",\"valueRequired\":true,\"valueName\":\"search_term_string\"}}],\"inLanguage\":\"fr-FR\"}]}<\/script>\n<!-- \/ Yoast SEO plugin. -->","yoast_head_json":{"title":"Assembl\u00e9e g\u00e9n\u00e9rale - Les VERT.E.S, section Gros-de-Vaud (GDV)","description":"L'assembl\u00e9e g\u00e9n\u00e9rale est le lieu de d\u00e9cider des grandes orientations de l'association. Elle aura lieu cette ann\u00e9e le 2 novembre 2023 \u00e0 20h00","robots":{"index":"index","follow":"follow","max-snippet":"max-snippet:-1","max-image-preview":"max-image-preview:large","max-video-preview":"max-video-preview:-1"},"canonical":"https:\/\/vert-e-s-vd.ch\/gros-de-vaud\/assemblee-generale-2","og_locale":"fr_FR","og_type":"article","og_title":"Assembl\u00e9e g\u00e9n\u00e9rale - Les VERT.E.S, section Gros-de-Vaud (GDV)","og_description":"L'assembl\u00e9e g\u00e9n\u00e9rale est le lieu de d\u00e9cider des grandes orientations de l'association. Elle aura lieu cette ann\u00e9e le 2 novembre 2023 \u2026","og_url":"https:\/\/vert-e-s-vd.ch\/gros-de-vaud\/assemblee-generale-2","og_site_name":"Les VERT.E.S, section Gros-de-Vaud (GDV)","article_modified_time":"2023-10-24T12:52:30+00:00","og_image":[{"width":1200,"height":630,"url":"https:\/\/vert-e-s-vd.ch\/gros-de-vaud\/wp-content\/uploads\/sites\/9\/2023\/10\/Mains-1200x630-c-center.jpg","type":"image\/jpeg"}],"twitter_card":"summary_large_image","schema":{"@context":"https:\/\/schema.org","@graph":[{"@type":"WebPage","@id":"https:\/\/vert-e-s-vd.ch\/gros-de-vaud\/assemblee-generale-2","url":"https:\/\/vert-e-s-vd.ch\/gros-de-vaud\/assemblee-generale-2","name":"Assembl\u00e9e g\u00e9n\u00e9rale - Les VERT.E.S, section Gros-de-Vaud (GDV)","isPartOf":{"@id":"https:\/\/vert-e-s-vd.ch\/gros-de-vaud\/#website"},"primaryImageOfPage":{"@id":"https:\/\/vert-e-s-vd.ch\/gros-de-vaud\/assemblee-generale-2#primaryimage"},"image":{"@id":"https:\/\/vert-e-s-vd.ch\/gros-de-vaud\/assemblee-generale-2#primaryimage"},"thumbnailUrl":"https:\/\/vert-e-s-vd.ch\/gros-de-vaud\/wp-content\/uploads\/sites\/9\/2023\/10\/Mains-2560x0-c-default.jpeg","datePublished":"2023-10-24T10:04:27+00:00","dateModified":"2023-10-24T12:52:30+00:00","description":"L'assembl\u00e9e g\u00e9n\u00e9rale est le lieu de d\u00e9cider des grandes orientations de l'association. Elle aura lieu cette ann\u00e9e le 2 novembre 2023 \u00e0 20h00","breadcrumb":{"@id":"https:\/\/vert-e-s-vd.ch\/gros-de-vaud\/assemblee-generale-2#breadcrumb"},"inLanguage":"fr-FR","potentialAction":[{"@type":"ReadAction","target":["https:\/\/vert-e-s-vd.ch\/gros-de-vaud\/assemblee-generale-2"]}]},{"@type":"ImageObject","inLanguage":"fr-FR","@id":"https:\/\/vert-e-s-vd.ch\/gros-de-vaud\/assemblee-generale-2#primaryimage","url":"https:\/\/vert-e-s-vd.ch\/gros-de-vaud\/wp-content\/uploads\/sites\/9\/2023\/10\/Mains-2560x0-c-default.jpeg","contentUrl":"https:\/\/vert-e-s-vd.ch\/gros-de-vaud\/wp-content\/uploads\/sites\/9\/2023\/10\/Mains-2560x0-c-default.jpeg","width":448,"height":297},{"@type":"BreadcrumbList","@id":"https:\/\/vert-e-s-vd.ch\/gros-de-vaud\/assemblee-generale-2#breadcrumb","itemListElement":[{"@type":"ListItem","position":1,"name":"Accueil","item":"https:\/\/vert-e-s-vd.ch\/gros-de-vaud\/"},{"@type":"ListItem","position":2,"name":"Agenda"}]},{"@type":"WebSite","@id":"https:\/\/vert-e-s-vd.ch\/gros-de-vaud\/#website","url":"https:\/\/vert-e-s-vd.ch\/gros-de-vaud\/","name":"Les VERT.E.S, section Gros-de-Vaud (GDV)","description":"Une longueur d\u2019avance","potentialAction":[{"@type":"SearchAction","target":{"@type":"EntryPoint","urlTemplate":"https:\/\/vert-e-s-vd.ch\/gros-de-vaud\/?s={search_term_string}"},"query-input":{"@type":"PropertyValueSpecification","valueRequired":true,"valueName":"search_term_string"}}],"inLanguage":"fr-FR"}]}},"_links":{"self":[{"href":"https:\/\/vert-e-s-vd.ch\/gros-de-vaud\/wp-json\/wp\/v2\/pages\/72174","targetHints":{"allow":["GET"]}}],"collection":[{"href":"https:\/\/vert-e-s-vd.ch\/gros-de-vaud\/wp-json\/wp\/v2\/pages"}],"about":[{"href":"https:\/\/vert-e-s-vd.ch\/gros-de-vaud\/wp-json\/wp\/v2\/types\/page"}],"author":[{"embeddable":true,"href":"https:\/\/vert-e-s-vd.ch\/gros-de-vaud\/wp-json\/wp\/v2\/users\/62"}],"replies":[{"embeddable":true,"href":"https:\/\/vert-e-s-vd.ch\/gros-de-vaud\/wp-json\/wp\/v2\/comments?post=72174"}],"version-history":[{"count":4,"href":"https:\/\/vert-e-s-vd.ch\/gros-de-vaud\/wp-json\/wp\/v2\/pages\/72174\/revisions"}],"predecessor-version":[{"id":72208,"href":"https:\/\/vert-e-s-vd.ch\/gros-de-vaud\/wp-json\/wp\/v2\/pages\/72174\/revisions\/72208"}],"wp:featuredmedia":[{"embeddable":true,"href":"https:\/\/vert-e-s-vd.ch\/gros-de-vaud\/wp-json\/wp\/v2\/media\/72182"}],"wp:attachment":[{"href":"https:\/\/vert-e-s-vd.ch\/gros-de-vaud\/wp-json\/wp\/v2\/media?parent=72174"}],"curies":[{"name":"wp","href":"https:\/\/api.w.org\/{rel}","templated":true}]}}