{"id":27,"date":"2015-06-24T07:18:54","date_gmt":"2015-06-24T06:18:54","guid":{"rendered":"http:\/\/www.verts-vd.ch\/vertsmorges\/?page_id=27"},"modified":"2026-02-02T22:28:25","modified_gmt":"2026-02-02T21:28:25","slug":"cotisations","status":"publish","type":"page","link":"https:\/\/vert-e-s-vd.ch\/gros-de-vaud\/cotisations","title":{"rendered":"Cotisations"},"content":{"rendered":"","protected":false},"excerpt":{"rendered":"","protected":false},"author":3,"featured_media":0,"parent":0,"menu_order":0,"comment_status":"closed","ping_status":"closed","template":"","meta":{"_acf_changed":false,"inline_featured_image":false,"footnotes":""},"class_list":["post-27","page","type-page","status-publish","hentry"],"acf":[],"yoast_head":"<!-- This site is optimized with the Yoast SEO plugin v26.9 - https:\/\/yoast.com\/product\/yoast-seo-wordpress\/ -->\n<title>Cotisations - Les VERT.E.S, section Gros-de-Vaud (GDV)<\/title>\n<meta name=\"description\" content=\"Combien \u00e7a co\u00fbte? Toute activit\u00e9 associative se nourrit d&#039;abord de l&#039;\u00e9nergie de ses membres, mais une participation financi\u00e8re \u00e0 la hauteur se ses moyens contribue indubitablement \u00e0 la r\u00e9ussite de notre action.\" \/>\n<meta name=\"robots\" content=\"index, follow, max-snippet:-1, max-image-preview:large, max-video-preview:-1\" \/>\n<link rel=\"canonical\" href=\"https:\/\/vert-e-s-vd.ch\/gros-de-vaud\/cotisations\" \/>\n<meta property=\"og:locale\" content=\"fr_FR\" \/>\n<meta property=\"og:type\" content=\"article\" \/>\n<meta property=\"og:title\" content=\"Cotisations - Les VERT.E.S, section Gros-de-Vaud (GDV)\" \/>\n<meta property=\"og:description\" content=\"Combien \u00e7a co\u00fbte? Toute activit\u00e9 associative se nourrit d&#039;abord de l&#039;\u00e9nergie de ses membres, mais une participation financi\u00e8re \u00e0 la \u2026\" \/>\n<meta property=\"og:url\" content=\"https:\/\/vert-e-s-vd.ch\/gros-de-vaud\/cotisations\" \/>\n<meta property=\"og:site_name\" content=\"Les VERT.E.S, section Gros-de-Vaud (GDV)\" \/>\n<meta property=\"article:modified_time\" content=\"2026-02-02T21:28:25+00:00\" \/>\n<meta name=\"twitter:card\" content=\"summary_large_image\" \/>\n<meta name=\"twitter:label1\" content=\"Dur\u00e9e de lecture estim\u00e9e\" \/>\n\t<meta name=\"twitter:data1\" content=\"2 minutes\" \/>\n<script type=\"application\/ld+json\" class=\"yoast-schema-graph\">{\"@context\":\"https:\/\/schema.org\",\"@graph\":[{\"@type\":\"WebPage\",\"@id\":\"https:\/\/vert-e-s-vd.ch\/gros-de-vaud\/cotisations\",\"url\":\"https:\/\/vert-e-s-vd.ch\/gros-de-vaud\/cotisations\",\"name\":\"Cotisations - Les VERT.E.S, section Gros-de-Vaud (GDV)\",\"isPartOf\":{\"@id\":\"https:\/\/vert-e-s-vd.ch\/gros-de-vaud\/#website\"},\"datePublished\":\"2015-06-24T06:18:54+00:00\",\"dateModified\":\"2026-02-02T21:28:25+00:00\",\"description\":\"Combien \u00e7a co\u00fbte? Toute activit\u00e9 associative se nourrit d'abord de l'\u00e9nergie de ses membres, mais une participation financi\u00e8re \u00e0 la hauteur se ses moyens contribue indubitablement \u00e0 la r\u00e9ussite de notre action.\",\"breadcrumb\":{\"@id\":\"https:\/\/vert-e-s-vd.ch\/gros-de-vaud\/cotisations#breadcrumb\"},\"inLanguage\":\"fr-FR\",\"potentialAction\":[{\"@type\":\"ReadAction\",\"target\":[\"https:\/\/vert-e-s-vd.ch\/gros-de-vaud\/cotisations\"]}]},{\"@type\":\"BreadcrumbList\",\"@id\":\"https:\/\/vert-e-s-vd.ch\/gros-de-vaud\/cotisations#breadcrumb\",\"itemListElement\":[{\"@type\":\"ListItem\",\"position\":1,\"name\":\"Accueil\",\"item\":\"https:\/\/vert-e-s-vd.ch\/gros-de-vaud\/\"},{\"@type\":\"ListItem\",\"position\":2,\"name\":\"Agenda\"}]},{\"@type\":\"WebSite\",\"@id\":\"https:\/\/vert-e-s-vd.ch\/gros-de-vaud\/#website\",\"url\":\"https:\/\/vert-e-s-vd.ch\/gros-de-vaud\/\",\"name\":\"Les VERT.E.S, section Gros-de-Vaud (GDV)\",\"description\":\"Une longueur d\u2019avance\",\"potentialAction\":[{\"@type\":\"SearchAction\",\"target\":{\"@type\":\"EntryPoint\",\"urlTemplate\":\"https:\/\/vert-e-s-vd.ch\/gros-de-vaud\/?s={search_term_string}\"},\"query-input\":{\"@type\":\"PropertyValueSpecification\",\"valueRequired\":true,\"valueName\":\"search_term_string\"}}],\"inLanguage\":\"fr-FR\"}]}<\/script>\n<!-- \/ Yoast SEO plugin. -->","yoast_head_json":{"title":"Cotisations - Les VERT.E.S, section Gros-de-Vaud (GDV)","description":"Combien \u00e7a co\u00fbte? Toute activit\u00e9 associative se nourrit d'abord de l'\u00e9nergie de ses membres, mais une participation financi\u00e8re \u00e0 la hauteur se ses moyens contribue indubitablement \u00e0 la r\u00e9ussite de notre action.","robots":{"index":"index","follow":"follow","max-snippet":"max-snippet:-1","max-image-preview":"max-image-preview:large","max-video-preview":"max-video-preview:-1"},"canonical":"https:\/\/vert-e-s-vd.ch\/gros-de-vaud\/cotisations","og_locale":"fr_FR","og_type":"article","og_title":"Cotisations - Les VERT.E.S, section Gros-de-Vaud (GDV)","og_description":"Combien \u00e7a co\u00fbte? Toute activit\u00e9 associative se nourrit d'abord de l'\u00e9nergie de ses membres, mais une participation financi\u00e8re \u00e0 la \u2026","og_url":"https:\/\/vert-e-s-vd.ch\/gros-de-vaud\/cotisations","og_site_name":"Les VERT.E.S, section Gros-de-Vaud (GDV)","article_modified_time":"2026-02-02T21:28:25+00:00","twitter_card":"summary_large_image","twitter_misc":{"Dur\u00e9e de lecture estim\u00e9e":"2 minutes"},"schema":{"@context":"https:\/\/schema.org","@graph":[{"@type":"WebPage","@id":"https:\/\/vert-e-s-vd.ch\/gros-de-vaud\/cotisations","url":"https:\/\/vert-e-s-vd.ch\/gros-de-vaud\/cotisations","name":"Cotisations - Les VERT.E.S, section Gros-de-Vaud (GDV)","isPartOf":{"@id":"https:\/\/vert-e-s-vd.ch\/gros-de-vaud\/#website"},"datePublished":"2015-06-24T06:18:54+00:00","dateModified":"2026-02-02T21:28:25+00:00","description":"Combien \u00e7a co\u00fbte? Toute activit\u00e9 associative se nourrit d'abord de l'\u00e9nergie de ses membres, mais une participation financi\u00e8re \u00e0 la hauteur se ses moyens contribue indubitablement \u00e0 la r\u00e9ussite de notre action.","breadcrumb":{"@id":"https:\/\/vert-e-s-vd.ch\/gros-de-vaud\/cotisations#breadcrumb"},"inLanguage":"fr-FR","potentialAction":[{"@type":"ReadAction","target":["https:\/\/vert-e-s-vd.ch\/gros-de-vaud\/cotisations"]}]},{"@type":"BreadcrumbList","@id":"https:\/\/vert-e-s-vd.ch\/gros-de-vaud\/cotisations#breadcrumb","itemListElement":[{"@type":"ListItem","position":1,"name":"Accueil","item":"https:\/\/vert-e-s-vd.ch\/gros-de-vaud\/"},{"@type":"ListItem","position":2,"name":"Agenda"}]},{"@type":"WebSite","@id":"https:\/\/vert-e-s-vd.ch\/gros-de-vaud\/#website","url":"https:\/\/vert-e-s-vd.ch\/gros-de-vaud\/","name":"Les VERT.E.S, section Gros-de-Vaud (GDV)","description":"Une longueur d\u2019avance","potentialAction":[{"@type":"SearchAction","target":{"@type":"EntryPoint","urlTemplate":"https:\/\/vert-e-s-vd.ch\/gros-de-vaud\/?s={search_term_string}"},"query-input":{"@type":"PropertyValueSpecification","valueRequired":true,"valueName":"search_term_string"}}],"inLanguage":"fr-FR"}]}},"_links":{"self":[{"href":"https:\/\/vert-e-s-vd.ch\/gros-de-vaud\/wp-json\/wp\/v2\/pages\/27","targetHints":{"allow":["GET"]}}],"collection":[{"href":"https:\/\/vert-e-s-vd.ch\/gros-de-vaud\/wp-json\/wp\/v2\/pages"}],"about":[{"href":"https:\/\/vert-e-s-vd.ch\/gros-de-vaud\/wp-json\/wp\/v2\/types\/page"}],"author":[{"embeddable":true,"href":"https:\/\/vert-e-s-vd.ch\/gros-de-vaud\/wp-json\/wp\/v2\/users\/3"}],"replies":[{"embeddable":true,"href":"https:\/\/vert-e-s-vd.ch\/gros-de-vaud\/wp-json\/wp\/v2\/comments?post=27"}],"version-history":[{"count":18,"href":"https:\/\/vert-e-s-vd.ch\/gros-de-vaud\/wp-json\/wp\/v2\/pages\/27\/revisions"}],"predecessor-version":[{"id":72338,"href":"https:\/\/vert-e-s-vd.ch\/gros-de-vaud\/wp-json\/wp\/v2\/pages\/27\/revisions\/72338"}],"wp:attachment":[{"href":"https:\/\/vert-e-s-vd.ch\/gros-de-vaud\/wp-json\/wp\/v2\/media?parent=27"}],"curies":[{"name":"wp","href":"https:\/\/api.w.org\/{rel}","templated":true}]}}