{"id":23,"date":"2015-06-24T07:18:13","date_gmt":"2015-06-24T05:18:13","guid":{"rendered":"http:\/\/www.verts-vd.ch\/vertsmorges\/?page_id=23"},"modified":"2025-05-18T19:30:32","modified_gmt":"2025-05-18T17:30:32","slug":"assemblee-generale","status":"publish","type":"page","link":"https:\/\/vert-e-s-vd.ch\/gros-de-vaud\/assemblee-generale","title":{"rendered":"Assembl\u00e9es g\u00e9n\u00e9rales"},"content":{"rendered":"<p><audio class=\"audio-for-speech\"><\/audio><\/p>\n<div class=\"translate-tooltip-mtz translator-hidden\">\n<div class=\"header\">\n<div class=\"header-controls\">Translator<\/div>\n<div class=\"header-controls\">&nbsp;<\/div>\n<div class=\"header-controls\">&nbsp;<\/div>\n<\/div>\n<div class=\"translated-text\">\n<div class=\"words\">&nbsp;<\/div>\n<div class=\"sentences\">&nbsp;<\/div>\n<\/div>\n<\/div>\n<p>&nbsp;<\/p>\n<p><audio class=\"audio-for-speech\"><\/audio><\/p>\n<div class=\"translate-tooltip-mtz translator-hidden\">\n<div class=\"header\">\n<div class=\"header-controls\">Translator<\/div>\n<div class=\"header-controls\">&nbsp;<\/div>\n<div class=\"header-controls\">&nbsp;<\/div>\n<\/div>\n<div class=\"translated-text\">\n<div class=\"words\">&nbsp;<\/div>\n<div class=\"sentences\">&nbsp;<\/div>\n<\/div>\n<\/div>\n<p>&nbsp;<\/p>\n<p>&nbsp;<\/p>\n","protected":false},"excerpt":{"rendered":"<p>Translator &nbsp; &nbsp; &nbsp; &nbsp; &nbsp; Translator &nbsp; &nbsp; &nbsp; &nbsp; &nbsp; &nbsp;<\/p>\n","protected":false},"author":3,"featured_media":0,"parent":0,"menu_order":0,"comment_status":"closed","ping_status":"closed","template":"","meta":{"_acf_changed":false,"inline_featured_image":false,"footnotes":""},"class_list":["post-23","page","type-page","status-publish","hentry"],"acf":[],"yoast_head":"<!-- This site is optimized with the Yoast SEO plugin v26.9 - https:\/\/yoast.com\/product\/yoast-seo-wordpress\/ -->\n<title>Assembl\u00e9es g\u00e9n\u00e9rales - Les VERT.E.S, section Gros-de-Vaud (GDV)<\/title>\n<meta name=\"robots\" content=\"index, follow, max-snippet:-1, max-image-preview:large, max-video-preview:-1\" \/>\n<link rel=\"canonical\" href=\"https:\/\/vert-e-s-vd.ch\/gros-de-vaud\/assemblee-generale\" \/>\n<meta property=\"og:locale\" content=\"fr_FR\" \/>\n<meta property=\"og:type\" content=\"article\" \/>\n<meta property=\"og:title\" content=\"Assembl\u00e9es g\u00e9n\u00e9rales - Les VERT.E.S, section Gros-de-Vaud (GDV)\" \/>\n<meta property=\"og:url\" content=\"https:\/\/vert-e-s-vd.ch\/gros-de-vaud\/assemblee-generale\" \/>\n<meta property=\"og:site_name\" content=\"Les VERT.E.S, section Gros-de-Vaud (GDV)\" \/>\n<meta property=\"article:modified_time\" content=\"2025-05-18T17:30:32+00:00\" \/>\n<meta name=\"twitter:card\" content=\"summary_large_image\" \/>\n<meta name=\"twitter:label1\" content=\"Dur\u00e9e de lecture estim\u00e9e\" \/>\n\t<meta name=\"twitter:data1\" content=\"1 minute\" \/>\n<script type=\"application\/ld+json\" class=\"yoast-schema-graph\">{\"@context\":\"https:\/\/schema.org\",\"@graph\":[{\"@type\":\"WebPage\",\"@id\":\"https:\/\/vert-e-s-vd.ch\/gros-de-vaud\/assemblee-generale\",\"url\":\"https:\/\/vert-e-s-vd.ch\/gros-de-vaud\/assemblee-generale\",\"name\":\"Assembl\u00e9es g\u00e9n\u00e9rales - Les VERT.E.S, section Gros-de-Vaud (GDV)\",\"isPartOf\":{\"@id\":\"https:\/\/vert-e-s-vd.ch\/gros-de-vaud\/#website\"},\"datePublished\":\"2015-06-24T05:18:13+00:00\",\"dateModified\":\"2025-05-18T17:30:32+00:00\",\"breadcrumb\":{\"@id\":\"https:\/\/vert-e-s-vd.ch\/gros-de-vaud\/assemblee-generale#breadcrumb\"},\"inLanguage\":\"fr-FR\",\"potentialAction\":[{\"@type\":\"ReadAction\",\"target\":[\"https:\/\/vert-e-s-vd.ch\/gros-de-vaud\/assemblee-generale\"]}]},{\"@type\":\"BreadcrumbList\",\"@id\":\"https:\/\/vert-e-s-vd.ch\/gros-de-vaud\/assemblee-generale#breadcrumb\",\"itemListElement\":[{\"@type\":\"ListItem\",\"position\":1,\"name\":\"Accueil\",\"item\":\"https:\/\/vert-e-s-vd.ch\/gros-de-vaud\/\"},{\"@type\":\"ListItem\",\"position\":2,\"name\":\"Agenda\"}]},{\"@type\":\"WebSite\",\"@id\":\"https:\/\/vert-e-s-vd.ch\/gros-de-vaud\/#website\",\"url\":\"https:\/\/vert-e-s-vd.ch\/gros-de-vaud\/\",\"name\":\"Les VERT.E.S, section Gros-de-Vaud (GDV)\",\"description\":\"Une longueur d\u2019avance\",\"potentialAction\":[{\"@type\":\"SearchAction\",\"target\":{\"@type\":\"EntryPoint\",\"urlTemplate\":\"https:\/\/vert-e-s-vd.ch\/gros-de-vaud\/?s={search_term_string}\"},\"query-input\":{\"@type\":\"PropertyValueSpecification\",\"valueRequired\":true,\"valueName\":\"search_term_string\"}}],\"inLanguage\":\"fr-FR\"}]}<\/script>\n<!-- \/ Yoast SEO plugin. -->","yoast_head_json":{"title":"Assembl\u00e9es g\u00e9n\u00e9rales - Les VERT.E.S, section Gros-de-Vaud (GDV)","robots":{"index":"index","follow":"follow","max-snippet":"max-snippet:-1","max-image-preview":"max-image-preview:large","max-video-preview":"max-video-preview:-1"},"canonical":"https:\/\/vert-e-s-vd.ch\/gros-de-vaud\/assemblee-generale","og_locale":"fr_FR","og_type":"article","og_title":"Assembl\u00e9es g\u00e9n\u00e9rales - Les VERT.E.S, section Gros-de-Vaud (GDV)","og_url":"https:\/\/vert-e-s-vd.ch\/gros-de-vaud\/assemblee-generale","og_site_name":"Les VERT.E.S, section Gros-de-Vaud (GDV)","article_modified_time":"2025-05-18T17:30:32+00:00","twitter_card":"summary_large_image","twitter_misc":{"Dur\u00e9e de lecture estim\u00e9e":"1 minute"},"schema":{"@context":"https:\/\/schema.org","@graph":[{"@type":"WebPage","@id":"https:\/\/vert-e-s-vd.ch\/gros-de-vaud\/assemblee-generale","url":"https:\/\/vert-e-s-vd.ch\/gros-de-vaud\/assemblee-generale","name":"Assembl\u00e9es g\u00e9n\u00e9rales - Les VERT.E.S, section Gros-de-Vaud (GDV)","isPartOf":{"@id":"https:\/\/vert-e-s-vd.ch\/gros-de-vaud\/#website"},"datePublished":"2015-06-24T05:18:13+00:00","dateModified":"2025-05-18T17:30:32+00:00","breadcrumb":{"@id":"https:\/\/vert-e-s-vd.ch\/gros-de-vaud\/assemblee-generale#breadcrumb"},"inLanguage":"fr-FR","potentialAction":[{"@type":"ReadAction","target":["https:\/\/vert-e-s-vd.ch\/gros-de-vaud\/assemblee-generale"]}]},{"@type":"BreadcrumbList","@id":"https:\/\/vert-e-s-vd.ch\/gros-de-vaud\/assemblee-generale#breadcrumb","itemListElement":[{"@type":"ListItem","position":1,"name":"Accueil","item":"https:\/\/vert-e-s-vd.ch\/gros-de-vaud\/"},{"@type":"ListItem","position":2,"name":"Agenda"}]},{"@type":"WebSite","@id":"https:\/\/vert-e-s-vd.ch\/gros-de-vaud\/#website","url":"https:\/\/vert-e-s-vd.ch\/gros-de-vaud\/","name":"Les VERT.E.S, section Gros-de-Vaud (GDV)","description":"Une longueur d\u2019avance","potentialAction":[{"@type":"SearchAction","target":{"@type":"EntryPoint","urlTemplate":"https:\/\/vert-e-s-vd.ch\/gros-de-vaud\/?s={search_term_string}"},"query-input":{"@type":"PropertyValueSpecification","valueRequired":true,"valueName":"search_term_string"}}],"inLanguage":"fr-FR"}]}},"_links":{"self":[{"href":"https:\/\/vert-e-s-vd.ch\/gros-de-vaud\/wp-json\/wp\/v2\/pages\/23","targetHints":{"allow":["GET"]}}],"collection":[{"href":"https:\/\/vert-e-s-vd.ch\/gros-de-vaud\/wp-json\/wp\/v2\/pages"}],"about":[{"href":"https:\/\/vert-e-s-vd.ch\/gros-de-vaud\/wp-json\/wp\/v2\/types\/page"}],"author":[{"embeddable":true,"href":"https:\/\/vert-e-s-vd.ch\/gros-de-vaud\/wp-json\/wp\/v2\/users\/3"}],"replies":[{"embeddable":true,"href":"https:\/\/vert-e-s-vd.ch\/gros-de-vaud\/wp-json\/wp\/v2\/comments?post=23"}],"version-history":[{"count":12,"href":"https:\/\/vert-e-s-vd.ch\/gros-de-vaud\/wp-json\/wp\/v2\/pages\/23\/revisions"}],"predecessor-version":[{"id":72294,"href":"https:\/\/vert-e-s-vd.ch\/gros-de-vaud\/wp-json\/wp\/v2\/pages\/23\/revisions\/72294"}],"wp:attachment":[{"href":"https:\/\/vert-e-s-vd.ch\/gros-de-vaud\/wp-json\/wp\/v2\/media?parent=23"}],"curies":[{"name":"wp","href":"https:\/\/api.w.org\/{rel}","templated":true}]}}