{"id":71331,"date":"2020-12-30T20:54:48","date_gmt":"2020-12-30T19:54:48","guid":{"rendered":"https:\/\/vert-e-s-vd.ch\/chablais-vaudois\/?page_id=71331"},"modified":"2021-01-08T12:27:40","modified_gmt":"2021-01-08T11:27:40","slug":"culture-sport-et-arts","status":"publish","type":"page","link":"https:\/\/vert-e-s-vd.ch\/chablais-vaudois\/culture-sport-et-arts","title":{"rendered":"Culture, sport et arts"},"content":{"rendered":"","protected":false},"excerpt":{"rendered":"","protected":false},"author":15,"featured_media":71334,"parent":0,"menu_order":0,"comment_status":"closed","ping_status":"closed","template":"","meta":{"_acf_changed":false,"inline_featured_image":false,"footnotes":""},"class_list":["post-71331","page","type-page","status-publish","has-post-thumbnail","hentry"],"acf":[],"yoast_head":"<!-- This site is optimized with the Yoast SEO plugin v26.9 - https:\/\/yoast.com\/product\/yoast-seo-wordpress\/ -->\n<title>Culture, sport et arts - Les VERT.E.S, section du Chablais vaudois et des Alpes Vaudoises<\/title>\n<meta name=\"description\" content=\"Les Vert.e.s s&#039;engagent pour un monde aux couleurs multiples. Les arts sont essentiels \u00e0 l&#039;expression de nos sentiments, de nos valeurs et de nos droits. Notre patrimoine culturel retrace notre histoire et fait honneur \u00e0 nos anc\u00eatres. Les Vert.e.s soutiennent donc les artisans, les artistes et toutes manifestations culturelles qui rassemblent. Les Vert.e.s s&#039;engagent \u00e9galement pour que le sport et le maintien de la sant\u00e9 par une activit\u00e9 sportive r\u00e9guli\u00e8re et mod\u00e9r\u00e9e soient int\u00e9gr\u00e9s et encourag\u00e9s dans l&#039;\u00e9ducation. Nous encourageons et soutenons tous projets visant au bien-\u00eatre physique et mental \u00e0 travers des activit\u00e9s de loisirs et sportives. Aussi, nous nous engageons \u00e0 une meilleure conciliation entre travail, culture et activit\u00e9s sportives.\" \/>\n<meta name=\"robots\" content=\"index, follow, max-snippet:-1, max-image-preview:large, max-video-preview:-1\" \/>\n<link rel=\"canonical\" href=\"https:\/\/vert-e-s-vd.ch\/chablais-vaudois\/culture-sport-et-arts\" \/>\n<meta property=\"og:locale\" content=\"fr_FR\" \/>\n<meta property=\"og:type\" content=\"article\" \/>\n<meta property=\"og:title\" content=\"Culture, sport et arts - Les VERT.E.S, section du Chablais vaudois et des Alpes Vaudoises\" \/>\n<meta property=\"og:description\" content=\"Les Vert.e.s s&#039;engagent pour un monde aux couleurs multiples. Les arts sont essentiels \u00e0 l&#039;expression de nos sentiments, de nos valeurs et \u2026\" \/>\n<meta property=\"og:url\" content=\"https:\/\/vert-e-s-vd.ch\/chablais-vaudois\/culture-sport-et-arts\" \/>\n<meta property=\"og:site_name\" content=\"Les VERT.E.S, section du Chablais vaudois et des Alpes Vaudoises\" \/>\n<meta property=\"article:modified_time\" content=\"2021-01-08T11:27:40+00:00\" \/>\n<meta property=\"og:image\" content=\"https:\/\/vert-e-s-vd.ch\/chablais-vaudois\/wp-content\/uploads\/sites\/12\/2020\/12\/girl-2696947_1920-1200x0-c-default.jpg\" \/>\n\t<meta property=\"og:image:width\" content=\"1200\" \/>\n\t<meta property=\"og:image:height\" content=\"1200\" \/>\n\t<meta property=\"og:image:type\" content=\"image\/jpeg\" \/>\n<meta name=\"twitter:card\" content=\"summary_large_image\" \/>\n<script type=\"application\/ld+json\" class=\"yoast-schema-graph\">{\"@context\":\"https:\/\/schema.org\",\"@graph\":[{\"@type\":\"WebPage\",\"@id\":\"https:\/\/vert-e-s-vd.ch\/chablais-vaudois\/culture-sport-et-arts\",\"url\":\"https:\/\/vert-e-s-vd.ch\/chablais-vaudois\/culture-sport-et-arts\",\"name\":\"Culture, sport et arts - Les VERT.E.S, section du Chablais vaudois et des Alpes Vaudoises\",\"isPartOf\":{\"@id\":\"https:\/\/vert-e-s-vd.ch\/chablais-vaudois\/#website\"},\"primaryImageOfPage\":{\"@id\":\"https:\/\/vert-e-s-vd.ch\/chablais-vaudois\/culture-sport-et-arts#primaryimage\"},\"image\":{\"@id\":\"https:\/\/vert-e-s-vd.ch\/chablais-vaudois\/culture-sport-et-arts#primaryimage\"},\"thumbnailUrl\":\"https:\/\/vert-e-s-vd.ch\/chablais-vaudois\/wp-content\/uploads\/sites\/12\/2020\/12\/girl-2696947_1920-2560x0-c-default.jpg\",\"datePublished\":\"2020-12-30T19:54:48+00:00\",\"dateModified\":\"2021-01-08T11:27:40+00:00\",\"description\":\"Les Vert.e.s s'engagent pour un monde aux couleurs multiples. Les arts sont essentiels \u00e0 l'expression de nos sentiments, de nos valeurs et de nos droits. Notre patrimoine culturel retrace notre histoire et fait honneur \u00e0 nos anc\u00eatres. Les Vert.e.s soutiennent donc les artisans, les artistes et toutes manifestations culturelles qui rassemblent. Les Vert.e.s s'engagent \u00e9galement pour que le sport et le maintien de la sant\u00e9 par une activit\u00e9 sportive r\u00e9guli\u00e8re et mod\u00e9r\u00e9e soient int\u00e9gr\u00e9s et encourag\u00e9s dans l'\u00e9ducation. Nous encourageons et soutenons tous projets visant au bien-\u00eatre physique et mental \u00e0 travers des activit\u00e9s de loisirs et sportives. Aussi, nous nous engageons \u00e0 une meilleure conciliation entre travail, culture et activit\u00e9s sportives.\",\"breadcrumb\":{\"@id\":\"https:\/\/vert-e-s-vd.ch\/chablais-vaudois\/culture-sport-et-arts#breadcrumb\"},\"inLanguage\":\"fr-FR\",\"potentialAction\":[{\"@type\":\"ReadAction\",\"target\":[\"https:\/\/vert-e-s-vd.ch\/chablais-vaudois\/culture-sport-et-arts\"]}]},{\"@type\":\"ImageObject\",\"inLanguage\":\"fr-FR\",\"@id\":\"https:\/\/vert-e-s-vd.ch\/chablais-vaudois\/culture-sport-et-arts#primaryimage\",\"url\":\"https:\/\/vert-e-s-vd.ch\/chablais-vaudois\/wp-content\/uploads\/sites\/12\/2020\/12\/girl-2696947_1920-2560x0-c-default.jpg\",\"contentUrl\":\"https:\/\/vert-e-s-vd.ch\/chablais-vaudois\/wp-content\/uploads\/sites\/12\/2020\/12\/girl-2696947_1920-2560x0-c-default.jpg\",\"width\":1920,\"height\":1920},{\"@type\":\"BreadcrumbList\",\"@id\":\"https:\/\/vert-e-s-vd.ch\/chablais-vaudois\/culture-sport-et-arts#breadcrumb\",\"itemListElement\":[{\"@type\":\"ListItem\",\"position\":1,\"name\":\"Accueil\",\"item\":\"https:\/\/vert-e-s-vd.ch\/chablais-vaudois\/\"},{\"@type\":\"ListItem\",\"position\":2,\"name\":\"Agenda\"}]},{\"@type\":\"WebSite\",\"@id\":\"https:\/\/vert-e-s-vd.ch\/chablais-vaudois\/#website\",\"url\":\"https:\/\/vert-e-s-vd.ch\/chablais-vaudois\/\",\"name\":\"Les VERT.E.S, section du Chablais vaudois et des Alpes Vaudoises\",\"description\":\"Une longueur d\u2019avance\",\"potentialAction\":[{\"@type\":\"SearchAction\",\"target\":{\"@type\":\"EntryPoint\",\"urlTemplate\":\"https:\/\/vert-e-s-vd.ch\/chablais-vaudois\/?s={search_term_string}\"},\"query-input\":{\"@type\":\"PropertyValueSpecification\",\"valueRequired\":true,\"valueName\":\"search_term_string\"}}],\"inLanguage\":\"fr-FR\"}]}<\/script>\n<!-- \/ Yoast SEO plugin. -->","yoast_head_json":{"title":"Culture, sport et arts - Les VERT.E.S, section du Chablais vaudois et des Alpes Vaudoises","description":"Les Vert.e.s s'engagent pour un monde aux couleurs multiples. Les arts sont essentiels \u00e0 l'expression de nos sentiments, de nos valeurs et de nos droits. Notre patrimoine culturel retrace notre histoire et fait honneur \u00e0 nos anc\u00eatres. Les Vert.e.s soutiennent donc les artisans, les artistes et toutes manifestations culturelles qui rassemblent. Les Vert.e.s s'engagent \u00e9galement pour que le sport et le maintien de la sant\u00e9 par une activit\u00e9 sportive r\u00e9guli\u00e8re et mod\u00e9r\u00e9e soient int\u00e9gr\u00e9s et encourag\u00e9s dans l'\u00e9ducation. Nous encourageons et soutenons tous projets visant au bien-\u00eatre physique et mental \u00e0 travers des activit\u00e9s de loisirs et sportives. Aussi, nous nous engageons \u00e0 une meilleure conciliation entre travail, culture et activit\u00e9s sportives.","robots":{"index":"index","follow":"follow","max-snippet":"max-snippet:-1","max-image-preview":"max-image-preview:large","max-video-preview":"max-video-preview:-1"},"canonical":"https:\/\/vert-e-s-vd.ch\/chablais-vaudois\/culture-sport-et-arts","og_locale":"fr_FR","og_type":"article","og_title":"Culture, sport et arts - Les VERT.E.S, section du Chablais vaudois et des Alpes Vaudoises","og_description":"Les Vert.e.s s'engagent pour un monde aux couleurs multiples. Les arts sont essentiels \u00e0 l'expression de nos sentiments, de nos valeurs et \u2026","og_url":"https:\/\/vert-e-s-vd.ch\/chablais-vaudois\/culture-sport-et-arts","og_site_name":"Les VERT.E.S, section du Chablais vaudois et des Alpes Vaudoises","article_modified_time":"2021-01-08T11:27:40+00:00","og_image":[{"width":1200,"height":1200,"url":"https:\/\/vert-e-s-vd.ch\/chablais-vaudois\/wp-content\/uploads\/sites\/12\/2020\/12\/girl-2696947_1920-1200x0-c-default.jpg","type":"image\/jpeg"}],"twitter_card":"summary_large_image","schema":{"@context":"https:\/\/schema.org","@graph":[{"@type":"WebPage","@id":"https:\/\/vert-e-s-vd.ch\/chablais-vaudois\/culture-sport-et-arts","url":"https:\/\/vert-e-s-vd.ch\/chablais-vaudois\/culture-sport-et-arts","name":"Culture, sport et arts - Les VERT.E.S, section du Chablais vaudois et des Alpes Vaudoises","isPartOf":{"@id":"https:\/\/vert-e-s-vd.ch\/chablais-vaudois\/#website"},"primaryImageOfPage":{"@id":"https:\/\/vert-e-s-vd.ch\/chablais-vaudois\/culture-sport-et-arts#primaryimage"},"image":{"@id":"https:\/\/vert-e-s-vd.ch\/chablais-vaudois\/culture-sport-et-arts#primaryimage"},"thumbnailUrl":"https:\/\/vert-e-s-vd.ch\/chablais-vaudois\/wp-content\/uploads\/sites\/12\/2020\/12\/girl-2696947_1920-2560x0-c-default.jpg","datePublished":"2020-12-30T19:54:48+00:00","dateModified":"2021-01-08T11:27:40+00:00","description":"Les Vert.e.s s'engagent pour un monde aux couleurs multiples. Les arts sont essentiels \u00e0 l'expression de nos sentiments, de nos valeurs et de nos droits. Notre patrimoine culturel retrace notre histoire et fait honneur \u00e0 nos anc\u00eatres. Les Vert.e.s soutiennent donc les artisans, les artistes et toutes manifestations culturelles qui rassemblent. Les Vert.e.s s'engagent \u00e9galement pour que le sport et le maintien de la sant\u00e9 par une activit\u00e9 sportive r\u00e9guli\u00e8re et mod\u00e9r\u00e9e soient int\u00e9gr\u00e9s et encourag\u00e9s dans l'\u00e9ducation. Nous encourageons et soutenons tous projets visant au bien-\u00eatre physique et mental \u00e0 travers des activit\u00e9s de loisirs et sportives. Aussi, nous nous engageons \u00e0 une meilleure conciliation entre travail, culture et activit\u00e9s sportives.","breadcrumb":{"@id":"https:\/\/vert-e-s-vd.ch\/chablais-vaudois\/culture-sport-et-arts#breadcrumb"},"inLanguage":"fr-FR","potentialAction":[{"@type":"ReadAction","target":["https:\/\/vert-e-s-vd.ch\/chablais-vaudois\/culture-sport-et-arts"]}]},{"@type":"ImageObject","inLanguage":"fr-FR","@id":"https:\/\/vert-e-s-vd.ch\/chablais-vaudois\/culture-sport-et-arts#primaryimage","url":"https:\/\/vert-e-s-vd.ch\/chablais-vaudois\/wp-content\/uploads\/sites\/12\/2020\/12\/girl-2696947_1920-2560x0-c-default.jpg","contentUrl":"https:\/\/vert-e-s-vd.ch\/chablais-vaudois\/wp-content\/uploads\/sites\/12\/2020\/12\/girl-2696947_1920-2560x0-c-default.jpg","width":1920,"height":1920},{"@type":"BreadcrumbList","@id":"https:\/\/vert-e-s-vd.ch\/chablais-vaudois\/culture-sport-et-arts#breadcrumb","itemListElement":[{"@type":"ListItem","position":1,"name":"Accueil","item":"https:\/\/vert-e-s-vd.ch\/chablais-vaudois\/"},{"@type":"ListItem","position":2,"name":"Agenda"}]},{"@type":"WebSite","@id":"https:\/\/vert-e-s-vd.ch\/chablais-vaudois\/#website","url":"https:\/\/vert-e-s-vd.ch\/chablais-vaudois\/","name":"Les VERT.E.S, section du Chablais vaudois et des Alpes Vaudoises","description":"Une longueur d\u2019avance","potentialAction":[{"@type":"SearchAction","target":{"@type":"EntryPoint","urlTemplate":"https:\/\/vert-e-s-vd.ch\/chablais-vaudois\/?s={search_term_string}"},"query-input":{"@type":"PropertyValueSpecification","valueRequired":true,"valueName":"search_term_string"}}],"inLanguage":"fr-FR"}]}},"_links":{"self":[{"href":"https:\/\/vert-e-s-vd.ch\/chablais-vaudois\/wp-json\/wp\/v2\/pages\/71331","targetHints":{"allow":["GET"]}}],"collection":[{"href":"https:\/\/vert-e-s-vd.ch\/chablais-vaudois\/wp-json\/wp\/v2\/pages"}],"about":[{"href":"https:\/\/vert-e-s-vd.ch\/chablais-vaudois\/wp-json\/wp\/v2\/types\/page"}],"author":[{"embeddable":true,"href":"https:\/\/vert-e-s-vd.ch\/chablais-vaudois\/wp-json\/wp\/v2\/users\/15"}],"replies":[{"embeddable":true,"href":"https:\/\/vert-e-s-vd.ch\/chablais-vaudois\/wp-json\/wp\/v2\/comments?post=71331"}],"version-history":[{"count":4,"href":"https:\/\/vert-e-s-vd.ch\/chablais-vaudois\/wp-json\/wp\/v2\/pages\/71331\/revisions"}],"predecessor-version":[{"id":71366,"href":"https:\/\/vert-e-s-vd.ch\/chablais-vaudois\/wp-json\/wp\/v2\/pages\/71331\/revisions\/71366"}],"wp:featuredmedia":[{"embeddable":true,"href":"https:\/\/vert-e-s-vd.ch\/chablais-vaudois\/wp-json\/wp\/v2\/media\/71334"}],"wp:attachment":[{"href":"https:\/\/vert-e-s-vd.ch\/chablais-vaudois\/wp-json\/wp\/v2\/media?parent=71331"}],"curies":[{"name":"wp","href":"https:\/\/api.w.org\/{rel}","templated":true}]}}