{"id":71310,"date":"2020-12-27T22:27:42","date_gmt":"2020-12-27T21:27:42","guid":{"rendered":"https:\/\/vert-e-s-vd.ch\/chablais-vaudois\/?page_id=71310"},"modified":"2021-01-08T12:27:41","modified_gmt":"2021-01-08T11:27:41","slug":"travail-et-mondialisation","status":"publish","type":"page","link":"https:\/\/vert-e-s-vd.ch\/chablais-vaudois\/travail-et-mondialisation","title":{"rendered":"Travail et mondialisation"},"content":{"rendered":"","protected":false},"excerpt":{"rendered":"","protected":false},"author":15,"featured_media":71315,"parent":0,"menu_order":0,"comment_status":"closed","ping_status":"closed","template":"","meta":{"_acf_changed":false,"inline_featured_image":false,"footnotes":""},"class_list":["post-71310","page","type-page","status-publish","has-post-thumbnail","hentry"],"acf":[],"yoast_head":"<!-- This site is optimized with the Yoast SEO plugin v26.9 - https:\/\/yoast.com\/product\/yoast-seo-wordpress\/ -->\n<title>Travail et mondialisation - Les VERT.E.S, section du Chablais vaudois et des Alpes Vaudoises<\/title>\n<meta name=\"description\" content=\"Les Vert.e.s s&#039;engagent pour que les travailleurs et travailleurs b\u00e9n\u00e9ficient de conditions de travail optimales, pour la cr\u00e9ation d&#039;un salaire minimum et de salaires \u00e9quitables entre hommes et femmes, pour une meilleure r\u00e9int\u00e9gration des ch\u00f4meurs avec une plus grande flexibilit\u00e9 dans les possibilit\u00e9s de reconversions professionnelles mais aussi pour des formations de qualit\u00e9. Nous soutenons \u00e9galement les entrepreneurs, les ind\u00e9pendants, les artisans dans le d\u00e9veloppement de leur entreprise ayant des objectifs durables, \u00e9cologiques et responsables et souhaitons revaloriser les m\u00e9tiers de l&#039;agriculture, de la sant\u00e9, de l&#039;\u00e9ducation et de la culture : pour une r\u00e9gion ouverte, solidaire et responsable !\" \/>\n<meta name=\"robots\" content=\"index, follow, max-snippet:-1, max-image-preview:large, max-video-preview:-1\" \/>\n<link rel=\"canonical\" href=\"https:\/\/vert-e-s-vd.ch\/chablais-vaudois\/travail-et-mondialisation\" \/>\n<meta property=\"og:locale\" content=\"fr_FR\" \/>\n<meta property=\"og:type\" content=\"article\" \/>\n<meta property=\"og:title\" content=\"Travail et mondialisation - Les VERT.E.S, section du Chablais vaudois et des Alpes Vaudoises\" \/>\n<meta property=\"og:description\" content=\"Les Vert.e.s s&#039;engagent pour que les travailleurs et travailleurs b\u00e9n\u00e9ficient de conditions de travail optimales, pour la cr\u00e9ation d&#039;un \u2026\" \/>\n<meta property=\"og:url\" content=\"https:\/\/vert-e-s-vd.ch\/chablais-vaudois\/travail-et-mondialisation\" \/>\n<meta property=\"og:site_name\" content=\"Les VERT.E.S, section du Chablais vaudois et des Alpes Vaudoises\" \/>\n<meta property=\"article:modified_time\" content=\"2021-01-08T11:27:41+00:00\" \/>\n<meta property=\"og:image\" content=\"https:\/\/vert-e-s-vd.ch\/chablais-vaudois\/wp-content\/uploads\/sites\/12\/2020\/12\/pexels-anthony-shkraba-4348401-1200x0-c-default.jpg\" \/>\n\t<meta property=\"og:image:width\" content=\"1200\" \/>\n\t<meta property=\"og:image:height\" content=\"803\" \/>\n\t<meta property=\"og:image:type\" content=\"image\/jpeg\" \/>\n<meta name=\"twitter:card\" content=\"summary_large_image\" \/>\n<script type=\"application\/ld+json\" class=\"yoast-schema-graph\">{\"@context\":\"https:\/\/schema.org\",\"@graph\":[{\"@type\":\"WebPage\",\"@id\":\"https:\/\/vert-e-s-vd.ch\/chablais-vaudois\/travail-et-mondialisation\",\"url\":\"https:\/\/vert-e-s-vd.ch\/chablais-vaudois\/travail-et-mondialisation\",\"name\":\"Travail et mondialisation - Les VERT.E.S, section du Chablais vaudois et des Alpes Vaudoises\",\"isPartOf\":{\"@id\":\"https:\/\/vert-e-s-vd.ch\/chablais-vaudois\/#website\"},\"primaryImageOfPage\":{\"@id\":\"https:\/\/vert-e-s-vd.ch\/chablais-vaudois\/travail-et-mondialisation#primaryimage\"},\"image\":{\"@id\":\"https:\/\/vert-e-s-vd.ch\/chablais-vaudois\/travail-et-mondialisation#primaryimage\"},\"thumbnailUrl\":\"https:\/\/vert-e-s-vd.ch\/chablais-vaudois\/wp-content\/uploads\/sites\/12\/2020\/12\/pexels-anthony-shkraba-4348401-scaled.jpg\",\"datePublished\":\"2020-12-27T21:27:42+00:00\",\"dateModified\":\"2021-01-08T11:27:41+00:00\",\"description\":\"Les Vert.e.s s'engagent pour que les travailleurs et travailleurs b\u00e9n\u00e9ficient de conditions de travail optimales, pour la cr\u00e9ation d'un salaire minimum et de salaires \u00e9quitables entre hommes et femmes, pour une meilleure r\u00e9int\u00e9gration des ch\u00f4meurs avec une plus grande flexibilit\u00e9 dans les possibilit\u00e9s de reconversions professionnelles mais aussi pour des formations de qualit\u00e9. Nous soutenons \u00e9galement les entrepreneurs, les ind\u00e9pendants, les artisans dans le d\u00e9veloppement de leur entreprise ayant des objectifs durables, \u00e9cologiques et responsables et souhaitons revaloriser les m\u00e9tiers de l'agriculture, de la sant\u00e9, de l'\u00e9ducation et de la culture : pour une r\u00e9gion ouverte, solidaire et responsable !\",\"breadcrumb\":{\"@id\":\"https:\/\/vert-e-s-vd.ch\/chablais-vaudois\/travail-et-mondialisation#breadcrumb\"},\"inLanguage\":\"fr-FR\",\"potentialAction\":[{\"@type\":\"ReadAction\",\"target\":[\"https:\/\/vert-e-s-vd.ch\/chablais-vaudois\/travail-et-mondialisation\"]}]},{\"@type\":\"ImageObject\",\"inLanguage\":\"fr-FR\",\"@id\":\"https:\/\/vert-e-s-vd.ch\/chablais-vaudois\/travail-et-mondialisation#primaryimage\",\"url\":\"https:\/\/vert-e-s-vd.ch\/chablais-vaudois\/wp-content\/uploads\/sites\/12\/2020\/12\/pexels-anthony-shkraba-4348401-scaled.jpg\",\"contentUrl\":\"https:\/\/vert-e-s-vd.ch\/chablais-vaudois\/wp-content\/uploads\/sites\/12\/2020\/12\/pexels-anthony-shkraba-4348401-scaled.jpg\",\"width\":2560,\"height\":1713},{\"@type\":\"BreadcrumbList\",\"@id\":\"https:\/\/vert-e-s-vd.ch\/chablais-vaudois\/travail-et-mondialisation#breadcrumb\",\"itemListElement\":[{\"@type\":\"ListItem\",\"position\":1,\"name\":\"Accueil\",\"item\":\"https:\/\/vert-e-s-vd.ch\/chablais-vaudois\/\"},{\"@type\":\"ListItem\",\"position\":2,\"name\":\"Agenda\"}]},{\"@type\":\"WebSite\",\"@id\":\"https:\/\/vert-e-s-vd.ch\/chablais-vaudois\/#website\",\"url\":\"https:\/\/vert-e-s-vd.ch\/chablais-vaudois\/\",\"name\":\"Les VERT.E.S, section du Chablais vaudois et des Alpes Vaudoises\",\"description\":\"Une longueur d\u2019avance\",\"potentialAction\":[{\"@type\":\"SearchAction\",\"target\":{\"@type\":\"EntryPoint\",\"urlTemplate\":\"https:\/\/vert-e-s-vd.ch\/chablais-vaudois\/?s={search_term_string}\"},\"query-input\":{\"@type\":\"PropertyValueSpecification\",\"valueRequired\":true,\"valueName\":\"search_term_string\"}}],\"inLanguage\":\"fr-FR\"}]}<\/script>\n<!-- \/ Yoast SEO plugin. -->","yoast_head_json":{"title":"Travail et mondialisation - Les VERT.E.S, section du Chablais vaudois et des Alpes Vaudoises","description":"Les Vert.e.s s'engagent pour que les travailleurs et travailleurs b\u00e9n\u00e9ficient de conditions de travail optimales, pour la cr\u00e9ation d'un salaire minimum et de salaires \u00e9quitables entre hommes et femmes, pour une meilleure r\u00e9int\u00e9gration des ch\u00f4meurs avec une plus grande flexibilit\u00e9 dans les possibilit\u00e9s de reconversions professionnelles mais aussi pour des formations de qualit\u00e9. Nous soutenons \u00e9galement les entrepreneurs, les ind\u00e9pendants, les artisans dans le d\u00e9veloppement de leur entreprise ayant des objectifs durables, \u00e9cologiques et responsables et souhaitons revaloriser les m\u00e9tiers de l'agriculture, de la sant\u00e9, de l'\u00e9ducation et de la culture : pour une r\u00e9gion ouverte, solidaire et responsable !","robots":{"index":"index","follow":"follow","max-snippet":"max-snippet:-1","max-image-preview":"max-image-preview:large","max-video-preview":"max-video-preview:-1"},"canonical":"https:\/\/vert-e-s-vd.ch\/chablais-vaudois\/travail-et-mondialisation","og_locale":"fr_FR","og_type":"article","og_title":"Travail et mondialisation - Les VERT.E.S, section du Chablais vaudois et des Alpes Vaudoises","og_description":"Les Vert.e.s s'engagent pour que les travailleurs et travailleurs b\u00e9n\u00e9ficient de conditions de travail optimales, pour la cr\u00e9ation d'un \u2026","og_url":"https:\/\/vert-e-s-vd.ch\/chablais-vaudois\/travail-et-mondialisation","og_site_name":"Les VERT.E.S, section du Chablais vaudois et des Alpes Vaudoises","article_modified_time":"2021-01-08T11:27:41+00:00","og_image":[{"width":1200,"height":803,"url":"https:\/\/vert-e-s-vd.ch\/chablais-vaudois\/wp-content\/uploads\/sites\/12\/2020\/12\/pexels-anthony-shkraba-4348401-1200x0-c-default.jpg","type":"image\/jpeg"}],"twitter_card":"summary_large_image","schema":{"@context":"https:\/\/schema.org","@graph":[{"@type":"WebPage","@id":"https:\/\/vert-e-s-vd.ch\/chablais-vaudois\/travail-et-mondialisation","url":"https:\/\/vert-e-s-vd.ch\/chablais-vaudois\/travail-et-mondialisation","name":"Travail et mondialisation - Les VERT.E.S, section du Chablais vaudois et des Alpes Vaudoises","isPartOf":{"@id":"https:\/\/vert-e-s-vd.ch\/chablais-vaudois\/#website"},"primaryImageOfPage":{"@id":"https:\/\/vert-e-s-vd.ch\/chablais-vaudois\/travail-et-mondialisation#primaryimage"},"image":{"@id":"https:\/\/vert-e-s-vd.ch\/chablais-vaudois\/travail-et-mondialisation#primaryimage"},"thumbnailUrl":"https:\/\/vert-e-s-vd.ch\/chablais-vaudois\/wp-content\/uploads\/sites\/12\/2020\/12\/pexels-anthony-shkraba-4348401-scaled.jpg","datePublished":"2020-12-27T21:27:42+00:00","dateModified":"2021-01-08T11:27:41+00:00","description":"Les Vert.e.s s'engagent pour que les travailleurs et travailleurs b\u00e9n\u00e9ficient de conditions de travail optimales, pour la cr\u00e9ation d'un salaire minimum et de salaires \u00e9quitables entre hommes et femmes, pour une meilleure r\u00e9int\u00e9gration des ch\u00f4meurs avec une plus grande flexibilit\u00e9 dans les possibilit\u00e9s de reconversions professionnelles mais aussi pour des formations de qualit\u00e9. Nous soutenons \u00e9galement les entrepreneurs, les ind\u00e9pendants, les artisans dans le d\u00e9veloppement de leur entreprise ayant des objectifs durables, \u00e9cologiques et responsables et souhaitons revaloriser les m\u00e9tiers de l'agriculture, de la sant\u00e9, de l'\u00e9ducation et de la culture : pour une r\u00e9gion ouverte, solidaire et responsable !","breadcrumb":{"@id":"https:\/\/vert-e-s-vd.ch\/chablais-vaudois\/travail-et-mondialisation#breadcrumb"},"inLanguage":"fr-FR","potentialAction":[{"@type":"ReadAction","target":["https:\/\/vert-e-s-vd.ch\/chablais-vaudois\/travail-et-mondialisation"]}]},{"@type":"ImageObject","inLanguage":"fr-FR","@id":"https:\/\/vert-e-s-vd.ch\/chablais-vaudois\/travail-et-mondialisation#primaryimage","url":"https:\/\/vert-e-s-vd.ch\/chablais-vaudois\/wp-content\/uploads\/sites\/12\/2020\/12\/pexels-anthony-shkraba-4348401-scaled.jpg","contentUrl":"https:\/\/vert-e-s-vd.ch\/chablais-vaudois\/wp-content\/uploads\/sites\/12\/2020\/12\/pexels-anthony-shkraba-4348401-scaled.jpg","width":2560,"height":1713},{"@type":"BreadcrumbList","@id":"https:\/\/vert-e-s-vd.ch\/chablais-vaudois\/travail-et-mondialisation#breadcrumb","itemListElement":[{"@type":"ListItem","position":1,"name":"Accueil","item":"https:\/\/vert-e-s-vd.ch\/chablais-vaudois\/"},{"@type":"ListItem","position":2,"name":"Agenda"}]},{"@type":"WebSite","@id":"https:\/\/vert-e-s-vd.ch\/chablais-vaudois\/#website","url":"https:\/\/vert-e-s-vd.ch\/chablais-vaudois\/","name":"Les VERT.E.S, section du Chablais vaudois et des Alpes Vaudoises","description":"Une longueur d\u2019avance","potentialAction":[{"@type":"SearchAction","target":{"@type":"EntryPoint","urlTemplate":"https:\/\/vert-e-s-vd.ch\/chablais-vaudois\/?s={search_term_string}"},"query-input":{"@type":"PropertyValueSpecification","valueRequired":true,"valueName":"search_term_string"}}],"inLanguage":"fr-FR"}]}},"_links":{"self":[{"href":"https:\/\/vert-e-s-vd.ch\/chablais-vaudois\/wp-json\/wp\/v2\/pages\/71310","targetHints":{"allow":["GET"]}}],"collection":[{"href":"https:\/\/vert-e-s-vd.ch\/chablais-vaudois\/wp-json\/wp\/v2\/pages"}],"about":[{"href":"https:\/\/vert-e-s-vd.ch\/chablais-vaudois\/wp-json\/wp\/v2\/types\/page"}],"author":[{"embeddable":true,"href":"https:\/\/vert-e-s-vd.ch\/chablais-vaudois\/wp-json\/wp\/v2\/users\/15"}],"replies":[{"embeddable":true,"href":"https:\/\/vert-e-s-vd.ch\/chablais-vaudois\/wp-json\/wp\/v2\/comments?post=71310"}],"version-history":[{"count":5,"href":"https:\/\/vert-e-s-vd.ch\/chablais-vaudois\/wp-json\/wp\/v2\/pages\/71310\/revisions"}],"predecessor-version":[{"id":71329,"href":"https:\/\/vert-e-s-vd.ch\/chablais-vaudois\/wp-json\/wp\/v2\/pages\/71310\/revisions\/71329"}],"wp:featuredmedia":[{"embeddable":true,"href":"https:\/\/vert-e-s-vd.ch\/chablais-vaudois\/wp-json\/wp\/v2\/media\/71315"}],"wp:attachment":[{"href":"https:\/\/vert-e-s-vd.ch\/chablais-vaudois\/wp-json\/wp\/v2\/media?parent=71310"}],"curies":[{"name":"wp","href":"https:\/\/api.w.org\/{rel}","templated":true}]}}