{"id":71295,"date":"2020-12-27T21:52:22","date_gmt":"2020-12-27T20:52:22","guid":{"rendered":"https:\/\/vert-e-s-vd.ch\/chablais-vaudois\/?page_id=71295"},"modified":"2021-01-08T12:27:41","modified_gmt":"2021-01-08T11:27:41","slug":"finance-et-fiscalite","status":"publish","type":"page","link":"https:\/\/vert-e-s-vd.ch\/chablais-vaudois\/finance-et-fiscalite","title":{"rendered":"Finance et fiscalit\u00e9"},"content":{"rendered":"","protected":false},"excerpt":{"rendered":"","protected":false},"author":15,"featured_media":71377,"parent":0,"menu_order":0,"comment_status":"closed","ping_status":"closed","template":"","meta":{"_acf_changed":false,"inline_featured_image":false,"footnotes":""},"class_list":["post-71295","page","type-page","status-publish","has-post-thumbnail","hentry"],"acf":[],"yoast_head":"<!-- This site is optimized with the Yoast SEO plugin v26.9 - https:\/\/yoast.com\/product\/yoast-seo-wordpress\/ -->\n<title>Finance et fiscalit\u00e9 - Les VERT.E.S, section du Chablais vaudois et des Alpes Vaudoises<\/title>\n<meta name=\"description\" content=\"Entretenir nos routes, nos for\u00eats, nos b\u00e2timents; offrir une \u00e9ducation et des soins de qualit\u00e9; prot\u00e9ger la population et pr\u00e9venir les actes malveillants; soutenir les personnes dans le besoin : toutes ces prestations devraient \u00eatre soutenues par des activit\u00e9s b\u00e9n\u00e9voles lorsqu&#039;elles sont possibles et par les imp\u00f4ts que nous versons chaque ann\u00e9e. Hors, ce sont souvent les classes moyennes qui payent un lourd tribu, les plus riches b\u00e9n\u00e9ficiant de cadeaux fiscaux qui nous emp\u00eachent d&#039;adopter une politique fiscale sur le long terme.\" \/>\n<meta name=\"robots\" content=\"index, follow, max-snippet:-1, max-image-preview:large, max-video-preview:-1\" \/>\n<link rel=\"canonical\" href=\"https:\/\/vert-e-s-vd.ch\/chablais-vaudois\/finance-et-fiscalite\" \/>\n<meta property=\"og:locale\" content=\"fr_FR\" \/>\n<meta property=\"og:type\" content=\"article\" \/>\n<meta property=\"og:title\" content=\"Finance et fiscalit\u00e9 - Les VERT.E.S, section du Chablais vaudois et des Alpes Vaudoises\" \/>\n<meta property=\"og:description\" content=\"Entretenir nos routes, nos for\u00eats, nos b\u00e2timents; offrir une \u00e9ducation et des soins de qualit\u00e9; prot\u00e9ger la population et pr\u00e9venir \u2026\" \/>\n<meta property=\"og:url\" content=\"https:\/\/vert-e-s-vd.ch\/chablais-vaudois\/finance-et-fiscalite\" \/>\n<meta property=\"og:site_name\" content=\"Les VERT.E.S, section du Chablais vaudois et des Alpes Vaudoises\" \/>\n<meta property=\"article:modified_time\" content=\"2021-01-08T11:27:41+00:00\" \/>\n<meta property=\"og:image\" content=\"https:\/\/vert-e-s-vd.ch\/chablais-vaudois\/wp-content\/uploads\/sites\/12\/2020\/12\/lucky-pig-2822886_1920-1200x0-c-default.jpg\" \/>\n\t<meta property=\"og:image:width\" content=\"1200\" \/>\n\t<meta property=\"og:image:height\" content=\"754\" \/>\n\t<meta property=\"og:image:type\" content=\"image\/jpeg\" \/>\n<meta name=\"twitter:card\" content=\"summary_large_image\" \/>\n<script type=\"application\/ld+json\" class=\"yoast-schema-graph\">{\"@context\":\"https:\/\/schema.org\",\"@graph\":[{\"@type\":\"WebPage\",\"@id\":\"https:\/\/vert-e-s-vd.ch\/chablais-vaudois\/finance-et-fiscalite\",\"url\":\"https:\/\/vert-e-s-vd.ch\/chablais-vaudois\/finance-et-fiscalite\",\"name\":\"Finance et fiscalit\u00e9 - Les VERT.E.S, section du Chablais vaudois et des Alpes Vaudoises\",\"isPartOf\":{\"@id\":\"https:\/\/vert-e-s-vd.ch\/chablais-vaudois\/#website\"},\"primaryImageOfPage\":{\"@id\":\"https:\/\/vert-e-s-vd.ch\/chablais-vaudois\/finance-et-fiscalite#primaryimage\"},\"image\":{\"@id\":\"https:\/\/vert-e-s-vd.ch\/chablais-vaudois\/finance-et-fiscalite#primaryimage\"},\"thumbnailUrl\":\"https:\/\/vert-e-s-vd.ch\/chablais-vaudois\/wp-content\/uploads\/sites\/12\/2020\/12\/lucky-pig-2822886_1920-2560x0-c-default.jpg\",\"datePublished\":\"2020-12-27T20:52:22+00:00\",\"dateModified\":\"2021-01-08T11:27:41+00:00\",\"description\":\"Entretenir nos routes, nos for\u00eats, nos b\u00e2timents; offrir une \u00e9ducation et des soins de qualit\u00e9; prot\u00e9ger la population et pr\u00e9venir les actes malveillants; soutenir les personnes dans le besoin : toutes ces prestations devraient \u00eatre soutenues par des activit\u00e9s b\u00e9n\u00e9voles lorsqu'elles sont possibles et par les imp\u00f4ts que nous versons chaque ann\u00e9e. Hors, ce sont souvent les classes moyennes qui payent un lourd tribu, les plus riches b\u00e9n\u00e9ficiant de cadeaux fiscaux qui nous emp\u00eachent d'adopter une politique fiscale sur le long terme.\",\"breadcrumb\":{\"@id\":\"https:\/\/vert-e-s-vd.ch\/chablais-vaudois\/finance-et-fiscalite#breadcrumb\"},\"inLanguage\":\"fr-FR\",\"potentialAction\":[{\"@type\":\"ReadAction\",\"target\":[\"https:\/\/vert-e-s-vd.ch\/chablais-vaudois\/finance-et-fiscalite\"]}]},{\"@type\":\"ImageObject\",\"inLanguage\":\"fr-FR\",\"@id\":\"https:\/\/vert-e-s-vd.ch\/chablais-vaudois\/finance-et-fiscalite#primaryimage\",\"url\":\"https:\/\/vert-e-s-vd.ch\/chablais-vaudois\/wp-content\/uploads\/sites\/12\/2020\/12\/lucky-pig-2822886_1920-2560x0-c-default.jpg\",\"contentUrl\":\"https:\/\/vert-e-s-vd.ch\/chablais-vaudois\/wp-content\/uploads\/sites\/12\/2020\/12\/lucky-pig-2822886_1920-2560x0-c-default.jpg\",\"width\":1920,\"height\":1207},{\"@type\":\"BreadcrumbList\",\"@id\":\"https:\/\/vert-e-s-vd.ch\/chablais-vaudois\/finance-et-fiscalite#breadcrumb\",\"itemListElement\":[{\"@type\":\"ListItem\",\"position\":1,\"name\":\"Accueil\",\"item\":\"https:\/\/vert-e-s-vd.ch\/chablais-vaudois\/\"},{\"@type\":\"ListItem\",\"position\":2,\"name\":\"Agenda\"}]},{\"@type\":\"WebSite\",\"@id\":\"https:\/\/vert-e-s-vd.ch\/chablais-vaudois\/#website\",\"url\":\"https:\/\/vert-e-s-vd.ch\/chablais-vaudois\/\",\"name\":\"Les VERT.E.S, section du Chablais vaudois et des Alpes Vaudoises\",\"description\":\"Une longueur d\u2019avance\",\"potentialAction\":[{\"@type\":\"SearchAction\",\"target\":{\"@type\":\"EntryPoint\",\"urlTemplate\":\"https:\/\/vert-e-s-vd.ch\/chablais-vaudois\/?s={search_term_string}\"},\"query-input\":{\"@type\":\"PropertyValueSpecification\",\"valueRequired\":true,\"valueName\":\"search_term_string\"}}],\"inLanguage\":\"fr-FR\"}]}<\/script>\n<!-- \/ Yoast SEO plugin. -->","yoast_head_json":{"title":"Finance et fiscalit\u00e9 - Les VERT.E.S, section du Chablais vaudois et des Alpes Vaudoises","description":"Entretenir nos routes, nos for\u00eats, nos b\u00e2timents; offrir une \u00e9ducation et des soins de qualit\u00e9; prot\u00e9ger la population et pr\u00e9venir les actes malveillants; soutenir les personnes dans le besoin : toutes ces prestations devraient \u00eatre soutenues par des activit\u00e9s b\u00e9n\u00e9voles lorsqu'elles sont possibles et par les imp\u00f4ts que nous versons chaque ann\u00e9e. Hors, ce sont souvent les classes moyennes qui payent un lourd tribu, les plus riches b\u00e9n\u00e9ficiant de cadeaux fiscaux qui nous emp\u00eachent d'adopter une politique fiscale sur le long terme.","robots":{"index":"index","follow":"follow","max-snippet":"max-snippet:-1","max-image-preview":"max-image-preview:large","max-video-preview":"max-video-preview:-1"},"canonical":"https:\/\/vert-e-s-vd.ch\/chablais-vaudois\/finance-et-fiscalite","og_locale":"fr_FR","og_type":"article","og_title":"Finance et fiscalit\u00e9 - Les VERT.E.S, section du Chablais vaudois et des Alpes Vaudoises","og_description":"Entretenir nos routes, nos for\u00eats, nos b\u00e2timents; offrir une \u00e9ducation et des soins de qualit\u00e9; prot\u00e9ger la population et pr\u00e9venir \u2026","og_url":"https:\/\/vert-e-s-vd.ch\/chablais-vaudois\/finance-et-fiscalite","og_site_name":"Les VERT.E.S, section du Chablais vaudois et des Alpes Vaudoises","article_modified_time":"2021-01-08T11:27:41+00:00","og_image":[{"width":1200,"height":754,"url":"https:\/\/vert-e-s-vd.ch\/chablais-vaudois\/wp-content\/uploads\/sites\/12\/2020\/12\/lucky-pig-2822886_1920-1200x0-c-default.jpg","type":"image\/jpeg"}],"twitter_card":"summary_large_image","schema":{"@context":"https:\/\/schema.org","@graph":[{"@type":"WebPage","@id":"https:\/\/vert-e-s-vd.ch\/chablais-vaudois\/finance-et-fiscalite","url":"https:\/\/vert-e-s-vd.ch\/chablais-vaudois\/finance-et-fiscalite","name":"Finance et fiscalit\u00e9 - Les VERT.E.S, section du Chablais vaudois et des Alpes Vaudoises","isPartOf":{"@id":"https:\/\/vert-e-s-vd.ch\/chablais-vaudois\/#website"},"primaryImageOfPage":{"@id":"https:\/\/vert-e-s-vd.ch\/chablais-vaudois\/finance-et-fiscalite#primaryimage"},"image":{"@id":"https:\/\/vert-e-s-vd.ch\/chablais-vaudois\/finance-et-fiscalite#primaryimage"},"thumbnailUrl":"https:\/\/vert-e-s-vd.ch\/chablais-vaudois\/wp-content\/uploads\/sites\/12\/2020\/12\/lucky-pig-2822886_1920-2560x0-c-default.jpg","datePublished":"2020-12-27T20:52:22+00:00","dateModified":"2021-01-08T11:27:41+00:00","description":"Entretenir nos routes, nos for\u00eats, nos b\u00e2timents; offrir une \u00e9ducation et des soins de qualit\u00e9; prot\u00e9ger la population et pr\u00e9venir les actes malveillants; soutenir les personnes dans le besoin : toutes ces prestations devraient \u00eatre soutenues par des activit\u00e9s b\u00e9n\u00e9voles lorsqu'elles sont possibles et par les imp\u00f4ts que nous versons chaque ann\u00e9e. Hors, ce sont souvent les classes moyennes qui payent un lourd tribu, les plus riches b\u00e9n\u00e9ficiant de cadeaux fiscaux qui nous emp\u00eachent d'adopter une politique fiscale sur le long terme.","breadcrumb":{"@id":"https:\/\/vert-e-s-vd.ch\/chablais-vaudois\/finance-et-fiscalite#breadcrumb"},"inLanguage":"fr-FR","potentialAction":[{"@type":"ReadAction","target":["https:\/\/vert-e-s-vd.ch\/chablais-vaudois\/finance-et-fiscalite"]}]},{"@type":"ImageObject","inLanguage":"fr-FR","@id":"https:\/\/vert-e-s-vd.ch\/chablais-vaudois\/finance-et-fiscalite#primaryimage","url":"https:\/\/vert-e-s-vd.ch\/chablais-vaudois\/wp-content\/uploads\/sites\/12\/2020\/12\/lucky-pig-2822886_1920-2560x0-c-default.jpg","contentUrl":"https:\/\/vert-e-s-vd.ch\/chablais-vaudois\/wp-content\/uploads\/sites\/12\/2020\/12\/lucky-pig-2822886_1920-2560x0-c-default.jpg","width":1920,"height":1207},{"@type":"BreadcrumbList","@id":"https:\/\/vert-e-s-vd.ch\/chablais-vaudois\/finance-et-fiscalite#breadcrumb","itemListElement":[{"@type":"ListItem","position":1,"name":"Accueil","item":"https:\/\/vert-e-s-vd.ch\/chablais-vaudois\/"},{"@type":"ListItem","position":2,"name":"Agenda"}]},{"@type":"WebSite","@id":"https:\/\/vert-e-s-vd.ch\/chablais-vaudois\/#website","url":"https:\/\/vert-e-s-vd.ch\/chablais-vaudois\/","name":"Les VERT.E.S, section du Chablais vaudois et des Alpes Vaudoises","description":"Une longueur d\u2019avance","potentialAction":[{"@type":"SearchAction","target":{"@type":"EntryPoint","urlTemplate":"https:\/\/vert-e-s-vd.ch\/chablais-vaudois\/?s={search_term_string}"},"query-input":{"@type":"PropertyValueSpecification","valueRequired":true,"valueName":"search_term_string"}}],"inLanguage":"fr-FR"}]}},"_links":{"self":[{"href":"https:\/\/vert-e-s-vd.ch\/chablais-vaudois\/wp-json\/wp\/v2\/pages\/71295","targetHints":{"allow":["GET"]}}],"collection":[{"href":"https:\/\/vert-e-s-vd.ch\/chablais-vaudois\/wp-json\/wp\/v2\/pages"}],"about":[{"href":"https:\/\/vert-e-s-vd.ch\/chablais-vaudois\/wp-json\/wp\/v2\/types\/page"}],"author":[{"embeddable":true,"href":"https:\/\/vert-e-s-vd.ch\/chablais-vaudois\/wp-json\/wp\/v2\/users\/15"}],"replies":[{"embeddable":true,"href":"https:\/\/vert-e-s-vd.ch\/chablais-vaudois\/wp-json\/wp\/v2\/comments?post=71295"}],"version-history":[{"count":8,"href":"https:\/\/vert-e-s-vd.ch\/chablais-vaudois\/wp-json\/wp\/v2\/pages\/71295\/revisions"}],"predecessor-version":[{"id":71378,"href":"https:\/\/vert-e-s-vd.ch\/chablais-vaudois\/wp-json\/wp\/v2\/pages\/71295\/revisions\/71378"}],"wp:featuredmedia":[{"embeddable":true,"href":"https:\/\/vert-e-s-vd.ch\/chablais-vaudois\/wp-json\/wp\/v2\/media\/71377"}],"wp:attachment":[{"href":"https:\/\/vert-e-s-vd.ch\/chablais-vaudois\/wp-json\/wp\/v2\/media?parent=71295"}],"curies":[{"name":"wp","href":"https:\/\/api.w.org\/{rel}","templated":true}]}}