{"id":70912,"date":"2020-10-21T13:01:28","date_gmt":"2020-10-21T11:01:28","guid":{"rendered":"https:\/\/vert-e-s-vd.ch\/chablais-vaudois\/?page_id=70912"},"modified":"2021-01-08T12:27:42","modified_gmt":"2021-01-08T11:27:42","slug":"cohesion-sociale","status":"publish","type":"page","link":"https:\/\/vert-e-s-vd.ch\/chablais-vaudois\/cohesion-sociale","title":{"rendered":"Coh\u00e9sion sociale"},"content":{"rendered":"","protected":false},"excerpt":{"rendered":"","protected":false},"author":3,"featured_media":0,"parent":0,"menu_order":0,"comment_status":"closed","ping_status":"closed","template":"single_overview.php","meta":{"_acf_changed":false,"inline_featured_image":false,"footnotes":""},"class_list":["post-70912","page","type-page","status-publish","hentry"],"acf":[],"yoast_head":"<!-- This site is optimized with the Yoast SEO plugin v26.9 - https:\/\/yoast.com\/product\/yoast-seo-wordpress\/ -->\n<title>Coh\u00e9sion sociale - Les VERT.E.S, section du Chablais vaudois et des Alpes Vaudoises<\/title>\n<meta name=\"description\" content=\"Vous trouverez ci-dessous les grandes lignes de nos engagements ainsi que, pour chaque chapitre, des exemples d&#039;interventions de vos \u00e9lu.e.s vert.e.s au niveau cantonal et f\u00e9d\u00e9ral. Si vous souhaitez des d\u00e9tails sur nos actions au niveau de la section du Chablais vaudois et des Alpes vaudoises, r\u00e9f\u00e9rez-vous aux pages &quot;Nos actions locales&quot;.\" \/>\n<meta name=\"robots\" content=\"index, follow, max-snippet:-1, max-image-preview:large, max-video-preview:-1\" \/>\n<link rel=\"canonical\" href=\"https:\/\/vert-e-s-vd.ch\/chablais-vaudois\/cohesion-sociale\" \/>\n<meta property=\"og:locale\" content=\"fr_FR\" \/>\n<meta property=\"og:type\" content=\"article\" \/>\n<meta property=\"og:title\" content=\"Coh\u00e9sion sociale - Les VERT.E.S, section du Chablais vaudois et des Alpes Vaudoises\" \/>\n<meta property=\"og:description\" content=\"Vous trouverez ci-dessous les grandes lignes de nos engagements ainsi que, pour chaque chapitre, des exemples d&#039;interventions de vos \u2026\" \/>\n<meta property=\"og:url\" content=\"https:\/\/vert-e-s-vd.ch\/chablais-vaudois\/cohesion-sociale\" \/>\n<meta property=\"og:site_name\" content=\"Les VERT.E.S, section du Chablais vaudois et des Alpes Vaudoises\" \/>\n<meta property=\"article:modified_time\" content=\"2021-01-08T11:27:42+00:00\" \/>\n<meta name=\"twitter:card\" content=\"summary_large_image\" \/>\n<script type=\"application\/ld+json\" class=\"yoast-schema-graph\">{\"@context\":\"https:\/\/schema.org\",\"@graph\":[{\"@type\":\"WebPage\",\"@id\":\"https:\/\/vert-e-s-vd.ch\/chablais-vaudois\/cohesion-sociale\",\"url\":\"https:\/\/vert-e-s-vd.ch\/chablais-vaudois\/cohesion-sociale\",\"name\":\"Coh\u00e9sion sociale - Les VERT.E.S, section du Chablais vaudois et des Alpes Vaudoises\",\"isPartOf\":{\"@id\":\"https:\/\/vert-e-s-vd.ch\/chablais-vaudois\/#website\"},\"datePublished\":\"2020-10-21T11:01:28+00:00\",\"dateModified\":\"2021-01-08T11:27:42+00:00\",\"description\":\"Vous trouverez ci-dessous les grandes lignes de nos engagements ainsi que, pour chaque chapitre, des exemples d'interventions de vos \u00e9lu.e.s vert.e.s au niveau cantonal et f\u00e9d\u00e9ral. Si vous souhaitez des d\u00e9tails sur nos actions au niveau de la section du Chablais vaudois et des Alpes vaudoises, r\u00e9f\u00e9rez-vous aux pages \\\"Nos actions locales\\\".\",\"breadcrumb\":{\"@id\":\"https:\/\/vert-e-s-vd.ch\/chablais-vaudois\/cohesion-sociale#breadcrumb\"},\"inLanguage\":\"fr-FR\",\"potentialAction\":[{\"@type\":\"ReadAction\",\"target\":[\"https:\/\/vert-e-s-vd.ch\/chablais-vaudois\/cohesion-sociale\"]}]},{\"@type\":\"BreadcrumbList\",\"@id\":\"https:\/\/vert-e-s-vd.ch\/chablais-vaudois\/cohesion-sociale#breadcrumb\",\"itemListElement\":[{\"@type\":\"ListItem\",\"position\":1,\"name\":\"Accueil\",\"item\":\"https:\/\/vert-e-s-vd.ch\/chablais-vaudois\/\"},{\"@type\":\"ListItem\",\"position\":2,\"name\":\"Agenda\"}]},{\"@type\":\"WebSite\",\"@id\":\"https:\/\/vert-e-s-vd.ch\/chablais-vaudois\/#website\",\"url\":\"https:\/\/vert-e-s-vd.ch\/chablais-vaudois\/\",\"name\":\"Les VERT.E.S, section du Chablais vaudois et des Alpes Vaudoises\",\"description\":\"Une longueur d\u2019avance\",\"potentialAction\":[{\"@type\":\"SearchAction\",\"target\":{\"@type\":\"EntryPoint\",\"urlTemplate\":\"https:\/\/vert-e-s-vd.ch\/chablais-vaudois\/?s={search_term_string}\"},\"query-input\":{\"@type\":\"PropertyValueSpecification\",\"valueRequired\":true,\"valueName\":\"search_term_string\"}}],\"inLanguage\":\"fr-FR\"}]}<\/script>\n<!-- \/ Yoast SEO plugin. -->","yoast_head_json":{"title":"Coh\u00e9sion sociale - Les VERT.E.S, section du Chablais vaudois et des Alpes Vaudoises","description":"Vous trouverez ci-dessous les grandes lignes de nos engagements ainsi que, pour chaque chapitre, des exemples d'interventions de vos \u00e9lu.e.s vert.e.s au niveau cantonal et f\u00e9d\u00e9ral. Si vous souhaitez des d\u00e9tails sur nos actions au niveau de la section du Chablais vaudois et des Alpes vaudoises, r\u00e9f\u00e9rez-vous aux pages \"Nos actions locales\".","robots":{"index":"index","follow":"follow","max-snippet":"max-snippet:-1","max-image-preview":"max-image-preview:large","max-video-preview":"max-video-preview:-1"},"canonical":"https:\/\/vert-e-s-vd.ch\/chablais-vaudois\/cohesion-sociale","og_locale":"fr_FR","og_type":"article","og_title":"Coh\u00e9sion sociale - Les VERT.E.S, section du Chablais vaudois et des Alpes Vaudoises","og_description":"Vous trouverez ci-dessous les grandes lignes de nos engagements ainsi que, pour chaque chapitre, des exemples d'interventions de vos \u2026","og_url":"https:\/\/vert-e-s-vd.ch\/chablais-vaudois\/cohesion-sociale","og_site_name":"Les VERT.E.S, section du Chablais vaudois et des Alpes Vaudoises","article_modified_time":"2021-01-08T11:27:42+00:00","twitter_card":"summary_large_image","schema":{"@context":"https:\/\/schema.org","@graph":[{"@type":"WebPage","@id":"https:\/\/vert-e-s-vd.ch\/chablais-vaudois\/cohesion-sociale","url":"https:\/\/vert-e-s-vd.ch\/chablais-vaudois\/cohesion-sociale","name":"Coh\u00e9sion sociale - Les VERT.E.S, section du Chablais vaudois et des Alpes Vaudoises","isPartOf":{"@id":"https:\/\/vert-e-s-vd.ch\/chablais-vaudois\/#website"},"datePublished":"2020-10-21T11:01:28+00:00","dateModified":"2021-01-08T11:27:42+00:00","description":"Vous trouverez ci-dessous les grandes lignes de nos engagements ainsi que, pour chaque chapitre, des exemples d'interventions de vos \u00e9lu.e.s vert.e.s au niveau cantonal et f\u00e9d\u00e9ral. Si vous souhaitez des d\u00e9tails sur nos actions au niveau de la section du Chablais vaudois et des Alpes vaudoises, r\u00e9f\u00e9rez-vous aux pages \"Nos actions locales\".","breadcrumb":{"@id":"https:\/\/vert-e-s-vd.ch\/chablais-vaudois\/cohesion-sociale#breadcrumb"},"inLanguage":"fr-FR","potentialAction":[{"@type":"ReadAction","target":["https:\/\/vert-e-s-vd.ch\/chablais-vaudois\/cohesion-sociale"]}]},{"@type":"BreadcrumbList","@id":"https:\/\/vert-e-s-vd.ch\/chablais-vaudois\/cohesion-sociale#breadcrumb","itemListElement":[{"@type":"ListItem","position":1,"name":"Accueil","item":"https:\/\/vert-e-s-vd.ch\/chablais-vaudois\/"},{"@type":"ListItem","position":2,"name":"Agenda"}]},{"@type":"WebSite","@id":"https:\/\/vert-e-s-vd.ch\/chablais-vaudois\/#website","url":"https:\/\/vert-e-s-vd.ch\/chablais-vaudois\/","name":"Les VERT.E.S, section du Chablais vaudois et des Alpes Vaudoises","description":"Une longueur d\u2019avance","potentialAction":[{"@type":"SearchAction","target":{"@type":"EntryPoint","urlTemplate":"https:\/\/vert-e-s-vd.ch\/chablais-vaudois\/?s={search_term_string}"},"query-input":{"@type":"PropertyValueSpecification","valueRequired":true,"valueName":"search_term_string"}}],"inLanguage":"fr-FR"}]}},"_links":{"self":[{"href":"https:\/\/vert-e-s-vd.ch\/chablais-vaudois\/wp-json\/wp\/v2\/pages\/70912","targetHints":{"allow":["GET"]}}],"collection":[{"href":"https:\/\/vert-e-s-vd.ch\/chablais-vaudois\/wp-json\/wp\/v2\/pages"}],"about":[{"href":"https:\/\/vert-e-s-vd.ch\/chablais-vaudois\/wp-json\/wp\/v2\/types\/page"}],"author":[{"embeddable":true,"href":"https:\/\/vert-e-s-vd.ch\/chablais-vaudois\/wp-json\/wp\/v2\/users\/3"}],"replies":[{"embeddable":true,"href":"https:\/\/vert-e-s-vd.ch\/chablais-vaudois\/wp-json\/wp\/v2\/comments?post=70912"}],"version-history":[{"count":7,"href":"https:\/\/vert-e-s-vd.ch\/chablais-vaudois\/wp-json\/wp\/v2\/pages\/70912\/revisions"}],"predecessor-version":[{"id":71358,"href":"https:\/\/vert-e-s-vd.ch\/chablais-vaudois\/wp-json\/wp\/v2\/pages\/70912\/revisions\/71358"}],"wp:attachment":[{"href":"https:\/\/vert-e-s-vd.ch\/chablais-vaudois\/wp-json\/wp\/v2\/media?parent=70912"}],"curies":[{"name":"wp","href":"https:\/\/api.w.org\/{rel}","templated":true}]}}