{"id":70900,"date":"2020-10-21T12:48:39","date_gmt":"2020-10-21T10:48:39","guid":{"rendered":"https:\/\/vert-e-s-vd.ch\/chablais-vaudois\/?page_id=70900"},"modified":"2021-01-08T12:27:42","modified_gmt":"2021-01-08T11:27:42","slug":"energie","status":"publish","type":"page","link":"https:\/\/vert-e-s-vd.ch\/chablais-vaudois\/energie","title":{"rendered":"Energies renouvelables"},"content":{"rendered":"","protected":false},"excerpt":{"rendered":"","protected":false},"author":3,"featured_media":71379,"parent":0,"menu_order":0,"comment_status":"closed","ping_status":"closed","template":"","meta":{"_acf_changed":false,"inline_featured_image":false,"footnotes":""},"class_list":["post-70900","page","type-page","status-publish","has-post-thumbnail","hentry"],"acf":[],"yoast_head":"<!-- This site is optimized with the Yoast SEO plugin v26.9 - https:\/\/yoast.com\/product\/yoast-seo-wordpress\/ -->\n<title>Energies renouvelables - Les VERT.E.S, section du Chablais vaudois et des Alpes Vaudoises<\/title>\n<meta name=\"description\" content=\"Le temps des \u00e9nergies fossiles est r\u00e9volu ! Dynamisons notre \u00e9conomie vers des \u00e9nergies renouvelables et permettons aux nouvelles g\u00e9n\u00e9rations de vivre dans un environnement sain !\" \/>\n<meta name=\"robots\" content=\"index, follow, max-snippet:-1, max-image-preview:large, max-video-preview:-1\" \/>\n<link rel=\"canonical\" href=\"https:\/\/vert-e-s-vd.ch\/chablais-vaudois\/energie\" \/>\n<meta property=\"og:locale\" content=\"fr_FR\" \/>\n<meta property=\"og:type\" content=\"article\" \/>\n<meta property=\"og:title\" content=\"Energies renouvelables - Les VERT.E.S, section du Chablais vaudois et des Alpes Vaudoises\" \/>\n<meta property=\"og:description\" content=\"Le temps des \u00e9nergies fossiles est r\u00e9volu ! Dynamisons notre \u00e9conomie vers des \u00e9nergies renouvelables et permettons aux nouvelles \u2026\" \/>\n<meta property=\"og:url\" content=\"https:\/\/vert-e-s-vd.ch\/chablais-vaudois\/energie\" \/>\n<meta property=\"og:site_name\" content=\"Les VERT.E.S, section du Chablais vaudois et des Alpes Vaudoises\" \/>\n<meta property=\"article:modified_time\" content=\"2021-01-08T11:27:42+00:00\" \/>\n<meta property=\"og:image\" content=\"https:\/\/vert-e-s-vd.ch\/chablais-vaudois\/wp-content\/uploads\/sites\/12\/2020\/12\/windmill-5713337_1920-1200x0-c-default.jpg\" \/>\n\t<meta property=\"og:image:width\" content=\"1200\" \/>\n\t<meta property=\"og:image:height\" content=\"800\" \/>\n\t<meta property=\"og:image:type\" content=\"image\/jpeg\" \/>\n<meta name=\"twitter:card\" content=\"summary_large_image\" \/>\n<script type=\"application\/ld+json\" class=\"yoast-schema-graph\">{\"@context\":\"https:\/\/schema.org\",\"@graph\":[{\"@type\":\"WebPage\",\"@id\":\"https:\/\/vert-e-s-vd.ch\/chablais-vaudois\/energie\",\"url\":\"https:\/\/vert-e-s-vd.ch\/chablais-vaudois\/energie\",\"name\":\"Energies renouvelables - Les VERT.E.S, section du Chablais vaudois et des Alpes Vaudoises\",\"isPartOf\":{\"@id\":\"https:\/\/vert-e-s-vd.ch\/chablais-vaudois\/#website\"},\"primaryImageOfPage\":{\"@id\":\"https:\/\/vert-e-s-vd.ch\/chablais-vaudois\/energie#primaryimage\"},\"image\":{\"@id\":\"https:\/\/vert-e-s-vd.ch\/chablais-vaudois\/energie#primaryimage\"},\"thumbnailUrl\":\"https:\/\/vert-e-s-vd.ch\/chablais-vaudois\/wp-content\/uploads\/sites\/12\/2020\/12\/windmill-5713337_1920-2560x0-c-default.jpg\",\"datePublished\":\"2020-10-21T10:48:39+00:00\",\"dateModified\":\"2021-01-08T11:27:42+00:00\",\"description\":\"Le temps des \u00e9nergies fossiles est r\u00e9volu ! Dynamisons notre \u00e9conomie vers des \u00e9nergies renouvelables et permettons aux nouvelles g\u00e9n\u00e9rations de vivre dans un environnement sain !\",\"breadcrumb\":{\"@id\":\"https:\/\/vert-e-s-vd.ch\/chablais-vaudois\/energie#breadcrumb\"},\"inLanguage\":\"fr-FR\",\"potentialAction\":[{\"@type\":\"ReadAction\",\"target\":[\"https:\/\/vert-e-s-vd.ch\/chablais-vaudois\/energie\"]}]},{\"@type\":\"ImageObject\",\"inLanguage\":\"fr-FR\",\"@id\":\"https:\/\/vert-e-s-vd.ch\/chablais-vaudois\/energie#primaryimage\",\"url\":\"https:\/\/vert-e-s-vd.ch\/chablais-vaudois\/wp-content\/uploads\/sites\/12\/2020\/12\/windmill-5713337_1920-2560x0-c-default.jpg\",\"contentUrl\":\"https:\/\/vert-e-s-vd.ch\/chablais-vaudois\/wp-content\/uploads\/sites\/12\/2020\/12\/windmill-5713337_1920-2560x0-c-default.jpg\",\"width\":1920,\"height\":1280},{\"@type\":\"BreadcrumbList\",\"@id\":\"https:\/\/vert-e-s-vd.ch\/chablais-vaudois\/energie#breadcrumb\",\"itemListElement\":[{\"@type\":\"ListItem\",\"position\":1,\"name\":\"Accueil\",\"item\":\"https:\/\/vert-e-s-vd.ch\/chablais-vaudois\/\"},{\"@type\":\"ListItem\",\"position\":2,\"name\":\"Agenda\"}]},{\"@type\":\"WebSite\",\"@id\":\"https:\/\/vert-e-s-vd.ch\/chablais-vaudois\/#website\",\"url\":\"https:\/\/vert-e-s-vd.ch\/chablais-vaudois\/\",\"name\":\"Les VERT.E.S, section du Chablais vaudois et des Alpes Vaudoises\",\"description\":\"Une longueur d\u2019avance\",\"potentialAction\":[{\"@type\":\"SearchAction\",\"target\":{\"@type\":\"EntryPoint\",\"urlTemplate\":\"https:\/\/vert-e-s-vd.ch\/chablais-vaudois\/?s={search_term_string}\"},\"query-input\":{\"@type\":\"PropertyValueSpecification\",\"valueRequired\":true,\"valueName\":\"search_term_string\"}}],\"inLanguage\":\"fr-FR\"}]}<\/script>\n<!-- \/ Yoast SEO plugin. -->","yoast_head_json":{"title":"Energies renouvelables - Les VERT.E.S, section du Chablais vaudois et des Alpes Vaudoises","description":"Le temps des \u00e9nergies fossiles est r\u00e9volu ! Dynamisons notre \u00e9conomie vers des \u00e9nergies renouvelables et permettons aux nouvelles g\u00e9n\u00e9rations de vivre dans un environnement sain !","robots":{"index":"index","follow":"follow","max-snippet":"max-snippet:-1","max-image-preview":"max-image-preview:large","max-video-preview":"max-video-preview:-1"},"canonical":"https:\/\/vert-e-s-vd.ch\/chablais-vaudois\/energie","og_locale":"fr_FR","og_type":"article","og_title":"Energies renouvelables - Les VERT.E.S, section du Chablais vaudois et des Alpes Vaudoises","og_description":"Le temps des \u00e9nergies fossiles est r\u00e9volu ! Dynamisons notre \u00e9conomie vers des \u00e9nergies renouvelables et permettons aux nouvelles \u2026","og_url":"https:\/\/vert-e-s-vd.ch\/chablais-vaudois\/energie","og_site_name":"Les VERT.E.S, section du Chablais vaudois et des Alpes Vaudoises","article_modified_time":"2021-01-08T11:27:42+00:00","og_image":[{"width":1200,"height":800,"url":"https:\/\/vert-e-s-vd.ch\/chablais-vaudois\/wp-content\/uploads\/sites\/12\/2020\/12\/windmill-5713337_1920-1200x0-c-default.jpg","type":"image\/jpeg"}],"twitter_card":"summary_large_image","schema":{"@context":"https:\/\/schema.org","@graph":[{"@type":"WebPage","@id":"https:\/\/vert-e-s-vd.ch\/chablais-vaudois\/energie","url":"https:\/\/vert-e-s-vd.ch\/chablais-vaudois\/energie","name":"Energies renouvelables - Les VERT.E.S, section du Chablais vaudois et des Alpes Vaudoises","isPartOf":{"@id":"https:\/\/vert-e-s-vd.ch\/chablais-vaudois\/#website"},"primaryImageOfPage":{"@id":"https:\/\/vert-e-s-vd.ch\/chablais-vaudois\/energie#primaryimage"},"image":{"@id":"https:\/\/vert-e-s-vd.ch\/chablais-vaudois\/energie#primaryimage"},"thumbnailUrl":"https:\/\/vert-e-s-vd.ch\/chablais-vaudois\/wp-content\/uploads\/sites\/12\/2020\/12\/windmill-5713337_1920-2560x0-c-default.jpg","datePublished":"2020-10-21T10:48:39+00:00","dateModified":"2021-01-08T11:27:42+00:00","description":"Le temps des \u00e9nergies fossiles est r\u00e9volu ! Dynamisons notre \u00e9conomie vers des \u00e9nergies renouvelables et permettons aux nouvelles g\u00e9n\u00e9rations de vivre dans un environnement sain !","breadcrumb":{"@id":"https:\/\/vert-e-s-vd.ch\/chablais-vaudois\/energie#breadcrumb"},"inLanguage":"fr-FR","potentialAction":[{"@type":"ReadAction","target":["https:\/\/vert-e-s-vd.ch\/chablais-vaudois\/energie"]}]},{"@type":"ImageObject","inLanguage":"fr-FR","@id":"https:\/\/vert-e-s-vd.ch\/chablais-vaudois\/energie#primaryimage","url":"https:\/\/vert-e-s-vd.ch\/chablais-vaudois\/wp-content\/uploads\/sites\/12\/2020\/12\/windmill-5713337_1920-2560x0-c-default.jpg","contentUrl":"https:\/\/vert-e-s-vd.ch\/chablais-vaudois\/wp-content\/uploads\/sites\/12\/2020\/12\/windmill-5713337_1920-2560x0-c-default.jpg","width":1920,"height":1280},{"@type":"BreadcrumbList","@id":"https:\/\/vert-e-s-vd.ch\/chablais-vaudois\/energie#breadcrumb","itemListElement":[{"@type":"ListItem","position":1,"name":"Accueil","item":"https:\/\/vert-e-s-vd.ch\/chablais-vaudois\/"},{"@type":"ListItem","position":2,"name":"Agenda"}]},{"@type":"WebSite","@id":"https:\/\/vert-e-s-vd.ch\/chablais-vaudois\/#website","url":"https:\/\/vert-e-s-vd.ch\/chablais-vaudois\/","name":"Les VERT.E.S, section du Chablais vaudois et des Alpes Vaudoises","description":"Une longueur d\u2019avance","potentialAction":[{"@type":"SearchAction","target":{"@type":"EntryPoint","urlTemplate":"https:\/\/vert-e-s-vd.ch\/chablais-vaudois\/?s={search_term_string}"},"query-input":{"@type":"PropertyValueSpecification","valueRequired":true,"valueName":"search_term_string"}}],"inLanguage":"fr-FR"}]}},"_links":{"self":[{"href":"https:\/\/vert-e-s-vd.ch\/chablais-vaudois\/wp-json\/wp\/v2\/pages\/70900","targetHints":{"allow":["GET"]}}],"collection":[{"href":"https:\/\/vert-e-s-vd.ch\/chablais-vaudois\/wp-json\/wp\/v2\/pages"}],"about":[{"href":"https:\/\/vert-e-s-vd.ch\/chablais-vaudois\/wp-json\/wp\/v2\/types\/page"}],"author":[{"embeddable":true,"href":"https:\/\/vert-e-s-vd.ch\/chablais-vaudois\/wp-json\/wp\/v2\/users\/3"}],"replies":[{"embeddable":true,"href":"https:\/\/vert-e-s-vd.ch\/chablais-vaudois\/wp-json\/wp\/v2\/comments?post=70900"}],"version-history":[{"count":7,"href":"https:\/\/vert-e-s-vd.ch\/chablais-vaudois\/wp-json\/wp\/v2\/pages\/70900\/revisions"}],"predecessor-version":[{"id":71380,"href":"https:\/\/vert-e-s-vd.ch\/chablais-vaudois\/wp-json\/wp\/v2\/pages\/70900\/revisions\/71380"}],"wp:featuredmedia":[{"embeddable":true,"href":"https:\/\/vert-e-s-vd.ch\/chablais-vaudois\/wp-json\/wp\/v2\/media\/71379"}],"wp:attachment":[{"href":"https:\/\/vert-e-s-vd.ch\/chablais-vaudois\/wp-json\/wp\/v2\/media?parent=70900"}],"curies":[{"name":"wp","href":"https:\/\/api.w.org\/{rel}","templated":true}]}}